{"id":3392,"date":"2021-03-10T18:05:58","date_gmt":"2021-03-10T21:05:58","guid":{"rendered":"http:\/\/institucional.ufrrj.br\/codep\/?page_id=3392"},"modified":"2022-04-14T08:43:41","modified_gmt":"2022-04-14T11:43:41","slug":"gecc","status":"publish","type":"page","link":"https:\/\/institucional.ufrrj.br\/codep\/gecc\/","title":{"rendered":"GECC"},"content":{"rendered":"<hr \/>\n<p class=\"western\">Caro (a) servidor (a),<br \/>\nNeste espa\u00e7o voc\u00ea encontrar\u00e1 as principais informa\u00e7\u00f5es sobre o processo de pagamento de Gratifica\u00e7\u00e3o de Encargos de Curso e Concurso (GECC) geridos pela CODEP.<\/p>\n<p class=\"western\">Para saber como \u00e9 aberto o processo, os documentos necess\u00e1rios que dever\u00e3o ser anexados e as unidades por onde tramitar\u00e1, clique <span style=\"color: #0000ff\"><strong><a style=\"color: #0000ff\" href=\"https:\/\/institucional.ufrrj.br\/codep\/files\/2022\/04\/Fluxo-do-Processo-de-Pagamento-de-GECC-4.pdf\" target=\"_blank\" rel=\"noopener noreferrer\">aqui<\/a><\/strong><\/span>.<\/p>\n<p>&nbsp;<\/p>\n<p style=\"text-align: center\">\n<p>&nbsp;<\/p>\n<p>&nbsp;<\/p>\n<p>&nbsp;<\/p>\n","protected":false},"excerpt":{"rendered":"<p>Caro (a) servidor (a), Neste espa\u00e7o voc\u00ea encontrar\u00e1 as principais informa\u00e7\u00f5es sobre o processo de pagamento de Gratifica\u00e7\u00e3o de Encargos <a class=\"read-more\" href=\"https:\/\/institucional.ufrrj.br\/codep\/gecc\/ \" >&#8230; <span class=\"font-italic\">leia mais <i class=\"fas fa-angle-right\"><\/i><\/span><\/a><\/p>\n","protected":false},"author":546,"featured_media":0,"parent":0,"menu_order":0,"comment_status":"closed","ping_status":"closed","template":"","meta":{"_acf_changed":false,"footnotes":""},"class_list":["post-3392","page","type-page","status-publish","hentry"],"yoast_head":"<!-- This site is optimized with the Yoast SEO plugin v27.2 - https:\/\/yoast.com\/product\/yoast-seo-wordpress\/ -->\n<title>GECC - Coordena\u00e7\u00e3o de Desenvolvimento de Pessoas<\/title>\n<meta name=\"robots\" content=\"index, follow, max-snippet:-1, max-image-preview:large, max-video-preview:-1\" \/>\n<link rel=\"canonical\" href=\"https:\/\/institucional.ufrrj.br\/codep\/gecc\/\" \/>\n<meta property=\"og:locale\" content=\"pt_BR\" \/>\n<meta property=\"og:type\" content=\"article\" \/>\n<meta property=\"og:title\" content=\"GECC - Coordena\u00e7\u00e3o de Desenvolvimento de Pessoas\" \/>\n<meta property=\"og:description\" content=\"Caro (a) servidor (a), Neste espa\u00e7o voc\u00ea encontrar\u00e1 as principais informa\u00e7\u00f5es sobre o processo de pagamento de Gratifica\u00e7\u00e3o de Encargos ... leia mais\" \/>\n<meta property=\"og:url\" content=\"https:\/\/institucional.ufrrj.br\/codep\/gecc\/\" \/>\n<meta property=\"og:site_name\" content=\"Coordena\u00e7\u00e3o de Desenvolvimento de Pessoas\" \/>\n<meta property=\"article:modified_time\" content=\"2022-04-14T11:43:41+00:00\" \/>\n<meta name=\"twitter:card\" content=\"summary_large_image\" \/>\n<script type=\"application\/ld+json\" class=\"yoast-schema-graph\">{\"@context\":\"https:\/\/schema.org\",\"@graph\":[{\"@type\":\"WebPage\",\"@id\":\"https:\/\/institucional.ufrrj.br\/codep\/gecc\/\",\"url\":\"https:\/\/institucional.ufrrj.br\/codep\/gecc\/\",\"name\":\"GECC - Coordena\u00e7\u00e3o de Desenvolvimento de Pessoas\",\"isPartOf\":{\"@id\":\"https:\/\/institucional.ufrrj.br\/codep\/#website\"},\"datePublished\":\"2021-03-10T21:05:58+00:00\",\"dateModified\":\"2022-04-14T11:43:41+00:00\",\"breadcrumb\":{\"@id\":\"https:\/\/institucional.ufrrj.br\/codep\/gecc\/#breadcrumb\"},\"inLanguage\":\"pt-BR\",\"potentialAction\":[{\"@type\":\"ReadAction\",\"target\":[\"https:\/\/institucional.ufrrj.br\/codep\/gecc\/\"]}]},{\"@type\":\"BreadcrumbList\",\"@id\":\"https:\/\/institucional.ufrrj.br\/codep\/gecc\/#breadcrumb\",\"itemListElement\":[{\"@type\":\"ListItem\",\"position\":1,\"name\":\"In\u00edcio\",\"item\":\"https:\/\/institucional.ufrrj.br\/codep\/\"},{\"@type\":\"ListItem\",\"position\":2,\"name\":\"GECC\"}]},{\"@type\":\"WebSite\",\"@id\":\"https:\/\/institucional.ufrrj.br\/codep\/#website\",\"url\":\"https:\/\/institucional.ufrrj.br\/codep\/\",\"name\":\"Coordena\u00e7\u00e3o de Desenvolvimento de Pessoas\",\"description\":\"S\u00f3 mais um site institucional.ufrrj.br\",\"potentialAction\":[{\"@type\":\"SearchAction\",\"target\":{\"@type\":\"EntryPoint\",\"urlTemplate\":\"https:\/\/institucional.ufrrj.br\/codep\/?s={search_term_string}\"},\"query-input\":{\"@type\":\"PropertyValueSpecification\",\"valueRequired\":true,\"valueName\":\"search_term_string\"}}],\"inLanguage\":\"pt-BR\"}]}<\/script>\n<!-- \/ Yoast SEO plugin. -->","yoast_head_json":{"title":"GECC - Coordena\u00e7\u00e3o de Desenvolvimento de Pessoas","robots":{"index":"index","follow":"follow","max-snippet":"max-snippet:-1","max-image-preview":"max-image-preview:large","max-video-preview":"max-video-preview:-1"},"canonical":"https:\/\/institucional.ufrrj.br\/codep\/gecc\/","og_locale":"pt_BR","og_type":"article","og_title":"GECC - Coordena\u00e7\u00e3o de Desenvolvimento de Pessoas","og_description":"Caro (a) servidor (a), Neste espa\u00e7o voc\u00ea encontrar\u00e1 as principais informa\u00e7\u00f5es sobre o processo de pagamento de Gratifica\u00e7\u00e3o de Encargos ... leia mais","og_url":"https:\/\/institucional.ufrrj.br\/codep\/gecc\/","og_site_name":"Coordena\u00e7\u00e3o de Desenvolvimento de Pessoas","article_modified_time":"2022-04-14T11:43:41+00:00","twitter_card":"summary_large_image","schema":{"@context":"https:\/\/schema.org","@graph":[{"@type":"WebPage","@id":"https:\/\/institucional.ufrrj.br\/codep\/gecc\/","url":"https:\/\/institucional.ufrrj.br\/codep\/gecc\/","name":"GECC - Coordena\u00e7\u00e3o de Desenvolvimento de Pessoas","isPartOf":{"@id":"https:\/\/institucional.ufrrj.br\/codep\/#website"},"datePublished":"2021-03-10T21:05:58+00:00","dateModified":"2022-04-14T11:43:41+00:00","breadcrumb":{"@id":"https:\/\/institucional.ufrrj.br\/codep\/gecc\/#breadcrumb"},"inLanguage":"pt-BR","potentialAction":[{"@type":"ReadAction","target":["https:\/\/institucional.ufrrj.br\/codep\/gecc\/"]}]},{"@type":"BreadcrumbList","@id":"https:\/\/institucional.ufrrj.br\/codep\/gecc\/#breadcrumb","itemListElement":[{"@type":"ListItem","position":1,"name":"In\u00edcio","item":"https:\/\/institucional.ufrrj.br\/codep\/"},{"@type":"ListItem","position":2,"name":"GECC"}]},{"@type":"WebSite","@id":"https:\/\/institucional.ufrrj.br\/codep\/#website","url":"https:\/\/institucional.ufrrj.br\/codep\/","name":"Coordena\u00e7\u00e3o de Desenvolvimento de Pessoas","description":"S\u00f3 mais um site institucional.ufrrj.br","potentialAction":[{"@type":"SearchAction","target":{"@type":"EntryPoint","urlTemplate":"https:\/\/institucional.ufrrj.br\/codep\/?s={search_term_string}"},"query-input":{"@type":"PropertyValueSpecification","valueRequired":true,"valueName":"search_term_string"}}],"inLanguage":"pt-BR"}]}},"acf":[],"_links":{"self":[{"href":"https:\/\/institucional.ufrrj.br\/codep\/wp-json\/wp\/v2\/pages\/3392","targetHints":{"allow":["GET"]}}],"collection":[{"href":"https:\/\/institucional.ufrrj.br\/codep\/wp-json\/wp\/v2\/pages"}],"about":[{"href":"https:\/\/institucional.ufrrj.br\/codep\/wp-json\/wp\/v2\/types\/page"}],"author":[{"embeddable":true,"href":"https:\/\/institucional.ufrrj.br\/codep\/wp-json\/wp\/v2\/users\/546"}],"replies":[{"embeddable":true,"href":"https:\/\/institucional.ufrrj.br\/codep\/wp-json\/wp\/v2\/comments?post=3392"}],"version-history":[{"count":3,"href":"https:\/\/institucional.ufrrj.br\/codep\/wp-json\/wp\/v2\/pages\/3392\/revisions"}],"predecessor-version":[{"id":4198,"href":"https:\/\/institucional.ufrrj.br\/codep\/wp-json\/wp\/v2\/pages\/3392\/revisions\/4198"}],"wp:attachment":[{"href":"https:\/\/institucional.ufrrj.br\/codep\/wp-json\/wp\/v2\/media?parent=3392"}],"curies":[{"name":"wp","href":"https:\/\/api.w.org\/{rel}","templated":true}]}}