{"id":3008,"date":"2020-12-04T11:17:43","date_gmt":"2020-12-04T14:17:43","guid":{"rendered":"http:\/\/institucional.ufrrj.br\/codep\/?page_id=3008"},"modified":"2023-11-09T15:20:33","modified_gmt":"2023-11-09T18:20:33","slug":"lives","status":"publish","type":"page","link":"https:\/\/institucional.ufrrj.br\/codep\/lives\/","title":{"rendered":"Lives"},"content":{"rendered":"<hr \/>\n<p>Com objetivo de orientar e estimular a produ\u00e7\u00e3o de lives, a Coordena\u00e7\u00e3o de Desenvolvimento de Pessoas (Codep\/Progep) disponibiliza o \u201c<span style=\"color: #3366ff\"><em><a style=\"color: #3366ff\" href=\"https:\/\/drive.google.com\/file\/d\/1Ik0EJ8mu3euggZorDa9fjNpCloZsHbo7\/view?usp=sharing\" target=\"_blank\" rel=\"noopener\">Manual para\u00a0Transmiss\u00f5es\u00a0ao vivo<\/a><\/em><\/span>\u201c. A iniciativa visa impulsionar a produ\u00e7\u00e3o de v\u00eddeos que levem informa\u00e7\u00e3o e conhecimento atrav\u00e9s do Canal do YouTube da Codep.\u00a0O foco deve ser, preferencialmente,\u00a0 conte\u00fados que visem informar e desenvolver os servidores da Universidade.<\/p>\n<p>O documento conta com dicas b\u00e1sicas e fundamentais para a produ\u00e7\u00e3o pr\u00e1tica de lives \u2013 falando sobre equipamentos e cen\u00e1rio, por exemplo \u2013 e objetiva tamb\u00e9m a efetividade das a\u00e7\u00f5es com o p\u00fablico.<\/p>\n<p>A solicita\u00e7\u00e3o servir\u00e1 para que a Codep auxilie na condu\u00e7\u00e3o das iniciativas por meio de suporte de natureza t\u00e9cnica. Acesse as orienta\u00e7\u00f5es para a solicita\u00e7\u00e3o <span style=\"color: #333399\"><a style=\"color: #333399\" href=\"https:\/\/drive.google.com\/file\/d\/1chkDFCBh20-WQVl1nBgTtL3kUwnUrZcu\/view?usp=sharing\" target=\"_blank\" rel=\"noopener\"><span style=\"color: #3366ff\"><em>por aqui<\/em><\/span><\/a><\/span>.<\/p>\n","protected":false},"excerpt":{"rendered":"<p>Com objetivo de orientar e estimular a produ\u00e7\u00e3o de lives, a Coordena\u00e7\u00e3o de Desenvolvimento de Pessoas (Codep\/Progep) disponibiliza o \u201cManual <a class=\"read-more\" href=\"https:\/\/institucional.ufrrj.br\/codep\/lives\/ \" >&#8230; <span class=\"font-italic\">leia mais <i class=\"fas fa-angle-right\"><\/i><\/span><\/a><\/p>\n","protected":false},"author":634,"featured_media":0,"parent":0,"menu_order":0,"comment_status":"closed","ping_status":"closed","template":"","meta":{"_acf_changed":false,"footnotes":""},"class_list":["post-3008","page","type-page","status-publish","hentry"],"yoast_head":"<!-- This site is optimized with the Yoast SEO plugin v27.2 - https:\/\/yoast.com\/product\/yoast-seo-wordpress\/ -->\n<title>Lives - Coordena\u00e7\u00e3o de Desenvolvimento de Pessoas<\/title>\n<meta name=\"robots\" content=\"index, follow, max-snippet:-1, max-image-preview:large, max-video-preview:-1\" \/>\n<link rel=\"canonical\" href=\"https:\/\/institucional.ufrrj.br\/codep\/lives\/\" \/>\n<meta property=\"og:locale\" content=\"pt_BR\" \/>\n<meta property=\"og:type\" content=\"article\" \/>\n<meta property=\"og:title\" content=\"Lives - Coordena\u00e7\u00e3o de Desenvolvimento de Pessoas\" \/>\n<meta property=\"og:description\" content=\"Com objetivo de orientar e estimular a produ\u00e7\u00e3o de lives, a Coordena\u00e7\u00e3o de Desenvolvimento de Pessoas (Codep\/Progep) disponibiliza o \u201cManual ... leia mais\" \/>\n<meta property=\"og:url\" content=\"https:\/\/institucional.ufrrj.br\/codep\/lives\/\" \/>\n<meta property=\"og:site_name\" content=\"Coordena\u00e7\u00e3o de Desenvolvimento de Pessoas\" \/>\n<meta property=\"article:modified_time\" content=\"2023-11-09T18:20:33+00:00\" \/>\n<meta name=\"twitter:card\" content=\"summary_large_image\" \/>\n<meta name=\"twitter:label1\" content=\"Est. tempo de leitura\" \/>\n\t<meta name=\"twitter:data1\" content=\"1 minuto\" \/>\n<script type=\"application\/ld+json\" class=\"yoast-schema-graph\">{\"@context\":\"https:\/\/schema.org\",\"@graph\":[{\"@type\":\"WebPage\",\"@id\":\"https:\/\/institucional.ufrrj.br\/codep\/lives\/\",\"url\":\"https:\/\/institucional.ufrrj.br\/codep\/lives\/\",\"name\":\"Lives - Coordena\u00e7\u00e3o de Desenvolvimento de Pessoas\",\"isPartOf\":{\"@id\":\"https:\/\/institucional.ufrrj.br\/codep\/#website\"},\"datePublished\":\"2020-12-04T14:17:43+00:00\",\"dateModified\":\"2023-11-09T18:20:33+00:00\",\"breadcrumb\":{\"@id\":\"https:\/\/institucional.ufrrj.br\/codep\/lives\/#breadcrumb\"},\"inLanguage\":\"pt-BR\",\"potentialAction\":[{\"@type\":\"ReadAction\",\"target\":[\"https:\/\/institucional.ufrrj.br\/codep\/lives\/\"]}]},{\"@type\":\"BreadcrumbList\",\"@id\":\"https:\/\/institucional.ufrrj.br\/codep\/lives\/#breadcrumb\",\"itemListElement\":[{\"@type\":\"ListItem\",\"position\":1,\"name\":\"In\u00edcio\",\"item\":\"https:\/\/institucional.ufrrj.br\/codep\/\"},{\"@type\":\"ListItem\",\"position\":2,\"name\":\"Lives\"}]},{\"@type\":\"WebSite\",\"@id\":\"https:\/\/institucional.ufrrj.br\/codep\/#website\",\"url\":\"https:\/\/institucional.ufrrj.br\/codep\/\",\"name\":\"Coordena\u00e7\u00e3o de Desenvolvimento de Pessoas\",\"description\":\"S\u00f3 mais um site institucional.ufrrj.br\",\"potentialAction\":[{\"@type\":\"SearchAction\",\"target\":{\"@type\":\"EntryPoint\",\"urlTemplate\":\"https:\/\/institucional.ufrrj.br\/codep\/?s={search_term_string}\"},\"query-input\":{\"@type\":\"PropertyValueSpecification\",\"valueRequired\":true,\"valueName\":\"search_term_string\"}}],\"inLanguage\":\"pt-BR\"}]}<\/script>\n<!-- \/ Yoast SEO plugin. -->","yoast_head_json":{"title":"Lives - Coordena\u00e7\u00e3o de Desenvolvimento de Pessoas","robots":{"index":"index","follow":"follow","max-snippet":"max-snippet:-1","max-image-preview":"max-image-preview:large","max-video-preview":"max-video-preview:-1"},"canonical":"https:\/\/institucional.ufrrj.br\/codep\/lives\/","og_locale":"pt_BR","og_type":"article","og_title":"Lives - Coordena\u00e7\u00e3o de Desenvolvimento de Pessoas","og_description":"Com objetivo de orientar e estimular a produ\u00e7\u00e3o de lives, a Coordena\u00e7\u00e3o de Desenvolvimento de Pessoas (Codep\/Progep) disponibiliza o \u201cManual ... leia mais","og_url":"https:\/\/institucional.ufrrj.br\/codep\/lives\/","og_site_name":"Coordena\u00e7\u00e3o de Desenvolvimento de Pessoas","article_modified_time":"2023-11-09T18:20:33+00:00","twitter_card":"summary_large_image","twitter_misc":{"Est. tempo de leitura":"1 minuto"},"schema":{"@context":"https:\/\/schema.org","@graph":[{"@type":"WebPage","@id":"https:\/\/institucional.ufrrj.br\/codep\/lives\/","url":"https:\/\/institucional.ufrrj.br\/codep\/lives\/","name":"Lives - Coordena\u00e7\u00e3o de Desenvolvimento de Pessoas","isPartOf":{"@id":"https:\/\/institucional.ufrrj.br\/codep\/#website"},"datePublished":"2020-12-04T14:17:43+00:00","dateModified":"2023-11-09T18:20:33+00:00","breadcrumb":{"@id":"https:\/\/institucional.ufrrj.br\/codep\/lives\/#breadcrumb"},"inLanguage":"pt-BR","potentialAction":[{"@type":"ReadAction","target":["https:\/\/institucional.ufrrj.br\/codep\/lives\/"]}]},{"@type":"BreadcrumbList","@id":"https:\/\/institucional.ufrrj.br\/codep\/lives\/#breadcrumb","itemListElement":[{"@type":"ListItem","position":1,"name":"In\u00edcio","item":"https:\/\/institucional.ufrrj.br\/codep\/"},{"@type":"ListItem","position":2,"name":"Lives"}]},{"@type":"WebSite","@id":"https:\/\/institucional.ufrrj.br\/codep\/#website","url":"https:\/\/institucional.ufrrj.br\/codep\/","name":"Coordena\u00e7\u00e3o de Desenvolvimento de Pessoas","description":"S\u00f3 mais um site institucional.ufrrj.br","potentialAction":[{"@type":"SearchAction","target":{"@type":"EntryPoint","urlTemplate":"https:\/\/institucional.ufrrj.br\/codep\/?s={search_term_string}"},"query-input":{"@type":"PropertyValueSpecification","valueRequired":true,"valueName":"search_term_string"}}],"inLanguage":"pt-BR"}]}},"acf":[],"_links":{"self":[{"href":"https:\/\/institucional.ufrrj.br\/codep\/wp-json\/wp\/v2\/pages\/3008","targetHints":{"allow":["GET"]}}],"collection":[{"href":"https:\/\/institucional.ufrrj.br\/codep\/wp-json\/wp\/v2\/pages"}],"about":[{"href":"https:\/\/institucional.ufrrj.br\/codep\/wp-json\/wp\/v2\/types\/page"}],"author":[{"embeddable":true,"href":"https:\/\/institucional.ufrrj.br\/codep\/wp-json\/wp\/v2\/users\/634"}],"replies":[{"embeddable":true,"href":"https:\/\/institucional.ufrrj.br\/codep\/wp-json\/wp\/v2\/comments?post=3008"}],"version-history":[{"count":5,"href":"https:\/\/institucional.ufrrj.br\/codep\/wp-json\/wp\/v2\/pages\/3008\/revisions"}],"predecessor-version":[{"id":5993,"href":"https:\/\/institucional.ufrrj.br\/codep\/wp-json\/wp\/v2\/pages\/3008\/revisions\/5993"}],"wp:attachment":[{"href":"https:\/\/institucional.ufrrj.br\/codep\/wp-json\/wp\/v2\/media?parent=3008"}],"curies":[{"name":"wp","href":"https:\/\/api.w.org\/{rel}","templated":true}]}}