{"id":277,"date":"2018-01-15T16:49:33","date_gmt":"2018-01-15T18:49:33","guid":{"rendered":"http:\/\/institucional.ufrrj.br\/codep\/?page_id=277"},"modified":"2022-09-23T11:29:11","modified_gmt":"2022-09-23T14:29:11","slug":"legislacao","status":"publish","type":"page","link":"https:\/\/institucional.ufrrj.br\/codep\/legislacao\/","title":{"rendered":"Legisla\u00e7\u00e3o"},"content":{"rendered":"<hr \/>\n<p>Clique abaixo para acessar as legisla\u00e7\u00f5es norteadoras:<\/p>\n<p>&nbsp;<\/p>\n<p><a href=\"https:\/\/institucional.ufrrj.br\/codep\/files\/2018\/01\/Lei-n.\u00ba-8.112-de-11-de-dezembro-de-1990.pdf\" target=\"_blank\" rel=\"noopener noreferrer\">Lei n.\u00ba 8.112, de 11 de dezembro de 1990<\/a><\/p>\n<p><a href=\"https:\/\/institucional.ufrrj.br\/codep\/files\/2018\/01\/Decreto-n.\u00ba-91.800-de-18-de-outubro-de-1995.pdf\" target=\"_blank\" rel=\"noopener noreferrer\">Decreto n.\u00ba 91.800, de 18 de outubro de 1985<\/a><\/p>\n<p><a href=\"https:\/\/institucional.ufrrj.br\/codep\/files\/2018\/01\/Decreto-n.\u00ba-1.387-de-07-de-fevereiro-de-1995.pdf\" target=\"_blank\" rel=\"noopener noreferrer\">Decreto n.\u00ba 1.387, de 07 de fevereiro de 1995<\/a><\/p>\n<p><a href=\"https:\/\/institucional.ufrrj.br\/codep\/files\/2018\/01\/Decreto-n\u00ba-1.590-de-10-de-agosto-de-1995.pdf\" target=\"_blank\" rel=\"noopener noreferrer\">Decreto n\u00ba 1.590, de 10 de agosto de 1995<\/a><\/p>\n<p><a href=\"https:\/\/institucional.ufrrj.br\/codep\/files\/2018\/01\/Decreto-n.\u00ba-1.867-de-17-de-abril-de-1996.pdf\" target=\"_blank\" rel=\"noopener noreferrer\">Decreto n.\u00ba 1.867, de 17 de abril de 1996<\/a><\/p>\n<p><a href=\"https:\/\/institucional.ufrrj.br\/codep\/files\/2018\/01\/Delibera\u00e7\u00e3o-n\u00ba-045-de-02-de-maio-de-2012.pdf\" target=\"_blank\" rel=\"noopener noreferrer\">Delibera\u00e7\u00e3o n\u00ba 045, de 02 de maio de 2012<\/a><\/p>\n<p><a href=\"https:\/\/institucional.ufrrj.br\/codep\/files\/2018\/01\/Delibera\u00e7\u00e3o-n\u00ba-053-de-30-de-abril-de-2014.pdf\" target=\"_blank\" rel=\"noopener noreferrer\">Delibera\u00e7\u00e3o n\u00ba 053, de 30 de abril de 2014<\/a><\/p>\n<p><a href=\"https:\/\/institucional.ufrrj.br\/codep\/files\/2018\/04\/Orienta\u00e7\u00e3o-Normativa-SRH-n\u00ba-2-de-23-de-fevereiro-de-2011.pdf\" target=\"_blank\" rel=\"noopener noreferrer\">Orienta\u00e7\u00e3o Normativa SRH n\u00ba 2, de 23 de fevereiro de 2011<\/a><\/p>\n<p><a href=\"https:\/\/institucional.ufrrj.br\/codep\/files\/2018\/04\/Orienta\u00e7\u00e3o-Normativa-n\u00ba-10-de-03-de-dezembro-de-2014.pdf\" target=\"_blank\" rel=\"noopener noreferrer\">Orienta\u00e7\u00e3o Normativa n\u00ba 10, de 03 de dezembro de 2014<\/a><\/p>\n<p><a href=\"https:\/\/institucional.ufrrj.br\/codep\/files\/2018\/03\/Lei-n\u00ba-12.772-de-28-de-dezembro-de-2012.pdf\" target=\"_blank\" rel=\"noopener noreferrer\">Lei n\u00ba 12.772, de 28 de dezembro de 2012<\/a><\/p>\n<p><a href=\"https:\/\/institucional.ufrrj.br\/codep\/files\/2018\/04\/Lei-n\u00ba-12863-de-24-de-Setembro-de-2013.pdf\" target=\"_blank\" rel=\"noopener noreferrer\">Lei n\u00ba 12.863, de 24 de Setembro de 2013<\/a><\/p>\n<p><a href=\"https:\/\/institucional.ufrrj.br\/codep\/files\/2018\/07\/LEI-8745-1993.pdf\" target=\"_blank\" rel=\"noopener noreferrer\">Lei n\u00ba 8.745, de 09 de dezembro de 1993<\/a><\/p>\n<p><a href=\"https:\/\/institucional.ufrrj.br\/codep\/files\/2018\/04\/Estatuto-da-UFRRJ.pdf\" target=\"_blank\" rel=\"noopener noreferrer\">Estatuto da UFRRJ<\/a><\/p>\n<p><a href=\"https:\/\/institucional.ufrrj.br\/codep\/files\/2019\/01\/Memorando-N\u00ba-566_2018-PROAAD-_Afastamento-no-Brasil-curta-e-media_28.09.2018.pdf\" target=\"_blank\" rel=\"noopener noreferrer\">Memorando Circular n\u00ba 566 \/ 2018 &#8211; PROAAD<\/a><\/p>\n<p><a href=\"https:\/\/institucional.ufrrj.br\/codep\/files\/2019\/01\/Memorando-N\u00ba-579_2018-retifica\u00e7\u00e3o-PROAAD-_Afastamento-no-Brasil_-media_03.10.2018.pdf\" target=\"_blank\" rel=\"noopener noreferrer\">Memorando Circular n\u00ba 579 \/ 2018 &#8211; PROAAD<\/a><\/p>\n<p><a href=\"https:\/\/institucional.ufrrj.br\/codep\/files\/2020\/01\/Memorando-Eletr\u00f4nico-477-2019-PROGEP-PROCESSO-SELETIVO-P\u00d3S-GRADUA\u00c7\u00c3O-STRICTO-CENSU.pdf\" target=\"_blank\" rel=\"noopener noreferrer\">Memorando Circular n\u00ba 477 \/ 2019 &#8211; PROGEP<\/a><\/p>\n<p><a href=\"https:\/\/institucional.ufrrj.br\/codep\/legislacao\/decreto-n-o-9-991-de-28-de-agosto-de-2019\/\" target=\"_blank\" rel=\"attachment noopener wp-att-3532 noreferrer\">Decreto n.\u00ba 9.991, de 28 de agosto de 2019<\/a><\/p>\n<p><a href=\"https:\/\/institucional.ufrrj.br\/codep\/files\/2022\/08\/NOTA-TECNICA-09-2020-MEC-UNIFORMIZACAO-DECRETO-9991-2019.pdf\" target=\"_blank\" rel=\"noopener\">Nota T\u00e9cnica 09 \/ 2020 \/ MEC<\/a><\/p>\n<p><a href=\"https:\/\/institucional.ufrrj.br\/codep\/legislacao\/instrucao-normativa-no-21-de-1o-de-fevereiro-de-2021-3\/\" target=\"_blank\" rel=\"attachment noopener wp-att-3410 noreferrer\">Instru\u00e7\u00e3o Normativa n\u00ba 21, de 1\u00ba de fevereiro de 2021<\/a><\/p>\n<p><a href=\"https:\/\/institucional.ufrrj.br\/codep\/legislacao\/decreto-no-10506-de-2-de-outubro-de-2020\/\" target=\"_blank\" rel=\"attachment noopener wp-att-3421 noreferrer\">Decreto n\u00ba 10506, de 2 de outubro de 2020<\/a><\/p>\n<p><a href=\"https:\/\/institucional.ufrrj.br\/codep\/files\/2022\/09\/PORTARIA-6217_2022-12-HORAS-H.E.-2.pdf\" target=\"_blank\" rel=\"noopener\">Portaria n\u00ba 6217 \/ 2022 \u2013 GABREI<\/a><\/p>\n<p>&nbsp;<\/p>\n","protected":false},"excerpt":{"rendered":"<p>Clique abaixo para acessar as legisla\u00e7\u00f5es norteadoras: &nbsp; Lei n.\u00ba 8.112, de 11 de dezembro de 1990 Decreto n.\u00ba 91.800, <a class=\"read-more\" href=\"https:\/\/institucional.ufrrj.br\/codep\/legislacao\/ \" >&#8230; <span class=\"font-italic\">leia mais <i class=\"fas fa-angle-right\"><\/i><\/span><\/a><\/p>\n","protected":false},"author":546,"featured_media":0,"parent":0,"menu_order":0,"comment_status":"closed","ping_status":"closed","template":"","meta":{"_acf_changed":false,"footnotes":""},"class_list":["post-277","page","type-page","status-publish","hentry"],"yoast_head":"<!-- This site is optimized with the Yoast SEO plugin v27.2 - https:\/\/yoast.com\/product\/yoast-seo-wordpress\/ -->\n<title>Legisla\u00e7\u00e3o - Coordena\u00e7\u00e3o de Desenvolvimento de Pessoas<\/title>\n<meta name=\"robots\" content=\"index, follow, max-snippet:-1, max-image-preview:large, max-video-preview:-1\" \/>\n<link rel=\"canonical\" href=\"https:\/\/institucional.ufrrj.br\/codep\/legislacao\/\" \/>\n<meta property=\"og:locale\" content=\"pt_BR\" \/>\n<meta property=\"og:type\" content=\"article\" \/>\n<meta property=\"og:title\" content=\"Legisla\u00e7\u00e3o - Coordena\u00e7\u00e3o de Desenvolvimento de Pessoas\" \/>\n<meta property=\"og:description\" content=\"Clique abaixo para acessar as legisla\u00e7\u00f5es norteadoras: &nbsp; Lei n.\u00ba 8.112, de 11 de dezembro de 1990 Decreto n.\u00ba 91.800, ... leia mais\" \/>\n<meta property=\"og:url\" content=\"https:\/\/institucional.ufrrj.br\/codep\/legislacao\/\" \/>\n<meta property=\"og:site_name\" content=\"Coordena\u00e7\u00e3o de Desenvolvimento de Pessoas\" \/>\n<meta property=\"article:modified_time\" content=\"2022-09-23T14:29:11+00:00\" \/>\n<meta name=\"twitter:card\" content=\"summary_large_image\" \/>\n<meta name=\"twitter:label1\" content=\"Est. tempo de leitura\" \/>\n\t<meta name=\"twitter:data1\" content=\"1 minuto\" \/>\n<script type=\"application\/ld+json\" class=\"yoast-schema-graph\">{\"@context\":\"https:\/\/schema.org\",\"@graph\":[{\"@type\":\"WebPage\",\"@id\":\"https:\/\/institucional.ufrrj.br\/codep\/legislacao\/\",\"url\":\"https:\/\/institucional.ufrrj.br\/codep\/legislacao\/\",\"name\":\"Legisla\u00e7\u00e3o - Coordena\u00e7\u00e3o de Desenvolvimento de Pessoas\",\"isPartOf\":{\"@id\":\"https:\/\/institucional.ufrrj.br\/codep\/#website\"},\"datePublished\":\"2018-01-15T18:49:33+00:00\",\"dateModified\":\"2022-09-23T14:29:11+00:00\",\"breadcrumb\":{\"@id\":\"https:\/\/institucional.ufrrj.br\/codep\/legislacao\/#breadcrumb\"},\"inLanguage\":\"pt-BR\",\"potentialAction\":[{\"@type\":\"ReadAction\",\"target\":[\"https:\/\/institucional.ufrrj.br\/codep\/legislacao\/\"]}]},{\"@type\":\"BreadcrumbList\",\"@id\":\"https:\/\/institucional.ufrrj.br\/codep\/legislacao\/#breadcrumb\",\"itemListElement\":[{\"@type\":\"ListItem\",\"position\":1,\"name\":\"In\u00edcio\",\"item\":\"https:\/\/institucional.ufrrj.br\/codep\/\"},{\"@type\":\"ListItem\",\"position\":2,\"name\":\"Legisla\u00e7\u00e3o\"}]},{\"@type\":\"WebSite\",\"@id\":\"https:\/\/institucional.ufrrj.br\/codep\/#website\",\"url\":\"https:\/\/institucional.ufrrj.br\/codep\/\",\"name\":\"Coordena\u00e7\u00e3o de Desenvolvimento de Pessoas\",\"description\":\"S\u00f3 mais um site institucional.ufrrj.br\",\"potentialAction\":[{\"@type\":\"SearchAction\",\"target\":{\"@type\":\"EntryPoint\",\"urlTemplate\":\"https:\/\/institucional.ufrrj.br\/codep\/?s={search_term_string}\"},\"query-input\":{\"@type\":\"PropertyValueSpecification\",\"valueRequired\":true,\"valueName\":\"search_term_string\"}}],\"inLanguage\":\"pt-BR\"}]}<\/script>\n<!-- \/ Yoast SEO plugin. -->","yoast_head_json":{"title":"Legisla\u00e7\u00e3o - Coordena\u00e7\u00e3o de Desenvolvimento de Pessoas","robots":{"index":"index","follow":"follow","max-snippet":"max-snippet:-1","max-image-preview":"max-image-preview:large","max-video-preview":"max-video-preview:-1"},"canonical":"https:\/\/institucional.ufrrj.br\/codep\/legislacao\/","og_locale":"pt_BR","og_type":"article","og_title":"Legisla\u00e7\u00e3o - Coordena\u00e7\u00e3o de Desenvolvimento de Pessoas","og_description":"Clique abaixo para acessar as legisla\u00e7\u00f5es norteadoras: &nbsp; Lei n.\u00ba 8.112, de 11 de dezembro de 1990 Decreto n.\u00ba 91.800, ... leia mais","og_url":"https:\/\/institucional.ufrrj.br\/codep\/legislacao\/","og_site_name":"Coordena\u00e7\u00e3o de Desenvolvimento de Pessoas","article_modified_time":"2022-09-23T14:29:11+00:00","twitter_card":"summary_large_image","twitter_misc":{"Est. tempo de leitura":"1 minuto"},"schema":{"@context":"https:\/\/schema.org","@graph":[{"@type":"WebPage","@id":"https:\/\/institucional.ufrrj.br\/codep\/legislacao\/","url":"https:\/\/institucional.ufrrj.br\/codep\/legislacao\/","name":"Legisla\u00e7\u00e3o - Coordena\u00e7\u00e3o de Desenvolvimento de Pessoas","isPartOf":{"@id":"https:\/\/institucional.ufrrj.br\/codep\/#website"},"datePublished":"2018-01-15T18:49:33+00:00","dateModified":"2022-09-23T14:29:11+00:00","breadcrumb":{"@id":"https:\/\/institucional.ufrrj.br\/codep\/legislacao\/#breadcrumb"},"inLanguage":"pt-BR","potentialAction":[{"@type":"ReadAction","target":["https:\/\/institucional.ufrrj.br\/codep\/legislacao\/"]}]},{"@type":"BreadcrumbList","@id":"https:\/\/institucional.ufrrj.br\/codep\/legislacao\/#breadcrumb","itemListElement":[{"@type":"ListItem","position":1,"name":"In\u00edcio","item":"https:\/\/institucional.ufrrj.br\/codep\/"},{"@type":"ListItem","position":2,"name":"Legisla\u00e7\u00e3o"}]},{"@type":"WebSite","@id":"https:\/\/institucional.ufrrj.br\/codep\/#website","url":"https:\/\/institucional.ufrrj.br\/codep\/","name":"Coordena\u00e7\u00e3o de Desenvolvimento de Pessoas","description":"S\u00f3 mais um site institucional.ufrrj.br","potentialAction":[{"@type":"SearchAction","target":{"@type":"EntryPoint","urlTemplate":"https:\/\/institucional.ufrrj.br\/codep\/?s={search_term_string}"},"query-input":{"@type":"PropertyValueSpecification","valueRequired":true,"valueName":"search_term_string"}}],"inLanguage":"pt-BR"}]}},"acf":[],"_links":{"self":[{"href":"https:\/\/institucional.ufrrj.br\/codep\/wp-json\/wp\/v2\/pages\/277","targetHints":{"allow":["GET"]}}],"collection":[{"href":"https:\/\/institucional.ufrrj.br\/codep\/wp-json\/wp\/v2\/pages"}],"about":[{"href":"https:\/\/institucional.ufrrj.br\/codep\/wp-json\/wp\/v2\/types\/page"}],"author":[{"embeddable":true,"href":"https:\/\/institucional.ufrrj.br\/codep\/wp-json\/wp\/v2\/users\/546"}],"replies":[{"embeddable":true,"href":"https:\/\/institucional.ufrrj.br\/codep\/wp-json\/wp\/v2\/comments?post=277"}],"version-history":[{"count":38,"href":"https:\/\/institucional.ufrrj.br\/codep\/wp-json\/wp\/v2\/pages\/277\/revisions"}],"predecessor-version":[{"id":4583,"href":"https:\/\/institucional.ufrrj.br\/codep\/wp-json\/wp\/v2\/pages\/277\/revisions\/4583"}],"wp:attachment":[{"href":"https:\/\/institucional.ufrrj.br\/codep\/wp-json\/wp\/v2\/media?parent=277"}],"curies":[{"name":"wp","href":"https:\/\/api.w.org\/{rel}","templated":true}]}}