{"id":2765,"date":"2020-05-28T15:48:26","date_gmt":"2020-05-28T18:48:26","guid":{"rendered":"http:\/\/institucional.ufrrj.br\/codep\/?page_id=2765"},"modified":"2024-06-07T10:15:35","modified_gmt":"2024-06-07T13:15:35","slug":"acesse-o-pdp","status":"publish","type":"page","link":"https:\/\/institucional.ufrrj.br\/codep\/acesse-o-pdp\/","title":{"rendered":"Acesse o PDP"},"content":{"rendered":"<hr>\n<p>Atendendo as legisla\u00e7\u00f5es vigentes, o Decreto 9991\/2019 e a Instru\u00e7\u00e3o Normativa 201\/2019, a PROGEP, por meio da Coordena\u00e7\u00e3o de Desenvolvimento de Pessoas, disponibiliza o levantamento de necessidades de capacita\u00e7\u00e3o para o exerc\u00edcio de 2020.<\/p>\n<p>Foram coletadas 526 demandas das unidades acad\u00eamicas e administrativas, que compuseram o PDP da UFRRJ enviado ao \u00f3rg\u00e3o central SIPEC para an\u00e1lise t\u00e9cnica. &nbsp;Ap\u00f3s a an\u00e1lise, o SIPEC encaminhou sua Manifesta\u00e7\u00e3o T\u00e9cnica acerca das demandas informadas.<\/p>\n<p>O SIPEC em sua Manifesta\u00e7\u00e3o T\u00e9cnica apresenta o conjunto de a\u00e7\u00f5es transversais que devem, preferencialmente, serem ofertadas pela Escola Nacional de Administra\u00e7\u00e3o P\u00fablica \u2013 ENAP. O cronograma dos cursos da ENAP encontra-se dispon\u00edvel no seu Portal na internet.<\/p>\n<p>As a\u00e7\u00f5es n\u00e3o transversais, espec\u00edficas de diferentes setores da UFRRJ, ser\u00e3o providenciadas pela PROGEP\/CODEP. Confira a seguir o PDP da UFRRJ e a Manifesta\u00e7\u00e3o T\u00e9cnica do SIPEC.<\/p>\n<p>&nbsp;<\/p>\n<h4><a href=\"https:\/\/institucional.ufrrj.br\/codep\/files\/2020\/05\/PDP-2020.pdf\" target=\"_blank\" rel=\"noopener noreferrer\">PDP 2020<\/a><\/h4>\n<h4><a href=\"https:\/\/institucional.ufrrj.br\/codep\/files\/2020\/05\/Manifesta\u00e7\u00e3o-T\u00e9cnica-do-PDP-2020.pdf\" target=\"_blank\" rel=\"noopener noreferrer\">PDP 2020 &#8211; Manifesta\u00e7\u00e3o t\u00e9cnica do SIPEC<\/a><\/h4>\n","protected":false},"excerpt":{"rendered":"<p>Atendendo as legisla\u00e7\u00f5es vigentes, o Decreto 9991\/2019 e a Instru\u00e7\u00e3o Normativa 201\/2019, a PROGEP, por meio da Coordena\u00e7\u00e3o de Desenvolvimento <a class=\"read-more\" href=\"https:\/\/institucional.ufrrj.br\/codep\/acesse-o-pdp\/ \" >&#8230; <span class=\"font-italic\">leia mais <i class=\"fas fa-angle-right\"><\/i><\/span><\/a><\/p>\n","protected":false},"author":546,"featured_media":0,"parent":0,"menu_order":0,"comment_status":"closed","ping_status":"closed","template":"","meta":{"_acf_changed":false,"footnotes":""},"class_list":["post-2765","page","type-page","status-publish","hentry"],"yoast_head":"<!-- This site is optimized with the Yoast SEO plugin v27.2 - https:\/\/yoast.com\/product\/yoast-seo-wordpress\/ -->\n<title>Acesse o PDP - Coordena\u00e7\u00e3o de Desenvolvimento de Pessoas<\/title>\n<meta name=\"robots\" content=\"index, follow, max-snippet:-1, max-image-preview:large, max-video-preview:-1\" \/>\n<link rel=\"canonical\" href=\"https:\/\/institucional.ufrrj.br\/codep\/acesse-o-pdp\/\" \/>\n<meta property=\"og:locale\" content=\"pt_BR\" \/>\n<meta property=\"og:type\" content=\"article\" \/>\n<meta property=\"og:title\" content=\"Acesse o PDP - Coordena\u00e7\u00e3o de Desenvolvimento de Pessoas\" \/>\n<meta property=\"og:description\" content=\"Atendendo as legisla\u00e7\u00f5es vigentes, o Decreto 9991\/2019 e a Instru\u00e7\u00e3o Normativa 201\/2019, a PROGEP, por meio da Coordena\u00e7\u00e3o de Desenvolvimento ... leia mais\" \/>\n<meta property=\"og:url\" content=\"https:\/\/institucional.ufrrj.br\/codep\/acesse-o-pdp\/\" \/>\n<meta property=\"og:site_name\" content=\"Coordena\u00e7\u00e3o de Desenvolvimento de Pessoas\" \/>\n<meta property=\"article:modified_time\" content=\"2024-06-07T13:15:35+00:00\" \/>\n<meta name=\"twitter:card\" content=\"summary_large_image\" \/>\n<meta name=\"twitter:label1\" content=\"Est. tempo de leitura\" \/>\n\t<meta name=\"twitter:data1\" content=\"1 minuto\" \/>\n<script type=\"application\/ld+json\" class=\"yoast-schema-graph\">{\"@context\":\"https:\/\/schema.org\",\"@graph\":[{\"@type\":\"WebPage\",\"@id\":\"https:\/\/institucional.ufrrj.br\/codep\/acesse-o-pdp\/\",\"url\":\"https:\/\/institucional.ufrrj.br\/codep\/acesse-o-pdp\/\",\"name\":\"Acesse o PDP - Coordena\u00e7\u00e3o de Desenvolvimento de Pessoas\",\"isPartOf\":{\"@id\":\"https:\/\/institucional.ufrrj.br\/codep\/#website\"},\"datePublished\":\"2020-05-28T18:48:26+00:00\",\"dateModified\":\"2024-06-07T13:15:35+00:00\",\"breadcrumb\":{\"@id\":\"https:\/\/institucional.ufrrj.br\/codep\/acesse-o-pdp\/#breadcrumb\"},\"inLanguage\":\"pt-BR\",\"potentialAction\":[{\"@type\":\"ReadAction\",\"target\":[\"https:\/\/institucional.ufrrj.br\/codep\/acesse-o-pdp\/\"]}]},{\"@type\":\"BreadcrumbList\",\"@id\":\"https:\/\/institucional.ufrrj.br\/codep\/acesse-o-pdp\/#breadcrumb\",\"itemListElement\":[{\"@type\":\"ListItem\",\"position\":1,\"name\":\"In\u00edcio\",\"item\":\"https:\/\/institucional.ufrrj.br\/codep\/\"},{\"@type\":\"ListItem\",\"position\":2,\"name\":\"Acesse o PDP\"}]},{\"@type\":\"WebSite\",\"@id\":\"https:\/\/institucional.ufrrj.br\/codep\/#website\",\"url\":\"https:\/\/institucional.ufrrj.br\/codep\/\",\"name\":\"Coordena\u00e7\u00e3o de Desenvolvimento de Pessoas\",\"description\":\"S\u00f3 mais um site institucional.ufrrj.br\",\"potentialAction\":[{\"@type\":\"SearchAction\",\"target\":{\"@type\":\"EntryPoint\",\"urlTemplate\":\"https:\/\/institucional.ufrrj.br\/codep\/?s={search_term_string}\"},\"query-input\":{\"@type\":\"PropertyValueSpecification\",\"valueRequired\":true,\"valueName\":\"search_term_string\"}}],\"inLanguage\":\"pt-BR\"}]}<\/script>\n<!-- \/ Yoast SEO plugin. -->","yoast_head_json":{"title":"Acesse o PDP - Coordena\u00e7\u00e3o de Desenvolvimento de Pessoas","robots":{"index":"index","follow":"follow","max-snippet":"max-snippet:-1","max-image-preview":"max-image-preview:large","max-video-preview":"max-video-preview:-1"},"canonical":"https:\/\/institucional.ufrrj.br\/codep\/acesse-o-pdp\/","og_locale":"pt_BR","og_type":"article","og_title":"Acesse o PDP - Coordena\u00e7\u00e3o de Desenvolvimento de Pessoas","og_description":"Atendendo as legisla\u00e7\u00f5es vigentes, o Decreto 9991\/2019 e a Instru\u00e7\u00e3o Normativa 201\/2019, a PROGEP, por meio da Coordena\u00e7\u00e3o de Desenvolvimento ... leia mais","og_url":"https:\/\/institucional.ufrrj.br\/codep\/acesse-o-pdp\/","og_site_name":"Coordena\u00e7\u00e3o de Desenvolvimento de Pessoas","article_modified_time":"2024-06-07T13:15:35+00:00","twitter_card":"summary_large_image","twitter_misc":{"Est. tempo de leitura":"1 minuto"},"schema":{"@context":"https:\/\/schema.org","@graph":[{"@type":"WebPage","@id":"https:\/\/institucional.ufrrj.br\/codep\/acesse-o-pdp\/","url":"https:\/\/institucional.ufrrj.br\/codep\/acesse-o-pdp\/","name":"Acesse o PDP - Coordena\u00e7\u00e3o de Desenvolvimento de Pessoas","isPartOf":{"@id":"https:\/\/institucional.ufrrj.br\/codep\/#website"},"datePublished":"2020-05-28T18:48:26+00:00","dateModified":"2024-06-07T13:15:35+00:00","breadcrumb":{"@id":"https:\/\/institucional.ufrrj.br\/codep\/acesse-o-pdp\/#breadcrumb"},"inLanguage":"pt-BR","potentialAction":[{"@type":"ReadAction","target":["https:\/\/institucional.ufrrj.br\/codep\/acesse-o-pdp\/"]}]},{"@type":"BreadcrumbList","@id":"https:\/\/institucional.ufrrj.br\/codep\/acesse-o-pdp\/#breadcrumb","itemListElement":[{"@type":"ListItem","position":1,"name":"In\u00edcio","item":"https:\/\/institucional.ufrrj.br\/codep\/"},{"@type":"ListItem","position":2,"name":"Acesse o PDP"}]},{"@type":"WebSite","@id":"https:\/\/institucional.ufrrj.br\/codep\/#website","url":"https:\/\/institucional.ufrrj.br\/codep\/","name":"Coordena\u00e7\u00e3o de Desenvolvimento de Pessoas","description":"S\u00f3 mais um site institucional.ufrrj.br","potentialAction":[{"@type":"SearchAction","target":{"@type":"EntryPoint","urlTemplate":"https:\/\/institucional.ufrrj.br\/codep\/?s={search_term_string}"},"query-input":{"@type":"PropertyValueSpecification","valueRequired":true,"valueName":"search_term_string"}}],"inLanguage":"pt-BR"}]}},"acf":[],"_links":{"self":[{"href":"https:\/\/institucional.ufrrj.br\/codep\/wp-json\/wp\/v2\/pages\/2765","targetHints":{"allow":["GET"]}}],"collection":[{"href":"https:\/\/institucional.ufrrj.br\/codep\/wp-json\/wp\/v2\/pages"}],"about":[{"href":"https:\/\/institucional.ufrrj.br\/codep\/wp-json\/wp\/v2\/types\/page"}],"author":[{"embeddable":true,"href":"https:\/\/institucional.ufrrj.br\/codep\/wp-json\/wp\/v2\/users\/546"}],"replies":[{"embeddable":true,"href":"https:\/\/institucional.ufrrj.br\/codep\/wp-json\/wp\/v2\/comments?post=2765"}],"version-history":[{"count":8,"href":"https:\/\/institucional.ufrrj.br\/codep\/wp-json\/wp\/v2\/pages\/2765\/revisions"}],"predecessor-version":[{"id":6354,"href":"https:\/\/institucional.ufrrj.br\/codep\/wp-json\/wp\/v2\/pages\/2765\/revisions\/6354"}],"wp:attachment":[{"href":"https:\/\/institucional.ufrrj.br\/codep\/wp-json\/wp\/v2\/media?parent=2765"}],"curies":[{"name":"wp","href":"https:\/\/api.w.org\/{rel}","templated":true}]}}