{"id":2762,"date":"2020-05-28T15:46:00","date_gmt":"2020-05-28T18:46:00","guid":{"rendered":"http:\/\/institucional.ufrrj.br\/codep\/?page_id=2762"},"modified":"2025-01-17T12:15:08","modified_gmt":"2025-01-17T15:15:08","slug":"o-que-e-2","status":"publish","type":"page","link":"https:\/\/institucional.ufrrj.br\/codep\/o-que-e-2\/","title":{"rendered":"O que \u00e9 o PDP?"},"content":{"rendered":"<p><a href=\"https:\/\/institucional.ufrrj.br\/codep\/pdp\/capa-intro-pdp-3\/\" rel=\"attachment wp-att-4997\"><img loading=\"lazy\" decoding=\"async\" class=\"aligncenter size-full wp-image-4997\" src=\"https:\/\/institucional.ufrrj.br\/codep\/files\/2023\/04\/CAPA-INTRO-PDP-3.png\" alt=\"\" width=\"2000\" height=\"526\" srcset=\"https:\/\/institucional.ufrrj.br\/codep\/files\/2023\/04\/CAPA-INTRO-PDP-3.png 2000w, https:\/\/institucional.ufrrj.br\/codep\/files\/2023\/04\/CAPA-INTRO-PDP-3-300x79.png 300w, https:\/\/institucional.ufrrj.br\/codep\/files\/2023\/04\/CAPA-INTRO-PDP-3-1024x269.png 1024w, https:\/\/institucional.ufrrj.br\/codep\/files\/2023\/04\/CAPA-INTRO-PDP-3-768x202.png 768w, https:\/\/institucional.ufrrj.br\/codep\/files\/2023\/04\/CAPA-INTRO-PDP-3-1536x404.png 1536w\" sizes=\"auto, (max-width: 2000px) 100vw, 2000px\" \/><\/a><\/p>\n<p>O Plano de Desenvolvimento de Pessoas (PDP) \u00e9 um instrumento da Nova Pol\u00edtica de Desenvolvimento de Pessoas (PNDP), institu\u00edda pelo Decreto n\u00ba 9.991, de 2019, que tem como objetivo promover o desenvolvimento dos servidores p\u00fablicos nas compet\u00eancias essenciais para presta\u00e7\u00e3o de um servi\u00e7o de excel\u00eancia \u00e0 sociedade brasileira.<\/p>\n<p>O Plano apresenta as a\u00e7\u00f5es de desenvolvimento necess\u00e1rias \u00e0 consecu\u00e7\u00e3o dos objetivos institucionais da UFRRJ e encontra-se alinhado estrategicamente ao Plano de Desenvolvimento Institucional (PDI) da Universidade.<\/p>\n<hr \/>\n<h4 class=\"titulopagina\">Acesse os Planos de Desenvolvimento de Pessoas (2020-2025)<\/h4>\n<p><strong>Clique nas imagens<\/strong> para ter acesso ao Plano de cada ano.<\/p>\n<p><a href=\"https:\/\/institucional.ufrrj.br\/codep\/files\/2023\/04\/PDP-2020_merged.pdf\" target=\"_blank\" rel=\"noopener\"><img loading=\"lazy\" decoding=\"async\" class=\"alignleft wp-image-4987\" src=\"https:\/\/institucional.ufrrj.br\/codep\/files\/2023\/04\/2020-212x300.png\" alt=\"\" width=\"141\" height=\"200\" srcset=\"https:\/\/institucional.ufrrj.br\/codep\/files\/2023\/04\/2020-212x300.png 212w, https:\/\/institucional.ufrrj.br\/codep\/files\/2023\/04\/2020-724x1024.png 724w, https:\/\/institucional.ufrrj.br\/codep\/files\/2023\/04\/2020-768x1086.png 768w, https:\/\/institucional.ufrrj.br\/codep\/files\/2023\/04\/2020-1086x1536.png 1086w, https:\/\/institucional.ufrrj.br\/codep\/files\/2023\/04\/2020.png 1414w\" sizes=\"auto, (max-width: 141px) 100vw, 141px\" \/><\/a><\/p>\n<p><a href=\"https:\/\/institucional.ufrrj.br\/codep\/files\/2023\/04\/PDP-2021_merged.pdf\" target=\"_blank\" rel=\"noopener\"><img loading=\"lazy\" decoding=\"async\" class=\"alignleft wp-image-4988\" src=\"https:\/\/institucional.ufrrj.br\/codep\/files\/2023\/04\/2021-212x300.png\" alt=\"\" width=\"141\" height=\"200\" srcset=\"https:\/\/institucional.ufrrj.br\/codep\/files\/2023\/04\/2021-212x300.png 212w, https:\/\/institucional.ufrrj.br\/codep\/files\/2023\/04\/2021-724x1024.png 724w, https:\/\/institucional.ufrrj.br\/codep\/files\/2023\/04\/2021-768x1086.png 768w, https:\/\/institucional.ufrrj.br\/codep\/files\/2023\/04\/2021-1086x1536.png 1086w, https:\/\/institucional.ufrrj.br\/codep\/files\/2023\/04\/2021.png 1414w\" sizes=\"auto, (max-width: 141px) 100vw, 141px\" \/><\/a><\/p>\n<p><a href=\"https:\/\/institucional.ufrrj.br\/codep\/files\/2023\/04\/PDP-2022.pdf\" target=\"_blank\" rel=\"noopener\"><img loading=\"lazy\" decoding=\"async\" class=\"alignleft wp-image-4989\" src=\"https:\/\/institucional.ufrrj.br\/codep\/files\/2023\/04\/2022-212x300.png\" alt=\"\" width=\"141\" height=\"200\" srcset=\"https:\/\/institucional.ufrrj.br\/codep\/files\/2023\/04\/2022-212x300.png 212w, https:\/\/institucional.ufrrj.br\/codep\/files\/2023\/04\/2022-724x1024.png 724w, https:\/\/institucional.ufrrj.br\/codep\/files\/2023\/04\/2022-768x1086.png 768w, https:\/\/institucional.ufrrj.br\/codep\/files\/2023\/04\/2022-1086x1536.png 1086w, https:\/\/institucional.ufrrj.br\/codep\/files\/2023\/04\/2022.png 1414w\" sizes=\"auto, (max-width: 141px) 100vw, 141px\" \/><\/a><\/p>\n<p><a href=\"https:\/\/institucional.ufrrj.br\/codep\/files\/2023\/04\/PDP-2023.pdf\" target=\"_blank\" rel=\"attachment noopener wp-att-4990\"><img loading=\"lazy\" decoding=\"async\" class=\"wp-image-4990 alignleft\" src=\"https:\/\/institucional.ufrrj.br\/codep\/files\/2023\/04\/2023-212x300.png\" alt=\"\" width=\"141\" height=\"200\" srcset=\"https:\/\/institucional.ufrrj.br\/codep\/files\/2023\/04\/2023-212x300.png 212w, https:\/\/institucional.ufrrj.br\/codep\/files\/2023\/04\/2023-724x1024.png 724w, https:\/\/institucional.ufrrj.br\/codep\/files\/2023\/04\/2023-768x1086.png 768w, https:\/\/institucional.ufrrj.br\/codep\/files\/2023\/04\/2023-1086x1536.png 1086w, https:\/\/institucional.ufrrj.br\/codep\/files\/2023\/04\/2023.png 1414w\" sizes=\"auto, (max-width: 141px) 100vw, 141px\" \/><\/a><a href=\"https:\/\/institucional.ufrrj.br\/codep\/files\/2025\/01\/PDP-2025.pdf\"><img loading=\"lazy\" decoding=\"async\" class=\"wp-image-7062 alignnone\" src=\"https:\/\/institucional.ufrrj.br\/codep\/files\/2025\/01\/Miniatura-PDP-e-Relato\u0301rio-Anual-de-Gesta\u0303o-1.jpg\" alt=\"\" width=\"142\" height=\"201\" srcset=\"https:\/\/institucional.ufrrj.br\/codep\/files\/2025\/01\/Miniatura-PDP-e-Relato\u0301rio-Anual-de-Gesta\u0303o-1.jpg 1414w, https:\/\/institucional.ufrrj.br\/codep\/files\/2025\/01\/Miniatura-PDP-e-Relato\u0301rio-Anual-de-Gesta\u0303o-1-212x300.jpg 212w, https:\/\/institucional.ufrrj.br\/codep\/files\/2025\/01\/Miniatura-PDP-e-Relato\u0301rio-Anual-de-Gesta\u0303o-1-724x1024.jpg 724w, https:\/\/institucional.ufrrj.br\/codep\/files\/2025\/01\/Miniatura-PDP-e-Relato\u0301rio-Anual-de-Gesta\u0303o-1-768x1086.jpg 768w, https:\/\/institucional.ufrrj.br\/codep\/files\/2025\/01\/Miniatura-PDP-e-Relato\u0301rio-Anual-de-Gesta\u0303o-1-1086x1536.jpg 1086w\" sizes=\"auto, (max-width: 142px) 100vw, 142px\" \/><\/a><\/p>\n<p><strong>Acesse os Planos Anuais de Capacita\u00e7\u00f5es (2010-2019)<\/strong><\/p>\n<p>Entre os anos de 2010 e 2019, o Plano Anual de Capacita\u00e7\u00e3o (PAC) foi um dos instrumentos da Pol\u00edtica de Desenvolvimento dos servidores da Universidade Federal Rural do Rio de Janeiro (UFRRJ), que destinava-se a proporcionar os meios necess\u00e1rios a operacionaliza\u00e7\u00e3o das diretrizes que norteiam o processo de desenvolvimento profissional dos servidores da Universidade.<\/p>\n<p><strong>Clique nas imagens<\/strong> para ter aceso ao Plano de cada ano.<\/p>\n<p style=\"text-align: left\"><a href=\"https:\/\/institucional.ufrrj.br\/codep\/files\/2023\/05\/2010-1_merged-1.pdf\" target=\"_blank\" rel=\"noopener\"><img loading=\"lazy\" decoding=\"async\" class=\"wp-image-5027 alignleft\" src=\"https:\/\/institucional.ufrrj.br\/codep\/files\/2023\/04\/2010-212x300.png\" alt=\"\" width=\"141\" height=\"200\" srcset=\"https:\/\/institucional.ufrrj.br\/codep\/files\/2023\/04\/2010-212x300.png 212w, https:\/\/institucional.ufrrj.br\/codep\/files\/2023\/04\/2010-724x1024.png 724w, https:\/\/institucional.ufrrj.br\/codep\/files\/2023\/04\/2010-768x1086.png 768w, https:\/\/institucional.ufrrj.br\/codep\/files\/2023\/04\/2010-1086x1536.png 1086w, https:\/\/institucional.ufrrj.br\/codep\/files\/2023\/04\/2010.png 1414w\" sizes=\"auto, (max-width: 141px) 100vw, 141px\" \/><\/a><a href=\"https:\/\/institucional.ufrrj.br\/codep\/files\/2023\/04\/PAC-2011.pdf\" target=\"_blank\" rel=\"noopener\"><img loading=\"lazy\" decoding=\"async\" class=\"alignleft wp-image-5028\" src=\"https:\/\/institucional.ufrrj.br\/codep\/files\/2023\/04\/2011-212x300.png\" alt=\"\" width=\"141\" height=\"200\" srcset=\"https:\/\/institucional.ufrrj.br\/codep\/files\/2023\/04\/2011-212x300.png 212w, https:\/\/institucional.ufrrj.br\/codep\/files\/2023\/04\/2011-724x1024.png 724w, https:\/\/institucional.ufrrj.br\/codep\/files\/2023\/04\/2011-768x1086.png 768w, https:\/\/institucional.ufrrj.br\/codep\/files\/2023\/04\/2011-1086x1536.png 1086w, https:\/\/institucional.ufrrj.br\/codep\/files\/2023\/04\/2011.png 1414w\" sizes=\"auto, (max-width: 141px) 100vw, 141px\" \/><\/a><a href=\"https:\/\/institucional.ufrrj.br\/codep\/files\/2023\/04\/PAC-2012.pdf\" target=\"_blank\" rel=\"noopener\"><img loading=\"lazy\" decoding=\"async\" class=\"alignleft wp-image-5029\" src=\"https:\/\/institucional.ufrrj.br\/codep\/files\/2023\/04\/2012-212x300.png\" alt=\"\" width=\"141\" height=\"200\" srcset=\"https:\/\/institucional.ufrrj.br\/codep\/files\/2023\/04\/2012-212x300.png 212w, https:\/\/institucional.ufrrj.br\/codep\/files\/2023\/04\/2012-724x1024.png 724w, https:\/\/institucional.ufrrj.br\/codep\/files\/2023\/04\/2012-768x1086.png 768w, https:\/\/institucional.ufrrj.br\/codep\/files\/2023\/04\/2012-1086x1536.png 1086w, https:\/\/institucional.ufrrj.br\/codep\/files\/2023\/04\/2012.png 1414w\" sizes=\"auto, (max-width: 141px) 100vw, 141px\" \/><\/a><a href=\"https:\/\/institucional.ufrrj.br\/codep\/files\/2023\/04\/PAC-2013.pdf\" target=\"_blank\" rel=\"attachment noopener wp-att-5030\"><img loading=\"lazy\" decoding=\"async\" class=\"alignleft wp-image-5030\" src=\"https:\/\/institucional.ufrrj.br\/codep\/files\/2023\/04\/2013-212x300.png\" alt=\"\" width=\"141\" height=\"200\" srcset=\"https:\/\/institucional.ufrrj.br\/codep\/files\/2023\/04\/2013-212x300.png 212w, https:\/\/institucional.ufrrj.br\/codep\/files\/2023\/04\/2013-724x1024.png 724w, https:\/\/institucional.ufrrj.br\/codep\/files\/2023\/04\/2013-768x1086.png 768w, https:\/\/institucional.ufrrj.br\/codep\/files\/2023\/04\/2013-1086x1536.png 1086w, https:\/\/institucional.ufrrj.br\/codep\/files\/2023\/04\/2013.png 1414w\" sizes=\"auto, (max-width: 141px) 100vw, 141px\" \/><\/a><\/p>\n<p><a href=\"https:\/\/institucional.ufrrj.br\/codep\/files\/2023\/04\/PAC-2014.pdf\" target=\"_blank\" rel=\"attachment noopener wp-att-5031\"><img loading=\"lazy\" decoding=\"async\" class=\"alignleft wp-image-5031\" src=\"https:\/\/institucional.ufrrj.br\/codep\/files\/2023\/04\/2014-212x300.png\" alt=\"\" width=\"141\" height=\"200\" srcset=\"https:\/\/institucional.ufrrj.br\/codep\/files\/2023\/04\/2014-212x300.png 212w, https:\/\/institucional.ufrrj.br\/codep\/files\/2023\/04\/2014-724x1024.png 724w, https:\/\/institucional.ufrrj.br\/codep\/files\/2023\/04\/2014-768x1086.png 768w, https:\/\/institucional.ufrrj.br\/codep\/files\/2023\/04\/2014-1086x1536.png 1086w, https:\/\/institucional.ufrrj.br\/codep\/files\/2023\/04\/2014.png 1414w\" sizes=\"auto, (max-width: 141px) 100vw, 141px\" \/><\/a><\/p>\n<p><a href=\"https:\/\/institucional.ufrrj.br\/codep\/files\/2023\/04\/PAC-2015.pdf\" target=\"_blank\" rel=\"attachment noopener wp-att-5032\"><img loading=\"lazy\" decoding=\"async\" class=\"alignleft wp-image-5032\" src=\"https:\/\/institucional.ufrrj.br\/codep\/files\/2023\/04\/2015-212x300.png\" alt=\"\" width=\"141\" height=\"200\" srcset=\"https:\/\/institucional.ufrrj.br\/codep\/files\/2023\/04\/2015-212x300.png 212w, https:\/\/institucional.ufrrj.br\/codep\/files\/2023\/04\/2015-724x1024.png 724w, https:\/\/institucional.ufrrj.br\/codep\/files\/2023\/04\/2015-768x1086.png 768w, https:\/\/institucional.ufrrj.br\/codep\/files\/2023\/04\/2015-1086x1536.png 1086w, https:\/\/institucional.ufrrj.br\/codep\/files\/2023\/04\/2015.png 1414w\" sizes=\"auto, (max-width: 141px) 100vw, 141px\" \/><\/a><\/p>\n<p><a href=\"https:\/\/institucional.ufrrj.br\/codep\/files\/2023\/04\/PAC-2016.pdf\" target=\"_blank\" rel=\"attachment noopener wp-att-5033\"><img loading=\"lazy\" decoding=\"async\" class=\"alignleft wp-image-5033\" src=\"https:\/\/institucional.ufrrj.br\/codep\/files\/2023\/04\/2016-212x300.png\" alt=\"\" width=\"141\" height=\"200\" srcset=\"https:\/\/institucional.ufrrj.br\/codep\/files\/2023\/04\/2016-212x300.png 212w, https:\/\/institucional.ufrrj.br\/codep\/files\/2023\/04\/2016-724x1024.png 724w, https:\/\/institucional.ufrrj.br\/codep\/files\/2023\/04\/2016-768x1086.png 768w, https:\/\/institucional.ufrrj.br\/codep\/files\/2023\/04\/2016-1086x1536.png 1086w, https:\/\/institucional.ufrrj.br\/codep\/files\/2023\/04\/2016.png 1414w\" sizes=\"auto, (max-width: 141px) 100vw, 141px\" \/><\/a><\/p>\n<p><a href=\"https:\/\/institucional.ufrrj.br\/codep\/files\/2023\/04\/PAC-2017.pdf\" target=\"_blank\" rel=\"attachment noopener wp-att-5034\"><img loading=\"lazy\" decoding=\"async\" class=\"alignleft wp-image-5034\" src=\"https:\/\/institucional.ufrrj.br\/codep\/files\/2023\/04\/2017-212x300.png\" alt=\"\" width=\"141\" height=\"200\" srcset=\"https:\/\/institucional.ufrrj.br\/codep\/files\/2023\/04\/2017-212x300.png 212w, https:\/\/institucional.ufrrj.br\/codep\/files\/2023\/04\/2017-724x1024.png 724w, https:\/\/institucional.ufrrj.br\/codep\/files\/2023\/04\/2017-768x1086.png 768w, https:\/\/institucional.ufrrj.br\/codep\/files\/2023\/04\/2017-1086x1536.png 1086w, https:\/\/institucional.ufrrj.br\/codep\/files\/2023\/04\/2017.png 1414w\" sizes=\"auto, (max-width: 141px) 100vw, 141px\" \/><\/a><\/p>\n<p><a href=\"https:\/\/institucional.ufrrj.br\/codep\/files\/2023\/04\/PAC-2018.pdf\" target=\"_blank\" rel=\"attachment noopener wp-att-5035\"><img loading=\"lazy\" decoding=\"async\" class=\"alignleft wp-image-5035\" src=\"https:\/\/institucional.ufrrj.br\/codep\/files\/2023\/04\/2018-212x300.png\" alt=\"\" width=\"141\" height=\"200\" srcset=\"https:\/\/institucional.ufrrj.br\/codep\/files\/2023\/04\/2018-212x300.png 212w, https:\/\/institucional.ufrrj.br\/codep\/files\/2023\/04\/2018-724x1024.png 724w, https:\/\/institucional.ufrrj.br\/codep\/files\/2023\/04\/2018-768x1086.png 768w, https:\/\/institucional.ufrrj.br\/codep\/files\/2023\/04\/2018-1086x1536.png 1086w, https:\/\/institucional.ufrrj.br\/codep\/files\/2023\/04\/2018.png 1414w\" sizes=\"auto, (max-width: 141px) 100vw, 141px\" \/><\/a><\/p>\n<p><a href=\"https:\/\/institucional.ufrrj.br\/codep\/files\/2023\/04\/PAC-2019.pdf\" target=\"_blank\" rel=\"attachment noopener wp-att-5026\"><img loading=\"lazy\" decoding=\"async\" class=\"wp-image-5026 alignnone\" src=\"https:\/\/institucional.ufrrj.br\/codep\/files\/2023\/04\/2019-212x300.png\" alt=\"\" width=\"141\" height=\"200\" srcset=\"https:\/\/institucional.ufrrj.br\/codep\/files\/2023\/04\/2019-212x300.png 212w, https:\/\/institucional.ufrrj.br\/codep\/files\/2023\/04\/2019-724x1024.png 724w, https:\/\/institucional.ufrrj.br\/codep\/files\/2023\/04\/2019-768x1086.png 768w, https:\/\/institucional.ufrrj.br\/codep\/files\/2023\/04\/2019-1086x1536.png 1086w, https:\/\/institucional.ufrrj.br\/codep\/files\/2023\/04\/2019.png 1414w\" sizes=\"auto, (max-width: 141px) 100vw, 141px\" \/><\/a><\/p>\n<hr \/>\n<h4 class=\"titulopagina\">Legisla\u00e7\u00e3o e orienta\u00e7\u00e3o<\/h4>\n<p>Com o intuito de tornar acess\u00edvel as informa\u00e7\u00f5es relativas ao Plano de Desenvolvimento de Pessoas a todos os servidores, disponibilizamos as legisla\u00e7\u00f5es e orienta\u00e7\u00f5es que versam sobre o tema:<\/p>\n<p><a href=\"http:\/\/www.planalto.gov.br\/ccivil_03\/_ato2019-2022\/2019\/decreto\/D9991.htm\" target=\"_blank\" rel=\"noopener noreferrer\">Decreto 9.991\/2019<\/a><\/p>\n<p><a href=\"https:\/\/www.youtube.com\/watch?reload=9&amp;v=QxEjzY2_crQ\" target=\"_blank\" rel=\"noopener noreferrer\">V\u00eddeo acerca da nova PNDP<\/a><\/p>\n<p><a href=\"http:\/\/www.in.gov.br\/web\/dou\/-\/instrucao-normativa-n-201-de-11-de-setembro-de-2019-215812638\" target=\"_blank\" rel=\"noopener noreferrer\">Instru\u00e7\u00e3o Normativa 201\/2019<\/a><\/p>\n<p><a href=\"https:\/\/www.youtube.com\/watch?v=n9pxCnXNJHQ\" target=\"_blank\" rel=\"noopener noreferrer\">V\u00eddeo acerca da IN 201\/2019<\/a><\/p>\n<p><a href=\"https:\/\/institucional.ufrrj.br\/codep\/files\/2020\/05\/Guia_para_elaboracao_do-_PDP_2019.pdf\" target=\"_blank\" rel=\"noopener noreferrer\">Guia para elabora\u00e7\u00e3o do PDP<\/a><\/p>\n<p><a href=\"https:\/\/institucional.ufrrj.br\/codep\/files\/2020\/05\/Nota-t\u00e9cnica-_7058_2019-ME.pdf\" target=\"_blank\" rel=\"noopener noreferrer\">Nota t\u00e9cnica\u00a0 7058\/2019-ME<\/a><\/p>\n<p><a href=\"https:\/\/institucional.ufrrj.br\/codep\/files\/2020\/05\/Of\u00edcio-Circular-n\u00ba-20_2019-MEC.pdf\" target=\"_blank\" rel=\"noopener noreferrer\">Of\u00edcio Circular n\u00ba 20\/2019-MEC<\/a><\/p>\n<p><a href=\"https:\/\/institucional.ufrrj.br\/codep\/files\/2020\/05\/Nota-Te_cnica-SEI-7737_2020-ME.pdf\" target=\"_blank\" rel=\"noopener noreferrer\">Nota Te\u0301cnica SEI\u00a0 7737\/2020-ME<\/a><\/p>\n<p><a href=\"https:\/\/institucional.ufrrj.br\/codep\/files\/2020\/05\/Manifesta\u00e7\u00e3o-da-medologia-ENAP_xo-1-relatorio_0361339_relatorio_da_analise_de_atendimento_das_necessidades_pndp_2020-2.pdf\" target=\"_blank\" rel=\"noopener noreferrer\">Manifesta\u00e7\u00e3o da Metodologia da ENAP<\/a><\/p>\n<p><a href=\"https:\/\/institucional.ufrrj.br\/codep\/files\/2020\/05\/Guia_para-Revis\u00e3o_PDP_-2020.pdf\" target=\"_blank\" rel=\"noopener noreferrer\">Guia para Revis\u00e3o do PDP 2020<\/a><\/p>\n<p><a href=\"https:\/\/institucional.ufrrj.br\/codep\/files\/2020\/05\/Instru\u00e7\u00e3o-Normativa-n\u00ba-37_-2020_ME.pdf\" target=\"_blank\" rel=\"noopener noreferrer\">Instru\u00e7\u00e3o Normativa n\u00ba 37\/2020-ME<\/a><\/p>\n<p><a href=\"http:\/\/www.planalto.gov.br\/ccivil_03\/_ato2004-2006\/2006\/decreto\/d5824.htm\">Decreto 5824\/2016<\/a><\/p>\n","protected":false},"excerpt":{"rendered":"<p>O Plano de Desenvolvimento de Pessoas (PDP) \u00e9 um instrumento da Nova Pol\u00edtica de Desenvolvimento de Pessoas (PNDP), institu\u00edda pelo <a class=\"read-more\" href=\"https:\/\/institucional.ufrrj.br\/codep\/o-que-e-2\/ \" >&#8230; <span class=\"font-italic\">leia mais <i class=\"fas fa-angle-right\"><\/i><\/span><\/a><\/p>\n","protected":false},"author":546,"featured_media":0,"parent":0,"menu_order":0,"comment_status":"closed","ping_status":"closed","template":"","meta":{"_acf_changed":false,"footnotes":""},"class_list":["post-2762","page","type-page","status-publish","hentry"],"yoast_head":"<!-- This site is optimized with the Yoast SEO plugin v27.2 - https:\/\/yoast.com\/product\/yoast-seo-wordpress\/ -->\n<title>O que \u00e9 o PDP? - Coordena\u00e7\u00e3o de Desenvolvimento de Pessoas<\/title>\n<meta name=\"robots\" content=\"index, follow, max-snippet:-1, max-image-preview:large, max-video-preview:-1\" \/>\n<link rel=\"canonical\" href=\"https:\/\/institucional.ufrrj.br\/codep\/o-que-e-2\/\" \/>\n<meta property=\"og:locale\" content=\"pt_BR\" \/>\n<meta property=\"og:type\" content=\"article\" \/>\n<meta property=\"og:title\" content=\"O que \u00e9 o PDP? - Coordena\u00e7\u00e3o de Desenvolvimento de Pessoas\" \/>\n<meta property=\"og:description\" content=\"O Plano de Desenvolvimento de Pessoas (PDP) \u00e9 um instrumento da Nova Pol\u00edtica de Desenvolvimento de Pessoas (PNDP), institu\u00edda pelo ... leia mais\" \/>\n<meta property=\"og:url\" content=\"https:\/\/institucional.ufrrj.br\/codep\/o-que-e-2\/\" \/>\n<meta property=\"og:site_name\" content=\"Coordena\u00e7\u00e3o de Desenvolvimento de Pessoas\" \/>\n<meta property=\"article:modified_time\" content=\"2025-01-17T15:15:08+00:00\" \/>\n<meta property=\"og:image\" content=\"https:\/\/institucional.ufrrj.br\/codep\/files\/2023\/04\/CAPA-INTRO-PDP-3.png\" \/>\n\t<meta property=\"og:image:width\" content=\"2000\" \/>\n\t<meta property=\"og:image:height\" content=\"526\" \/>\n\t<meta property=\"og:image:type\" content=\"image\/png\" \/>\n<meta name=\"twitter:card\" content=\"summary_large_image\" \/>\n<meta name=\"twitter:label1\" content=\"Est. tempo de leitura\" \/>\n\t<meta name=\"twitter:data1\" content=\"1 minuto\" \/>\n<script type=\"application\/ld+json\" class=\"yoast-schema-graph\">{\"@context\":\"https:\/\/schema.org\",\"@graph\":[{\"@type\":\"WebPage\",\"@id\":\"https:\/\/institucional.ufrrj.br\/codep\/o-que-e-2\/\",\"url\":\"https:\/\/institucional.ufrrj.br\/codep\/o-que-e-2\/\",\"name\":\"O que \u00e9 o PDP? - Coordena\u00e7\u00e3o de Desenvolvimento de Pessoas\",\"isPartOf\":{\"@id\":\"https:\/\/institucional.ufrrj.br\/codep\/#website\"},\"primaryImageOfPage\":{\"@id\":\"https:\/\/institucional.ufrrj.br\/codep\/o-que-e-2\/#primaryimage\"},\"image\":{\"@id\":\"https:\/\/institucional.ufrrj.br\/codep\/o-que-e-2\/#primaryimage\"},\"thumbnailUrl\":\"https:\/\/institucional.ufrrj.br\/codep\/files\/2023\/04\/CAPA-INTRO-PDP-3.png\",\"datePublished\":\"2020-05-28T18:46:00+00:00\",\"dateModified\":\"2025-01-17T15:15:08+00:00\",\"breadcrumb\":{\"@id\":\"https:\/\/institucional.ufrrj.br\/codep\/o-que-e-2\/#breadcrumb\"},\"inLanguage\":\"pt-BR\",\"potentialAction\":[{\"@type\":\"ReadAction\",\"target\":[\"https:\/\/institucional.ufrrj.br\/codep\/o-que-e-2\/\"]}]},{\"@type\":\"ImageObject\",\"inLanguage\":\"pt-BR\",\"@id\":\"https:\/\/institucional.ufrrj.br\/codep\/o-que-e-2\/#primaryimage\",\"url\":\"https:\/\/institucional.ufrrj.br\/codep\/files\/2023\/04\/CAPA-INTRO-PDP-3.png\",\"contentUrl\":\"https:\/\/institucional.ufrrj.br\/codep\/files\/2023\/04\/CAPA-INTRO-PDP-3.png\",\"width\":2000,\"height\":526},{\"@type\":\"BreadcrumbList\",\"@id\":\"https:\/\/institucional.ufrrj.br\/codep\/o-que-e-2\/#breadcrumb\",\"itemListElement\":[{\"@type\":\"ListItem\",\"position\":1,\"name\":\"In\u00edcio\",\"item\":\"https:\/\/institucional.ufrrj.br\/codep\/\"},{\"@type\":\"ListItem\",\"position\":2,\"name\":\"O que \u00e9 o PDP?\"}]},{\"@type\":\"WebSite\",\"@id\":\"https:\/\/institucional.ufrrj.br\/codep\/#website\",\"url\":\"https:\/\/institucional.ufrrj.br\/codep\/\",\"name\":\"Coordena\u00e7\u00e3o de Desenvolvimento de Pessoas\",\"description\":\"S\u00f3 mais um site institucional.ufrrj.br\",\"potentialAction\":[{\"@type\":\"SearchAction\",\"target\":{\"@type\":\"EntryPoint\",\"urlTemplate\":\"https:\/\/institucional.ufrrj.br\/codep\/?s={search_term_string}\"},\"query-input\":{\"@type\":\"PropertyValueSpecification\",\"valueRequired\":true,\"valueName\":\"search_term_string\"}}],\"inLanguage\":\"pt-BR\"}]}<\/script>\n<!-- \/ Yoast SEO plugin. -->","yoast_head_json":{"title":"O que \u00e9 o PDP? - Coordena\u00e7\u00e3o de Desenvolvimento de Pessoas","robots":{"index":"index","follow":"follow","max-snippet":"max-snippet:-1","max-image-preview":"max-image-preview:large","max-video-preview":"max-video-preview:-1"},"canonical":"https:\/\/institucional.ufrrj.br\/codep\/o-que-e-2\/","og_locale":"pt_BR","og_type":"article","og_title":"O que \u00e9 o PDP? - Coordena\u00e7\u00e3o de Desenvolvimento de Pessoas","og_description":"O Plano de Desenvolvimento de Pessoas (PDP) \u00e9 um instrumento da Nova Pol\u00edtica de Desenvolvimento de Pessoas (PNDP), institu\u00edda pelo ... leia mais","og_url":"https:\/\/institucional.ufrrj.br\/codep\/o-que-e-2\/","og_site_name":"Coordena\u00e7\u00e3o de Desenvolvimento de Pessoas","article_modified_time":"2025-01-17T15:15:08+00:00","og_image":[{"width":2000,"height":526,"url":"https:\/\/institucional.ufrrj.br\/codep\/files\/2023\/04\/CAPA-INTRO-PDP-3.png","type":"image\/png"}],"twitter_card":"summary_large_image","twitter_misc":{"Est. tempo de leitura":"1 minuto"},"schema":{"@context":"https:\/\/schema.org","@graph":[{"@type":"WebPage","@id":"https:\/\/institucional.ufrrj.br\/codep\/o-que-e-2\/","url":"https:\/\/institucional.ufrrj.br\/codep\/o-que-e-2\/","name":"O que \u00e9 o PDP? - Coordena\u00e7\u00e3o de Desenvolvimento de Pessoas","isPartOf":{"@id":"https:\/\/institucional.ufrrj.br\/codep\/#website"},"primaryImageOfPage":{"@id":"https:\/\/institucional.ufrrj.br\/codep\/o-que-e-2\/#primaryimage"},"image":{"@id":"https:\/\/institucional.ufrrj.br\/codep\/o-que-e-2\/#primaryimage"},"thumbnailUrl":"https:\/\/institucional.ufrrj.br\/codep\/files\/2023\/04\/CAPA-INTRO-PDP-3.png","datePublished":"2020-05-28T18:46:00+00:00","dateModified":"2025-01-17T15:15:08+00:00","breadcrumb":{"@id":"https:\/\/institucional.ufrrj.br\/codep\/o-que-e-2\/#breadcrumb"},"inLanguage":"pt-BR","potentialAction":[{"@type":"ReadAction","target":["https:\/\/institucional.ufrrj.br\/codep\/o-que-e-2\/"]}]},{"@type":"ImageObject","inLanguage":"pt-BR","@id":"https:\/\/institucional.ufrrj.br\/codep\/o-que-e-2\/#primaryimage","url":"https:\/\/institucional.ufrrj.br\/codep\/files\/2023\/04\/CAPA-INTRO-PDP-3.png","contentUrl":"https:\/\/institucional.ufrrj.br\/codep\/files\/2023\/04\/CAPA-INTRO-PDP-3.png","width":2000,"height":526},{"@type":"BreadcrumbList","@id":"https:\/\/institucional.ufrrj.br\/codep\/o-que-e-2\/#breadcrumb","itemListElement":[{"@type":"ListItem","position":1,"name":"In\u00edcio","item":"https:\/\/institucional.ufrrj.br\/codep\/"},{"@type":"ListItem","position":2,"name":"O que \u00e9 o PDP?"}]},{"@type":"WebSite","@id":"https:\/\/institucional.ufrrj.br\/codep\/#website","url":"https:\/\/institucional.ufrrj.br\/codep\/","name":"Coordena\u00e7\u00e3o de Desenvolvimento de Pessoas","description":"S\u00f3 mais um site institucional.ufrrj.br","potentialAction":[{"@type":"SearchAction","target":{"@type":"EntryPoint","urlTemplate":"https:\/\/institucional.ufrrj.br\/codep\/?s={search_term_string}"},"query-input":{"@type":"PropertyValueSpecification","valueRequired":true,"valueName":"search_term_string"}}],"inLanguage":"pt-BR"}]}},"acf":[],"_links":{"self":[{"href":"https:\/\/institucional.ufrrj.br\/codep\/wp-json\/wp\/v2\/pages\/2762","targetHints":{"allow":["GET"]}}],"collection":[{"href":"https:\/\/institucional.ufrrj.br\/codep\/wp-json\/wp\/v2\/pages"}],"about":[{"href":"https:\/\/institucional.ufrrj.br\/codep\/wp-json\/wp\/v2\/types\/page"}],"author":[{"embeddable":true,"href":"https:\/\/institucional.ufrrj.br\/codep\/wp-json\/wp\/v2\/users\/546"}],"replies":[{"embeddable":true,"href":"https:\/\/institucional.ufrrj.br\/codep\/wp-json\/wp\/v2\/comments?post=2762"}],"version-history":[{"count":10,"href":"https:\/\/institucional.ufrrj.br\/codep\/wp-json\/wp\/v2\/pages\/2762\/revisions"}],"predecessor-version":[{"id":7065,"href":"https:\/\/institucional.ufrrj.br\/codep\/wp-json\/wp\/v2\/pages\/2762\/revisions\/7065"}],"wp:attachment":[{"href":"https:\/\/institucional.ufrrj.br\/codep\/wp-json\/wp\/v2\/media?parent=2762"}],"curies":[{"name":"wp","href":"https:\/\/api.w.org\/{rel}","templated":true}]}}