{"id":275,"date":"2018-01-16T09:23:36","date_gmt":"2018-01-16T11:23:36","guid":{"rendered":"http:\/\/institucional.ufrrj.br\/codep\/?page_id=275"},"modified":"2026-04-13T10:41:47","modified_gmt":"2026-04-13T13:41:47","slug":"afastamento-de-media-duracao-2","status":"publish","type":"page","link":"https:\/\/institucional.ufrrj.br\/codep\/afastamento-de-media-duracao-2\/","title":{"rendered":"Afastamento de M\u00e9dia Dura\u00e7\u00e3o"},"content":{"rendered":"<hr \/>\n<p><strong><span style=\"text-decoration: underline\">Informa\u00e7\u00f5es gerais:<\/span><\/strong><\/p>\n<p>Os servidores docentes e t\u00e9cnicos administrativos podem se afastar no Brasil e no exterior para participar de eventos de m\u00e9dia dura\u00e7\u00e3o, como congressos, semin\u00e1rios, visitas, cursos, treinamentos e outros eventos de capacita\u00e7\u00e3o, de acordo com o <strong>Decreto n.\u00ba 9.991<\/strong>, de 28 de agosto de 2019 e a <strong>Instru\u00e7\u00e3o Normativa n\u00ba 21<\/strong>, de 1\u00ba de fevereiro de 2021.<\/p>\n<p>Dever\u00e1 obedecer o <strong>interst\u00edcio de<\/strong> <strong>60 dias<\/strong> <strong>entre os afastamentos de p\u00f3s-gradua\u00e7\u00e3o ou estudo no exterior<\/strong>, licen\u00e7a capacita\u00e7\u00e3o e parcelas da licen\u00e7a capacita\u00e7\u00e3o ou vice-versa, e treinamento regularmente institu\u00eddo.<\/p>\n<p>O servidor dever\u00e1 preencher no PDP 2026 a a\u00e7\u00e3o de desenvolvimento pretendida para o ano de 2026. Para maiores informa\u00e7\u00f5es quanto ao preenchimento do PDP 2026, clique <a href=\"https:\/\/institucional.ufrrj.br\/codep\/pdp\/pdp-2023\/\"><span style=\"color: #0000ff\"><strong>aqui<\/strong><\/span><\/a>.<\/p>\n<hr \/>\n<p><strong><span style=\"text-decoration: underline\">Afastamento no Brasil:<\/span><\/strong><\/p>\n<p>O servidor docente e t\u00e9cnico-administrativo deve solicitar o afastamento de m\u00e9dia dura\u00e7\u00e3o no pa\u00eds (<strong>de 15 a 29 dias<\/strong>) pelo SIGRH, conforme fluxo e tutorial dispon\u00edveis em documentos para downloads.<\/p>\n<p>\u00c9 obrigat\u00f3ria a autoriza\u00e7\u00e3o do afastamento para docente e t\u00e9cnicos\u2010administrativos, conforme art. n\u00ba 18, par\u00e1grafo \u00fanico da delibera\u00e7\u00e3o n\u00ba 053\/ 2014: &#8221; no caso de afastamento sem autoriza\u00e7\u00e3o institucional dever\u00e1 ser promovida a devida apura\u00e7\u00e3o, mediante sindic\u00e2ncia ou processo administrativo disciplinar em que seja assegurada a ampla defesa, na forma do art. 143 da Lei n\u00ba 8.112\/90&#8243;.<\/p>\n<p><strong><span style=\"text-decoration: underline\">Orienta\u00e7\u00f5es detalhadas<\/span><\/strong><\/p>\n<p>Para a concess\u00e3o do afastamento de m\u00e9dia dura\u00e7\u00e3o no Brasil, duas etapas s\u00e3o essenciais:<\/p>\n<p>A solicita\u00e7\u00e3o do requerente e a homologa\u00e7\u00e3o da chefia imediata.<\/p>\n<p>A seguir est\u00e3o detalhadas essas\u00a0<strong>duas etapas s\u00e3o essenciais<\/strong>:<\/p>\n<p>A <strong>solicita\u00e7\u00e3o do requerente<\/strong> e a <strong>homologa\u00e7\u00e3o da chefia imediata<\/strong>.<\/p>\n<p>As etapas est\u00e3o detalhadas no tutorial de orienta\u00e7\u00e3o disponibilizado no fim desta p\u00e1gina.<\/p>\n<p><strong>OBS.: <\/strong>Para que a solicita\u00e7\u00e3o seja v\u00e1lida, a chefia imediata dever\u00e1 homologar o afastamento.<\/p>\n<p>Conforme memorandos circulares n\u00ba 134\/2017 &#8211; PROAD, n\u00ba 566 \/2018 &#8211; PROAAD e n\u00ba 579\/2018 &#8211; PROAAD, compete \u00e0 CODEP apenas o acompanhamento dos relat\u00f3rios dos afastamentos de m\u00e9dia dura\u00e7\u00e3o no Brasil e n\u00e3o ser\u00e3o aceitos processos (f\u00edsicos ou eletr\u00f4nicos) para solicita\u00e7\u00e3o de afastamento de m\u00e9dia dura\u00e7\u00e3o no Brasil.<\/p>\n<p>Conforme memorando circular n\u00ba 378\/2019 &#8211; PROAAD, toda homologa\u00e7\u00e3o, exclus\u00e3o ou cancelamento afastamento de m\u00e9dia dura\u00e7\u00e3o no Brasil dever\u00e1 ser feita exclusivamente pela chefia imediata do servidor atrav\u00e9s do SIGRH no m\u00f3dulo MENU SERVIDOR &gt;&gt;&gt; CHEFIA DA UNIDADE &gt;&gt;&gt; HOMOLOGA\u00c7\u00c3O DE FREQU\u00caNCIA &gt;&gt;&gt; OCORR\u00caNCIAS\/AUS\u00caNCIAS DO SERVIDOR &gt;&gt;&gt; LISTAR E ALTERAR.<br \/>\nCabe destacar, que para os casos de afastamentos negados, pendentes de homologa\u00e7\u00e3o ou homologados com data passada, a op\u00e7\u00e3o ser\u00e1 &#8220;Remover Ocorr\u00eancia\/Aus\u00eancia&#8221;. J\u00e1 para os casos de<br \/>\nafastamentos homologados com data futura dever\u00e1 usar a op\u00e7\u00e3o &#8220;Cancelar Ocorr\u00eancia\/Aus\u00eancia&#8221;.<br \/>\nO procedimento \u00e9 essencial para que as informa\u00e7\u00f5es de aus\u00eancias dos servidores sejam fidedignas no boletim de frequ\u00eancia dos setores.<\/p>\n<p>Para acessar o <strong>Fluxo do Afastamento de m\u00e9dia dura\u00e7\u00e3o no Brasil,<\/strong> clique <span style=\"color: #0000ff\"><strong><a style=\"color: #0000ff\" href=\"https:\/\/institucional.ufrrj.br\/codep\/files\/2026\/01\/9-Afastamento-Media_-Brasil_-SIGRH.pdf\" target=\"_blank\" rel=\"noopener\">aqui<\/a><\/strong><\/span>.<\/p>\n<div>\n<div><span style=\"color: initial\">Para afastamentos que n\u00e3o configuram capacita\u00e7\u00f5es, em casos em que o servidor se afasta para realizar atividades inerentes ao cargo (Ex: Reuni\u00f5es, visita t\u00e9cnica, banca examinadora, palestrante, pesquisa de campo, etc.), foram inseridas novas ocorr\u00eancias no campo &#8220;Afastamento&#8221; no SIGRH:<\/span><\/div>\n<\/div>\n<div><\/div>\n<div>AFAS. VIAGEM SERV. PAIS\u00a0COM \u00d4NUS &#8211; EST<\/div>\n<div><\/div>\n<div>ou<\/div>\n<div><\/div>\n<div>\n<div>AFAS. VIAGEM SERV. PAIS\u00a0COM \u00d4NUS LIMITADO &#8211; EST<\/div>\n<\/div>\n<hr \/>\n<p><strong><span style=\"text-decoration: underline\">Afastamento para o exterior:<\/span><\/strong><\/p>\n<p>Desde o dia 13 de agosto de 2018, a tramita\u00e7\u00e3o do processo de\u00a0afastamento de m\u00e9dia dura\u00e7\u00e3o no exterior, para docentes e t\u00e9cnicos administrativos, est\u00e1 ocorrendo de forma\u00a0100% digital, atrav\u00e9s da Mesa Virtual, o que significa que n\u00e3o existir\u00e1 a concomit\u00e2ncia de processo f\u00edsico e digital. Sendo assim, o Setor de Arquivo e Protocolo Geral (SAPG)\u00a0n\u00e3o receber\u00e1 documentos impressos\u00a0para abertura desse processo espec\u00edfico.<\/p>\n<p align=\"justify\">Orientamos que o processo n\u00e3o seja encaminhado muito pr\u00f3ximo da data de in\u00edcio do afastamento, pois poder\u00e1 n\u00e3o haver tempo h\u00e1bil para seguir todos os tr\u00e2mites, podendo acarretar a n\u00e3o autoriza\u00e7\u00e3o pela Reitoria antes do in\u00edcio do afastamento.<\/p>\n<p>Somente ap\u00f3s a devida autoriza\u00e7\u00e3o do afastamento pela institui\u00e7\u00e3o o servidor poder\u00e1 se afastar de suas atividades.\u00a0Caso se ausente sem autoriza\u00e7\u00e3o institucional, estar\u00e1 sujeito \u00e0 apura\u00e7\u00e3o da responsabilidade e \u00e0 aplica\u00e7\u00e3o das penalidades previstas em lei<strong>, <\/strong>conforme art. n\u00ba 18, par\u00e1grafo \u00fanico da delibera\u00e7\u00e3o n\u00ba 053\/ 2014.<\/p>\n<p>Configura-se afastamento de m\u00e9dia dura\u00e7\u00e3o no exterior<strong>\u00a0<\/strong>quando a dura\u00e7\u00e3o do afastamento \u00e9 de 15 a 29 dias<strong>\u00a0<\/strong>e ser\u00e1 obrigat\u00f3ria a publica\u00e7\u00e3o no Di\u00e1rio Oficial da Uni\u00e3o.<\/p>\n<hr \/>\n<p><b><strong><span style=\"text-decoration: underline\">Retorno antecipado, cancelamento ou interrup\u00e7\u00e3o do afastamento de m\u00e9dia dura\u00e7\u00e3o no exterior:<\/span><\/strong><\/b><\/p>\n<p>Caso o servidor requerente solicite o retorno antecipado, cancelamento ou interrup\u00e7\u00e3o do afastamento, dever\u00e1 anexar um modelo padr\u00e3o pela mesa virtual no SIPAC e autoriza\u00e7\u00e3o por ad referendum ou atas do Departamento e Consuni, caso seja servidor docente ou t\u00e9cnico administrativo lotado em Instituto e Departamento acad\u00eamico, ou aprova\u00e7\u00e3o pela chefia imediata, caso o servidor t\u00e9cnico administrativo esteja lotado em local administrativo que n\u00e3o possui Colegiado Deliberativo. Ap\u00f3s, encaminhar \u00e0 CODEP para ci\u00eancia, que posteriormente ser\u00e1 enviado \u00e0 Reitoria para lan\u00e7ar nova Portaria, \u00e0 COCAD para lan\u00e7amento, e \u00e0 COAAF para ci\u00eancia. Para a interrup\u00e7\u00e3o do afastamento devido \u00e0 licen\u00e7a para tratamento da pr\u00f3pria sa\u00fade e da fam\u00edlia, dever\u00e1 anexar tamb\u00e9m o laudo m\u00e9dico.<\/p>\n<hr \/>\n<p><b><strong><span style=\"text-decoration: underline\">Observa\u00e7\u00f5es para docentes e t\u00e9cnicos administrativos:<\/span><\/strong><\/b><\/p>\n<p><strong>1)<\/strong> Os servidores t\u00e9cnicos administrativos lotados em Institutos e Departamentos acad\u00eamicos necessitam da aprova\u00e7\u00e3o dos respectivos Colegiados, conforme o fluxo.<\/p>\n<p><strong>2)<\/strong> Os servidores t\u00e9cnicos administrativos lotados em locais administrativos e\/ou que n\u00e3o possuem Colegiado Deliberativo necessitam de aprova\u00e7\u00e3o apenas de sua Chefia imediata, e devem seguir os demais tr\u00e2mites do fluxo.<\/p>\n<p><strong>3)<\/strong> O servidor docente vinculado diretamente \u00e0 Reitoria necessitar\u00e1 apenas da aprova\u00e7\u00e3o da sua chefia imediata, neste caso, a Reitoria. Se a a\u00e7\u00e3o do afastamento estiver vinculada \u00e0 \u00e1rea acad\u00eamica, o servidor docente dever\u00e1 informar ao seu Departamento para ci\u00eancia.<\/p>\n<hr \/>\n<p class=\"western\"><strong><span style=\"text-decoration: underline\">Checklist dos documentos necess\u00e1rios para anexar ao processo digital:<\/span><\/strong><\/p>\n<p class=\"western\">Para saber como abrir o processo, os documentos necess\u00e1rios que dever\u00e3o ser anexados e as unidades por onde tramitar\u00e1, acesse abaixo o fluxo do afastamento pretendido:<\/p>\n<p>Fluxo do Afastamento de m\u00e9dia dura\u00e7\u00e3o para o exterior, clique <span style=\"color: #0000ff\"><strong><a style=\"color: #0000ff\" href=\"https:\/\/institucional.ufrrj.br\/codep\/files\/2026\/02\/6-Afastamento-Media-Exterior-digital.pdf\" target=\"_blank\" rel=\"noopener\">aqui<\/a><\/strong><\/span>.<\/p>\n<hr \/>\n<p><strong><span style=\"text-decoration: underline\">Presta\u00e7\u00e3o de contas (Afastamento no Brasil):<\/span><\/strong><\/p>\n<p><strong>Responsabilidade do servidor:<\/strong><\/p>\n<p><strong>1)<\/strong> Ao finalizar o afastamento de m\u00e9dia dura\u00e7\u00e3o no pa\u00eds, apresentar para a sua chefia imediata documento que comprove sua participa\u00e7\u00e3o na a\u00e7\u00e3o de desenvolvimento.<\/p>\n<p><strong>Responsabilidade da Chefia:<\/strong><\/p>\n<p><strong>1)<\/strong> Solicitar documento que comprove a participa\u00e7\u00e3o na a\u00e7\u00e3o de desenvolvimento para o qual o servidor da sua equipe solicitou o afastamento de m\u00e9dia dura\u00e7\u00e3o no pa\u00eds;<\/p>\n<hr \/>\n<p><strong><span style=\"text-decoration: underline\">Presta\u00e7\u00e3o de contas (Afastamento no exterior):<\/span><\/strong><\/p>\n<p>De acordo com o Decreto n.\u00ba 9.991, de 28 de agosto de 2019 e a Instru\u00e7\u00e3o Normativa n\u00ba 21, de 1\u00ba de fevereiro de 2021, o servidor dever\u00e1 comprovar a participa\u00e7\u00e3o efetiva na a\u00e7\u00e3o que gerou seu afastamento, no prazo de at\u00e9 trinta dias da data de retorno \u00e0s atividades.<\/p>\n<p><strong>Aten\u00e7\u00e3o!<\/strong> Conforme Decreto n.\u00ba 9.991, de 28 de agosto de 2019 em seu Art. 20, <span style=\"color: #000000\"><span style=\"font-family: Arial, sans-serif\"><span style=\"font-size: medium\">\u00a7 3\u00ba<\/span><\/span><\/span>\u00a0e a Instru\u00e7\u00e3o Normativa n\u00ba 21, de 1\u00ba de fevereiro de 2021, Art. 30, par\u00e1grafo \u00fanico, a n\u00e3o apresenta\u00e7\u00e3o da documenta\u00e7\u00e3o, no prazo de at\u00e9 30 dias da data de retorno \u00e0 atividades, que comprove a participa\u00e7\u00e3o efetiva na a\u00e7\u00e3o que gerou seu afastamento, sujeitar\u00e1 ao servidor o ressarcimento dos gastos com seu afastamento ao \u00d3rg\u00e3o.<\/p>\n<p>Ao final do afastamento de m\u00e9dia dura\u00e7\u00e3o no exterior para realizar curso\/evento, o servidor dever\u00e1 anexar ao processo os seguintes documentos:<\/p>\n<p><strong>1) <\/strong>Certificado ou documento equivalente que comprove a participa\u00e7\u00e3o ou relat\u00f3rio de atividades desenvolvidas;<\/p>\n<p><strong>2)<\/strong> C\u00f3pia de monografia, trabalho de conclus\u00e3o de curso, disserta\u00e7\u00e3o de mestrado, tese de doutorado, de livre-doc\u00eancia ou est\u00e1gio p\u00f3s-doutoral com assinatura do orientador, quando for o caso;<\/p>\n<hr \/>\n<p>O <strong>acompanhamento do processo<\/strong> de afastamento de m\u00e9dia dura\u00e7\u00e3o \u00e9 de <strong>responsabilidade do servidor que ir\u00e1 sair para capacita\u00e7\u00e3o<\/strong>. A CODEP somente se responsabiliza pelo cumprimento dos prazos e andamento do processo quando o mesmo estiver sob sua guarda.<\/p>\n<hr \/>\n<p><strong><span style=\"text-decoration: underline\">Documentos para downloads:<\/span><\/strong><\/p>\n<p><a href=\"https:\/\/institucional.ufrrj.br\/codep\/files\/2023\/08\/TUTORIAL_DE_AFASTAMENTO_DE_MEDIA_DURACAO_NO_BRASIL.pdf\" target=\"_blank\" rel=\"noopener\">Tutorial de Afastamento de m\u00e9dia dura\u00e7\u00e3o no Brasil.pdf<\/a><\/p>\n<p><a href=\"https:\/\/institucional.ufrrj.br\/codep\/files\/2019\/09\/treinamento_-_mesa_virtual_2.0.pdf\" target=\"_blank\" rel=\"noopener noreferrer\">Tutorial de Afastamento de m\u00e9dia dura\u00e7\u00e3o no exterior &#8211; 100% digital &#8211; Criado pela COTIC.pdf<\/a><\/p>\n<p><a href=\"https:\/\/institucional.ufrrj.br\/codep\/files\/2020\/01\/SIPAC-Memorando-378_2019-PROAAD.pdf\" target=\"_blank\" rel=\"noopener noreferrer\">Memorando n\u00ba 378\/2019 &#8211; PROAAD &#8211; Homologa\u00e7\u00e3o, Exclus\u00e3o ou Cancelamento de aus\u00eancia.pdf<\/a><\/p>\n<p>Servidor Respons\u00e1vel:<\/p>\n<p>Rodrigo Malta<\/p>\n<p>e-mail: afastamento@ufrrj.br<\/p>\n<p>Telefone: 2681-4674<\/p>\n","protected":false},"excerpt":{"rendered":"<p>Informa\u00e7\u00f5es gerais: Os servidores docentes e t\u00e9cnicos administrativos podem se afastar no Brasil e no exterior para participar de eventos <a class=\"read-more\" href=\"https:\/\/institucional.ufrrj.br\/codep\/afastamento-de-media-duracao-2\/ \" >&#8230; <span class=\"font-italic\">leia mais <i class=\"fas fa-angle-right\"><\/i><\/span><\/a><\/p>\n","protected":false},"author":546,"featured_media":0,"parent":0,"menu_order":0,"comment_status":"closed","ping_status":"closed","template":"","meta":{"_acf_changed":false,"footnotes":""},"class_list":["post-275","page","type-page","status-publish","hentry"],"yoast_head":"<!-- This site is optimized with the Yoast SEO plugin v27.2 - https:\/\/yoast.com\/product\/yoast-seo-wordpress\/ -->\n<title>Afastamento de M\u00e9dia Dura\u00e7\u00e3o - Coordena\u00e7\u00e3o de Desenvolvimento de Pessoas<\/title>\n<meta name=\"robots\" content=\"index, follow, max-snippet:-1, max-image-preview:large, max-video-preview:-1\" \/>\n<link rel=\"canonical\" href=\"https:\/\/institucional.ufrrj.br\/codep\/afastamento-de-media-duracao-2\/\" \/>\n<meta property=\"og:locale\" content=\"pt_BR\" \/>\n<meta property=\"og:type\" content=\"article\" \/>\n<meta property=\"og:title\" content=\"Afastamento de M\u00e9dia Dura\u00e7\u00e3o - Coordena\u00e7\u00e3o de Desenvolvimento de Pessoas\" \/>\n<meta property=\"og:description\" content=\"Informa\u00e7\u00f5es gerais: Os servidores docentes e t\u00e9cnicos administrativos podem se afastar no Brasil e no exterior para participar de eventos ... leia mais\" \/>\n<meta property=\"og:url\" content=\"https:\/\/institucional.ufrrj.br\/codep\/afastamento-de-media-duracao-2\/\" \/>\n<meta property=\"og:site_name\" content=\"Coordena\u00e7\u00e3o de Desenvolvimento de Pessoas\" \/>\n<meta property=\"article:modified_time\" content=\"2026-04-13T13:41:47+00:00\" \/>\n<meta name=\"twitter:card\" content=\"summary_large_image\" \/>\n<meta name=\"twitter:label1\" content=\"Est. tempo de leitura\" \/>\n\t<meta name=\"twitter:data1\" content=\"8 minutos\" \/>\n<script type=\"application\/ld+json\" class=\"yoast-schema-graph\">{\"@context\":\"https:\/\/schema.org\",\"@graph\":[{\"@type\":\"WebPage\",\"@id\":\"https:\/\/institucional.ufrrj.br\/codep\/afastamento-de-media-duracao-2\/\",\"url\":\"https:\/\/institucional.ufrrj.br\/codep\/afastamento-de-media-duracao-2\/\",\"name\":\"Afastamento de M\u00e9dia Dura\u00e7\u00e3o - Coordena\u00e7\u00e3o de Desenvolvimento de Pessoas\",\"isPartOf\":{\"@id\":\"https:\/\/institucional.ufrrj.br\/codep\/#website\"},\"datePublished\":\"2018-01-16T11:23:36+00:00\",\"dateModified\":\"2026-04-13T13:41:47+00:00\",\"breadcrumb\":{\"@id\":\"https:\/\/institucional.ufrrj.br\/codep\/afastamento-de-media-duracao-2\/#breadcrumb\"},\"inLanguage\":\"pt-BR\",\"potentialAction\":[{\"@type\":\"ReadAction\",\"target\":[\"https:\/\/institucional.ufrrj.br\/codep\/afastamento-de-media-duracao-2\/\"]}]},{\"@type\":\"BreadcrumbList\",\"@id\":\"https:\/\/institucional.ufrrj.br\/codep\/afastamento-de-media-duracao-2\/#breadcrumb\",\"itemListElement\":[{\"@type\":\"ListItem\",\"position\":1,\"name\":\"In\u00edcio\",\"item\":\"https:\/\/institucional.ufrrj.br\/codep\/\"},{\"@type\":\"ListItem\",\"position\":2,\"name\":\"Afastamento de M\u00e9dia Dura\u00e7\u00e3o\"}]},{\"@type\":\"WebSite\",\"@id\":\"https:\/\/institucional.ufrrj.br\/codep\/#website\",\"url\":\"https:\/\/institucional.ufrrj.br\/codep\/\",\"name\":\"Coordena\u00e7\u00e3o de Desenvolvimento de Pessoas\",\"description\":\"S\u00f3 mais um site institucional.ufrrj.br\",\"potentialAction\":[{\"@type\":\"SearchAction\",\"target\":{\"@type\":\"EntryPoint\",\"urlTemplate\":\"https:\/\/institucional.ufrrj.br\/codep\/?s={search_term_string}\"},\"query-input\":{\"@type\":\"PropertyValueSpecification\",\"valueRequired\":true,\"valueName\":\"search_term_string\"}}],\"inLanguage\":\"pt-BR\"}]}<\/script>\n<!-- \/ Yoast SEO plugin. -->","yoast_head_json":{"title":"Afastamento de M\u00e9dia Dura\u00e7\u00e3o - Coordena\u00e7\u00e3o de Desenvolvimento de Pessoas","robots":{"index":"index","follow":"follow","max-snippet":"max-snippet:-1","max-image-preview":"max-image-preview:large","max-video-preview":"max-video-preview:-1"},"canonical":"https:\/\/institucional.ufrrj.br\/codep\/afastamento-de-media-duracao-2\/","og_locale":"pt_BR","og_type":"article","og_title":"Afastamento de M\u00e9dia Dura\u00e7\u00e3o - Coordena\u00e7\u00e3o de Desenvolvimento de Pessoas","og_description":"Informa\u00e7\u00f5es gerais: Os servidores docentes e t\u00e9cnicos administrativos podem se afastar no Brasil e no exterior para participar de eventos ... leia mais","og_url":"https:\/\/institucional.ufrrj.br\/codep\/afastamento-de-media-duracao-2\/","og_site_name":"Coordena\u00e7\u00e3o de Desenvolvimento de Pessoas","article_modified_time":"2026-04-13T13:41:47+00:00","twitter_card":"summary_large_image","twitter_misc":{"Est. tempo de leitura":"8 minutos"},"schema":{"@context":"https:\/\/schema.org","@graph":[{"@type":"WebPage","@id":"https:\/\/institucional.ufrrj.br\/codep\/afastamento-de-media-duracao-2\/","url":"https:\/\/institucional.ufrrj.br\/codep\/afastamento-de-media-duracao-2\/","name":"Afastamento de M\u00e9dia Dura\u00e7\u00e3o - Coordena\u00e7\u00e3o de Desenvolvimento de Pessoas","isPartOf":{"@id":"https:\/\/institucional.ufrrj.br\/codep\/#website"},"datePublished":"2018-01-16T11:23:36+00:00","dateModified":"2026-04-13T13:41:47+00:00","breadcrumb":{"@id":"https:\/\/institucional.ufrrj.br\/codep\/afastamento-de-media-duracao-2\/#breadcrumb"},"inLanguage":"pt-BR","potentialAction":[{"@type":"ReadAction","target":["https:\/\/institucional.ufrrj.br\/codep\/afastamento-de-media-duracao-2\/"]}]},{"@type":"BreadcrumbList","@id":"https:\/\/institucional.ufrrj.br\/codep\/afastamento-de-media-duracao-2\/#breadcrumb","itemListElement":[{"@type":"ListItem","position":1,"name":"In\u00edcio","item":"https:\/\/institucional.ufrrj.br\/codep\/"},{"@type":"ListItem","position":2,"name":"Afastamento de M\u00e9dia Dura\u00e7\u00e3o"}]},{"@type":"WebSite","@id":"https:\/\/institucional.ufrrj.br\/codep\/#website","url":"https:\/\/institucional.ufrrj.br\/codep\/","name":"Coordena\u00e7\u00e3o de Desenvolvimento de Pessoas","description":"S\u00f3 mais um site institucional.ufrrj.br","potentialAction":[{"@type":"SearchAction","target":{"@type":"EntryPoint","urlTemplate":"https:\/\/institucional.ufrrj.br\/codep\/?s={search_term_string}"},"query-input":{"@type":"PropertyValueSpecification","valueRequired":true,"valueName":"search_term_string"}}],"inLanguage":"pt-BR"}]}},"acf":[],"_links":{"self":[{"href":"https:\/\/institucional.ufrrj.br\/codep\/wp-json\/wp\/v2\/pages\/275","targetHints":{"allow":["GET"]}}],"collection":[{"href":"https:\/\/institucional.ufrrj.br\/codep\/wp-json\/wp\/v2\/pages"}],"about":[{"href":"https:\/\/institucional.ufrrj.br\/codep\/wp-json\/wp\/v2\/types\/page"}],"author":[{"embeddable":true,"href":"https:\/\/institucional.ufrrj.br\/codep\/wp-json\/wp\/v2\/users\/546"}],"replies":[{"embeddable":true,"href":"https:\/\/institucional.ufrrj.br\/codep\/wp-json\/wp\/v2\/comments?post=275"}],"version-history":[{"count":2,"href":"https:\/\/institucional.ufrrj.br\/codep\/wp-json\/wp\/v2\/pages\/275\/revisions"}],"predecessor-version":[{"id":8319,"href":"https:\/\/institucional.ufrrj.br\/codep\/wp-json\/wp\/v2\/pages\/275\/revisions\/8319"}],"wp:attachment":[{"href":"https:\/\/institucional.ufrrj.br\/codep\/wp-json\/wp\/v2\/media?parent=275"}],"curies":[{"name":"wp","href":"https:\/\/api.w.org\/{rel}","templated":true}]}}