{"id":2645,"date":"2020-03-27T06:52:58","date_gmt":"2020-03-27T09:52:58","guid":{"rendered":"http:\/\/institucional.ufrrj.br\/codep\/?page_id=2645"},"modified":"2024-07-17T15:44:12","modified_gmt":"2024-07-17T18:44:12","slug":"o-que-e","status":"publish","type":"page","link":"https:\/\/institucional.ufrrj.br\/codep\/o-que-e\/","title":{"rendered":"O que \u00e9 transpar\u00eancia?"},"content":{"rendered":"<hr>\n<p><span style=\"color: #000000\"><span style=\"font-family: Arial, serif\"><span style=\"font-size: medium\">Esse \u00e9 um canal de acesso livre, no qual os servidores da UFRRJ e demais cidad\u00e3os podem encontrar informa\u00e7\u00f5es sobre como o dinheiro p\u00fablico \u00e9 utilizado nas <\/span><\/span><\/span><span style=\"color: #000000\"><span style=\"font-family: Arial, serif\"><span style=\"font-size: medium\">capacita\u00e7\u00f5es <\/span><\/span><\/span><span style=\"color: #000000\"><span style=\"font-family: Arial, serif\"><span style=\"font-size: medium\">dos servidores da Universidade. A partir de 2023 ser\u00e1 divulgado aqui o planejamento or\u00e7ament\u00e1rio e os relat\u00f3rios de execu\u00e7\u00e3o da a\u00e7\u00e3o de capacita\u00e7\u00e3o (4572), e outras informa\u00e7\u00f5es de interesse p\u00fablico. Nosso prop\u00f3sito \u00e9 aumentar a oferta de dados ano ap\u00f3s ano e consolidar esse canal como importante instrumento de controle social com reconhecimento pela comunidade universit\u00e1ria e demais interessados. Espera-se que essa ferramenta permita ao cidad\u00e3o, de forma cada vez mais eficiente, fiscalizar e assegurar a boa e correta aplica\u00e7\u00e3o dos recursos p\u00fablicos destinados a a\u00e7\u00e3o de capacita\u00e7\u00e3o do servidores p\u00fablicos da UFRRJ.<\/span><\/span><\/span><\/p>\n<p><span style=\"color: #000000\">&nbsp;<span style=\"font-family: Arial, serif\"><span style=\"font-size: medium\">Lembramos que os dados divulgados no site da Codep s\u00e3o provenientes de diversas fontes de informa\u00e7\u00e3o, relat\u00f3rios internos, sistemas estruturadores do Governo Federal \u2013 como o Sistema Integrado de Administra\u00e7\u00e3o Financeira do Governo Federal (Siafi) e o Sistema Integrado de Administra\u00e7\u00e3o de Recursos Humanos (Siape) e entre outros.<\/span><\/span><\/span><\/p>\n<p>&nbsp;<\/p>\n<p>&nbsp;<\/p>\n<p align=\"JUSTIFY\">\n","protected":false},"excerpt":{"rendered":"<p>Esse \u00e9 um canal de acesso livre, no qual os servidores da UFRRJ e demais cidad\u00e3os podem encontrar informa\u00e7\u00f5es sobre <a class=\"read-more\" href=\"https:\/\/institucional.ufrrj.br\/codep\/o-que-e\/ \" >&#8230; <span class=\"font-italic\">leia mais <i class=\"fas fa-angle-right\"><\/i><\/span><\/a><\/p>\n","protected":false},"author":546,"featured_media":0,"parent":0,"menu_order":0,"comment_status":"closed","ping_status":"closed","template":"","meta":{"_acf_changed":false,"footnotes":""},"class_list":["post-2645","page","type-page","status-publish","hentry"],"yoast_head":"<!-- This site is optimized with the Yoast SEO plugin v27.2 - https:\/\/yoast.com\/product\/yoast-seo-wordpress\/ -->\n<title>O que \u00e9 transpar\u00eancia? - Coordena\u00e7\u00e3o de Desenvolvimento de Pessoas<\/title>\n<meta name=\"robots\" content=\"index, follow, max-snippet:-1, max-image-preview:large, max-video-preview:-1\" \/>\n<link rel=\"canonical\" href=\"https:\/\/institucional.ufrrj.br\/codep\/o-que-e\/\" \/>\n<meta property=\"og:locale\" content=\"pt_BR\" \/>\n<meta property=\"og:type\" content=\"article\" \/>\n<meta property=\"og:title\" content=\"O que \u00e9 transpar\u00eancia? - Coordena\u00e7\u00e3o de Desenvolvimento de Pessoas\" \/>\n<meta property=\"og:description\" content=\"Esse \u00e9 um canal de acesso livre, no qual os servidores da UFRRJ e demais cidad\u00e3os podem encontrar informa\u00e7\u00f5es sobre ... leia mais\" \/>\n<meta property=\"og:url\" content=\"https:\/\/institucional.ufrrj.br\/codep\/o-que-e\/\" \/>\n<meta property=\"og:site_name\" content=\"Coordena\u00e7\u00e3o de Desenvolvimento de Pessoas\" \/>\n<meta property=\"article:modified_time\" content=\"2024-07-17T18:44:12+00:00\" \/>\n<meta name=\"twitter:card\" content=\"summary_large_image\" \/>\n<meta name=\"twitter:label1\" content=\"Est. tempo de leitura\" \/>\n\t<meta name=\"twitter:data1\" content=\"1 minuto\" \/>\n<script type=\"application\/ld+json\" class=\"yoast-schema-graph\">{\"@context\":\"https:\/\/schema.org\",\"@graph\":[{\"@type\":\"WebPage\",\"@id\":\"https:\/\/institucional.ufrrj.br\/codep\/o-que-e\/\",\"url\":\"https:\/\/institucional.ufrrj.br\/codep\/o-que-e\/\",\"name\":\"O que \u00e9 transpar\u00eancia? - Coordena\u00e7\u00e3o de Desenvolvimento de Pessoas\",\"isPartOf\":{\"@id\":\"https:\/\/institucional.ufrrj.br\/codep\/#website\"},\"datePublished\":\"2020-03-27T09:52:58+00:00\",\"dateModified\":\"2024-07-17T18:44:12+00:00\",\"breadcrumb\":{\"@id\":\"https:\/\/institucional.ufrrj.br\/codep\/o-que-e\/#breadcrumb\"},\"inLanguage\":\"pt-BR\",\"potentialAction\":[{\"@type\":\"ReadAction\",\"target\":[\"https:\/\/institucional.ufrrj.br\/codep\/o-que-e\/\"]}]},{\"@type\":\"BreadcrumbList\",\"@id\":\"https:\/\/institucional.ufrrj.br\/codep\/o-que-e\/#breadcrumb\",\"itemListElement\":[{\"@type\":\"ListItem\",\"position\":1,\"name\":\"In\u00edcio\",\"item\":\"https:\/\/institucional.ufrrj.br\/codep\/\"},{\"@type\":\"ListItem\",\"position\":2,\"name\":\"O que \u00e9 transpar\u00eancia?\"}]},{\"@type\":\"WebSite\",\"@id\":\"https:\/\/institucional.ufrrj.br\/codep\/#website\",\"url\":\"https:\/\/institucional.ufrrj.br\/codep\/\",\"name\":\"Coordena\u00e7\u00e3o de Desenvolvimento de Pessoas\",\"description\":\"S\u00f3 mais um site institucional.ufrrj.br\",\"potentialAction\":[{\"@type\":\"SearchAction\",\"target\":{\"@type\":\"EntryPoint\",\"urlTemplate\":\"https:\/\/institucional.ufrrj.br\/codep\/?s={search_term_string}\"},\"query-input\":{\"@type\":\"PropertyValueSpecification\",\"valueRequired\":true,\"valueName\":\"search_term_string\"}}],\"inLanguage\":\"pt-BR\"}]}<\/script>\n<!-- \/ Yoast SEO plugin. -->","yoast_head_json":{"title":"O que \u00e9 transpar\u00eancia? - Coordena\u00e7\u00e3o de Desenvolvimento de Pessoas","robots":{"index":"index","follow":"follow","max-snippet":"max-snippet:-1","max-image-preview":"max-image-preview:large","max-video-preview":"max-video-preview:-1"},"canonical":"https:\/\/institucional.ufrrj.br\/codep\/o-que-e\/","og_locale":"pt_BR","og_type":"article","og_title":"O que \u00e9 transpar\u00eancia? - Coordena\u00e7\u00e3o de Desenvolvimento de Pessoas","og_description":"Esse \u00e9 um canal de acesso livre, no qual os servidores da UFRRJ e demais cidad\u00e3os podem encontrar informa\u00e7\u00f5es sobre ... leia mais","og_url":"https:\/\/institucional.ufrrj.br\/codep\/o-que-e\/","og_site_name":"Coordena\u00e7\u00e3o de Desenvolvimento de Pessoas","article_modified_time":"2024-07-17T18:44:12+00:00","twitter_card":"summary_large_image","twitter_misc":{"Est. tempo de leitura":"1 minuto"},"schema":{"@context":"https:\/\/schema.org","@graph":[{"@type":"WebPage","@id":"https:\/\/institucional.ufrrj.br\/codep\/o-que-e\/","url":"https:\/\/institucional.ufrrj.br\/codep\/o-que-e\/","name":"O que \u00e9 transpar\u00eancia? - Coordena\u00e7\u00e3o de Desenvolvimento de Pessoas","isPartOf":{"@id":"https:\/\/institucional.ufrrj.br\/codep\/#website"},"datePublished":"2020-03-27T09:52:58+00:00","dateModified":"2024-07-17T18:44:12+00:00","breadcrumb":{"@id":"https:\/\/institucional.ufrrj.br\/codep\/o-que-e\/#breadcrumb"},"inLanguage":"pt-BR","potentialAction":[{"@type":"ReadAction","target":["https:\/\/institucional.ufrrj.br\/codep\/o-que-e\/"]}]},{"@type":"BreadcrumbList","@id":"https:\/\/institucional.ufrrj.br\/codep\/o-que-e\/#breadcrumb","itemListElement":[{"@type":"ListItem","position":1,"name":"In\u00edcio","item":"https:\/\/institucional.ufrrj.br\/codep\/"},{"@type":"ListItem","position":2,"name":"O que \u00e9 transpar\u00eancia?"}]},{"@type":"WebSite","@id":"https:\/\/institucional.ufrrj.br\/codep\/#website","url":"https:\/\/institucional.ufrrj.br\/codep\/","name":"Coordena\u00e7\u00e3o de Desenvolvimento de Pessoas","description":"S\u00f3 mais um site institucional.ufrrj.br","potentialAction":[{"@type":"SearchAction","target":{"@type":"EntryPoint","urlTemplate":"https:\/\/institucional.ufrrj.br\/codep\/?s={search_term_string}"},"query-input":{"@type":"PropertyValueSpecification","valueRequired":true,"valueName":"search_term_string"}}],"inLanguage":"pt-BR"}]}},"acf":[],"_links":{"self":[{"href":"https:\/\/institucional.ufrrj.br\/codep\/wp-json\/wp\/v2\/pages\/2645","targetHints":{"allow":["GET"]}}],"collection":[{"href":"https:\/\/institucional.ufrrj.br\/codep\/wp-json\/wp\/v2\/pages"}],"about":[{"href":"https:\/\/institucional.ufrrj.br\/codep\/wp-json\/wp\/v2\/types\/page"}],"author":[{"embeddable":true,"href":"https:\/\/institucional.ufrrj.br\/codep\/wp-json\/wp\/v2\/users\/546"}],"replies":[{"embeddable":true,"href":"https:\/\/institucional.ufrrj.br\/codep\/wp-json\/wp\/v2\/comments?post=2645"}],"version-history":[{"count":6,"href":"https:\/\/institucional.ufrrj.br\/codep\/wp-json\/wp\/v2\/pages\/2645\/revisions"}],"predecessor-version":[{"id":6447,"href":"https:\/\/institucional.ufrrj.br\/codep\/wp-json\/wp\/v2\/pages\/2645\/revisions\/6447"}],"wp:attachment":[{"href":"https:\/\/institucional.ufrrj.br\/codep\/wp-json\/wp\/v2\/media?parent=2645"}],"curies":[{"name":"wp","href":"https:\/\/api.w.org\/{rel}","templated":true}]}}