{"id":236,"date":"2018-01-15T09:45:03","date_gmt":"2018-01-15T11:45:03","guid":{"rendered":"http:\/\/institucional.ufrrj.br\/codep\/?page_id=236"},"modified":"2026-02-10T14:40:25","modified_gmt":"2026-02-10T17:40:25","slug":"licenca-capacitacao","status":"publish","type":"page","link":"https:\/\/institucional.ufrrj.br\/codep\/licenca-capacitacao\/","title":{"rendered":"Licen\u00e7a para Capacita\u00e7\u00e3o"},"content":{"rendered":"<hr \/>\n<p><strong><span style=\"text-decoration: underline\">Informa\u00e7\u00f5es gerais:<\/span><\/strong><\/p>\n<p>De acordo com o Decreto n.\u00ba 9.991, de 28 de agosto de 2019 e a Instru\u00e7\u00e3o Normativa n\u00ba 21, de 1\u00ba de fevereiro de 2021, o servidor a cada 5 (cinco) anos de efetivo exerc\u00edcio, no interesse da administra\u00e7\u00e3o, tem direito a licen\u00e7a remunerada n\u00e3o cumulativa, para realizar a\u00e7\u00e3o de capacita\u00e7\u00e3o por at\u00e9 90 (noventa) dias no Brasil e\/ou no exterior, podendo ser parcelada em, no m\u00e1ximo, 6 (seis) per\u00edodos e o menor per\u00edodo n\u00e3o poder\u00e1 ser inferior a 15 (quinze) dias, que ainda estipulam as a\u00e7\u00f5es de capacita\u00e7\u00e3o pass\u00edveis desta licen\u00e7a, bem como outras orienta\u00e7\u00f5es.<\/p>\n<p>Quando o servidor optar pelo parcelamento dos 90 (noventa) da licen\u00e7a para capacita\u00e7\u00e3o, a solicita\u00e7\u00e3o dever\u00e1 ocorrer, no m\u00ednimo, 60 (sessenta) dias antes do gozo da parcela.<\/p>\n<p>Dever\u00e1 obedecer o interst\u00edcio de 60 (sessenta) dias entre os afastamentos de p\u00f3s-gradua\u00e7\u00e3o ou estudo no exterior, licen\u00e7a capacita\u00e7\u00e3o e parcelas da licen\u00e7a capacita\u00e7\u00e3o ou vice-versa, e treinamento regularmente institu\u00eddo.<\/p>\n<p>O servidor dever\u00e1 preencher no PDP 2026 a a\u00e7\u00e3o de desenvolvimento pretendida para o ano de 2026. Para maiores informa\u00e7\u00f5es quanto ao preenchimento do PDP 2026, clique <span style=\"color: #0000ff\"><strong><a style=\"color: #0000ff\" href=\"https:\/\/institucional.ufrrj.br\/codep\/revisao-pdp\/\" target=\"_blank\" rel=\"noopener\">aqui<\/a><\/strong><\/span>.<\/p>\n<p><strong><span style=\"text-decoration: underline\">Licen\u00e7a para capacita\u00e7\u00e3o no Brasil e para o exterior:<\/span><\/strong><\/p>\n<p>Os afastamentos de p\u00f3s-gradua\u00e7\u00e3o ou estudo no exterior somente ser\u00e3o concedidos caso o servidor n\u00e3o tenha se afastado para licen\u00e7a para capacita\u00e7\u00e3o nos 2 (dois) anos anteriores \u00e0 data da solicita\u00e7\u00e3o de afastamento, al\u00e9m de obedecer o interst\u00edcio de 60 (sessenta) dias entre as duas modalidades de afastamento, sendo crit\u00e9rios cumulativos.<\/p>\n<p>Compete \u00e0 chefia imediata a an\u00e1lise da correla\u00e7\u00e3o da capacita\u00e7\u00e3o pretendida com as atividades desempenhadas pelo servidor.<\/p>\n<p>Somente ser\u00e1 concedida a licen\u00e7a para capacita\u00e7\u00e3o quando a carga hor\u00e1ria semanal for igual ou superior a trinta horas, que ser\u00e1 obtida pelo c\u00e1lculo da divis\u00e3o da carga hor\u00e1ria total da a\u00e7\u00e3o ou a\u00e7\u00f5es de desenvolvimento pelo n\u00famero de dias da licen\u00e7a para capacita\u00e7\u00e3o, multiplicando-se o resultado por sete dias da semana. <strong><span style=\"color: #000000\"><span style=\"font-family: Verdana, sans-serif\"><span style=\"font-size: medium\">Exemplo: 390 horas totais de capacita\u00e7\u00e3o \/ 90 dias de licen\u00e7a para capacita\u00e7\u00e3o = 4,33 x 7 dias = 30 horas semanais.<\/span><\/span><\/span><\/strong><\/p>\n<p class=\"western\">Orientamos que o servidor ao solicitar o parcelamento do per\u00edodo da licen\u00e7a para capacita\u00e7\u00e3o referente ao quinqu\u00eanio vigente, poder\u00e1 usufruir de todas as parcelas ou em parcela \u00fanica no mesmo ano, ou, nos casos em que as parcelas restantes reca\u00edrem para anos distintos, <span style=\"color: #000000\"><span style=\"font-family: Verdana, sans-serif\"><span style=\"font-size: medium\">aguardar a conclus\u00e3o da <\/span><\/span><\/span><span style=\"color: #000000\"><span style=\"font-family: Verdana, sans-serif\"><span style=\"font-size: medium\">parcela anterior, e ap\u00f3s, solicitar no mesmo processo <\/span><\/span><\/span><span style=\"color: #000000\"><span style=\"font-family: Verdana, sans-serif\"><span style=\"font-size: medium\">as parcelas restantes <\/span><\/span><\/span><span style=\"color: #000000\"><span style=\"font-family: Verdana, sans-serif\"><span style=\"font-size: medium\">para <\/span><\/span><\/span><span style=\"color: #000000\"><span style=\"font-family: Verdana, sans-serif\"><span style=\"font-size: medium\">o pr\u00f3ximo ano<\/span><\/span><\/span>. Portanto, orientamos que para os referidos casos, o servidor n\u00e3o indique no processo todas as parcelas que sejam em anos diferentes, somente as referentes \u00e0quele ano.<\/p>\n<p>No caso de\u00a0realiza\u00e7\u00e3o de cursos de l\u00edngua estrangeira no exterior, a Licen\u00e7a para Capacita\u00e7\u00e3o somente ser\u00e1 concedida quando os mesmos forem oferecidos no pa\u00eds onde o idioma seja oficialmente praticado quando recomend\u00e1vel ao exerc\u00edcio das atividades do servidor, conforme atestado no \u00e2mbito do \u00f3rg\u00e3o ou da entidade.<\/p>\n<p>O servidor poder\u00e1 se ausentar das atividades no \u00f3rg\u00e3o ou na entidade de exerc\u00edcio somente ap\u00f3s a publica\u00e7\u00e3o do ato de concess\u00e3o da licen\u00e7a para capacita\u00e7\u00e3o.<br \/>\nO prazo para a decis\u00e3o final sobre o pedido e a publica\u00e7\u00e3o do eventual deferimento \u00e9 de 30 (trinta) dias, contado da data de apresenta\u00e7\u00e3o dos documentos necess\u00e1rios.<\/p>\n<hr \/>\n<p align=\"justify\">Orientamos que o processo n\u00e3o seja encaminhado muito pr\u00f3ximo da data de in\u00edcio da licen\u00e7a para capacita\u00e7\u00e3o, pois poder\u00e1 n\u00e3o haver tempo h\u00e1bil para seguir todos os tr\u00e2mites, podendo acarretar a n\u00e3o autoriza\u00e7\u00e3o pela Reitoria antes do in\u00edcio da licen\u00e7a para capacita\u00e7\u00e3o.<\/p>\n<p>Somente ap\u00f3s a devida autoriza\u00e7\u00e3o da Licen\u00e7a para Capacita\u00e7\u00e3o pela institui\u00e7\u00e3o, o servidor poder\u00e1 se afastar de suas atividades. Caso se ausente sem autoriza\u00e7\u00e3o institucional, estar\u00e1 sujeito \u00e0 apura\u00e7\u00e3o da responsabilidade e \u00e0 aplica\u00e7\u00e3o das penalidades previstas em lei.<\/p>\n<p>Quando a licen\u00e7a para capacita\u00e7\u00e3o for usufru\u00edda no exterior, ser\u00e1 obrigat\u00f3ria a publica\u00e7\u00e3o no Di\u00e1rio Oficial da Uni\u00e3o.<\/p>\n<hr \/>\n<p><b><strong><span style=\"text-decoration: underline\">Retorno antecipado, cancelamento ou interrup\u00e7\u00e3o da licen\u00e7a para capacita\u00e7\u00e3o no Brasil e no exterior:<\/span><\/strong><\/b><\/p>\n<p>Caso o servidor requerente solicite o retorno antecipado, cancelamento ou interrup\u00e7\u00e3o da licen\u00e7a para capacita\u00e7\u00e3o, dever\u00e1 anexar um modelo padr\u00e3o pela mesa virtual no SIPAC e autoriza\u00e7\u00e3o por ad referendum ou atas do Departamento, Consuni e CEPEA(somente servidor docente), caso seja servidor docente ou t\u00e9cnico administrativo lotado em Instituto e Departamento acad\u00eamico, ou aprova\u00e7\u00e3o pela chefia imediata, caso o servidor t\u00e9cnico administrativo esteja lotado em local administrativo que n\u00e3o possui Colegiado Deliberativo. Ap\u00f3s, encaminhar \u00e0 CODEP para ci\u00eancia, que posteriormente ser\u00e1 enviado \u00e0 Reitoria para lan\u00e7ar nova Portaria, \u00e0 COCAD para lan\u00e7amento, e \u00e0 COAAF para ci\u00eancia. Para a interrup\u00e7\u00e3o do afastamento devido \u00e0 licen\u00e7a para tratamento da pr\u00f3pria sa\u00fade e da fam\u00edlia, dever\u00e1 anexar tamb\u00e9m o laudo m\u00e9dico.<\/p>\n<p>Para solicitar a utiliza\u00e7\u00e3o de saldo remanescente oriundo de interrup\u00e7\u00e3o de licen\u00e7a para capacita\u00e7\u00e3o, o servidor dever\u00e1 instruir novo processo de solicita\u00e7\u00e3o, demonstrando, em rela\u00e7\u00e3o ao per\u00edodo remanescente, o cumprimento dos requisitos para concess\u00e3o da licen\u00e7a para capacita\u00e7\u00e3o, conforme previsto no art. 38 da Instru\u00e7\u00e3o Normativa n\u00ba 21\/2021.<\/p>\n<hr \/>\n<p><b><strong><span style=\"text-decoration: underline\">Observa\u00e7\u00f5es para docentes e t\u00e9cnicos administrativos:<\/span><\/strong><\/b><\/p>\n<p>1) Os servidores t\u00e9cnicos administrativos lotados em Institutos e Departamentos acad\u00eamicos necessitam da aprova\u00e7\u00e3o dos respectivos Colegiados, conforme o fluxo.<\/p>\n<p>2) Os servidores t\u00e9cnicos administrativos lotados em locais administrativos e\/ou que n\u00e3o possuem Colegiado Deliberativo necessitam de aprova\u00e7\u00e3o apenas de sua Chefia imediata, e devem seguir os demais tr\u00e2mites do fluxo.<\/p>\n<p>3) O servidor docente vinculado diretamente \u00e0 Reitoria necessitar\u00e1 apenas da aprova\u00e7\u00e3o da sua chefia imediata, neste caso, a Reitoria. Se a a\u00e7\u00e3o do afastamento estiver vinculada \u00e0 \u00e1rea acad\u00eamica, o servidor docente dever\u00e1 informar ao seu Departamento para ci\u00eancia.<\/p>\n<hr \/>\n<p class=\"western\"><strong><span style=\"text-decoration: underline\">Checklist dos documentos necess\u00e1rios para anexar ao processo digital:<\/span><\/strong><\/p>\n<p class=\"western\">Para saber como abrir o processo, os documentos necess\u00e1rios que dever\u00e3o ser anexados e as unidades por onde tramitar\u00e1, acesse abaixo o fluxo da Licen\u00e7a para Capacita\u00e7\u00e3o pretendida:<\/p>\n<p>Fluxo da Licen\u00e7a para Capacita\u00e7\u00e3o no Brasil, clique <span style=\"color: #0000ff\"><strong><a style=\"color: #0000ff\" href=\"https:\/\/institucional.ufrrj.br\/codep\/files\/2026\/02\/3-Licenca-para-Capacitacao-Brasil-Digital.pdf\" target=\"_blank\" rel=\"noopener\">aqui<\/a><\/strong><\/span>.<\/p>\n<p>Fluxo da Licen\u00e7a para Capacita\u00e7\u00e3o para o exterior, clique <span style=\"color: #0000ff\"><strong><a style=\"color: #0000ff\" href=\"https:\/\/institucional.ufrrj.br\/codep\/files\/2026\/02\/4-Licenca-para-Capacitacao-Exterior-Digital.pdf\" target=\"_blank\" rel=\"noopener\">aqui<\/a><\/strong><\/span>.<\/p>\n<hr \/>\n<p><strong><span style=\"text-decoration: underline\">Presta\u00e7\u00e3o de contas:<\/span><\/strong><\/p>\n<p>De acordo com o Decreto n.\u00ba 9.991, de 28 de agosto de 2019 e a Instru\u00e7\u00e3o Normativa n\u00ba 21, de 1\u00ba de fevereiro de 2021, o servidor dever\u00e1 comprovar a participa\u00e7\u00e3o efetiva na a\u00e7\u00e3o que gerou sua licen\u00e7a capacita\u00e7\u00e3o, no prazo de at\u00e9 trinta dias da data de retorno \u00e0s atividades.<\/p>\n<p><strong>Aten\u00e7\u00e3o!<\/strong> Conforme Decreto n.\u00ba 9.991, de 28 de agosto de 2019 em seu Art. 20, <span style=\"color: #000000\"><span style=\"font-family: Arial, sans-serif\"><span style=\"font-size: medium\">\u00a7 3\u00ba<\/span><\/span><\/span>\u00a0e a Instru\u00e7\u00e3o Normativa n\u00ba 21, de 1\u00ba de fevereiro de 2021, Art. 30, par\u00e1grafo \u00fanico, a n\u00e3o apresenta\u00e7\u00e3o da documenta\u00e7\u00e3o, no prazo de at\u00e9 30 dias da data de retorno \u00e0 atividades, que comprove a participa\u00e7\u00e3o efetiva na a\u00e7\u00e3o que gerou seu afastamento, sujeitar\u00e1 ao servidor o ressarcimento dos gastos com seu afastamento ao \u00d3rg\u00e3o.<\/p>\n<p>Ao final da licen\u00e7a para capacita\u00e7\u00e3o para realizar curso \/ evento, o servidor dever\u00e1 anexar ao processo os seguintes documentos:<\/p>\n<p><strong>1) <\/strong>Certificado ou documento equivalente que comprove a participa\u00e7\u00e3o ou relat\u00f3rio de atividades desenvolvidas;<\/p>\n<p><strong>2) <\/strong>C\u00f3pia de monografia, trabalho de conclus\u00e3o de curso, disserta\u00e7\u00e3o de mestrado, tese de doutorado, de livre-doc\u00eancia ou est\u00e1gio p\u00f3s-doutoral com assinatura do orientador, quando for o caso;<\/p>\n<hr \/>\n<p>O acompanhamento do processo de licen\u00e7a para capacita\u00e7\u00e3o \u00e9 de responsabilidade do servidor que ir\u00e1 sair para capacita\u00e7\u00e3o. A CODEP somente se responsabiliza pelo cumprimento dos prazos e andamento do processo quando o mesmo estiver sob sua guarda.<\/p>\n<hr \/>\n<p><strong><span style=\"text-decoration: underline\">Documentos para downloads:<\/span><\/strong><\/p>\n<p><a href=\"https:\/\/institucional.ufrrj.br\/codep\/files\/2019\/07\/treinamento_-_mesa_virtual_2.0-1.pdf\" target=\"_blank\" rel=\"noopener noreferrer\">Tutorial de Licen\u00e7a para Capacita\u00e7\u00e3o no Brasil e no exterior &#8211; 100% digital &#8211; Criado pela COTIC.pdf<\/a><\/p>\n<p><a href=\"https:\/\/institucional.ufrrj.br\/codep\/licenca-capacitacao\/nota-tecnica-licenca-para-capacitacao-versao-01-de-maio-de-2021\/\" target=\"_blank\" rel=\"attachment noopener wp-att-3642 noreferrer\">Nota T\u00e9cnica Licen\u00e7a para Capacita\u00e7\u00e3o.pdf<\/a><\/p>\n<p>Servidor Respons\u00e1vel:<\/p>\n<p>Rodrigo Malta<\/p>\n<p>e-mail: afastamento@ufrrj.br<\/p>\n<p>Telefone: 2681-4674<\/p>\n","protected":false},"excerpt":{"rendered":"<p>Informa\u00e7\u00f5es gerais: De acordo com o Decreto n.\u00ba 9.991, de 28 de agosto de 2019 e a Instru\u00e7\u00e3o Normativa n\u00ba <a class=\"read-more\" href=\"https:\/\/institucional.ufrrj.br\/codep\/licenca-capacitacao\/ \" >&#8230; <span class=\"font-italic\">leia mais <i class=\"fas fa-angle-right\"><\/i><\/span><\/a><\/p>\n","protected":false},"author":546,"featured_media":0,"parent":0,"menu_order":0,"comment_status":"closed","ping_status":"closed","template":"","meta":{"_acf_changed":false,"footnotes":""},"class_list":["post-236","page","type-page","status-publish","hentry"],"yoast_head":"<!-- This site is optimized with the Yoast SEO plugin v27.2 - https:\/\/yoast.com\/product\/yoast-seo-wordpress\/ -->\n<title>Licen\u00e7a para Capacita\u00e7\u00e3o - Coordena\u00e7\u00e3o de Desenvolvimento de Pessoas<\/title>\n<meta name=\"robots\" content=\"index, follow, max-snippet:-1, max-image-preview:large, max-video-preview:-1\" \/>\n<link rel=\"canonical\" href=\"https:\/\/institucional.ufrrj.br\/codep\/licenca-capacitacao\/\" \/>\n<meta property=\"og:locale\" content=\"pt_BR\" \/>\n<meta property=\"og:type\" content=\"article\" \/>\n<meta property=\"og:title\" content=\"Licen\u00e7a para Capacita\u00e7\u00e3o - Coordena\u00e7\u00e3o de Desenvolvimento de Pessoas\" \/>\n<meta property=\"og:description\" content=\"Informa\u00e7\u00f5es gerais: De acordo com o Decreto n.\u00ba 9.991, de 28 de agosto de 2019 e a Instru\u00e7\u00e3o Normativa n\u00ba ... leia mais\" \/>\n<meta property=\"og:url\" content=\"https:\/\/institucional.ufrrj.br\/codep\/licenca-capacitacao\/\" \/>\n<meta property=\"og:site_name\" content=\"Coordena\u00e7\u00e3o de Desenvolvimento de Pessoas\" \/>\n<meta property=\"article:modified_time\" content=\"2026-02-10T17:40:25+00:00\" \/>\n<meta name=\"twitter:card\" content=\"summary_large_image\" \/>\n<meta name=\"twitter:label1\" content=\"Est. tempo de leitura\" \/>\n\t<meta name=\"twitter:data1\" content=\"7 minutos\" \/>\n<script type=\"application\/ld+json\" class=\"yoast-schema-graph\">{\"@context\":\"https:\/\/schema.org\",\"@graph\":[{\"@type\":\"WebPage\",\"@id\":\"https:\/\/institucional.ufrrj.br\/codep\/licenca-capacitacao\/\",\"url\":\"https:\/\/institucional.ufrrj.br\/codep\/licenca-capacitacao\/\",\"name\":\"Licen\u00e7a para Capacita\u00e7\u00e3o - Coordena\u00e7\u00e3o de Desenvolvimento de Pessoas\",\"isPartOf\":{\"@id\":\"https:\/\/institucional.ufrrj.br\/codep\/#website\"},\"datePublished\":\"2018-01-15T11:45:03+00:00\",\"dateModified\":\"2026-02-10T17:40:25+00:00\",\"breadcrumb\":{\"@id\":\"https:\/\/institucional.ufrrj.br\/codep\/licenca-capacitacao\/#breadcrumb\"},\"inLanguage\":\"pt-BR\",\"potentialAction\":[{\"@type\":\"ReadAction\",\"target\":[\"https:\/\/institucional.ufrrj.br\/codep\/licenca-capacitacao\/\"]}]},{\"@type\":\"BreadcrumbList\",\"@id\":\"https:\/\/institucional.ufrrj.br\/codep\/licenca-capacitacao\/#breadcrumb\",\"itemListElement\":[{\"@type\":\"ListItem\",\"position\":1,\"name\":\"In\u00edcio\",\"item\":\"https:\/\/institucional.ufrrj.br\/codep\/\"},{\"@type\":\"ListItem\",\"position\":2,\"name\":\"Licen\u00e7a para Capacita\u00e7\u00e3o\"}]},{\"@type\":\"WebSite\",\"@id\":\"https:\/\/institucional.ufrrj.br\/codep\/#website\",\"url\":\"https:\/\/institucional.ufrrj.br\/codep\/\",\"name\":\"Coordena\u00e7\u00e3o de Desenvolvimento de Pessoas\",\"description\":\"S\u00f3 mais um site institucional.ufrrj.br\",\"potentialAction\":[{\"@type\":\"SearchAction\",\"target\":{\"@type\":\"EntryPoint\",\"urlTemplate\":\"https:\/\/institucional.ufrrj.br\/codep\/?s={search_term_string}\"},\"query-input\":{\"@type\":\"PropertyValueSpecification\",\"valueRequired\":true,\"valueName\":\"search_term_string\"}}],\"inLanguage\":\"pt-BR\"}]}<\/script>\n<!-- \/ Yoast SEO plugin. -->","yoast_head_json":{"title":"Licen\u00e7a para Capacita\u00e7\u00e3o - Coordena\u00e7\u00e3o de Desenvolvimento de Pessoas","robots":{"index":"index","follow":"follow","max-snippet":"max-snippet:-1","max-image-preview":"max-image-preview:large","max-video-preview":"max-video-preview:-1"},"canonical":"https:\/\/institucional.ufrrj.br\/codep\/licenca-capacitacao\/","og_locale":"pt_BR","og_type":"article","og_title":"Licen\u00e7a para Capacita\u00e7\u00e3o - Coordena\u00e7\u00e3o de Desenvolvimento de Pessoas","og_description":"Informa\u00e7\u00f5es gerais: De acordo com o Decreto n.\u00ba 9.991, de 28 de agosto de 2019 e a Instru\u00e7\u00e3o Normativa n\u00ba ... leia mais","og_url":"https:\/\/institucional.ufrrj.br\/codep\/licenca-capacitacao\/","og_site_name":"Coordena\u00e7\u00e3o de Desenvolvimento de Pessoas","article_modified_time":"2026-02-10T17:40:25+00:00","twitter_card":"summary_large_image","twitter_misc":{"Est. tempo de leitura":"7 minutos"},"schema":{"@context":"https:\/\/schema.org","@graph":[{"@type":"WebPage","@id":"https:\/\/institucional.ufrrj.br\/codep\/licenca-capacitacao\/","url":"https:\/\/institucional.ufrrj.br\/codep\/licenca-capacitacao\/","name":"Licen\u00e7a para Capacita\u00e7\u00e3o - Coordena\u00e7\u00e3o de Desenvolvimento de Pessoas","isPartOf":{"@id":"https:\/\/institucional.ufrrj.br\/codep\/#website"},"datePublished":"2018-01-15T11:45:03+00:00","dateModified":"2026-02-10T17:40:25+00:00","breadcrumb":{"@id":"https:\/\/institucional.ufrrj.br\/codep\/licenca-capacitacao\/#breadcrumb"},"inLanguage":"pt-BR","potentialAction":[{"@type":"ReadAction","target":["https:\/\/institucional.ufrrj.br\/codep\/licenca-capacitacao\/"]}]},{"@type":"BreadcrumbList","@id":"https:\/\/institucional.ufrrj.br\/codep\/licenca-capacitacao\/#breadcrumb","itemListElement":[{"@type":"ListItem","position":1,"name":"In\u00edcio","item":"https:\/\/institucional.ufrrj.br\/codep\/"},{"@type":"ListItem","position":2,"name":"Licen\u00e7a para Capacita\u00e7\u00e3o"}]},{"@type":"WebSite","@id":"https:\/\/institucional.ufrrj.br\/codep\/#website","url":"https:\/\/institucional.ufrrj.br\/codep\/","name":"Coordena\u00e7\u00e3o de Desenvolvimento de Pessoas","description":"S\u00f3 mais um site institucional.ufrrj.br","potentialAction":[{"@type":"SearchAction","target":{"@type":"EntryPoint","urlTemplate":"https:\/\/institucional.ufrrj.br\/codep\/?s={search_term_string}"},"query-input":{"@type":"PropertyValueSpecification","valueRequired":true,"valueName":"search_term_string"}}],"inLanguage":"pt-BR"}]}},"acf":[],"_links":{"self":[{"href":"https:\/\/institucional.ufrrj.br\/codep\/wp-json\/wp\/v2\/pages\/236","targetHints":{"allow":["GET"]}}],"collection":[{"href":"https:\/\/institucional.ufrrj.br\/codep\/wp-json\/wp\/v2\/pages"}],"about":[{"href":"https:\/\/institucional.ufrrj.br\/codep\/wp-json\/wp\/v2\/types\/page"}],"author":[{"embeddable":true,"href":"https:\/\/institucional.ufrrj.br\/codep\/wp-json\/wp\/v2\/users\/546"}],"replies":[{"embeddable":true,"href":"https:\/\/institucional.ufrrj.br\/codep\/wp-json\/wp\/v2\/comments?post=236"}],"version-history":[{"count":1,"href":"https:\/\/institucional.ufrrj.br\/codep\/wp-json\/wp\/v2\/pages\/236\/revisions"}],"predecessor-version":[{"id":8220,"href":"https:\/\/institucional.ufrrj.br\/codep\/wp-json\/wp\/v2\/pages\/236\/revisions\/8220"}],"wp:attachment":[{"href":"https:\/\/institucional.ufrrj.br\/codep\/wp-json\/wp\/v2\/media?parent=236"}],"curies":[{"name":"wp","href":"https:\/\/api.w.org\/{rel}","templated":true}]}}