{"id":224,"date":"2018-01-15T09:29:54","date_gmt":"2018-01-15T11:29:54","guid":{"rendered":"http:\/\/institucional.ufrrj.br\/codep\/?page_id=224"},"modified":"2026-02-23T15:20:55","modified_gmt":"2026-02-23T18:20:55","slug":"cursos-externos","status":"publish","type":"page","link":"https:\/\/institucional.ufrrj.br\/codep\/cursos-externos\/","title":{"rendered":"Cursos Externos"},"content":{"rendered":"\n<hr class=\"wp-block-separator has-alpha-channel-opacity eplus-wrapper\" \/>\n\n\n\n<p class=\"eplus-wrapper\">Os cursos externos t\u00eam como objetivo <strong>promover o desenvolvimento das compet\u00eancias profissionais e\/ou gerenciais<\/strong>, de servidores p\u00fablicos, t\u00e9cnico-administrativos em educa\u00e7\u00e3o e de servidores docentes em cargos de gest\u00e3o, <strong>fomentando a consecu\u00e7\u00e3o da excel\u00eancia dos servi\u00e7os p\u00fablicos prestados ao cidad\u00e3o<\/strong>. A pertin\u00eancia e os temas dos curso\/eventos solicitados pelos servidores s\u00e3o avaliados pela CODEP.<\/p>\n\n\n\n<p class=\"eplus-wrapper\">Os servidores interessados em realizar uma a\u00e7\u00e3o de desenvolvimento externa dever\u00e3o participar do <strong>edital de apoio financeiro \u00e0 capacita\u00e7\u00e3o dos servidores da UFRRJ<\/strong> <strong>em cursos e eventos externos<\/strong>, publicado pela PROGEP\/CODEP. O servidor contemplado pelo edital deve abrir processo de solicita\u00e7\u00e3o de pagamento de taxa de inscri\u00e7\u00e3o e\/ou di\u00e1rias e passagens.<\/p>\n\n\n\n<p class=\"eplus-wrapper\">O pagamento da taxa de inscri\u00e7\u00e3o s\u00f3 poder\u00e1 ser efetuado se a empresa promotora do curso\/evento aceitar pagamento por Nota de Empenho.<\/p>\n\n\n\n<p class=\"eplus-wrapper\">Os cursos externos s\u00e3o agrupados em duas modalidades, que s\u00e3o:<\/p>\n\n\n\n<ul class=\"wp-block-list eplus-wrapper\">\n<li class=\"eplus-wrapper\"><strong>Cursos\/eventos externos de Escolas de Governo<\/strong><\/li>\n<\/ul>\n\n\n\n<p class=\"eplus-wrapper\">S\u00e3o cursos oferecidos por escolas de governo, normalmente s\u00e3o gratuitos e o servidor dever\u00e1 abrir processo para solicit\u00e1-los, com no m\u00ednimo 30 dias de anteced\u00eancia, e poder\u00e1 fazer jus a di\u00e1rias e passagens nacionais.<\/p>\n\n\n\n<p class=\"eplus-wrapper\">Para conhecer o fluxo e saber todos os procedimentos necess\u00e1rios para solicitar curso\/evento que se enquadram nesta modalidade,<a href=\"https:\/\/institucional.ufrrj.br\/codep\/files\/2025\/03\/3-Fluxo-curso-externo-com-pagamento-dia\u0301ria-e-ou-passagens_2025.pdf\"> clique aqui<\/a>.<\/p>\n\n\n\n<p class=\"eplus-wrapper\">Estes s\u00e3o oferecidos por Escolas de Governo, <strong>por exemplo<\/strong>:<\/p>\n\n\n\n<p class=\"eplus-wrapper\">\u2013 Escola Nacional de Administra\u00e7\u00e3o P\u00fablica (ENAP), pelo link&nbsp;<a href=\"http:\/\/www.enap.gov.br\/pt\/\">http:\/\/www.enap.gov.br\/pt\/<\/a><\/p>\n\n\n\n<p class=\"eplus-wrapper\">\u2013 Escola Virtual.Gov (EVG), pelo link&nbsp;<a href=\"http:\/\/www.escolavirtual.gov.br\/\">http:\/\/www.escolavirtual.gov.br<\/a><\/p>\n\n\n\n<ul class=\"wp-block-list eplus-wrapper\">\n<li class=\"eplus-wrapper\"><strong>Cursos externos de institui\u00e7\u00f5es privadas<\/strong><\/li>\n<\/ul>\n\n\n\n<p class=\"eplus-wrapper\">S\u00e3o cursos oferecidos por institui\u00e7\u00f5es privadas, na qual o servidor solicita pagamento de taxa de inscri\u00e7\u00e3o, paga por empenho, em processo normalmente instru\u00eddo com di\u00e1rias\/passagens nacionais quando for o caso. O processo de solicita\u00e7\u00e3o dever\u00e1 chegar \u00e0 Coordena\u00e7\u00e3o de Desenvolvimento de Pessoas (CODEP), com anteced\u00eancia m\u00ednima de 60 dias do in\u00edcio do curso ou evento.<\/p>\n\n\n\n<ul class=\"wp-block-list eplus-wrapper\">\n<li class=\"eplus-wrapper\"><strong>Aten\u00e7\u00e3o!<\/strong><\/li>\n<\/ul>\n\n\n\n<p class=\"eplus-wrapper\">O documento <strong>Estudo T\u00e9cnico Preliminar (ETP)<\/strong> \u00e9 uma ferramenta de gest\u00e3o que possibilitar\u00e1 a cria\u00e7\u00e3o do documento constitutivo da primeira etapa do planejamento da contrata\u00e7\u00e3o de empresas privadas para fornecer servi\u00e7o de capacita\u00e7\u00e3o, na modalidade externa, aos servidores selecionados previamente via edital organizado pela Codep\/Progep.<\/p>\n\n\n\n<p class=\"eplus-wrapper\">Este documento foi elaborado pela Equipe de Planejamento da Contrata\u00e7\u00e3o, o mesmo j\u00e1 est\u00e1 finalizado, ou seja, o servidor habilitado no edital dever\u00e1 apenas baixar o ETP, anexa-lo ao processo de capacita\u00e7\u00e3o externa via SIPAC e assinar.<\/p>\n\n\n\n<p class=\"eplus-wrapper\"><strong>Aten\u00e7\u00e3o: O documento &#8220;Estudo T\u00e9cnico Preliminar &#8211; ETP Capacita\u00e7\u00e3o&#8221; encontra-se em fase de elabora\u00e7\u00e3o, ap\u00f3s finaliza\u00e7\u00e3o o mesmo ser\u00e1 disponibilizado.<\/strong><\/p>\n\n\n\n<ul class=\"wp-block-list eplus-wrapper\">\n<li class=\"eplus-wrapper\"><strong>Observa\u00e7\u00f5es para os docentes:<\/strong><\/li>\n<\/ul>\n\n\n\n<p class=\"eplus-wrapper\"><strong>1)<\/strong> &nbsp;O docente que pretende solicitar inscri\u00e7\u00e3o do curso\/e ou evento, assim como as di\u00e1rias e passagens pagas pela CODEP, precisa estar em cargo de gest\u00e3o e o curso\/evento tem que estar ligado \u00e0 atividade gest\u00e3o.<\/p>\n\n\n\n<p class=\"eplus-wrapper\"><strong>2)<\/strong> O docente que solicita inscri\u00e7\u00f5es para curso\/evento referente \u00e0 pesquisa docente, seja para apresenta\u00e7\u00e3o de trabalho ou apenas para participa\u00e7\u00e3o, n\u00e3o precisar\u00e3o passar pela CODEP, tendo em vista que o pagamento dos mesmos deve ocorrer pelo Centro de Custo do Instituto\/Departamento\/Campus, assim como as di\u00e1rias e passagens, conforme memorando circular n\u00ba 24\/2019 \u2013 PROAD e memorando circular n\u00ba 28\/2019 \u2013 PROAD.<\/p>\n\n\n\n<ul class=\"wp-block-list eplus-wrapper\">\n<li class=\"eplus-wrapper\"><strong>Acompanhamento de processos<\/strong>:<\/li>\n<\/ul>\n\n\n\n<p class=\"eplus-wrapper\">O acompanhamento do processo de curso externo (conforme fluxo) \u00e9 de <strong>responsabilidade do servidor que ir\u00e1 sair para capacita\u00e7\u00e3o<\/strong>. A CODEP somente se responsabiliza pelo cumprimento dos prazos e andamento do processo quando o mesmo estiver sob sua guarda.<\/p>\n\n\n\n<p class=\"eplus-wrapper\">O servidor solicitante dever\u00e1 confirmar junto a Institui\u00e7\u00e3o promotora do evento\/curso, a realiza\u00e7\u00e3o da a\u00e7\u00e3o de capacita\u00e7\u00e3o com anteced\u00eancia m\u00ednima de 30 dias. A CODEP somente far\u00e1 a solicita\u00e7\u00e3o de di\u00e1rias e passagens ap\u00f3s a confirma\u00e7\u00e3o enviada para: <a href=\"mailto:capacitacaoexterna@ufrrj.br\">capacitacaoexterna@ufrrj.br<\/a>.<\/p>\n\n\n\n<p class=\"eplus-wrapper\">Caso o empenho n\u00e3o seja realizado antes do in\u00edcio do curso\/evento, o mesmo n\u00e3o poder ser frequentando, pois a empresa n\u00e3o ir\u00e1 receber o pagamento, mesmo que o requerente tenha ido ao curso sem autoriza\u00e7\u00e3o e preenchido lista de frequ\u00eancia, podendo gerar casos indesejados no judici\u00e1rio e o solicitante ficar\u00e1 impossibilitado de realizar a presta\u00e7\u00e3o de contas atrav\u00e9s de certificado, Nota Fiscal.<\/p>\n\n\n\n<p class=\"eplus-wrapper\">Ao anexar documentos comprobat\u00f3rios a processo que envolva pagamento de nota fiscal, di\u00e1ria, passagem entre outros \u00e9 necess\u00e1rio que seja feito o devido enquadramento ao anex\u00e1-los, para saber como realizar essa&nbsp;a\u00e7\u00e3o, <a rel=\"noreferrer noopener\" href=\"https:\/\/docs.google.com\/document\/d\/1vkEam9nquBy1HbBT7of6KwP5Mywt6sXOj4xF4qPKBZg\/edit?usp=sharing\" data-type=\"URL\" data-id=\"https:\/\/docs.google.com\/document\/d\/1vkEam9nquBy1HbBT7of6KwP5Mywt6sXOj4xF4qPKBZg\/edit?usp=sharing\" target=\"_blank\">clique aqui<\/a> .<\/p>\n\n\n\n<p class=\"eplus-wrapper\"><strong>Segue abaixo os documentos norteadores para downloads:<\/strong><\/p>\n\n\n\n<p class=\"eplus-wrapper\"><a href=\"https:\/\/institucional.ufrrj.br\/codep\/files\/2025\/03\/3-Fluxo-curso-externo-com-pagamento-dia\u0301ria-e-ou-passagens_2025.pdf\">Fluxo curso externo com pagamento de di\u00e1ria e ou passagens.pdf<\/a><\/p>\n\n\n\n<p class=\"eplus-wrapper\"><a href=\"https:\/\/institucional.ufrrj.br\/codep\/files\/2025\/03\/2-Fluxo-curso-externo-pago-menor-17mil_2025.pdf\">Fluxo curso externo pago menor que 17600 mil.pdf<\/a><\/p>\n\n\n\n<p class=\"eplus-wrapper\"><a href=\"https:\/\/institucional.ufrrj.br\/codep\/files\/2025\/03\/1-Fluxo-curso-externo-pago-maior-17mil_2025.pdf\">Fluxo curso externo pago maior que 17600 mil.pdf<\/a><\/p>\n\n\n\n<p class=\"eplus-wrapper\"><a href=\"https:\/\/institucional.ufrrj.br\/codep\/files\/2019\/07\/treinamento_-_mesa_virtual_2.0-2.pdf\">Tutorial processo 100% digital.pdf<\/a><\/p>\n\n\n\n<p class=\"eplus-wrapper\"><a href=\"https:\/\/institucional.ufrrj.br\/codep\/files\/2019\/09\/memorando-n%C2%B0-24-2019-capacita%C3%A7%C3%A3o-externa-para-docente-1.pdf\">Memorando Circular n\u00ba 24.pdf<\/a><\/p>\n\n\n\n<p class=\"eplus-wrapper\"><a href=\"https:\/\/institucional.ufrrj.br\/codep\/files\/2019\/09\/memorando-n%C2%B0-28-2019-capacita%C3%A7%C3%A3o-externa-para-docente.pdf\">Memorando Circular n\u00ba 28.pdf<\/a><\/p>\n\n\n\n<p class=\"eplus-wrapper\"><strong>Legisla\u00e7\u00e3o norteadora<\/strong><\/p>\n\n\n\n<p class=\"eplus-wrapper\"><a href=\"https:\/\/institucional.ufrrj.br\/codep\/files\/2019\/09\/D9991-2019.pdf\">Decreto n.\u00ba 9.991, de 28 de agosto de 2019<\/a><\/p>\n\n\n\n<p class=\"eplus-wrapper\"><a href=\"https:\/\/www.in.gov.br\/en\/web\/dou\/-\/instrucao-normativa-sgp-enap\/sedgg\/me-n-21-de-1-de-fevereiro-de-2021-302021570\">Instru\u00e7\u00e3o Normativa n.\u00ba 21, de fevereiro de 2021<\/a><\/p>\n\n\n\n<p class=\"eplus-wrapper\"><a href=\"https:\/\/institucional.ufrrj.br\/codep\/files\/2020\/04\/PORTARIA-N%C2%BA-204-DE-6-DE-FEVEREIRO-DE-2020-PORTARIA-N%C2%BA-204-DE-6-DE-FEVEREIRO-DE-2020-DOU-Imprensa-Nacional.pdf\">Portaria MEC n\u00ba 204, de 06 de fevereiro de 2020<\/a><\/p>\n\n\n\n<p class=\"eplus-wrapper\"><a href=\"https:\/\/institucional.ufrrj.br\/codep\/files\/2018\/03\/L-4320-1964.pdf\">Lei n\u00ba 4.320, de 17 de mar\u00e7o de 1964<\/a><\/p>\n\n\n\n<p class=\"eplus-wrapper\"><a href=\"https:\/\/www.planalto.gov.br\/ccivil_03\/_ato2019-2022\/2021\/lei\/l14133.htm\">Lei n\u00ba 14.133 de abril de 2021.<\/a><\/p>\n\n\n\n<p class=\"eplus-wrapper\"><strong>Servidora Respons\u00e1vel<\/strong>:<\/p>\n\n\n\n<ul class=\"wp-block-list eplus-wrapper\">\n<li class=\"eplus-wrapper\">Vanessa Garcia<\/li>\n\n\n\n<li class=\"eplus-wrapper\">Telefone: 2681-4604<\/li>\n\n\n\n<li class=\"eplus-wrapper\">E-mail: capacitacaoexterna@ufrrj.br<\/li>\n<\/ul>\n","protected":false},"excerpt":{"rendered":"<p>Os cursos externos t\u00eam como objetivo promover o desenvolvimento das compet\u00eancias profissionais e\/ou gerenciais, de servidores p\u00fablicos, t\u00e9cnico-administrativos em educa\u00e7\u00e3o <a class=\"read-more\" href=\"https:\/\/institucional.ufrrj.br\/codep\/cursos-externos\/ \" >&#8230; <span class=\"font-italic\">leia mais <i class=\"fas fa-angle-right\"><\/i><\/span><\/a><\/p>\n","protected":false},"author":546,"featured_media":0,"parent":0,"menu_order":0,"comment_status":"closed","ping_status":"closed","template":"","meta":{"_acf_changed":false,"footnotes":""},"class_list":["post-224","page","type-page","status-publish","hentry"],"yoast_head":"<!-- This site is optimized with the Yoast SEO plugin v27.2 - https:\/\/yoast.com\/product\/yoast-seo-wordpress\/ -->\n<title>Cursos Externos - Coordena\u00e7\u00e3o de Desenvolvimento de Pessoas<\/title>\n<meta name=\"robots\" content=\"index, follow, max-snippet:-1, max-image-preview:large, max-video-preview:-1\" \/>\n<link rel=\"canonical\" href=\"https:\/\/institucional.ufrrj.br\/codep\/cursos-externos\/\" \/>\n<meta property=\"og:locale\" content=\"pt_BR\" \/>\n<meta property=\"og:type\" content=\"article\" \/>\n<meta property=\"og:title\" content=\"Cursos Externos - Coordena\u00e7\u00e3o de Desenvolvimento de Pessoas\" \/>\n<meta property=\"og:description\" content=\"Os cursos externos t\u00eam como objetivo promover o desenvolvimento das compet\u00eancias profissionais e\/ou gerenciais, de servidores p\u00fablicos, t\u00e9cnico-administrativos em educa\u00e7\u00e3o ... leia mais\" \/>\n<meta property=\"og:url\" content=\"https:\/\/institucional.ufrrj.br\/codep\/cursos-externos\/\" \/>\n<meta property=\"og:site_name\" content=\"Coordena\u00e7\u00e3o de Desenvolvimento de Pessoas\" \/>\n<meta property=\"article:modified_time\" content=\"2026-02-23T18:20:55+00:00\" \/>\n<meta name=\"twitter:card\" content=\"summary_large_image\" \/>\n<meta name=\"twitter:label1\" content=\"Est. tempo de leitura\" \/>\n\t<meta name=\"twitter:data1\" content=\"5 minutos\" \/>\n<script type=\"application\/ld+json\" class=\"yoast-schema-graph\">{\"@context\":\"https:\/\/schema.org\",\"@graph\":[{\"@type\":\"WebPage\",\"@id\":\"https:\/\/institucional.ufrrj.br\/codep\/cursos-externos\/\",\"url\":\"https:\/\/institucional.ufrrj.br\/codep\/cursos-externos\/\",\"name\":\"Cursos Externos - Coordena\u00e7\u00e3o de Desenvolvimento de Pessoas\",\"isPartOf\":{\"@id\":\"https:\/\/institucional.ufrrj.br\/codep\/#website\"},\"datePublished\":\"2018-01-15T11:29:54+00:00\",\"dateModified\":\"2026-02-23T18:20:55+00:00\",\"breadcrumb\":{\"@id\":\"https:\/\/institucional.ufrrj.br\/codep\/cursos-externos\/#breadcrumb\"},\"inLanguage\":\"pt-BR\",\"potentialAction\":[{\"@type\":\"ReadAction\",\"target\":[\"https:\/\/institucional.ufrrj.br\/codep\/cursos-externos\/\"]}]},{\"@type\":\"BreadcrumbList\",\"@id\":\"https:\/\/institucional.ufrrj.br\/codep\/cursos-externos\/#breadcrumb\",\"itemListElement\":[{\"@type\":\"ListItem\",\"position\":1,\"name\":\"In\u00edcio\",\"item\":\"https:\/\/institucional.ufrrj.br\/codep\/\"},{\"@type\":\"ListItem\",\"position\":2,\"name\":\"Cursos Externos\"}]},{\"@type\":\"WebSite\",\"@id\":\"https:\/\/institucional.ufrrj.br\/codep\/#website\",\"url\":\"https:\/\/institucional.ufrrj.br\/codep\/\",\"name\":\"Coordena\u00e7\u00e3o de Desenvolvimento de Pessoas\",\"description\":\"S\u00f3 mais um site institucional.ufrrj.br\",\"potentialAction\":[{\"@type\":\"SearchAction\",\"target\":{\"@type\":\"EntryPoint\",\"urlTemplate\":\"https:\/\/institucional.ufrrj.br\/codep\/?s={search_term_string}\"},\"query-input\":{\"@type\":\"PropertyValueSpecification\",\"valueRequired\":true,\"valueName\":\"search_term_string\"}}],\"inLanguage\":\"pt-BR\"}]}<\/script>\n<!-- \/ Yoast SEO plugin. -->","yoast_head_json":{"title":"Cursos Externos - Coordena\u00e7\u00e3o de Desenvolvimento de Pessoas","robots":{"index":"index","follow":"follow","max-snippet":"max-snippet:-1","max-image-preview":"max-image-preview:large","max-video-preview":"max-video-preview:-1"},"canonical":"https:\/\/institucional.ufrrj.br\/codep\/cursos-externos\/","og_locale":"pt_BR","og_type":"article","og_title":"Cursos Externos - Coordena\u00e7\u00e3o de Desenvolvimento de Pessoas","og_description":"Os cursos externos t\u00eam como objetivo promover o desenvolvimento das compet\u00eancias profissionais e\/ou gerenciais, de servidores p\u00fablicos, t\u00e9cnico-administrativos em educa\u00e7\u00e3o ... leia mais","og_url":"https:\/\/institucional.ufrrj.br\/codep\/cursos-externos\/","og_site_name":"Coordena\u00e7\u00e3o de Desenvolvimento de Pessoas","article_modified_time":"2026-02-23T18:20:55+00:00","twitter_card":"summary_large_image","twitter_misc":{"Est. tempo de leitura":"5 minutos"},"schema":{"@context":"https:\/\/schema.org","@graph":[{"@type":"WebPage","@id":"https:\/\/institucional.ufrrj.br\/codep\/cursos-externos\/","url":"https:\/\/institucional.ufrrj.br\/codep\/cursos-externos\/","name":"Cursos Externos - Coordena\u00e7\u00e3o de Desenvolvimento de Pessoas","isPartOf":{"@id":"https:\/\/institucional.ufrrj.br\/codep\/#website"},"datePublished":"2018-01-15T11:29:54+00:00","dateModified":"2026-02-23T18:20:55+00:00","breadcrumb":{"@id":"https:\/\/institucional.ufrrj.br\/codep\/cursos-externos\/#breadcrumb"},"inLanguage":"pt-BR","potentialAction":[{"@type":"ReadAction","target":["https:\/\/institucional.ufrrj.br\/codep\/cursos-externos\/"]}]},{"@type":"BreadcrumbList","@id":"https:\/\/institucional.ufrrj.br\/codep\/cursos-externos\/#breadcrumb","itemListElement":[{"@type":"ListItem","position":1,"name":"In\u00edcio","item":"https:\/\/institucional.ufrrj.br\/codep\/"},{"@type":"ListItem","position":2,"name":"Cursos Externos"}]},{"@type":"WebSite","@id":"https:\/\/institucional.ufrrj.br\/codep\/#website","url":"https:\/\/institucional.ufrrj.br\/codep\/","name":"Coordena\u00e7\u00e3o de Desenvolvimento de Pessoas","description":"S\u00f3 mais um site institucional.ufrrj.br","potentialAction":[{"@type":"SearchAction","target":{"@type":"EntryPoint","urlTemplate":"https:\/\/institucional.ufrrj.br\/codep\/?s={search_term_string}"},"query-input":{"@type":"PropertyValueSpecification","valueRequired":true,"valueName":"search_term_string"}}],"inLanguage":"pt-BR"}]}},"acf":[],"_links":{"self":[{"href":"https:\/\/institucional.ufrrj.br\/codep\/wp-json\/wp\/v2\/pages\/224","targetHints":{"allow":["GET"]}}],"collection":[{"href":"https:\/\/institucional.ufrrj.br\/codep\/wp-json\/wp\/v2\/pages"}],"about":[{"href":"https:\/\/institucional.ufrrj.br\/codep\/wp-json\/wp\/v2\/types\/page"}],"author":[{"embeddable":true,"href":"https:\/\/institucional.ufrrj.br\/codep\/wp-json\/wp\/v2\/users\/546"}],"replies":[{"embeddable":true,"href":"https:\/\/institucional.ufrrj.br\/codep\/wp-json\/wp\/v2\/comments?post=224"}],"version-history":[{"count":1,"href":"https:\/\/institucional.ufrrj.br\/codep\/wp-json\/wp\/v2\/pages\/224\/revisions"}],"predecessor-version":[{"id":8259,"href":"https:\/\/institucional.ufrrj.br\/codep\/wp-json\/wp\/v2\/pages\/224\/revisions\/8259"}],"wp:attachment":[{"href":"https:\/\/institucional.ufrrj.br\/codep\/wp-json\/wp\/v2\/media?parent=224"}],"curies":[{"name":"wp","href":"https:\/\/api.w.org\/{rel}","templated":true}]}}