{"id":218,"date":"2018-01-15T09:27:59","date_gmt":"2018-01-15T11:27:59","guid":{"rendered":"http:\/\/institucional.ufrrj.br\/codep\/?page_id=218"},"modified":"2026-04-01T13:33:27","modified_gmt":"2026-04-01T16:33:27","slug":"certificados","status":"publish","type":"page","link":"https:\/\/institucional.ufrrj.br\/codep\/certificados\/","title":{"rendered":"Certificados"},"content":{"rendered":"<hr \/>\n<p>1) Para ter acesso aos certificados de todos os cursos realizados pela CODEP desde 2022, clique <span style=\"color: #0000ff\"><strong><a style=\"color: #0000ff\" href=\"https:\/\/institucional.ufrrj.br\/codep\/files\/2022\/04\/Cursista_Emiss\u00e3o-de-certificado-pelo-SIGRH-1.pdf\" target=\"_blank\" rel=\"noopener noreferrer\">aqui<\/a><\/strong><\/span>.<br \/><strong>Aten\u00e7\u00e3o!<\/strong> A partir de 2022 os certificados das <strong>a\u00e7\u00f5es de desenvolvimento<\/strong> promovidas pela Codep est\u00e3o sendo <strong>emitidos pelo SIGRH<\/strong>.<\/p>\n<p>2) Para emiss\u00e3o de certificados de cursos e eventos n\u00e3o gerados pelo SIGRH, clique <strong><a href=\"https:\/\/drive.google.com\/drive\/folders\/13dzMauI36ESOJ4hyd2mPOvAQ75eyZ0lW?usp=drive_link\">aqui<\/a><\/strong>.<\/p>\n<p>3) Para emiss\u00e3o do certificado da Semana Interna de Preven\u00e7\u00e3o de Acidentes do Trabalho (SIPAT), clique\u00a0<span style=\"color: #0000ff\"><strong><a style=\"color: #0000ff\" href=\"http:\/\/graduacao.im.ufrrj.br\" target=\"_blank\" rel=\"noopener noreferrer\">aqui<\/a><\/strong><\/span>.<\/p>\n<p>4) Para solicitar a emiss\u00e3o de certificados de cursos realizados nos anos anteriores ao de 2022, clique <a href=\"https:\/\/forms.gle\/mszTVeRd5acwFkpG9\">aqui<\/a>.<\/p>\n\n\n<p><\/p>\n","protected":false},"excerpt":{"rendered":"<p>1) Para ter acesso aos certificados de todos os cursos realizados pela CODEP desde 2022, clique aqui.Aten\u00e7\u00e3o! A partir de <a class=\"read-more\" href=\"https:\/\/institucional.ufrrj.br\/codep\/certificados\/ \" >&#8230; <span class=\"font-italic\">leia mais <i class=\"fas fa-angle-right\"><\/i><\/span><\/a><\/p>\n","protected":false},"author":546,"featured_media":0,"parent":0,"menu_order":0,"comment_status":"closed","ping_status":"closed","template":"","meta":{"_acf_changed":false,"footnotes":""},"class_list":["post-218","page","type-page","status-publish","hentry"],"yoast_head":"<!-- This site is optimized with the Yoast SEO plugin v27.2 - https:\/\/yoast.com\/product\/yoast-seo-wordpress\/ -->\n<title>Certificados - Coordena\u00e7\u00e3o de Desenvolvimento de Pessoas<\/title>\n<meta name=\"robots\" content=\"index, follow, max-snippet:-1, max-image-preview:large, max-video-preview:-1\" \/>\n<link rel=\"canonical\" href=\"https:\/\/institucional.ufrrj.br\/codep\/certificados\/\" \/>\n<meta property=\"og:locale\" content=\"pt_BR\" \/>\n<meta property=\"og:type\" content=\"article\" \/>\n<meta property=\"og:title\" content=\"Certificados - Coordena\u00e7\u00e3o de Desenvolvimento de Pessoas\" \/>\n<meta property=\"og:description\" content=\"1) Para ter acesso aos certificados de todos os cursos realizados pela CODEP desde 2022, clique aqui.Aten\u00e7\u00e3o! A partir de ... leia mais\" \/>\n<meta property=\"og:url\" content=\"https:\/\/institucional.ufrrj.br\/codep\/certificados\/\" \/>\n<meta property=\"og:site_name\" content=\"Coordena\u00e7\u00e3o de Desenvolvimento de Pessoas\" \/>\n<meta property=\"article:modified_time\" content=\"2026-04-01T16:33:27+00:00\" \/>\n<meta name=\"twitter:card\" content=\"summary_large_image\" \/>\n<meta name=\"twitter:label1\" content=\"Est. tempo de leitura\" \/>\n\t<meta name=\"twitter:data1\" content=\"1 minuto\" \/>\n<script type=\"application\/ld+json\" class=\"yoast-schema-graph\">{\"@context\":\"https:\/\/schema.org\",\"@graph\":[{\"@type\":\"WebPage\",\"@id\":\"https:\/\/institucional.ufrrj.br\/codep\/certificados\/\",\"url\":\"https:\/\/institucional.ufrrj.br\/codep\/certificados\/\",\"name\":\"Certificados - Coordena\u00e7\u00e3o de Desenvolvimento de Pessoas\",\"isPartOf\":{\"@id\":\"https:\/\/institucional.ufrrj.br\/codep\/#website\"},\"datePublished\":\"2018-01-15T11:27:59+00:00\",\"dateModified\":\"2026-04-01T16:33:27+00:00\",\"breadcrumb\":{\"@id\":\"https:\/\/institucional.ufrrj.br\/codep\/certificados\/#breadcrumb\"},\"inLanguage\":\"pt-BR\",\"potentialAction\":[{\"@type\":\"ReadAction\",\"target\":[\"https:\/\/institucional.ufrrj.br\/codep\/certificados\/\"]}]},{\"@type\":\"BreadcrumbList\",\"@id\":\"https:\/\/institucional.ufrrj.br\/codep\/certificados\/#breadcrumb\",\"itemListElement\":[{\"@type\":\"ListItem\",\"position\":1,\"name\":\"In\u00edcio\",\"item\":\"https:\/\/institucional.ufrrj.br\/codep\/\"},{\"@type\":\"ListItem\",\"position\":2,\"name\":\"Certificados\"}]},{\"@type\":\"WebSite\",\"@id\":\"https:\/\/institucional.ufrrj.br\/codep\/#website\",\"url\":\"https:\/\/institucional.ufrrj.br\/codep\/\",\"name\":\"Coordena\u00e7\u00e3o de Desenvolvimento de Pessoas\",\"description\":\"S\u00f3 mais um site institucional.ufrrj.br\",\"potentialAction\":[{\"@type\":\"SearchAction\",\"target\":{\"@type\":\"EntryPoint\",\"urlTemplate\":\"https:\/\/institucional.ufrrj.br\/codep\/?s={search_term_string}\"},\"query-input\":{\"@type\":\"PropertyValueSpecification\",\"valueRequired\":true,\"valueName\":\"search_term_string\"}}],\"inLanguage\":\"pt-BR\"}]}<\/script>\n<!-- \/ Yoast SEO plugin. -->","yoast_head_json":{"title":"Certificados - Coordena\u00e7\u00e3o de Desenvolvimento de Pessoas","robots":{"index":"index","follow":"follow","max-snippet":"max-snippet:-1","max-image-preview":"max-image-preview:large","max-video-preview":"max-video-preview:-1"},"canonical":"https:\/\/institucional.ufrrj.br\/codep\/certificados\/","og_locale":"pt_BR","og_type":"article","og_title":"Certificados - Coordena\u00e7\u00e3o de Desenvolvimento de Pessoas","og_description":"1) Para ter acesso aos certificados de todos os cursos realizados pela CODEP desde 2022, clique aqui.Aten\u00e7\u00e3o! A partir de ... leia mais","og_url":"https:\/\/institucional.ufrrj.br\/codep\/certificados\/","og_site_name":"Coordena\u00e7\u00e3o de Desenvolvimento de Pessoas","article_modified_time":"2026-04-01T16:33:27+00:00","twitter_card":"summary_large_image","twitter_misc":{"Est. tempo de leitura":"1 minuto"},"schema":{"@context":"https:\/\/schema.org","@graph":[{"@type":"WebPage","@id":"https:\/\/institucional.ufrrj.br\/codep\/certificados\/","url":"https:\/\/institucional.ufrrj.br\/codep\/certificados\/","name":"Certificados - Coordena\u00e7\u00e3o de Desenvolvimento de Pessoas","isPartOf":{"@id":"https:\/\/institucional.ufrrj.br\/codep\/#website"},"datePublished":"2018-01-15T11:27:59+00:00","dateModified":"2026-04-01T16:33:27+00:00","breadcrumb":{"@id":"https:\/\/institucional.ufrrj.br\/codep\/certificados\/#breadcrumb"},"inLanguage":"pt-BR","potentialAction":[{"@type":"ReadAction","target":["https:\/\/institucional.ufrrj.br\/codep\/certificados\/"]}]},{"@type":"BreadcrumbList","@id":"https:\/\/institucional.ufrrj.br\/codep\/certificados\/#breadcrumb","itemListElement":[{"@type":"ListItem","position":1,"name":"In\u00edcio","item":"https:\/\/institucional.ufrrj.br\/codep\/"},{"@type":"ListItem","position":2,"name":"Certificados"}]},{"@type":"WebSite","@id":"https:\/\/institucional.ufrrj.br\/codep\/#website","url":"https:\/\/institucional.ufrrj.br\/codep\/","name":"Coordena\u00e7\u00e3o de Desenvolvimento de Pessoas","description":"S\u00f3 mais um site institucional.ufrrj.br","potentialAction":[{"@type":"SearchAction","target":{"@type":"EntryPoint","urlTemplate":"https:\/\/institucional.ufrrj.br\/codep\/?s={search_term_string}"},"query-input":{"@type":"PropertyValueSpecification","valueRequired":true,"valueName":"search_term_string"}}],"inLanguage":"pt-BR"}]}},"acf":[],"_links":{"self":[{"href":"https:\/\/institucional.ufrrj.br\/codep\/wp-json\/wp\/v2\/pages\/218","targetHints":{"allow":["GET"]}}],"collection":[{"href":"https:\/\/institucional.ufrrj.br\/codep\/wp-json\/wp\/v2\/pages"}],"about":[{"href":"https:\/\/institucional.ufrrj.br\/codep\/wp-json\/wp\/v2\/types\/page"}],"author":[{"embeddable":true,"href":"https:\/\/institucional.ufrrj.br\/codep\/wp-json\/wp\/v2\/users\/546"}],"replies":[{"embeddable":true,"href":"https:\/\/institucional.ufrrj.br\/codep\/wp-json\/wp\/v2\/comments?post=218"}],"version-history":[{"count":1,"href":"https:\/\/institucional.ufrrj.br\/codep\/wp-json\/wp\/v2\/pages\/218\/revisions"}],"predecessor-version":[{"id":8311,"href":"https:\/\/institucional.ufrrj.br\/codep\/wp-json\/wp\/v2\/pages\/218\/revisions\/8311"}],"wp:attachment":[{"href":"https:\/\/institucional.ufrrj.br\/codep\/wp-json\/wp\/v2\/media?parent=218"}],"curies":[{"name":"wp","href":"https:\/\/api.w.org\/{rel}","templated":true}]}}