{"id":20,"date":"2024-09-13T07:54:41","date_gmt":"2024-09-13T10:54:41","guid":{"rendered":"https:\/\/institucional.ufrrj.br\/cmemoria\/?page_id=20"},"modified":"2026-03-31T15:33:32","modified_gmt":"2026-03-31T18:33:32","slug":"labarq","status":"publish","type":"page","link":"https:\/\/institucional.ufrrj.br\/cmemoria\/labarq\/","title":{"rendered":"LabArq"},"content":{"rendered":"\n<h2 class=\"eplus-wrapper wp-block-heading\">Laborat\u00f3rio de Projetos Arquitet\u00f4nicos<\/h2>\n","protected":false},"excerpt":{"rendered":"<p>Laborat\u00f3rio de Projetos Arquitet\u00f4nicos<\/p>\n","protected":false},"author":868,"featured_media":0,"parent":0,"menu_order":0,"comment_status":"closed","ping_status":"closed","template":"","meta":{"_acf_changed":false,"footnotes":""},"class_list":["post-20","page","type-page","status-publish","hentry"],"yoast_head":"<!-- This site is optimized with the Yoast SEO plugin v27.2 - https:\/\/yoast.com\/product\/yoast-seo-wordpress\/ -->\n<title>LabArq - Centro de Mem\u00f3ria<\/title>\n<meta name=\"description\" content=\"O Laborat\u00f3rio de Projetos Arquitet\u00f4nicos\" \/>\n<meta name=\"robots\" content=\"index, follow, max-snippet:-1, max-image-preview:large, max-video-preview:-1\" \/>\n<link rel=\"canonical\" href=\"https:\/\/institucional.ufrrj.br\/cmemoria\/labarq\/\" \/>\n<meta property=\"og:locale\" content=\"pt_BR\" \/>\n<meta property=\"og:type\" content=\"article\" \/>\n<meta property=\"og:title\" content=\"LabArq - Centro de Mem\u00f3ria\" \/>\n<meta property=\"og:description\" content=\"O Laborat\u00f3rio de Projetos Arquitet\u00f4nicos\" \/>\n<meta property=\"og:url\" content=\"https:\/\/institucional.ufrrj.br\/cmemoria\/labarq\/\" \/>\n<meta property=\"og:site_name\" content=\"Centro de Mem\u00f3ria\" \/>\n<meta property=\"article:modified_time\" content=\"2026-03-31T18:33:32+00:00\" \/>\n<meta name=\"twitter:card\" content=\"summary_large_image\" \/>\n<meta name=\"twitter:label1\" content=\"Est. tempo de leitura\" \/>\n\t<meta name=\"twitter:data1\" content=\"1 minuto\" \/>\n<script type=\"application\/ld+json\" class=\"yoast-schema-graph\">{\"@context\":\"https:\/\/schema.org\",\"@graph\":[{\"@type\":\"WebPage\",\"@id\":\"https:\/\/institucional.ufrrj.br\/cmemoria\/labarq\/\",\"url\":\"https:\/\/institucional.ufrrj.br\/cmemoria\/labarq\/\",\"name\":\"LabArq - Centro de Mem\u00f3ria\",\"isPartOf\":{\"@id\":\"https:\/\/institucional.ufrrj.br\/cmemoria\/#website\"},\"datePublished\":\"2024-09-13T10:54:41+00:00\",\"dateModified\":\"2026-03-31T18:33:32+00:00\",\"description\":\"O Laborat\u00f3rio de Projetos Arquitet\u00f4nicos\",\"breadcrumb\":{\"@id\":\"https:\/\/institucional.ufrrj.br\/cmemoria\/labarq\/#breadcrumb\"},\"inLanguage\":\"pt-BR\",\"potentialAction\":[{\"@type\":\"ReadAction\",\"target\":[\"https:\/\/institucional.ufrrj.br\/cmemoria\/labarq\/\"]}]},{\"@type\":\"BreadcrumbList\",\"@id\":\"https:\/\/institucional.ufrrj.br\/cmemoria\/labarq\/#breadcrumb\",\"itemListElement\":[{\"@type\":\"ListItem\",\"position\":1,\"name\":\"In\u00edcio\",\"item\":\"https:\/\/institucional.ufrrj.br\/cmemoria\/\"},{\"@type\":\"ListItem\",\"position\":2,\"name\":\"LabArq\"}]},{\"@type\":\"WebSite\",\"@id\":\"https:\/\/institucional.ufrrj.br\/cmemoria\/#website\",\"url\":\"https:\/\/institucional.ufrrj.br\/cmemoria\/\",\"name\":\"Centro de Mem\u00f3ria\",\"description\":\"\",\"potentialAction\":[{\"@type\":\"SearchAction\",\"target\":{\"@type\":\"EntryPoint\",\"urlTemplate\":\"https:\/\/institucional.ufrrj.br\/cmemoria\/?s={search_term_string}\"},\"query-input\":{\"@type\":\"PropertyValueSpecification\",\"valueRequired\":true,\"valueName\":\"search_term_string\"}}],\"inLanguage\":\"pt-BR\"}]}<\/script>\n<!-- \/ Yoast SEO plugin. -->","yoast_head_json":{"title":"LabArq - Centro de Mem\u00f3ria","description":"O Laborat\u00f3rio de Projetos Arquitet\u00f4nicos","robots":{"index":"index","follow":"follow","max-snippet":"max-snippet:-1","max-image-preview":"max-image-preview:large","max-video-preview":"max-video-preview:-1"},"canonical":"https:\/\/institucional.ufrrj.br\/cmemoria\/labarq\/","og_locale":"pt_BR","og_type":"article","og_title":"LabArq - Centro de Mem\u00f3ria","og_description":"O Laborat\u00f3rio de Projetos Arquitet\u00f4nicos","og_url":"https:\/\/institucional.ufrrj.br\/cmemoria\/labarq\/","og_site_name":"Centro de Mem\u00f3ria","article_modified_time":"2026-03-31T18:33:32+00:00","twitter_card":"summary_large_image","twitter_misc":{"Est. tempo de leitura":"1 minuto"},"schema":{"@context":"https:\/\/schema.org","@graph":[{"@type":"WebPage","@id":"https:\/\/institucional.ufrrj.br\/cmemoria\/labarq\/","url":"https:\/\/institucional.ufrrj.br\/cmemoria\/labarq\/","name":"LabArq - Centro de Mem\u00f3ria","isPartOf":{"@id":"https:\/\/institucional.ufrrj.br\/cmemoria\/#website"},"datePublished":"2024-09-13T10:54:41+00:00","dateModified":"2026-03-31T18:33:32+00:00","description":"O Laborat\u00f3rio de Projetos Arquitet\u00f4nicos","breadcrumb":{"@id":"https:\/\/institucional.ufrrj.br\/cmemoria\/labarq\/#breadcrumb"},"inLanguage":"pt-BR","potentialAction":[{"@type":"ReadAction","target":["https:\/\/institucional.ufrrj.br\/cmemoria\/labarq\/"]}]},{"@type":"BreadcrumbList","@id":"https:\/\/institucional.ufrrj.br\/cmemoria\/labarq\/#breadcrumb","itemListElement":[{"@type":"ListItem","position":1,"name":"In\u00edcio","item":"https:\/\/institucional.ufrrj.br\/cmemoria\/"},{"@type":"ListItem","position":2,"name":"LabArq"}]},{"@type":"WebSite","@id":"https:\/\/institucional.ufrrj.br\/cmemoria\/#website","url":"https:\/\/institucional.ufrrj.br\/cmemoria\/","name":"Centro de Mem\u00f3ria","description":"","potentialAction":[{"@type":"SearchAction","target":{"@type":"EntryPoint","urlTemplate":"https:\/\/institucional.ufrrj.br\/cmemoria\/?s={search_term_string}"},"query-input":{"@type":"PropertyValueSpecification","valueRequired":true,"valueName":"search_term_string"}}],"inLanguage":"pt-BR"}]}},"acf":[],"_links":{"self":[{"href":"https:\/\/institucional.ufrrj.br\/cmemoria\/wp-json\/wp\/v2\/pages\/20","targetHints":{"allow":["GET"]}}],"collection":[{"href":"https:\/\/institucional.ufrrj.br\/cmemoria\/wp-json\/wp\/v2\/pages"}],"about":[{"href":"https:\/\/institucional.ufrrj.br\/cmemoria\/wp-json\/wp\/v2\/types\/page"}],"author":[{"embeddable":true,"href":"https:\/\/institucional.ufrrj.br\/cmemoria\/wp-json\/wp\/v2\/users\/868"}],"replies":[{"embeddable":true,"href":"https:\/\/institucional.ufrrj.br\/cmemoria\/wp-json\/wp\/v2\/comments?post=20"}],"version-history":[{"count":2,"href":"https:\/\/institucional.ufrrj.br\/cmemoria\/wp-json\/wp\/v2\/pages\/20\/revisions"}],"predecessor-version":[{"id":36,"href":"https:\/\/institucional.ufrrj.br\/cmemoria\/wp-json\/wp\/v2\/pages\/20\/revisions\/36"}],"wp:attachment":[{"href":"https:\/\/institucional.ufrrj.br\/cmemoria\/wp-json\/wp\/v2\/media?parent=20"}],"curies":[{"name":"wp","href":"https:\/\/api.w.org\/{rel}","templated":true}]}}