{"id":235,"date":"2024-11-04T14:43:00","date_gmt":"2024-11-04T17:43:00","guid":{"rendered":"https:\/\/institucional.ufrrj.br\/cepufrrj\/?page_id=235"},"modified":"2025-04-29T21:41:38","modified_gmt":"2025-04-30T00:41:38","slug":"modelos-de-documentos","status":"publish","type":"page","link":"https:\/\/institucional.ufrrj.br\/cepufrrj\/modelos-de-documentos\/","title":{"rendered":"Modelos de Documentos"},"content":{"rendered":"\n<p class=\" eplus-wrapper\"><strong>SUGEST\u00d5ES DE MODELOS DE TERMOS PARA SUBMISS\u00c3O DE PROJETOS DE PESQUISA<\/strong><\/p>\n\n\n\n<p class=\" eplus-wrapper\">O Comit\u00ea de \u00c9tica em Pesquisa com Seres Humanos da UFRRJ torna p\u00fablico os modelos de termos de consentimento, assentimento e anu\u00eancia. Os modelos constituem sugest\u00f5es para orientar e\/ou nortear os(as) pesquisadores(as) na elabora\u00e7\u00e3o dos referidos termos necess\u00e1rios para submiss\u00e3o de projetos de pesquisa ao Sistema CEP\/Conep. Esses modelos poder\u00e3o variar de acordo com cada pesquisa e caracter\u00edsticas dos participantes\/da popula\u00e7\u00e3o (leia a Resolu\u00e7\u00e3o 466\/2012 e 510\/2016).<\/p>\n\n\n\n<p class=\" eplus-wrapper\"><\/p>\n\n\n\n<div class=\" wp-block-file eplus-wrapper\"><a id=\"wp-block-file--media-23dfa590-47e7-4ec9-88be-aa16cdd80902\" href=\"https:\/\/institucional.ufrrj.br\/cepufrrj\/files\/2024\/11\/Modelo_TALE_UFRRJ.doc\">Termo de Assentimento Livre e Esclarecido<\/a><a href=\"https:\/\/institucional.ufrrj.br\/cepufrrj\/files\/2024\/11\/Modelo_TALE_UFRRJ.doc\" class=\"wp-block-file__button wp-element-button\" download aria-describedby=\"wp-block-file--media-23dfa590-47e7-4ec9-88be-aa16cdd80902\">Baixar<\/a><\/div>\n\n\n\n<div class=\" wp-block-file eplus-wrapper\"><a id=\"wp-block-file--media-9b157d99-e3aa-4101-ab43-1f98208c8be2\" href=\"https:\/\/institucional.ufrrj.br\/cepufrrj\/files\/2024\/11\/Modelo_Termo_de_Anuencia_UFRRJ.docx\">Termo de Anu\u00eancia Institucional &#8211; TAI<\/a><a href=\"https:\/\/institucional.ufrrj.br\/cepufrrj\/files\/2024\/11\/Modelo_Termo_de_Anuencia_UFRRJ.docx\" class=\"wp-block-file__button wp-element-button\" download aria-describedby=\"wp-block-file--media-9b157d99-e3aa-4101-ab43-1f98208c8be2\">Baixar<\/a><\/div>\n\n\n\n<div class=\" wp-block-file eplus-wrapper\"><a id=\"wp-block-file--media-7ab314b9-3c8b-4e3e-b0b0-f3a5a14ceb62\" href=\"https:\/\/institucional.ufrrj.br\/cepufrrj\/files\/2025\/04\/Registro-de-Consentimento-Livre-e-Esclarecido-para-Pesquisas-em-Ambiente-Virtual_2.doc\">Registro de Consentimento Livre e Esclarecido para Pesquisas em Ambiente Virtual_2<\/a><a href=\"https:\/\/institucional.ufrrj.br\/cepufrrj\/files\/2025\/04\/Registro-de-Consentimento-Livre-e-Esclarecido-para-Pesquisas-em-Ambiente-Virtual_2.doc\" class=\"wp-block-file__button wp-element-button\" download aria-describedby=\"wp-block-file--media-7ab314b9-3c8b-4e3e-b0b0-f3a5a14ceb62\">Baixar<\/a><\/div>\n\n\n\n<div class=\" wp-block-file eplus-wrapper\"><a id=\"wp-block-file--media-450375f7-eddd-48fe-8fe8-858039ba30fc\" href=\"https:\/\/institucional.ufrrj.br\/cepufrrj\/files\/2024\/11\/Modelo_TCLE_Area_CienciasdaSaude_UFRRJ.doc\">Termo de Consentimento Livre e Esclarecido para Pesquisa na \u00c1rea da Sa\u00fade<\/a><a href=\"https:\/\/institucional.ufrrj.br\/cepufrrj\/files\/2024\/11\/Modelo_TCLE_Area_CienciasdaSaude_UFRRJ.doc\" class=\"wp-block-file__button wp-element-button\" download aria-describedby=\"wp-block-file--media-450375f7-eddd-48fe-8fe8-858039ba30fc\">Baixar<\/a><\/div>\n\n\n\n<div class=\" wp-block-file eplus-wrapper\"><a id=\"wp-block-file--media-c282ba58-27e9-49ab-8d59-d23e4e35ee19\" href=\"https:\/\/institucional.ufrrj.br\/cepufrrj\/files\/2024\/11\/Modelo_TCLE_Area_CienciasdaSaude_Responsaveis_UFRRJ4.doc\">Termo de Consentimento Livre e Esclarecido para Pesquisa na \u00c1rea da Sa\u00fade &#8211; Respons\u00e1veis<\/a><a href=\"https:\/\/institucional.ufrrj.br\/cepufrrj\/files\/2024\/11\/Modelo_TCLE_Area_CienciasdaSaude_Responsaveis_UFRRJ4.doc\" class=\"wp-block-file__button wp-element-button\" download aria-describedby=\"wp-block-file--media-c282ba58-27e9-49ab-8d59-d23e4e35ee19\">Baixar<\/a><\/div>\n\n\n\n<div class=\" wp-block-file eplus-wrapper\"><a id=\"wp-block-file--media-b5c172d0-b831-4ea7-8c6b-e156168cb689\" href=\"https:\/\/institucional.ufrrj.br\/cepufrrj\/files\/2024\/11\/Modelo_TCLE_Area_CienciasHumanasSocais_UFRRJ.doc\">Termo de Consentimento Livre e Esclarecido para Pesquisa na \u00c1rea de Ci\u00eancias Humanas e Sociais<\/a><a href=\"https:\/\/institucional.ufrrj.br\/cepufrrj\/files\/2024\/11\/Modelo_TCLE_Area_CienciasHumanasSocais_UFRRJ.doc\" class=\"wp-block-file__button wp-element-button\" download aria-describedby=\"wp-block-file--media-b5c172d0-b831-4ea7-8c6b-e156168cb689\">Baixar<\/a><\/div>\n\n\n\n<div class=\" wp-block-file eplus-wrapper\"><a id=\"wp-block-file--media-1c637304-3ca3-4420-899d-01a8faae4a2b\" href=\"https:\/\/institucional.ufrrj.br\/cepufrrj\/files\/2024\/11\/Modelo_TCLE_Area_CienciasHumanasSocais_Responsaveis_UFRRJ6.doc\">Termo de Consentimento Livre e Esclarecido para Pesquisa na \u00c1rea de Ci\u00eancias Humanas e Sociais &#8211; Respons\u00e1veis<\/a><a href=\"https:\/\/institucional.ufrrj.br\/cepufrrj\/files\/2024\/11\/Modelo_TCLE_Area_CienciasHumanasSocais_Responsaveis_UFRRJ6.doc\" class=\"wp-block-file__button wp-element-button\" download aria-describedby=\"wp-block-file--media-1c637304-3ca3-4420-899d-01a8faae4a2b\">Baixar<\/a><\/div>\n\n\n\n<div class=\" wp-block-file eplus-wrapper\"><a id=\"wp-block-file--media-c4aa0f8a-3b99-4a0f-9c46-55ddc3dbb6bc\" href=\"https:\/\/institucional.ufrrj.br\/cepufrrj\/files\/2024\/11\/Autorizacao-de-imagem-e-voz-do-menor.docx\">Termo de Autoriza\u00e7\u00e3o para uso de Imagem e(ou) voz do(a) menor Participante da Pesquisa<\/a><a href=\"https:\/\/institucional.ufrrj.br\/cepufrrj\/files\/2024\/11\/Autorizacao-de-imagem-e-voz-do-menor.docx\" class=\"wp-block-file__button wp-element-button\" download aria-describedby=\"wp-block-file--media-c4aa0f8a-3b99-4a0f-9c46-55ddc3dbb6bc\">Baixar<\/a><\/div>\n\n\n\n<div class=\" wp-block-file eplus-wrapper\"><a id=\"wp-block-file--media-16948b79-cd03-4ecf-b97c-305fae3ee3e3\" href=\"https:\/\/institucional.ufrrj.br\/cepufrrj\/files\/2024\/11\/Modelo_Termo_de_uso_de_-imagem_e_voz_UFRRJ.docx\">Termo de Autoriza\u00e7\u00e3o de Uso de Imagem e Voz<\/a><a href=\"https:\/\/institucional.ufrrj.br\/cepufrrj\/files\/2024\/11\/Modelo_Termo_de_uso_de_-imagem_e_voz_UFRRJ.docx\" class=\"wp-block-file__button wp-element-button\" download aria-describedby=\"wp-block-file--media-16948b79-cd03-4ecf-b97c-305fae3ee3e3\">Baixar<\/a><\/div>\n\n\n\n<div class=\" wp-block-file eplus-wrapper\"><a id=\"wp-block-file--media-663903f3-592f-4a3b-8d4b-0caef76afd98\" href=\"https:\/\/institucional.ufrrj.br\/cepufrrj\/files\/2024\/11\/Modelo_Carta_Resposta_Pendencias_UFRRJ.doc\">Modelo Carta Resposta Pend\u00eancias -UFRRJ<\/a><a href=\"https:\/\/institucional.ufrrj.br\/cepufrrj\/files\/2024\/11\/Modelo_Carta_Resposta_Pendencias_UFRRJ.doc\" class=\"wp-block-file__button wp-element-button\" download aria-describedby=\"wp-block-file--media-663903f3-592f-4a3b-8d4b-0caef76afd98\">Baixar<\/a><\/div>\n\n\n\n<div style=\"height:50px\" aria-hidden=\"true\" class=\" wp-block-spacer eplus-wrapper\"><\/div>\n\n\n\n<p class=\" eplus-wrapper\"><strong>Sugest\u00e3o de Modelo de Relat\u00f3rio Parcial\/Final<\/strong><\/p>\n\n\n\n<div class=\" wp-block-file eplus-wrapper\"><a id=\"wp-block-file--media-61273ff6-be3b-4b64-9147-f6ba3436decd\" href=\"https:\/\/institucional.ufrrj.br\/cepufrrj\/files\/2024\/11\/Modelo-de-Relatorio_parcial.final_.PB_.docx\">Modelo Relat\u00f3rio Parcial\/Final<\/a><a href=\"https:\/\/institucional.ufrrj.br\/cepufrrj\/files\/2024\/11\/Modelo-de-Relatorio_parcial.final_.PB_.docx\" class=\"wp-block-file__button wp-element-button\" download aria-describedby=\"wp-block-file--media-61273ff6-be3b-4b64-9147-f6ba3436decd\">Baixar<\/a><\/div>\n\n\n\n<div style=\"height:50px\" aria-hidden=\"true\" class=\" wp-block-spacer eplus-wrapper\"><\/div>\n\n\n\n<p class=\" eplus-wrapper\"><strong>Fluxo para Submiss\u00e3o de Projetos Ao Comit\u00ea de \u00c9tica Em Pesquisa \u2013 CEP\/UFRRJ<\/strong><\/p>\n\n\n\n<div class=\" wp-block-file eplus-wrapper\"><a id=\"wp-block-file--media-42d9a020-960a-4697-858e-f2bc0038076a\" href=\"https:\/\/institucional.ufrrj.br\/cepufrrj\/files\/2024\/11\/Fluxograma-CEP-UFFRJ.pdf\">Fluxograma<\/a><a href=\"https:\/\/institucional.ufrrj.br\/cepufrrj\/files\/2024\/11\/Fluxograma-CEP-UFFRJ.pdf\" class=\"wp-block-file__button wp-element-button\" download aria-describedby=\"wp-block-file--media-42d9a020-960a-4697-858e-f2bc0038076a\">Baixar<\/a><\/div>\n\n\n\n<p class=\" eplus-wrapper\"><\/p>\n\n\n\n<div style=\"height:50px\" aria-hidden=\"true\" class=\" wp-block-spacer eplus-wrapper\"><\/div>\n\n\n\n<p class=\" eplus-wrapper\"><strong>Manual de Orienta\u00e7\u00e3o: Pend\u00eancias Comuns Em Protocolos de Ci\u00eancias Humanas e Sociais no Sistema CEP\/CONEP<\/strong><\/p>\n\n\n\n<div class=\" wp-block-file eplus-wrapper\"><a id=\"wp-block-file--media-1f309189-771b-4b32-a3be-9b8a00708041\" href=\"https:\/\/institucional.ufrrj.br\/cepufrrj\/files\/2024\/11\/Manual_de_Orientacao_Pendencias_comuns_em_protocolos_CHS_versao_23102023.pdf\">Manual de Orienta\u00e7\u00e3o<\/a><a href=\"https:\/\/institucional.ufrrj.br\/cepufrrj\/files\/2024\/11\/Manual_de_Orientacao_Pendencias_comuns_em_protocolos_CHS_versao_23102023.pdf\" class=\"wp-block-file__button wp-element-button\" download aria-describedby=\"wp-block-file--media-1f309189-771b-4b32-a3be-9b8a00708041\">Baixar<\/a><\/div>\n\n\n\n<p class=\" eplus-wrapper\"><\/p>\n\n\n\n<p class=\" eplus-wrapper\"><strong>Assinatura na Folha de Rosto para Pesquisa Envolvendo Seres Humanos<\/strong><\/p>\n\n\n\n<p class=\" eplus-wrapper\">A partir do dia 30 de abril de 2024, ser\u00e1 recebido, para assinatura pela Pr\u00f3-Reitoria de Pesquisa e P\u00f3s-Gradua\u00e7\u00e3o, o Formul\u00e1rio FOLHA DE ROSTO PARA PESQUISA ENVOLVENDO SERES HUMANOS (Sistema Cep\/CONEP \u2013 via Plataforma Brasil) \u00fanica e exclusivamente por meio do e-mail <a href=\"mailto:folhaderosto@ufrrj.br\">folhaderosto@ufrrj.br<\/a><br>O Formul\u00e1rio dever\u00e1 estar obrigatoriamente preenchido com os dados e com assinatura digital (gov.br) do Pesquisador Respons\u00e1vel.<br>Outras formas de envio n\u00e3o ser\u00e3o consideradas.<br>Aguardando tamb\u00e9m o tempo h\u00e1bil de at\u00e9 5 (cinco) dias, o retorno das assinaturas pela PROPPG.<br>Uma vez assinado o formul\u00e1rio, este ser\u00e1 encaminhado novamente para o Pesquisador dar continuidade a tramita\u00e7\u00e3o da submiss\u00e3o do projeto na Plataforma&nbsp;Brasil.<\/p>\n\n\n\n<p class=\" eplus-wrapper\"><\/p>\n\n\n\n<p class=\" eplus-wrapper\"><\/p>\n\n\n\n<p class=\" eplus-wrapper\"><\/p>\n","protected":false},"excerpt":{"rendered":"<p>SUGEST\u00d5ES DE MODELOS DE TERMOS PARA SUBMISS\u00c3O DE PROJETOS DE PESQUISA O Comit\u00ea de \u00c9tica em Pesquisa com Seres Humanos da UFRRJ [&hellip;]<\/p>\n","protected":false},"author":634,"featured_media":0,"parent":0,"menu_order":0,"comment_status":"closed","ping_status":"closed","template":"","meta":{"_acf_changed":false,"footnotes":""},"class_list":["post-235","page","type-page","status-publish","hentry"],"yoast_head":"<!-- This site is optimized with the Yoast SEO plugin v27.2 - https:\/\/yoast.com\/product\/yoast-seo-wordpress\/ -->\n<title>Modelos de Documentos - CEP<\/title>\n<meta name=\"robots\" content=\"index, follow, max-snippet:-1, max-image-preview:large, max-video-preview:-1\" \/>\n<link rel=\"canonical\" href=\"https:\/\/institucional.ufrrj.br\/cepufrrj\/modelos-de-documentos\/\" \/>\n<meta property=\"og:locale\" content=\"pt_BR\" \/>\n<meta property=\"og:type\" content=\"article\" \/>\n<meta property=\"og:title\" content=\"Modelos de Documentos - CEP\" \/>\n<meta property=\"og:description\" content=\"SUGEST\u00d5ES DE MODELOS DE TERMOS PARA SUBMISS\u00c3O DE PROJETOS DE PESQUISA O Comit\u00ea de \u00c9tica em Pesquisa com Seres Humanos da UFRRJ [&hellip;]\" \/>\n<meta property=\"og:url\" content=\"https:\/\/institucional.ufrrj.br\/cepufrrj\/modelos-de-documentos\/\" \/>\n<meta property=\"og:site_name\" content=\"CEP\" \/>\n<meta property=\"article:modified_time\" content=\"2025-04-30T00:41:38+00:00\" \/>\n<meta name=\"twitter:card\" content=\"summary_large_image\" \/>\n<meta name=\"twitter:label1\" content=\"Est. tempo de leitura\" \/>\n\t<meta name=\"twitter:data1\" content=\"2 minutos\" \/>\n<script type=\"application\/ld+json\" class=\"yoast-schema-graph\">{\"@context\":\"https:\/\/schema.org\",\"@graph\":[{\"@type\":\"WebPage\",\"@id\":\"https:\/\/institucional.ufrrj.br\/cepufrrj\/modelos-de-documentos\/\",\"url\":\"https:\/\/institucional.ufrrj.br\/cepufrrj\/modelos-de-documentos\/\",\"name\":\"Modelos de Documentos - CEP\",\"isPartOf\":{\"@id\":\"https:\/\/institucional.ufrrj.br\/cepufrrj\/#website\"},\"datePublished\":\"2024-11-04T17:43:00+00:00\",\"dateModified\":\"2025-04-30T00:41:38+00:00\",\"breadcrumb\":{\"@id\":\"https:\/\/institucional.ufrrj.br\/cepufrrj\/modelos-de-documentos\/#breadcrumb\"},\"inLanguage\":\"pt-BR\",\"potentialAction\":[{\"@type\":\"ReadAction\",\"target\":[\"https:\/\/institucional.ufrrj.br\/cepufrrj\/modelos-de-documentos\/\"]}]},{\"@type\":\"BreadcrumbList\",\"@id\":\"https:\/\/institucional.ufrrj.br\/cepufrrj\/modelos-de-documentos\/#breadcrumb\",\"itemListElement\":[{\"@type\":\"ListItem\",\"position\":1,\"name\":\"In\u00edcio\",\"item\":\"https:\/\/institucional.ufrrj.br\/cepufrrj\/\"},{\"@type\":\"ListItem\",\"position\":2,\"name\":\"Modelos de Documentos\"}]},{\"@type\":\"WebSite\",\"@id\":\"https:\/\/institucional.ufrrj.br\/cepufrrj\/#website\",\"url\":\"https:\/\/institucional.ufrrj.br\/cepufrrj\/\",\"name\":\"CEP-UFRRJ\",\"description\":\"\",\"potentialAction\":[{\"@type\":\"SearchAction\",\"target\":{\"@type\":\"EntryPoint\",\"urlTemplate\":\"https:\/\/institucional.ufrrj.br\/cepufrrj\/?s={search_term_string}\"},\"query-input\":{\"@type\":\"PropertyValueSpecification\",\"valueRequired\":true,\"valueName\":\"search_term_string\"}}],\"inLanguage\":\"pt-BR\"}]}<\/script>\n<!-- \/ Yoast SEO plugin. -->","yoast_head_json":{"title":"Modelos de Documentos - CEP","robots":{"index":"index","follow":"follow","max-snippet":"max-snippet:-1","max-image-preview":"max-image-preview:large","max-video-preview":"max-video-preview:-1"},"canonical":"https:\/\/institucional.ufrrj.br\/cepufrrj\/modelos-de-documentos\/","og_locale":"pt_BR","og_type":"article","og_title":"Modelos de Documentos - CEP","og_description":"SUGEST\u00d5ES DE MODELOS DE TERMOS PARA SUBMISS\u00c3O DE PROJETOS DE PESQUISA O Comit\u00ea de \u00c9tica em Pesquisa com Seres Humanos da UFRRJ [&hellip;]","og_url":"https:\/\/institucional.ufrrj.br\/cepufrrj\/modelos-de-documentos\/","og_site_name":"CEP","article_modified_time":"2025-04-30T00:41:38+00:00","twitter_card":"summary_large_image","twitter_misc":{"Est. tempo de leitura":"2 minutos"},"schema":{"@context":"https:\/\/schema.org","@graph":[{"@type":"WebPage","@id":"https:\/\/institucional.ufrrj.br\/cepufrrj\/modelos-de-documentos\/","url":"https:\/\/institucional.ufrrj.br\/cepufrrj\/modelos-de-documentos\/","name":"Modelos de Documentos - CEP","isPartOf":{"@id":"https:\/\/institucional.ufrrj.br\/cepufrrj\/#website"},"datePublished":"2024-11-04T17:43:00+00:00","dateModified":"2025-04-30T00:41:38+00:00","breadcrumb":{"@id":"https:\/\/institucional.ufrrj.br\/cepufrrj\/modelos-de-documentos\/#breadcrumb"},"inLanguage":"pt-BR","potentialAction":[{"@type":"ReadAction","target":["https:\/\/institucional.ufrrj.br\/cepufrrj\/modelos-de-documentos\/"]}]},{"@type":"BreadcrumbList","@id":"https:\/\/institucional.ufrrj.br\/cepufrrj\/modelos-de-documentos\/#breadcrumb","itemListElement":[{"@type":"ListItem","position":1,"name":"In\u00edcio","item":"https:\/\/institucional.ufrrj.br\/cepufrrj\/"},{"@type":"ListItem","position":2,"name":"Modelos de Documentos"}]},{"@type":"WebSite","@id":"https:\/\/institucional.ufrrj.br\/cepufrrj\/#website","url":"https:\/\/institucional.ufrrj.br\/cepufrrj\/","name":"CEP-UFRRJ","description":"","potentialAction":[{"@type":"SearchAction","target":{"@type":"EntryPoint","urlTemplate":"https:\/\/institucional.ufrrj.br\/cepufrrj\/?s={search_term_string}"},"query-input":{"@type":"PropertyValueSpecification","valueRequired":true,"valueName":"search_term_string"}}],"inLanguage":"pt-BR"}]}},"acf":[],"_links":{"self":[{"href":"https:\/\/institucional.ufrrj.br\/cepufrrj\/wp-json\/wp\/v2\/pages\/235","targetHints":{"allow":["GET"]}}],"collection":[{"href":"https:\/\/institucional.ufrrj.br\/cepufrrj\/wp-json\/wp\/v2\/pages"}],"about":[{"href":"https:\/\/institucional.ufrrj.br\/cepufrrj\/wp-json\/wp\/v2\/types\/page"}],"author":[{"embeddable":true,"href":"https:\/\/institucional.ufrrj.br\/cepufrrj\/wp-json\/wp\/v2\/users\/634"}],"replies":[{"embeddable":true,"href":"https:\/\/institucional.ufrrj.br\/cepufrrj\/wp-json\/wp\/v2\/comments?post=235"}],"version-history":[{"count":26,"href":"https:\/\/institucional.ufrrj.br\/cepufrrj\/wp-json\/wp\/v2\/pages\/235\/revisions"}],"predecessor-version":[{"id":465,"href":"https:\/\/institucional.ufrrj.br\/cepufrrj\/wp-json\/wp\/v2\/pages\/235\/revisions\/465"}],"wp:attachment":[{"href":"https:\/\/institucional.ufrrj.br\/cepufrrj\/wp-json\/wp\/v2\/media?parent=235"}],"curies":[{"name":"wp","href":"https:\/\/api.w.org\/{rel}","templated":true}]}}