{"id":178,"date":"2024-11-04T13:04:01","date_gmt":"2024-11-04T16:04:01","guid":{"rendered":"https:\/\/institucional.ufrrj.br\/cepufrrj\/?page_id=178"},"modified":"2024-12-11T12:52:10","modified_gmt":"2024-12-11T15:52:10","slug":"calendario","status":"publish","type":"page","link":"https:\/\/institucional.ufrrj.br\/cepufrrj\/calendario\/","title":{"rendered":"Calend\u00e1rio"},"content":{"rendered":"\n<p class=\" eplus-wrapper\">As reuni\u00f5es ordin\u00e1rias acontecem, preferencialmente, na primeira semana do m\u00eas, na sala CEP\/UFRRJ, de acordo com calend\u00e1rio anual previamente definido, al\u00e9m de sess\u00f5es extraordin\u00e1rias sempre que se fizerem necess\u00e1rias.<\/p>\n\n\n\n<p class=\" eplus-wrapper\"><\/p>\n\n\n<p><iframe loading=\"lazy\" src=\"https:\/\/calendar.google.com\/calendar\/embed?src=eticacep%40ufrrj.br&#038;ctz=America%2FSao_Paulo\" style=\"border: 0\" width=\"100%\" height=\"600\" frameborder=\"0\" scrolling=\"no\"><\/iframe><\/p>\n","protected":false},"excerpt":{"rendered":"<p>As reuni\u00f5es ordin\u00e1rias acontecem, preferencialmente, na primeira semana do m\u00eas, na sala CEP\/UFRRJ, de acordo com calend\u00e1rio anual previamente definido, al\u00e9m de [&hellip;]<\/p>\n","protected":false},"author":634,"featured_media":0,"parent":0,"menu_order":0,"comment_status":"closed","ping_status":"closed","template":"","meta":{"_acf_changed":false,"footnotes":""},"class_list":["post-178","page","type-page","status-publish","hentry"],"yoast_head":"<!-- This site is optimized with the Yoast SEO plugin v27.2 - https:\/\/yoast.com\/product\/yoast-seo-wordpress\/ -->\n<title>Calend\u00e1rio - CEP<\/title>\n<meta name=\"robots\" content=\"index, follow, max-snippet:-1, max-image-preview:large, max-video-preview:-1\" \/>\n<link rel=\"canonical\" href=\"https:\/\/institucional.ufrrj.br\/cepufrrj\/calendario\/\" \/>\n<meta property=\"og:locale\" content=\"pt_BR\" \/>\n<meta property=\"og:type\" content=\"article\" \/>\n<meta property=\"og:title\" content=\"Calend\u00e1rio - CEP\" \/>\n<meta property=\"og:description\" content=\"As reuni\u00f5es ordin\u00e1rias acontecem, preferencialmente, na primeira semana do m\u00eas, na sala CEP\/UFRRJ, de acordo com calend\u00e1rio anual previamente definido, al\u00e9m de [&hellip;]\" \/>\n<meta property=\"og:url\" content=\"https:\/\/institucional.ufrrj.br\/cepufrrj\/calendario\/\" \/>\n<meta property=\"og:site_name\" content=\"CEP\" \/>\n<meta property=\"article:modified_time\" content=\"2024-12-11T15:52:10+00:00\" \/>\n<meta name=\"twitter:card\" content=\"summary_large_image\" \/>\n<meta name=\"twitter:label1\" content=\"Est. tempo de leitura\" \/>\n\t<meta name=\"twitter:data1\" content=\"1 minuto\" \/>\n<script type=\"application\/ld+json\" class=\"yoast-schema-graph\">{\"@context\":\"https:\/\/schema.org\",\"@graph\":[{\"@type\":\"WebPage\",\"@id\":\"https:\/\/institucional.ufrrj.br\/cepufrrj\/calendario\/\",\"url\":\"https:\/\/institucional.ufrrj.br\/cepufrrj\/calendario\/\",\"name\":\"Calend\u00e1rio - CEP\",\"isPartOf\":{\"@id\":\"https:\/\/institucional.ufrrj.br\/cepufrrj\/#website\"},\"datePublished\":\"2024-11-04T16:04:01+00:00\",\"dateModified\":\"2024-12-11T15:52:10+00:00\",\"breadcrumb\":{\"@id\":\"https:\/\/institucional.ufrrj.br\/cepufrrj\/calendario\/#breadcrumb\"},\"inLanguage\":\"pt-BR\",\"potentialAction\":[{\"@type\":\"ReadAction\",\"target\":[\"https:\/\/institucional.ufrrj.br\/cepufrrj\/calendario\/\"]}]},{\"@type\":\"BreadcrumbList\",\"@id\":\"https:\/\/institucional.ufrrj.br\/cepufrrj\/calendario\/#breadcrumb\",\"itemListElement\":[{\"@type\":\"ListItem\",\"position\":1,\"name\":\"In\u00edcio\",\"item\":\"https:\/\/institucional.ufrrj.br\/cepufrrj\/\"},{\"@type\":\"ListItem\",\"position\":2,\"name\":\"Calend\u00e1rio\"}]},{\"@type\":\"WebSite\",\"@id\":\"https:\/\/institucional.ufrrj.br\/cepufrrj\/#website\",\"url\":\"https:\/\/institucional.ufrrj.br\/cepufrrj\/\",\"name\":\"CEP-UFRRJ\",\"description\":\"\",\"potentialAction\":[{\"@type\":\"SearchAction\",\"target\":{\"@type\":\"EntryPoint\",\"urlTemplate\":\"https:\/\/institucional.ufrrj.br\/cepufrrj\/?s={search_term_string}\"},\"query-input\":{\"@type\":\"PropertyValueSpecification\",\"valueRequired\":true,\"valueName\":\"search_term_string\"}}],\"inLanguage\":\"pt-BR\"}]}<\/script>\n<!-- \/ Yoast SEO plugin. -->","yoast_head_json":{"title":"Calend\u00e1rio - CEP","robots":{"index":"index","follow":"follow","max-snippet":"max-snippet:-1","max-image-preview":"max-image-preview:large","max-video-preview":"max-video-preview:-1"},"canonical":"https:\/\/institucional.ufrrj.br\/cepufrrj\/calendario\/","og_locale":"pt_BR","og_type":"article","og_title":"Calend\u00e1rio - CEP","og_description":"As reuni\u00f5es ordin\u00e1rias acontecem, preferencialmente, na primeira semana do m\u00eas, na sala CEP\/UFRRJ, de acordo com calend\u00e1rio anual previamente definido, al\u00e9m de [&hellip;]","og_url":"https:\/\/institucional.ufrrj.br\/cepufrrj\/calendario\/","og_site_name":"CEP","article_modified_time":"2024-12-11T15:52:10+00:00","twitter_card":"summary_large_image","twitter_misc":{"Est. tempo de leitura":"1 minuto"},"schema":{"@context":"https:\/\/schema.org","@graph":[{"@type":"WebPage","@id":"https:\/\/institucional.ufrrj.br\/cepufrrj\/calendario\/","url":"https:\/\/institucional.ufrrj.br\/cepufrrj\/calendario\/","name":"Calend\u00e1rio - CEP","isPartOf":{"@id":"https:\/\/institucional.ufrrj.br\/cepufrrj\/#website"},"datePublished":"2024-11-04T16:04:01+00:00","dateModified":"2024-12-11T15:52:10+00:00","breadcrumb":{"@id":"https:\/\/institucional.ufrrj.br\/cepufrrj\/calendario\/#breadcrumb"},"inLanguage":"pt-BR","potentialAction":[{"@type":"ReadAction","target":["https:\/\/institucional.ufrrj.br\/cepufrrj\/calendario\/"]}]},{"@type":"BreadcrumbList","@id":"https:\/\/institucional.ufrrj.br\/cepufrrj\/calendario\/#breadcrumb","itemListElement":[{"@type":"ListItem","position":1,"name":"In\u00edcio","item":"https:\/\/institucional.ufrrj.br\/cepufrrj\/"},{"@type":"ListItem","position":2,"name":"Calend\u00e1rio"}]},{"@type":"WebSite","@id":"https:\/\/institucional.ufrrj.br\/cepufrrj\/#website","url":"https:\/\/institucional.ufrrj.br\/cepufrrj\/","name":"CEP-UFRRJ","description":"","potentialAction":[{"@type":"SearchAction","target":{"@type":"EntryPoint","urlTemplate":"https:\/\/institucional.ufrrj.br\/cepufrrj\/?s={search_term_string}"},"query-input":{"@type":"PropertyValueSpecification","valueRequired":true,"valueName":"search_term_string"}}],"inLanguage":"pt-BR"}]}},"acf":[],"_links":{"self":[{"href":"https:\/\/institucional.ufrrj.br\/cepufrrj\/wp-json\/wp\/v2\/pages\/178","targetHints":{"allow":["GET"]}}],"collection":[{"href":"https:\/\/institucional.ufrrj.br\/cepufrrj\/wp-json\/wp\/v2\/pages"}],"about":[{"href":"https:\/\/institucional.ufrrj.br\/cepufrrj\/wp-json\/wp\/v2\/types\/page"}],"author":[{"embeddable":true,"href":"https:\/\/institucional.ufrrj.br\/cepufrrj\/wp-json\/wp\/v2\/users\/634"}],"replies":[{"embeddable":true,"href":"https:\/\/institucional.ufrrj.br\/cepufrrj\/wp-json\/wp\/v2\/comments?post=178"}],"version-history":[{"count":3,"href":"https:\/\/institucional.ufrrj.br\/cepufrrj\/wp-json\/wp\/v2\/pages\/178\/revisions"}],"predecessor-version":[{"id":396,"href":"https:\/\/institucional.ufrrj.br\/cepufrrj\/wp-json\/wp\/v2\/pages\/178\/revisions\/396"}],"wp:attachment":[{"href":"https:\/\/institucional.ufrrj.br\/cepufrrj\/wp-json\/wp\/v2\/media?parent=178"}],"curies":[{"name":"wp","href":"https:\/\/api.w.org\/{rel}","templated":true}]}}