{"id":133,"date":"2024-10-07T15:21:49","date_gmt":"2024-10-07T18:21:49","guid":{"rendered":"https:\/\/institucional.ufrrj.br\/cepufrrj\/?page_id=133"},"modified":"2024-11-05T14:32:17","modified_gmt":"2024-11-05T17:32:17","slug":"cartas-conep","status":"publish","type":"page","link":"https:\/\/institucional.ufrrj.br\/cepufrrj\/cartas-conep\/","title":{"rendered":"Cartas CONEP"},"content":{"rendered":"\n<p class=\" eplus-wrapper\"><\/p>\n\n\n\n<div class=\"wp-block-query eplus-wrapper is-layout-flow wp-block-query-is-layout-flow\"><ul class=\"wp-block-post-template is-layout-flow wp-block-post-template-is-layout-flow\"><li class=\"wp-block-post post-279 post type-post status-publish format-standard hentry category-cartas-conep\">\n<h3 class=\"wp-block-post-title\"><a href=\"https:\/\/institucional.ufrrj.br\/cepufrrj\/carta-circular-no-177-2012-cadastramento-de-instituicoes-na-plataforma-brasil\/\" target=\"_self\" >Carta Circular n\u00ba. 177\/2012 &#8211; Cadastramento de Institui\u00e7\u00f5es na Plataforma Brasil<\/a><\/h3>\n\n<div class=\"wp-block-post-excerpt\"><p class=\"wp-block-post-excerpt__excerpt\"> <\/p><\/div>\n<\/li><li class=\"wp-block-post post-276 post type-post status-publish format-standard hentry category-cartas-conep\">\n<h3 class=\"wp-block-post-title\"><a href=\"https:\/\/institucional.ufrrj.br\/cepufrrj\/carta-circular-no-122-2012-fluxo-de-analise-de-projetos-de-pesquisa-nos-cep-das-instituicoes-proponente-e-coparticipante\/\" target=\"_self\" >Carta Circular n\u00ba. 122\/2012 &#8211; Fluxo de an\u00e1lise de projetos de pesquisa nos CEP das institui\u00e7\u00f5es proponente e coparticipante<\/a><\/h3>\n\n<div class=\"wp-block-post-excerpt\"><p class=\"wp-block-post-excerpt__excerpt\"> <\/p><\/div>\n<\/li><li class=\"wp-block-post post-402 post type-post status-publish format-standard hentry category-cartas-conep category-sem-categoria\">\n<h3 class=\"wp-block-post-title\"><a href=\"https:\/\/institucional.ufrrj.br\/cepufrrj\/carta-circular-no-110-2017-preenchimento-da-plataforma-brasil-em-pesquisas-com-metodologias-proprias-das-areas-de-chs\/\" target=\"_self\" >Carta Circular n\u00ba. 110\/2017 &#8211; Preenchimento da Plataforma Brasil em pesquisas com metodologias pr\u00f3prias das \u00e1reas de CHS.<\/a><\/h3>\n\n<div class=\"wp-block-post-excerpt\"><p class=\"wp-block-post-excerpt__excerpt\"> <\/p><\/div>\n<\/li><li class=\"wp-block-post post-282 post type-post status-publish format-standard hentry category-cartas-conep\">\n<h3 class=\"wp-block-post-title\"><a href=\"https:\/\/institucional.ufrrj.br\/cepufrrj\/carta-circular-no-006-2011-indicacao-de-cep-para-analise-de-protocolos-de-pesquisa\/\" target=\"_self\" >Carta Circular n\u00ba. 006\/2011 &#8211; Indica\u00e7\u00e3o de CEP para an\u00e1lise de protocolos de pesquisa<\/a><\/h3>\n\n<div class=\"wp-block-post-excerpt\"><p class=\"wp-block-post-excerpt__excerpt\"> <\/p><\/div>\n<\/li><\/ul>\n\n\n\n<\/div>\n","protected":false},"excerpt":{"rendered":"","protected":false},"author":634,"featured_media":0,"parent":0,"menu_order":0,"comment_status":"closed","ping_status":"closed","template":"","meta":{"_acf_changed":false,"footnotes":""},"class_list":["post-133","page","type-page","status-publish","hentry"],"yoast_head":"<!-- This site is optimized with the Yoast SEO plugin v27.2 - https:\/\/yoast.com\/product\/yoast-seo-wordpress\/ -->\n<title>Cartas CONEP - CEP<\/title>\n<meta name=\"robots\" content=\"index, follow, max-snippet:-1, max-image-preview:large, max-video-preview:-1\" \/>\n<link rel=\"canonical\" href=\"https:\/\/institucional.ufrrj.br\/cepufrrj\/cartas-conep\/\" \/>\n<meta property=\"og:locale\" content=\"pt_BR\" \/>\n<meta property=\"og:type\" content=\"article\" \/>\n<meta property=\"og:title\" content=\"Cartas CONEP - CEP\" \/>\n<meta property=\"og:url\" content=\"https:\/\/institucional.ufrrj.br\/cepufrrj\/cartas-conep\/\" \/>\n<meta property=\"og:site_name\" content=\"CEP\" \/>\n<meta property=\"article:modified_time\" content=\"2024-11-05T17:32:17+00:00\" \/>\n<meta name=\"twitter:card\" content=\"summary_large_image\" \/>\n<script type=\"application\/ld+json\" class=\"yoast-schema-graph\">{\"@context\":\"https:\/\/schema.org\",\"@graph\":[{\"@type\":\"WebPage\",\"@id\":\"https:\/\/institucional.ufrrj.br\/cepufrrj\/cartas-conep\/\",\"url\":\"https:\/\/institucional.ufrrj.br\/cepufrrj\/cartas-conep\/\",\"name\":\"Cartas CONEP - CEP\",\"isPartOf\":{\"@id\":\"https:\/\/institucional.ufrrj.br\/cepufrrj\/#website\"},\"datePublished\":\"2024-10-07T18:21:49+00:00\",\"dateModified\":\"2024-11-05T17:32:17+00:00\",\"breadcrumb\":{\"@id\":\"https:\/\/institucional.ufrrj.br\/cepufrrj\/cartas-conep\/#breadcrumb\"},\"inLanguage\":\"pt-BR\",\"potentialAction\":[{\"@type\":\"ReadAction\",\"target\":[\"https:\/\/institucional.ufrrj.br\/cepufrrj\/cartas-conep\/\"]}]},{\"@type\":\"BreadcrumbList\",\"@id\":\"https:\/\/institucional.ufrrj.br\/cepufrrj\/cartas-conep\/#breadcrumb\",\"itemListElement\":[{\"@type\":\"ListItem\",\"position\":1,\"name\":\"In\u00edcio\",\"item\":\"https:\/\/institucional.ufrrj.br\/cepufrrj\/\"},{\"@type\":\"ListItem\",\"position\":2,\"name\":\"Cartas CONEP\"}]},{\"@type\":\"WebSite\",\"@id\":\"https:\/\/institucional.ufrrj.br\/cepufrrj\/#website\",\"url\":\"https:\/\/institucional.ufrrj.br\/cepufrrj\/\",\"name\":\"CEP-UFRRJ\",\"description\":\"\",\"potentialAction\":[{\"@type\":\"SearchAction\",\"target\":{\"@type\":\"EntryPoint\",\"urlTemplate\":\"https:\/\/institucional.ufrrj.br\/cepufrrj\/?s={search_term_string}\"},\"query-input\":{\"@type\":\"PropertyValueSpecification\",\"valueRequired\":true,\"valueName\":\"search_term_string\"}}],\"inLanguage\":\"pt-BR\"}]}<\/script>\n<!-- \/ Yoast SEO plugin. -->","yoast_head_json":{"title":"Cartas CONEP - CEP","robots":{"index":"index","follow":"follow","max-snippet":"max-snippet:-1","max-image-preview":"max-image-preview:large","max-video-preview":"max-video-preview:-1"},"canonical":"https:\/\/institucional.ufrrj.br\/cepufrrj\/cartas-conep\/","og_locale":"pt_BR","og_type":"article","og_title":"Cartas CONEP - CEP","og_url":"https:\/\/institucional.ufrrj.br\/cepufrrj\/cartas-conep\/","og_site_name":"CEP","article_modified_time":"2024-11-05T17:32:17+00:00","twitter_card":"summary_large_image","schema":{"@context":"https:\/\/schema.org","@graph":[{"@type":"WebPage","@id":"https:\/\/institucional.ufrrj.br\/cepufrrj\/cartas-conep\/","url":"https:\/\/institucional.ufrrj.br\/cepufrrj\/cartas-conep\/","name":"Cartas CONEP - CEP","isPartOf":{"@id":"https:\/\/institucional.ufrrj.br\/cepufrrj\/#website"},"datePublished":"2024-10-07T18:21:49+00:00","dateModified":"2024-11-05T17:32:17+00:00","breadcrumb":{"@id":"https:\/\/institucional.ufrrj.br\/cepufrrj\/cartas-conep\/#breadcrumb"},"inLanguage":"pt-BR","potentialAction":[{"@type":"ReadAction","target":["https:\/\/institucional.ufrrj.br\/cepufrrj\/cartas-conep\/"]}]},{"@type":"BreadcrumbList","@id":"https:\/\/institucional.ufrrj.br\/cepufrrj\/cartas-conep\/#breadcrumb","itemListElement":[{"@type":"ListItem","position":1,"name":"In\u00edcio","item":"https:\/\/institucional.ufrrj.br\/cepufrrj\/"},{"@type":"ListItem","position":2,"name":"Cartas CONEP"}]},{"@type":"WebSite","@id":"https:\/\/institucional.ufrrj.br\/cepufrrj\/#website","url":"https:\/\/institucional.ufrrj.br\/cepufrrj\/","name":"CEP-UFRRJ","description":"","potentialAction":[{"@type":"SearchAction","target":{"@type":"EntryPoint","urlTemplate":"https:\/\/institucional.ufrrj.br\/cepufrrj\/?s={search_term_string}"},"query-input":{"@type":"PropertyValueSpecification","valueRequired":true,"valueName":"search_term_string"}}],"inLanguage":"pt-BR"}]}},"acf":[],"_links":{"self":[{"href":"https:\/\/institucional.ufrrj.br\/cepufrrj\/wp-json\/wp\/v2\/pages\/133","targetHints":{"allow":["GET"]}}],"collection":[{"href":"https:\/\/institucional.ufrrj.br\/cepufrrj\/wp-json\/wp\/v2\/pages"}],"about":[{"href":"https:\/\/institucional.ufrrj.br\/cepufrrj\/wp-json\/wp\/v2\/types\/page"}],"author":[{"embeddable":true,"href":"https:\/\/institucional.ufrrj.br\/cepufrrj\/wp-json\/wp\/v2\/users\/634"}],"replies":[{"embeddable":true,"href":"https:\/\/institucional.ufrrj.br\/cepufrrj\/wp-json\/wp\/v2\/comments?post=133"}],"version-history":[{"count":3,"href":"https:\/\/institucional.ufrrj.br\/cepufrrj\/wp-json\/wp\/v2\/pages\/133\/revisions"}],"predecessor-version":[{"id":286,"href":"https:\/\/institucional.ufrrj.br\/cepufrrj\/wp-json\/wp\/v2\/pages\/133\/revisions\/286"}],"wp:attachment":[{"href":"https:\/\/institucional.ufrrj.br\/cepufrrj\/wp-json\/wp\/v2\/media?parent=133"}],"curies":[{"name":"wp","href":"https:\/\/api.w.org\/{rel}","templated":true}]}}