{"id":953,"date":"2021-09-17T15:03:41","date_gmt":"2021-09-17T18:03:41","guid":{"rendered":"http:\/\/institucional.ufrrj.br\/cea\/?page_id=953"},"modified":"2026-02-09T10:15:11","modified_gmt":"2026-02-09T13:15:11","slug":"debates-cea-2021","status":"publish","type":"page","link":"https:\/\/institucional.ufrrj.br\/cea\/debates-cea-2021\/","title":{"rendered":"Debates CEA | 2021"},"content":{"rendered":"<p><a href=\"https:\/\/institucional.ufrrj.br\/cea\/micropoliticas-na-pandemia-entre-o-colapso-e-os-movimentos-de-transfiguracao-entrevista-com-suely-rolnik-puc-sp\/\" target=\"_blank\" rel=\"noopener noreferrer\"><strong>10\/03\/2021 &#8211; \u201cMicropol\u00edticas na pandemia: entre o colapso e os movimentos de transfigura\u00e7\u00e3o\u201d \u2013 entrevista com Suely Rolnik (PUC-SP)<\/strong><\/a><\/p>\n<p><iframe loading=\"lazy\" title=\"Micropol\u00edticas na pandemia: entre o colapso e os movimentos de transfigura\u00e7\u00e3o \u2013 com Suely Rolnik\" width=\"500\" height=\"281\" src=\"https:\/\/www.youtube.com\/embed\/QzaZmPi--08?feature=oembed\" frameborder=\"0\" allow=\"accelerometer; autoplay; clipboard-write; encrypted-media; gyroscope; picture-in-picture; web-share\" referrerpolicy=\"strict-origin-when-cross-origin\" allowfullscreen><\/iframe><\/p>\n<hr \/>\n<p>&nbsp;<\/p>\n<hr \/>\n<p><a href=\"https:\/\/institucional.ufrrj.br\/cea\/saude-publica-e-pandemia-entrevista-com-ligia-bahia-medica-especialista-em-saude-publica-e-professora-da-ufrj\/\" target=\"_blank\" rel=\"noopener noreferrer\"><strong>17\/03\/2021 &#8211; \u201cSa\u00fade P\u00fablica e Pandemia\u201d \u2013 entrevista com Ligia Bahia (M\u00e9dica especialista em Sa\u00fade P\u00fablica e Professora da UFRJ)<\/strong><\/a><\/p>\n<p><iframe loading=\"lazy\" title=\"\u201cSa\u00fade P\u00fablica e Pandemia\u201d \u2013 entrevista com Ligia Bahia (M\u00e9dica especialista em Sa\u00fade P\u00fablica\/UFRJ)\" width=\"500\" height=\"281\" src=\"https:\/\/www.youtube.com\/embed\/t9I_jDmVc5w?feature=oembed\" frameborder=\"0\" allow=\"accelerometer; autoplay; clipboard-write; encrypted-media; gyroscope; picture-in-picture; web-share\" referrerpolicy=\"strict-origin-when-cross-origin\" allowfullscreen><\/iframe><\/p>\n<hr \/>\n<p>&nbsp;<\/p>\n<hr \/>\n<p><a href=\"https:\/\/institucional.ufrrj.br\/cea\/escalada-autoritaria-direitos-humanos-e-pandemia-entrevista-com-paulo-sergio-pinheiro-usp-onu-ex-ministro-de-estado\/\" target=\"_blank\" rel=\"noopener noreferrer\"><strong>24\/03\/2021 &#8211; \u201cEscalada autorit\u00e1ria, direitos humanos e pandemia\u201d \u2013 entrevista com Paulo S\u00e9rgio Pinheiro (USP\/ONU\/Ex-Ministro de Estado)<\/strong><\/a><\/p>\n<p><iframe loading=\"lazy\" title=\"Escalada autorit\u00e1ria, direitos humanos e pandemia \u2013 com Paulo S\u00e9rgio Pinheiro (USP\/ONU\/Ex-Ministro)\" width=\"500\" height=\"281\" src=\"https:\/\/www.youtube.com\/embed\/AeNiRQXH3Rs?feature=oembed\" frameborder=\"0\" allow=\"accelerometer; autoplay; clipboard-write; encrypted-media; gyroscope; picture-in-picture; web-share\" referrerpolicy=\"strict-origin-when-cross-origin\" allowfullscreen><\/iframe><\/p>\n<hr \/>\n<p>&nbsp;<\/p>\n<hr \/>\n<p><strong><a href=\"https:\/\/institucional.ufrrj.br\/cea\/pandemia-e-tecnologias-de-visualizacao-entrevista-com-ivana-bentes-professora-titular-da-escola-de-comunicacao-e-pro-reitora-de-extensao-da-ufrj\/\" target=\"_blank\" rel=\"noopener noreferrer\">31\/03\/2021 &#8211; \u201cPandemia e tecnologias de visualiza\u00e7\u00e3o\u201d \u2013 entrevista com Ivana Bentes (Professora Titular da Escola de Comunica\u00e7\u00e3o e Pr\u00f3-Reitora de Extens\u00e3o da UFRJ)<\/a><\/strong><\/p>\n<p><iframe loading=\"lazy\" title=\"\u201cPandemia e tecnologias de visualiza\u00e7\u00e3o\u201d \u2013 com Ivana Bentes (Pr\u00f3-Reitora de Extens\u00e3o da UFRJ)\" width=\"500\" height=\"281\" src=\"https:\/\/www.youtube.com\/embed\/zRgfftXfLVA?feature=oembed\" frameborder=\"0\" allow=\"accelerometer; autoplay; clipboard-write; encrypted-media; gyroscope; picture-in-picture; web-share\" referrerpolicy=\"strict-origin-when-cross-origin\" allowfullscreen><\/iframe><\/p>\n<hr \/>\n<p>&nbsp;<\/p>\n<hr \/>\n<p><strong><a href=\"https:\/\/institucional.ufrrj.br\/cea\/politica-externa-e-insercao-internacional-do-brasil-com-celso-amorim-embaixador-e-ex-ministro-da-defesa-e-das-relacoes-exteriores\/\" target=\"_blank\" rel=\"noopener noreferrer\">07\/04\/2021 &#8211; \u201cPol\u00edtica externa e inser\u00e7\u00e3o internacional do Brasil\u201d \u2013 com Celso Amorim (Embaixador e ex-Ministro da Defesa e das Rela\u00e7\u00f5es Exteriores)<\/a><\/strong><\/p>\n<p><iframe loading=\"lazy\" title=\"&quot;Pol\u00edtica externa e inser\u00e7\u00e3o internacional do Brasil&quot; \u2013 com Celso Amorim (Embaixador e ex-Ministro)\" width=\"500\" height=\"281\" src=\"https:\/\/www.youtube.com\/embed\/vEkthlirdlM?feature=oembed\" frameborder=\"0\" allow=\"accelerometer; autoplay; clipboard-write; encrypted-media; gyroscope; picture-in-picture; web-share\" referrerpolicy=\"strict-origin-when-cross-origin\" allowfullscreen><\/iframe><\/p>\n<hr \/>\n<p>&nbsp;<\/p>\n<hr \/>\n<p><a href=\"https:\/\/institucional.ufrrj.br\/cea\/inseguranca-alimentar-e-aumento-da-fome-na-pandemia-entrevista-com-renato-maluf-professor-titular-do-cpda-ufrrj-e-coordenador-da-rede-penssan\/\" target=\"_blank\" rel=\"noopener noreferrer\"><strong>14\/04\/2021 &#8211; \u201cInseguran\u00e7a alimentar e aumento da fome na pandemia\u201d \u2013 entrevista com Renato Maluf (Professor Titular do CPDA\/UFRRJ e Coordenador da Rede PENSSAN)<\/strong><\/a><\/p>\n<p><iframe loading=\"lazy\" title=\"\u201cInseguran\u00e7a alimentar e aumento da fome na pandemia\u201d \u2013 com Renato Maluf (CPDA\/UFRRJ e Rede PENSSAN)\" width=\"500\" height=\"281\" src=\"https:\/\/www.youtube.com\/embed\/IJmyEMkfV_k?feature=oembed\" frameborder=\"0\" allow=\"accelerometer; autoplay; clipboard-write; encrypted-media; gyroscope; picture-in-picture; web-share\" referrerpolicy=\"strict-origin-when-cross-origin\" allowfullscreen><\/iframe><\/p>\n<hr \/>\n<p>&nbsp;<\/p>\n<hr \/>\n<p><a href=\"https:\/\/institucional.ufrrj.br\/cea\/educar-em-tempos-de-pandemia-entrevista-com-walter-kohan-professor-titular-da-uerj\/\" target=\"_blank\" rel=\"noopener noreferrer\"><strong>28\/04\/2021 &#8211; \u201cEducar em tempos de pandemia?\u201d \u2013 entrevista com Walter Kohan (Professor Titular da UERJ)<\/strong><\/a><\/p>\n<p><iframe loading=\"lazy\" title=\"\u201cEducar em tempos de pandemia?\u201d \u2013 entrevista com Walter Kohan (Professor Titular da UERJ)\" width=\"500\" height=\"281\" src=\"https:\/\/www.youtube.com\/embed\/8mQ_dyTRwo8?feature=oembed\" frameborder=\"0\" allow=\"accelerometer; autoplay; clipboard-write; encrypted-media; gyroscope; picture-in-picture; web-share\" referrerpolicy=\"strict-origin-when-cross-origin\" allowfullscreen><\/iframe><\/p>\n<hr \/>\n<p>&nbsp;<\/p>\n<hr \/>\n<p><a href=\"https:\/\/institucional.ufrrj.br\/cea\/austeridade-fiscal-versus-recuperacao-economica-no-pos-pandemia-com-pedro-rossi-professor-do-instituto-de-economia-da-unicamp\/\" target=\"_blank\" rel=\"noopener noreferrer\"><strong>12\/05\/2021 &#8211; \u201cAusteridade fiscal versus recupera\u00e7\u00e3o econ\u00f4mica no p\u00f3s-pandemia\u201d \u2013 com Pedro Rossi (Professor do Instituto de Economia da UNICAMP)<\/strong><\/a><\/p>\n<p><iframe loading=\"lazy\" title=\"&quot;Austeridade fiscal versus recupera\u00e7\u00e3o econ\u00f4mica no p\u00f3s-pandemia&quot; - com Pedro Rossi (IE\/UNICAMP)\" width=\"500\" height=\"281\" src=\"https:\/\/www.youtube.com\/embed\/FHIOtJZqcqg?feature=oembed\" frameborder=\"0\" allow=\"accelerometer; autoplay; clipboard-write; encrypted-media; gyroscope; picture-in-picture; web-share\" referrerpolicy=\"strict-origin-when-cross-origin\" allowfullscreen><\/iframe><\/p>\n<hr \/>\n<p>&nbsp;<\/p>\n<hr \/>\n<p><strong><a href=\"https:\/\/institucional.ufrrj.br\/cea\/a-luta-em-defesa-do-estado-democratico-de-direito-no-brasil-entrevista-com-juliana-neuenschwander-magalhaes-ufrj-e-associacao-brasileira-de-juristas-pela-democracia\/\" target=\"_blank\" rel=\"noopener noreferrer\">26\/05\/2021 &#8211; \u201cA luta em defesa do Estado democr\u00e1tico de direito no Brasil\u201d \u2013 entrevista com Juliana Neuenschwander Magalh\u00e3es (UFRJ e Associa\u00e7\u00e3o Brasileira de Juristas pela Democracia)<\/a><\/strong><\/p>\n<p><iframe loading=\"lazy\" title=\"\u201cA luta em defesa do Estado democr\u00e1tico de direito no Brasil\u201d \u2013 com Juliana Neuenschwander Magalh\u00e3es\" width=\"500\" height=\"281\" src=\"https:\/\/www.youtube.com\/embed\/EjVSdqR9o2s?feature=oembed\" frameborder=\"0\" allow=\"accelerometer; autoplay; clipboard-write; encrypted-media; gyroscope; picture-in-picture; web-share\" referrerpolicy=\"strict-origin-when-cross-origin\" allowfullscreen><\/iframe><\/p>\n<hr \/>\n<p>&nbsp;<\/p>\n<hr \/>\n<p><strong><a href=\"https:\/\/institucional.ufrrj.br\/cea\/conjuntura-politica-francesa-entrevista-com-julien-pallotta-professor-agrege-de-filosofia-lycee-moliere-rio-de-janeiro-e-doutor-em-filosofia-pela-universidade-de-toulouse-2-jean-jaures\/\" target=\"_blank\" rel=\"noopener noreferrer\">02\/06\/2021 &#8211; \u201cConjuntura pol\u00edtica francesa\u201d \u2013 entrevista com Julien Pallotta, professor \u201cagr\u00e9g\u00e9\u201d de filosofia (Lyc\u00e9e Moli\u00e8re, Rio de Janeiro) e doutor em filosofia pela Universidade de Toulouse 2 Jean Jaur\u00e8s (Fran\u00e7a)<\/a><\/strong><\/p>\n<p><iframe loading=\"lazy\" title=\"Conjuntura pol\u00edtica francesa \u2013 Julien Pallotta, professor \u201cagr\u00e9g\u00e9\u201d de filosofia (Lyc\u00e9e Moli\u00e8re, RJ)\" width=\"500\" height=\"281\" src=\"https:\/\/www.youtube.com\/embed\/BavEaEjS2aA?feature=oembed\" frameborder=\"0\" allow=\"accelerometer; autoplay; clipboard-write; encrypted-media; gyroscope; picture-in-picture; web-share\" referrerpolicy=\"strict-origin-when-cross-origin\" allowfullscreen><\/iframe><\/p>\n<hr \/>\n<p>&nbsp;<\/p>\n<hr \/>\n<p><a href=\"https:\/\/institucional.ufrrj.br\/cea\/saude-unica-e-pesquisas-em-ciencias-veterinarias-com-vania-pinheiro-bittencourt-iv-ppgcv-ufrrj-e-patricia-silva-golo-iv-ppgcv-ufrrj\/\" target=\"_blank\" rel=\"noopener noreferrer\"><strong>25\/08\/2021 &#8211; \u201cSa\u00fade \u00danica e Pesquisas em Ci\u00eancias Veterin\u00e1rias\u201d \u2013 com V\u00e2nia Pinheiro Bittencourt (IV\/PPGCV\/UFRRJ) e Patr\u00edcia Silva Golo (IV\/PPGCV\/UFRRJ)<\/strong><\/a><\/p>\n<p><iframe loading=\"lazy\" title=\"Sa\u00fade \u00danica e Pesquisas em Ci\u00eancias Veterin\u00e1rias \u2013 com V\u00e2nia P. Bittencourt e Patr\u00edcia S. Golo\" width=\"500\" height=\"281\" src=\"https:\/\/www.youtube.com\/embed\/vmgQ2kLiWUk?feature=oembed\" frameborder=\"0\" allow=\"accelerometer; autoplay; clipboard-write; encrypted-media; gyroscope; picture-in-picture; web-share\" referrerpolicy=\"strict-origin-when-cross-origin\" allowfullscreen><\/iframe><\/p>\n<hr \/>\n<p>&nbsp;<\/p>\n<hr \/>\n<p><a href=\"https:\/\/institucional.ufrrj.br\/cea\/poluicao-do-solo-e-riscos-a-producao-de-alimentos-com-nelson-moura-b-a-sobrinho-ufrrj-e-margarida-gorete-f-do-carmo-ufrrj\/\" target=\"_blank\" rel=\"noopener noreferrer\"><strong>15\/09\/2021 &#8211; \u201cPolui\u00e7\u00e3o do Solo e Riscos \u00e0 Produ\u00e7\u00e3o de Alimentos\u201d \u2013 com Nelson Moura B. A. Sobrinho (PPGA-CS\/UFRRJ) e Margarida Gor\u00e9te F. do Carmo (PPGF\/UFRRJ)<\/strong><\/a><\/p>\n<p><iframe loading=\"lazy\" title=\"Polui\u00e7\u00e3o do Solo e Riscos \u00e0 Produ\u00e7\u00e3o de Alimentos \u2013 com Nelson Moura e Margarida Gor\u00e9te (UFRRJ)\" width=\"500\" height=\"281\" src=\"https:\/\/www.youtube.com\/embed\/dohmH3l0guU?feature=oembed\" frameborder=\"0\" allow=\"accelerometer; autoplay; clipboard-write; encrypted-media; gyroscope; picture-in-picture; web-share\" referrerpolicy=\"strict-origin-when-cross-origin\" allowfullscreen><\/iframe><\/p>\n<hr \/>\n<p>&nbsp;<\/p>\n<hr \/>\n<p><strong><a href=\"https:\/\/institucional.ufrrj.br\/cea\/o-desmonte-de-politicas-publicas-e-direitos-sociais-no-campo-brasileiro-com-sergio-pereira-leite-cpda-ufrrj-e-leonilde-servolo-de-medeiros-cpda-ufrrj\/\" target=\"_blank\" rel=\"noopener noreferrer\">29\/09\/2021 &#8211; \u201cO desmonte de pol\u00edticas p\u00fablicas e direitos sociais no campo brasileiro\u201d \u2013 com Sergio Pereira Leite (CPDA\/UFRRJ) e Leonilde Servolo de Medeiros (CPDA\/UFRRJ)<\/a><\/strong><\/p>\n<p><iframe loading=\"lazy\" title=\"O desmonte de pol\u00edticas p\u00fablicas e direitos sociais no campo brasileiro\" width=\"500\" height=\"281\" src=\"https:\/\/www.youtube.com\/embed\/1yuXJ01rICc?feature=oembed\" frameborder=\"0\" allow=\"accelerometer; autoplay; clipboard-write; encrypted-media; gyroscope; picture-in-picture; web-share\" referrerpolicy=\"strict-origin-when-cross-origin\" allowfullscreen><\/iframe><\/p>\n<hr \/>\n<p>&nbsp;<\/p>\n<hr \/>\n<p><a href=\"https:\/\/institucional.ufrrj.br\/cea\/multidisciplinaridade-no-atendimento-clinico-veterinario-frutos-e-perspectivas-de-pesquisa-com-julio-israel-fernandes-ppgmv-ufrrj-e-bruno-ricardo-soares-alberigi-da-silva-iv-ufrrj\/\" target=\"_blank\" rel=\"noopener noreferrer\"><strong>13\/10\/2021 &#8211; \u201cMultidisciplinaridade no atendimento cl\u00ednico veterin\u00e1rio: frutos e perspectivas de pesquisa\u201d \u2013 com Julio Israel Fernandes (PPGMV\/UFRRJ) e Bruno Ricardo Soares Alberigi da Silva (IV\/UFRRJ)<\/strong><\/a><\/p>\n<p><iframe loading=\"lazy\" title=\"Multidisciplinaridade no atendimento cl\u00ednico veterin\u00e1rio: frutos e perspectivas de pesquisa\" width=\"500\" height=\"281\" src=\"https:\/\/www.youtube.com\/embed\/2LfeEbh4a3Y?feature=oembed\" frameborder=\"0\" allow=\"accelerometer; autoplay; clipboard-write; encrypted-media; gyroscope; picture-in-picture; web-share\" referrerpolicy=\"strict-origin-when-cross-origin\" allowfullscreen><\/iframe><\/p>\n<hr \/>\n<p>&nbsp;<\/p>\n<hr \/>\n<p><a href=\"https:\/\/institucional.ufrrj.br\/cea\/doencas-negligenciadas-o-desafio-para-novas-estrategias-na-quimioterapia-com-marco-lima-ppgq-profqui-ufrrj-carlos-santanna-ppgq-profqui-ufrrj-e-aurea-echevarria-ppgq-ppgctia-ufrrj\/\" target=\"_blank\" rel=\"noopener noreferrer\"><strong>27\/10\/2021 &#8211; \u201cDoen\u00e7as Negligenciadas: o desafio para novas estrat\u00e9gias na quimioterapia\u201d \u2013 com Marco Lima (PPGQ\/PROFQUI\/UFRRJ), Carlos Sant\u2019Anna (PPGQ\/PROFQUI\/UFRRJ) e Aurea Echevarria (PPGQ\/PPGCTIA\/UFRRJ)<\/strong><\/a><\/p>\n<p><iframe loading=\"lazy\" title=\"Doen\u00e7as Negligenciadas: o desafio para novas estrat\u00e9gias na quimioterapia\" width=\"500\" height=\"281\" src=\"https:\/\/www.youtube.com\/embed\/tU4E0XCtJyU?feature=oembed\" frameborder=\"0\" allow=\"accelerometer; autoplay; clipboard-write; encrypted-media; gyroscope; picture-in-picture; web-share\" referrerpolicy=\"strict-origin-when-cross-origin\" allowfullscreen><\/iframe><\/p>\n<hr \/>\n<p>&nbsp;<\/p>\n<hr \/>\n<p><a href=\"https:\/\/institucional.ufrrj.br\/cea\/desigualdades-violencia-e-memoria-com-vania-maria-losada-moreira-pphr-ufrrj-e-adriana-barreto-de-souza-pphr-ufrrj\/\" target=\"_blank\" rel=\"noopener noreferrer\"><strong>10\/11\/2021 &#8211; \u201cDesigualdades, viol\u00eancia e mem\u00f3ria\u201d \u2013 com V\u00e2nia Maria Losada Moreira (PPHR-UFRRJ) e Adriana Barreto de Souza (PPHR-UFRRJ)<\/strong><\/a><\/p>\n<p><iframe loading=\"lazy\" title=\"Desigualdades, viol\u00eancia e mem\u00f3ria - com V\u00e2nia Losada, Adriana Barreto e Patricia Faria (PPHR-UFRRJ)\" width=\"500\" height=\"281\" src=\"https:\/\/www.youtube.com\/embed\/2Vnxt8K26_E?feature=oembed\" frameborder=\"0\" allow=\"accelerometer; autoplay; clipboard-write; encrypted-media; gyroscope; picture-in-picture; web-share\" referrerpolicy=\"strict-origin-when-cross-origin\" allowfullscreen><\/iframe><\/p>\n<hr \/>\n<p>&nbsp;<\/p>\n<hr \/>\n<p><a href=\"https:\/\/institucional.ufrrj.br\/cea\/mudancas-climaticas-e-restauracao-ecologica-com-gustavo-lyra-ppgpds-ufrrj-e-jeronimo-sansevero-ppgcaf-ufrrj\/\" target=\"_blank\" rel=\"noopener noreferrer\"><strong>24\/11\/2021 &#8211; \u201cMudan\u00e7as clim\u00e1ticas e restaura\u00e7\u00e3o ecol\u00f3gica\u201d \u2013 com Gustavo Lyra (PPGPDS\/UFRRJ) e Jer\u00f4nimo Sansevero (PPGCAF\/UFRRJ)<\/strong><\/a><\/p>\n<p><iframe loading=\"lazy\" title=\"Mudan\u00e7as clim\u00e1ticas e restaura\u00e7\u00e3o ecol\u00f3gica\" width=\"500\" height=\"281\" src=\"https:\/\/www.youtube.com\/embed\/6e0wtR272BM?feature=oembed\" frameborder=\"0\" allow=\"accelerometer; autoplay; clipboard-write; encrypted-media; gyroscope; picture-in-picture; web-share\" referrerpolicy=\"strict-origin-when-cross-origin\" allowfullscreen><\/iframe><\/p>\n<hr \/>\n<p>&nbsp;<\/p>\n<hr \/>\n<p><a href=\"https:\/\/institucional.ufrrj.br\/cea\/problematica-ambiental-e-modernizacao-produtiva-olhares-da-periferia-com-claiton-marcio-da-silva-uffs-e-leandro-dias-de-oliveira-ufrrj\/\" target=\"_blank\" rel=\"noopener noreferrer\"><strong>30\/11\/2021 &#8211; \u201cProblem\u00e1tica ambiental e moderniza\u00e7\u00e3o produtiva: olhares da periferia\u201d \u2013 com Claiton Marcio da Silva (UFFS) e Leandro Dias de Oliveira (UFRRJ)<\/strong><\/a><\/p>\n<p><iframe loading=\"lazy\" title=\"Problem\u00e1tica ambiental e moderniza\u00e7\u00e3o produtiva: olhares da periferia\" width=\"500\" height=\"281\" src=\"https:\/\/www.youtube.com\/embed\/qRycaK5b0RE?feature=oembed\" frameborder=\"0\" allow=\"accelerometer; autoplay; clipboard-write; encrypted-media; gyroscope; picture-in-picture; web-share\" referrerpolicy=\"strict-origin-when-cross-origin\" allowfullscreen><\/iframe><\/p>\n<hr \/>\n<p>&nbsp;<\/p>\n<hr \/>\n<p><a href=\"https:\/\/institucional.ufrrj.br\/cea\/recursos-naturais-e-seguranca-alimentar-nexos-e-desafios-lucia-anjos-e-o-renato-assis\/\" target=\"_blank\" rel=\"noopener noreferrer\"><strong>08\/12\/2021 &#8211; \u201cRecursos naturais e seguran\u00e7a alimentar: nexos e desafios\u201d \u2013 com L\u00facia Anjos (UFRRJ) e Renato Assis (UFRRJ)<\/strong><\/a><\/p>\n<p><iframe loading=\"lazy\" title=\"Recursos naturais e seguran\u00e7a alimentar: nexos e desafios\" width=\"500\" height=\"281\" src=\"https:\/\/www.youtube.com\/embed\/F9RG2dDSgCQ?feature=oembed\" frameborder=\"0\" allow=\"accelerometer; autoplay; clipboard-write; encrypted-media; gyroscope; picture-in-picture; web-share\" referrerpolicy=\"strict-origin-when-cross-origin\" allowfullscreen><\/iframe><\/p>\n<hr \/>\n<p>&nbsp;<\/p>\n<hr \/>\n<p><a href=\"https:\/\/institucional.ufrrj.br\/cea\/desafios-do-ensino-e-da-acessibilidade-na-educacao-publica-com-marcelo-almeida-bairral-ufrrj-e-marcia-denise-pletsch-ufrrj\/\" target=\"_blank\" rel=\"noopener noreferrer\"><strong>09\/12\/2021 &#8211; \u201cDesafios do ensino e da acessibilidade na educa\u00e7\u00e3o p\u00fablica\u201d \u2013 com Marcelo Almeida Bairral (UFRRJ) e M\u00e1rcia Denise Pletsch (UFRRJ)<\/strong><\/a><\/p>\n<p><iframe loading=\"lazy\" title=\"Desafios do ensino e da acessibilidade na educa\u00e7\u00e3o p\u00fablica\" width=\"500\" height=\"281\" src=\"https:\/\/www.youtube.com\/embed\/hLiEthXcpmE?feature=oembed\" frameborder=\"0\" allow=\"accelerometer; autoplay; clipboard-write; encrypted-media; gyroscope; picture-in-picture; web-share\" referrerpolicy=\"strict-origin-when-cross-origin\" allowfullscreen><\/iframe><\/p>\n<hr \/>\n<p>&nbsp;<\/p>\n<hr \/>\n<p>&nbsp;<\/p>\n","protected":false},"excerpt":{"rendered":"<p>10\/03\/2021 &#8211; \u201cMicropol\u00edticas na pandemia: entre o colapso e os movimentos de transfigura\u00e7\u00e3o\u201d \u2013 entrevista com Suely Rolnik (PUC-SP) &nbsp; 17\/03\/2021 &#8211; [&hellip;]<\/p>\n","protected":false},"author":749,"featured_media":0,"parent":0,"menu_order":0,"comment_status":"closed","ping_status":"closed","template":"","meta":{"_acf_changed":false,"footnotes":""},"class_list":["post-953","page","type-page","status-publish","hentry"],"yoast_head":"<!-- This site is optimized with the Yoast SEO plugin v27.2 - https:\/\/yoast.com\/product\/yoast-seo-wordpress\/ -->\n<title>Debates CEA | 2021 - Centro de Estudos Avan\u00e7ados da UFRRJ<\/title>\n<meta name=\"robots\" content=\"index, follow, max-snippet:-1, max-image-preview:large, max-video-preview:-1\" \/>\n<link rel=\"canonical\" href=\"https:\/\/institucional.ufrrj.br\/cea\/debates-cea-2021\/\" \/>\n<meta property=\"og:locale\" content=\"pt_BR\" \/>\n<meta property=\"og:type\" content=\"article\" \/>\n<meta property=\"og:title\" content=\"Debates CEA | 2021 - Centro de Estudos Avan\u00e7ados da UFRRJ\" \/>\n<meta property=\"og:description\" content=\"10\/03\/2021 &#8211; \u201cMicropol\u00edticas na pandemia: entre o colapso e os movimentos de transfigura\u00e7\u00e3o\u201d \u2013 entrevista com Suely Rolnik (PUC-SP) &nbsp; 17\/03\/2021 &#8211; [&hellip;]\" \/>\n<meta property=\"og:url\" content=\"https:\/\/institucional.ufrrj.br\/cea\/debates-cea-2021\/\" \/>\n<meta property=\"og:site_name\" content=\"Centro de Estudos Avan\u00e7ados da UFRRJ\" \/>\n<meta property=\"article:modified_time\" content=\"2026-02-09T13:15:11+00:00\" \/>\n<meta name=\"twitter:card\" content=\"summary_large_image\" \/>\n<meta name=\"twitter:label1\" content=\"Est. tempo de leitura\" \/>\n\t<meta name=\"twitter:data1\" content=\"3 minutos\" \/>\n<script type=\"application\/ld+json\" class=\"yoast-schema-graph\">{\"@context\":\"https:\/\/schema.org\",\"@graph\":[{\"@type\":\"WebPage\",\"@id\":\"https:\/\/institucional.ufrrj.br\/cea\/debates-cea-2021\/\",\"url\":\"https:\/\/institucional.ufrrj.br\/cea\/debates-cea-2021\/\",\"name\":\"Debates CEA | 2021 - Centro de Estudos Avan\u00e7ados da UFRRJ\",\"isPartOf\":{\"@id\":\"https:\/\/institucional.ufrrj.br\/cea\/#website\"},\"datePublished\":\"2021-09-17T18:03:41+00:00\",\"dateModified\":\"2026-02-09T13:15:11+00:00\",\"breadcrumb\":{\"@id\":\"https:\/\/institucional.ufrrj.br\/cea\/debates-cea-2021\/#breadcrumb\"},\"inLanguage\":\"pt-BR\",\"potentialAction\":[{\"@type\":\"ReadAction\",\"target\":[\"https:\/\/institucional.ufrrj.br\/cea\/debates-cea-2021\/\"]}]},{\"@type\":\"BreadcrumbList\",\"@id\":\"https:\/\/institucional.ufrrj.br\/cea\/debates-cea-2021\/#breadcrumb\",\"itemListElement\":[{\"@type\":\"ListItem\",\"position\":1,\"name\":\"In\u00edcio\",\"item\":\"https:\/\/institucional.ufrrj.br\/cea\/en\/introduction\/\"},{\"@type\":\"ListItem\",\"position\":2,\"name\":\"Debates CEA | 2021\"}]},{\"@type\":\"WebSite\",\"@id\":\"https:\/\/institucional.ufrrj.br\/cea\/#website\",\"url\":\"https:\/\/institucional.ufrrj.br\/cea\/\",\"name\":\"Centro de Estudos Avan\u00e7ados da UFRRJ\",\"description\":\"\u00d3rg\u00e3o ligado diretamente \u00e0 Pr\u00f3-Reitoria de Pesquisa e P\u00f3s-Gradua\u00e7\u00e3o (PROPPG) da UFRRJ\",\"potentialAction\":[{\"@type\":\"SearchAction\",\"target\":{\"@type\":\"EntryPoint\",\"urlTemplate\":\"https:\/\/institucional.ufrrj.br\/cea\/?s={search_term_string}\"},\"query-input\":{\"@type\":\"PropertyValueSpecification\",\"valueRequired\":true,\"valueName\":\"search_term_string\"}}],\"inLanguage\":\"pt-BR\"}]}<\/script>\n<!-- \/ Yoast SEO plugin. -->","yoast_head_json":{"title":"Debates CEA | 2021 - Centro de Estudos Avan\u00e7ados da UFRRJ","robots":{"index":"index","follow":"follow","max-snippet":"max-snippet:-1","max-image-preview":"max-image-preview:large","max-video-preview":"max-video-preview:-1"},"canonical":"https:\/\/institucional.ufrrj.br\/cea\/debates-cea-2021\/","og_locale":"pt_BR","og_type":"article","og_title":"Debates CEA | 2021 - Centro de Estudos Avan\u00e7ados da UFRRJ","og_description":"10\/03\/2021 &#8211; \u201cMicropol\u00edticas na pandemia: entre o colapso e os movimentos de transfigura\u00e7\u00e3o\u201d \u2013 entrevista com Suely Rolnik (PUC-SP) &nbsp; 17\/03\/2021 &#8211; [&hellip;]","og_url":"https:\/\/institucional.ufrrj.br\/cea\/debates-cea-2021\/","og_site_name":"Centro de Estudos Avan\u00e7ados da UFRRJ","article_modified_time":"2026-02-09T13:15:11+00:00","twitter_card":"summary_large_image","twitter_misc":{"Est. tempo de leitura":"3 minutos"},"schema":{"@context":"https:\/\/schema.org","@graph":[{"@type":"WebPage","@id":"https:\/\/institucional.ufrrj.br\/cea\/debates-cea-2021\/","url":"https:\/\/institucional.ufrrj.br\/cea\/debates-cea-2021\/","name":"Debates CEA | 2021 - Centro de Estudos Avan\u00e7ados da UFRRJ","isPartOf":{"@id":"https:\/\/institucional.ufrrj.br\/cea\/#website"},"datePublished":"2021-09-17T18:03:41+00:00","dateModified":"2026-02-09T13:15:11+00:00","breadcrumb":{"@id":"https:\/\/institucional.ufrrj.br\/cea\/debates-cea-2021\/#breadcrumb"},"inLanguage":"pt-BR","potentialAction":[{"@type":"ReadAction","target":["https:\/\/institucional.ufrrj.br\/cea\/debates-cea-2021\/"]}]},{"@type":"BreadcrumbList","@id":"https:\/\/institucional.ufrrj.br\/cea\/debates-cea-2021\/#breadcrumb","itemListElement":[{"@type":"ListItem","position":1,"name":"In\u00edcio","item":"https:\/\/institucional.ufrrj.br\/cea\/en\/introduction\/"},{"@type":"ListItem","position":2,"name":"Debates CEA | 2021"}]},{"@type":"WebSite","@id":"https:\/\/institucional.ufrrj.br\/cea\/#website","url":"https:\/\/institucional.ufrrj.br\/cea\/","name":"Centro de Estudos Avan\u00e7ados da UFRRJ","description":"\u00d3rg\u00e3o ligado diretamente \u00e0 Pr\u00f3-Reitoria de Pesquisa e P\u00f3s-Gradua\u00e7\u00e3o (PROPPG) da UFRRJ","potentialAction":[{"@type":"SearchAction","target":{"@type":"EntryPoint","urlTemplate":"https:\/\/institucional.ufrrj.br\/cea\/?s={search_term_string}"},"query-input":{"@type":"PropertyValueSpecification","valueRequired":true,"valueName":"search_term_string"}}],"inLanguage":"pt-BR"}]}},"acf":[],"_links":{"self":[{"href":"https:\/\/institucional.ufrrj.br\/cea\/wp-json\/wp\/v2\/pages\/953","targetHints":{"allow":["GET"]}}],"collection":[{"href":"https:\/\/institucional.ufrrj.br\/cea\/wp-json\/wp\/v2\/pages"}],"about":[{"href":"https:\/\/institucional.ufrrj.br\/cea\/wp-json\/wp\/v2\/types\/page"}],"author":[{"embeddable":true,"href":"https:\/\/institucional.ufrrj.br\/cea\/wp-json\/wp\/v2\/users\/749"}],"replies":[{"embeddable":true,"href":"https:\/\/institucional.ufrrj.br\/cea\/wp-json\/wp\/v2\/comments?post=953"}],"version-history":[{"count":8,"href":"https:\/\/institucional.ufrrj.br\/cea\/wp-json\/wp\/v2\/pages\/953\/revisions"}],"predecessor-version":[{"id":1011,"href":"https:\/\/institucional.ufrrj.br\/cea\/wp-json\/wp\/v2\/pages\/953\/revisions\/1011"}],"wp:attachment":[{"href":"https:\/\/institucional.ufrrj.br\/cea\/wp-json\/wp\/v2\/media?parent=953"}],"curies":[{"name":"wp","href":"https:\/\/api.w.org\/{rel}","templated":true}]}}