{"id":727,"date":"2021-03-23T15:16:09","date_gmt":"2021-03-23T18:16:09","guid":{"rendered":"http:\/\/institucional.ufrrj.br\/cea\/?page_id=727"},"modified":"2026-02-09T10:15:09","modified_gmt":"2026-02-09T13:15:09","slug":"axes-thematiques","status":"publish","type":"page","link":"https:\/\/institucional.ufrrj.br\/cea\/fr\/axes-thematiques\/","title":{"rendered":"Axes Th\u00e9matiques"},"content":{"rendered":"<p>Afin d\u2019atteindre pleinement les objectifs pr\u00e9vus dans le R\u00e8glement, le Centre d\u2019\u00c9tudes Avanc\u00e9es (CEA) de l\u2019Universit\u00e9 F\u00e9d\u00e9rale Rurale de Rio de Janeiro (UFRRJ) pr\u00e9sente sept Axes Th\u00e9matiques qui guident le travail et l\u2019ensemble des activit\u00e9s d\u00e9velopp\u00e9es. Sans vouloir exclure de nouveaux th\u00e8mes susceptibles d\u2019\u00eatre int\u00e9gr\u00e9s, voire de remplacer les actuels, la proposition consiste \u00e0 am\u00e9nager des efforts li\u00e9s \u00e0 la production et \u00e0 la diffusion de connaissances scientifiques et acad\u00e9miques \u00e0 partir de questions qu\u2019on juge strat\u00e9giques, comme on peut constater dans ce qui suit:.<\/p>\n<p>Il convient de noter que, par rapport aux axes pr\u00e9sent\u00e9s (et dans les projets et\/ou groupes de recherche qui en d\u00e9coulent), certaines conditions de base sont fondamentales : a) le caract\u00e8re inter ou multidisciplinaire des th\u00e8mes, explor\u00e9s \u00e0 partir de diff\u00e9rents domaines de connaissances capables d\u2019entretenir un dialogue entre eux; b) l\u2019originalit\u00e9 et les d\u00e9fis pos\u00e9s par des questions qui se situent \u00e0 la fronti\u00e8re de la connaissance dans des recherches avanc\u00e9es qui rel\u00e8vent des diff\u00e9rents axes c) la production effective, dans les domaines envisag\u00e9s, de nouvelles connaissances pertinentes \u00e0 diffuser dans la communaut\u00e9 universitaire et dans la soci\u00e9t\u00e9, d\u2019une mani\u00e8re plus large; d) la formation, dans la mesure du possible, des ressources humaines et du personnel acad\u00e9mique.<\/p>\n<p>&nbsp;<\/p>\n<p>Voici les axes<\/p>\n<p><em>S\u00e9curit\u00e9 Alimentaire<\/em><br \/>\n<em>D\u00e9veloppement Durable<\/em><br \/>\n<em>Sant\u00e9 Unique<\/em><br \/>\n<em>Innovation<\/em><br \/>\n<em>\u00c9tat, Institutions et Politiques Publiques<\/em><br \/>\n<em>Inclusion Sociale et Droits de l\u2019Homme<\/em><br \/>\n<em>Culture, Soci\u00e9t\u00e9 et M\u00e9moire<\/em><\/p>\n","protected":false},"excerpt":{"rendered":"<p>Afin d\u2019atteindre pleinement les objectifs pr\u00e9vus dans le R\u00e8glement, le Centre d\u2019\u00c9tudes Avanc\u00e9es (CEA) de l\u2019Universit\u00e9 F\u00e9d\u00e9rale Rurale de Rio de Janeiro [&hellip;]<\/p>\n","protected":false},"author":749,"featured_media":0,"parent":0,"menu_order":0,"comment_status":"closed","ping_status":"closed","template":"","meta":{"_acf_changed":false,"footnotes":""},"class_list":["post-727","page","type-page","status-publish","hentry"],"yoast_head":"<!-- This site is optimized with the Yoast SEO plugin v27.2 - https:\/\/yoast.com\/product\/yoast-seo-wordpress\/ -->\n<title>Axes Th\u00e9matiques - Centro de Estudos Avan\u00e7ados da UFRRJ<\/title>\n<meta name=\"robots\" content=\"index, follow, max-snippet:-1, max-image-preview:large, max-video-preview:-1\" \/>\n<link rel=\"canonical\" href=\"https:\/\/institucional.ufrrj.br\/cea\/fr\/axes-thematiques\/\" \/>\n<meta property=\"og:locale\" content=\"pt_BR\" \/>\n<meta property=\"og:type\" content=\"article\" \/>\n<meta property=\"og:title\" content=\"Axes Th\u00e9matiques - Centro de Estudos Avan\u00e7ados da UFRRJ\" \/>\n<meta property=\"og:description\" content=\"Afin d\u2019atteindre pleinement les objectifs pr\u00e9vus dans le R\u00e8glement, le Centre d\u2019\u00c9tudes Avanc\u00e9es (CEA) de l\u2019Universit\u00e9 F\u00e9d\u00e9rale Rurale de Rio de Janeiro [&hellip;]\" \/>\n<meta property=\"og:url\" content=\"https:\/\/institucional.ufrrj.br\/cea\/fr\/axes-thematiques\/\" \/>\n<meta property=\"og:site_name\" content=\"Centro de Estudos Avan\u00e7ados da UFRRJ\" \/>\n<meta property=\"article:modified_time\" content=\"2026-02-09T13:15:09+00:00\" \/>\n<meta name=\"twitter:card\" content=\"summary_large_image\" \/>\n<meta name=\"twitter:label1\" content=\"Est. tempo de leitura\" \/>\n\t<meta name=\"twitter:data1\" content=\"1 minuto\" \/>\n<script type=\"application\/ld+json\" class=\"yoast-schema-graph\">{\"@context\":\"https:\/\/schema.org\",\"@graph\":[{\"@type\":\"WebPage\",\"@id\":\"https:\/\/institucional.ufrrj.br\/cea\/fr\/axes-thematiques\/\",\"url\":\"https:\/\/institucional.ufrrj.br\/cea\/fr\/axes-thematiques\/\",\"name\":\"Axes Th\u00e9matiques - Centro de Estudos Avan\u00e7ados da UFRRJ\",\"isPartOf\":{\"@id\":\"https:\/\/institucional.ufrrj.br\/cea\/#website\"},\"datePublished\":\"2021-03-23T18:16:09+00:00\",\"dateModified\":\"2026-02-09T13:15:09+00:00\",\"breadcrumb\":{\"@id\":\"https:\/\/institucional.ufrrj.br\/cea\/fr\/axes-thematiques\/#breadcrumb\"},\"inLanguage\":\"pt-BR\",\"potentialAction\":[{\"@type\":\"ReadAction\",\"target\":[\"https:\/\/institucional.ufrrj.br\/cea\/fr\/axes-thematiques\/\"]}]},{\"@type\":\"BreadcrumbList\",\"@id\":\"https:\/\/institucional.ufrrj.br\/cea\/fr\/axes-thematiques\/#breadcrumb\",\"itemListElement\":[{\"@type\":\"ListItem\",\"position\":1,\"name\":\"In\u00edcio\",\"item\":\"https:\/\/institucional.ufrrj.br\/cea\/en\/introduction\/\"},{\"@type\":\"ListItem\",\"position\":2,\"name\":\"Axes Th\u00e9matiques\"}]},{\"@type\":\"WebSite\",\"@id\":\"https:\/\/institucional.ufrrj.br\/cea\/#website\",\"url\":\"https:\/\/institucional.ufrrj.br\/cea\/\",\"name\":\"Centro de Estudos Avan\u00e7ados da UFRRJ\",\"description\":\"\u00d3rg\u00e3o ligado diretamente \u00e0 Pr\u00f3-Reitoria de Pesquisa e P\u00f3s-Gradua\u00e7\u00e3o (PROPPG) da UFRRJ\",\"potentialAction\":[{\"@type\":\"SearchAction\",\"target\":{\"@type\":\"EntryPoint\",\"urlTemplate\":\"https:\/\/institucional.ufrrj.br\/cea\/?s={search_term_string}\"},\"query-input\":{\"@type\":\"PropertyValueSpecification\",\"valueRequired\":true,\"valueName\":\"search_term_string\"}}],\"inLanguage\":\"pt-BR\"}]}<\/script>\n<!-- \/ Yoast SEO plugin. -->","yoast_head_json":{"title":"Axes Th\u00e9matiques - Centro de Estudos Avan\u00e7ados da UFRRJ","robots":{"index":"index","follow":"follow","max-snippet":"max-snippet:-1","max-image-preview":"max-image-preview:large","max-video-preview":"max-video-preview:-1"},"canonical":"https:\/\/institucional.ufrrj.br\/cea\/fr\/axes-thematiques\/","og_locale":"pt_BR","og_type":"article","og_title":"Axes Th\u00e9matiques - Centro de Estudos Avan\u00e7ados da UFRRJ","og_description":"Afin d\u2019atteindre pleinement les objectifs pr\u00e9vus dans le R\u00e8glement, le Centre d\u2019\u00c9tudes Avanc\u00e9es (CEA) de l\u2019Universit\u00e9 F\u00e9d\u00e9rale Rurale de Rio de Janeiro [&hellip;]","og_url":"https:\/\/institucional.ufrrj.br\/cea\/fr\/axes-thematiques\/","og_site_name":"Centro de Estudos Avan\u00e7ados da UFRRJ","article_modified_time":"2026-02-09T13:15:09+00:00","twitter_card":"summary_large_image","twitter_misc":{"Est. tempo de leitura":"1 minuto"},"schema":{"@context":"https:\/\/schema.org","@graph":[{"@type":"WebPage","@id":"https:\/\/institucional.ufrrj.br\/cea\/fr\/axes-thematiques\/","url":"https:\/\/institucional.ufrrj.br\/cea\/fr\/axes-thematiques\/","name":"Axes Th\u00e9matiques - Centro de Estudos Avan\u00e7ados da UFRRJ","isPartOf":{"@id":"https:\/\/institucional.ufrrj.br\/cea\/#website"},"datePublished":"2021-03-23T18:16:09+00:00","dateModified":"2026-02-09T13:15:09+00:00","breadcrumb":{"@id":"https:\/\/institucional.ufrrj.br\/cea\/fr\/axes-thematiques\/#breadcrumb"},"inLanguage":"pt-BR","potentialAction":[{"@type":"ReadAction","target":["https:\/\/institucional.ufrrj.br\/cea\/fr\/axes-thematiques\/"]}]},{"@type":"BreadcrumbList","@id":"https:\/\/institucional.ufrrj.br\/cea\/fr\/axes-thematiques\/#breadcrumb","itemListElement":[{"@type":"ListItem","position":1,"name":"In\u00edcio","item":"https:\/\/institucional.ufrrj.br\/cea\/en\/introduction\/"},{"@type":"ListItem","position":2,"name":"Axes Th\u00e9matiques"}]},{"@type":"WebSite","@id":"https:\/\/institucional.ufrrj.br\/cea\/#website","url":"https:\/\/institucional.ufrrj.br\/cea\/","name":"Centro de Estudos Avan\u00e7ados da UFRRJ","description":"\u00d3rg\u00e3o ligado diretamente \u00e0 Pr\u00f3-Reitoria de Pesquisa e P\u00f3s-Gradua\u00e7\u00e3o (PROPPG) da UFRRJ","potentialAction":[{"@type":"SearchAction","target":{"@type":"EntryPoint","urlTemplate":"https:\/\/institucional.ufrrj.br\/cea\/?s={search_term_string}"},"query-input":{"@type":"PropertyValueSpecification","valueRequired":true,"valueName":"search_term_string"}}],"inLanguage":"pt-BR"}]}},"acf":[],"_links":{"self":[{"href":"https:\/\/institucional.ufrrj.br\/cea\/wp-json\/wp\/v2\/pages\/727","targetHints":{"allow":["GET"]}}],"collection":[{"href":"https:\/\/institucional.ufrrj.br\/cea\/wp-json\/wp\/v2\/pages"}],"about":[{"href":"https:\/\/institucional.ufrrj.br\/cea\/wp-json\/wp\/v2\/types\/page"}],"author":[{"embeddable":true,"href":"https:\/\/institucional.ufrrj.br\/cea\/wp-json\/wp\/v2\/users\/749"}],"replies":[{"embeddable":true,"href":"https:\/\/institucional.ufrrj.br\/cea\/wp-json\/wp\/v2\/comments?post=727"}],"version-history":[{"count":2,"href":"https:\/\/institucional.ufrrj.br\/cea\/wp-json\/wp\/v2\/pages\/727\/revisions"}],"predecessor-version":[{"id":889,"href":"https:\/\/institucional.ufrrj.br\/cea\/wp-json\/wp\/v2\/pages\/727\/revisions\/889"}],"wp:attachment":[{"href":"https:\/\/institucional.ufrrj.br\/cea\/wp-json\/wp\/v2\/media?parent=727"}],"curies":[{"name":"wp","href":"https:\/\/api.w.org\/{rel}","templated":true}]}}