{"id":700,"date":"2021-03-23T14:54:28","date_gmt":"2021-03-23T17:54:28","guid":{"rendered":"http:\/\/institucional.ufrrj.br\/cea\/?page_id=700"},"modified":"2026-02-09T10:15:12","modified_gmt":"2026-02-09T13:15:12","slug":"ejes-tematicos","status":"publish","type":"page","link":"https:\/\/institucional.ufrrj.br\/cea\/es\/ejes-tematicos\/","title":{"rendered":"Ejes tem\u00e1ticos"},"content":{"rendered":"<p>Para cumplir de forma plena sus objetivos, conforme consta en el Reglamento, el Centro de Estudios Avanzados (CEA) de la Universidad Federal Rural de R\u00edo de Janeiro (UFRRJ) presenta siete Ejes Tem\u00e1ticos que orientan el trabajo y el conjunto de las actividades desarrolladas. Sin perjuicio de nuevos temas que puedan ser incorporados, o incluso sustituir los temas actuales, la propuesta consiste en organizar los esfuerzos relativos a la producci\u00f3n y diseminaci\u00f3n del conocimiento cient\u00edfico y acad\u00e9mico a partir de cuestiones que nos parecen estrat\u00e9gicas, como puede ser observado a continuaci\u00f3n.<\/p>\n<p>Vale resaltar que, en todos los ejes presentados (y en los proyectos y grupos de investigaci\u00f3n derivados de ellos), algunas condiciones b\u00e1sicas son fundamentales: a) la inter o multidisciplinariedad de los temas, explorados a partir de diversas \u00e1reas del conocimiento que dialoguen entre s\u00ed; b) la originalidad y los desaf\u00edos de problemas en la frontera del conocimiento en investigaciones avanzadas asociadas a los diferentes ejes; c) la efectiva generaci\u00f3n de nuevos conocimientos en las \u00e1reas contempladas que puedan ser relevantes y difundidos junto a la comunidad acad\u00e9mica y a la sociedad, de forma m\u00e1s amplia; d) la formaci\u00f3n de recursos humanos y cuadros acad\u00e9micos, siempre que sea posible.<\/p>\n<p>Ellos son:<\/p>\n<p><em>Seguridad Alimentaria<\/em><br \/>\n<em>Desarrollo Sostenible<\/em><br \/>\n<em>Salud \u00danica<\/em><br \/>\n<em>Innovaci\u00f3n<\/em><br \/>\n<em>Estado, Instituciones y Pol\u00edticas P\u00fablicas<\/em><br \/>\n<em>Inclusi\u00f3n Social y Derechos Humanos<\/em><br \/>\n<em>Cultura, Sociedad y Memoria<\/em><\/p>\n","protected":false},"excerpt":{"rendered":"<p>Para cumplir de forma plena sus objetivos, conforme consta en el Reglamento, el Centro de Estudios Avanzados (CEA) de la Universidad Federal [&hellip;]<\/p>\n","protected":false},"author":749,"featured_media":0,"parent":0,"menu_order":0,"comment_status":"closed","ping_status":"closed","template":"","meta":{"_acf_changed":false,"footnotes":""},"class_list":["post-700","page","type-page","status-publish","hentry"],"yoast_head":"<!-- This site is optimized with the Yoast SEO plugin v27.2 - https:\/\/yoast.com\/product\/yoast-seo-wordpress\/ -->\n<title>Ejes tem\u00e1ticos - Centro de Estudos Avan\u00e7ados da UFRRJ<\/title>\n<meta name=\"robots\" content=\"index, follow, max-snippet:-1, max-image-preview:large, max-video-preview:-1\" \/>\n<link rel=\"canonical\" href=\"https:\/\/institucional.ufrrj.br\/cea\/es\/ejes-tematicos\/\" \/>\n<meta property=\"og:locale\" content=\"pt_BR\" \/>\n<meta property=\"og:type\" content=\"article\" \/>\n<meta property=\"og:title\" content=\"Ejes tem\u00e1ticos - Centro de Estudos Avan\u00e7ados da UFRRJ\" \/>\n<meta property=\"og:description\" content=\"Para cumplir de forma plena sus objetivos, conforme consta en el Reglamento, el Centro de Estudios Avanzados (CEA) de la Universidad Federal [&hellip;]\" \/>\n<meta property=\"og:url\" content=\"https:\/\/institucional.ufrrj.br\/cea\/es\/ejes-tematicos\/\" \/>\n<meta property=\"og:site_name\" content=\"Centro de Estudos Avan\u00e7ados da UFRRJ\" \/>\n<meta property=\"article:modified_time\" content=\"2026-02-09T13:15:12+00:00\" \/>\n<meta name=\"twitter:card\" content=\"summary_large_image\" \/>\n<meta name=\"twitter:label1\" content=\"Est. tempo de leitura\" \/>\n\t<meta name=\"twitter:data1\" content=\"1 minuto\" \/>\n<script type=\"application\/ld+json\" class=\"yoast-schema-graph\">{\"@context\":\"https:\/\/schema.org\",\"@graph\":[{\"@type\":\"WebPage\",\"@id\":\"https:\/\/institucional.ufrrj.br\/cea\/es\/ejes-tematicos\/\",\"url\":\"https:\/\/institucional.ufrrj.br\/cea\/es\/ejes-tematicos\/\",\"name\":\"Ejes tem\u00e1ticos - Centro de Estudos Avan\u00e7ados da UFRRJ\",\"isPartOf\":{\"@id\":\"https:\/\/institucional.ufrrj.br\/cea\/#website\"},\"datePublished\":\"2021-03-23T17:54:28+00:00\",\"dateModified\":\"2026-02-09T13:15:12+00:00\",\"breadcrumb\":{\"@id\":\"https:\/\/institucional.ufrrj.br\/cea\/es\/ejes-tematicos\/#breadcrumb\"},\"inLanguage\":\"pt-BR\",\"potentialAction\":[{\"@type\":\"ReadAction\",\"target\":[\"https:\/\/institucional.ufrrj.br\/cea\/es\/ejes-tematicos\/\"]}]},{\"@type\":\"BreadcrumbList\",\"@id\":\"https:\/\/institucional.ufrrj.br\/cea\/es\/ejes-tematicos\/#breadcrumb\",\"itemListElement\":[{\"@type\":\"ListItem\",\"position\":1,\"name\":\"In\u00edcio\",\"item\":\"https:\/\/institucional.ufrrj.br\/cea\/en\/introduction\/\"},{\"@type\":\"ListItem\",\"position\":2,\"name\":\"Ejes tem\u00e1ticos\"}]},{\"@type\":\"WebSite\",\"@id\":\"https:\/\/institucional.ufrrj.br\/cea\/#website\",\"url\":\"https:\/\/institucional.ufrrj.br\/cea\/\",\"name\":\"Centro de Estudos Avan\u00e7ados da UFRRJ\",\"description\":\"\u00d3rg\u00e3o ligado diretamente \u00e0 Pr\u00f3-Reitoria de Pesquisa e P\u00f3s-Gradua\u00e7\u00e3o (PROPPG) da UFRRJ\",\"potentialAction\":[{\"@type\":\"SearchAction\",\"target\":{\"@type\":\"EntryPoint\",\"urlTemplate\":\"https:\/\/institucional.ufrrj.br\/cea\/?s={search_term_string}\"},\"query-input\":{\"@type\":\"PropertyValueSpecification\",\"valueRequired\":true,\"valueName\":\"search_term_string\"}}],\"inLanguage\":\"pt-BR\"}]}<\/script>\n<!-- \/ Yoast SEO plugin. -->","yoast_head_json":{"title":"Ejes tem\u00e1ticos - Centro de Estudos Avan\u00e7ados da UFRRJ","robots":{"index":"index","follow":"follow","max-snippet":"max-snippet:-1","max-image-preview":"max-image-preview:large","max-video-preview":"max-video-preview:-1"},"canonical":"https:\/\/institucional.ufrrj.br\/cea\/es\/ejes-tematicos\/","og_locale":"pt_BR","og_type":"article","og_title":"Ejes tem\u00e1ticos - Centro de Estudos Avan\u00e7ados da UFRRJ","og_description":"Para cumplir de forma plena sus objetivos, conforme consta en el Reglamento, el Centro de Estudios Avanzados (CEA) de la Universidad Federal [&hellip;]","og_url":"https:\/\/institucional.ufrrj.br\/cea\/es\/ejes-tematicos\/","og_site_name":"Centro de Estudos Avan\u00e7ados da UFRRJ","article_modified_time":"2026-02-09T13:15:12+00:00","twitter_card":"summary_large_image","twitter_misc":{"Est. tempo de leitura":"1 minuto"},"schema":{"@context":"https:\/\/schema.org","@graph":[{"@type":"WebPage","@id":"https:\/\/institucional.ufrrj.br\/cea\/es\/ejes-tematicos\/","url":"https:\/\/institucional.ufrrj.br\/cea\/es\/ejes-tematicos\/","name":"Ejes tem\u00e1ticos - Centro de Estudos Avan\u00e7ados da UFRRJ","isPartOf":{"@id":"https:\/\/institucional.ufrrj.br\/cea\/#website"},"datePublished":"2021-03-23T17:54:28+00:00","dateModified":"2026-02-09T13:15:12+00:00","breadcrumb":{"@id":"https:\/\/institucional.ufrrj.br\/cea\/es\/ejes-tematicos\/#breadcrumb"},"inLanguage":"pt-BR","potentialAction":[{"@type":"ReadAction","target":["https:\/\/institucional.ufrrj.br\/cea\/es\/ejes-tematicos\/"]}]},{"@type":"BreadcrumbList","@id":"https:\/\/institucional.ufrrj.br\/cea\/es\/ejes-tematicos\/#breadcrumb","itemListElement":[{"@type":"ListItem","position":1,"name":"In\u00edcio","item":"https:\/\/institucional.ufrrj.br\/cea\/en\/introduction\/"},{"@type":"ListItem","position":2,"name":"Ejes tem\u00e1ticos"}]},{"@type":"WebSite","@id":"https:\/\/institucional.ufrrj.br\/cea\/#website","url":"https:\/\/institucional.ufrrj.br\/cea\/","name":"Centro de Estudos Avan\u00e7ados da UFRRJ","description":"\u00d3rg\u00e3o ligado diretamente \u00e0 Pr\u00f3-Reitoria de Pesquisa e P\u00f3s-Gradua\u00e7\u00e3o (PROPPG) da UFRRJ","potentialAction":[{"@type":"SearchAction","target":{"@type":"EntryPoint","urlTemplate":"https:\/\/institucional.ufrrj.br\/cea\/?s={search_term_string}"},"query-input":{"@type":"PropertyValueSpecification","valueRequired":true,"valueName":"search_term_string"}}],"inLanguage":"pt-BR"}]}},"acf":[],"_links":{"self":[{"href":"https:\/\/institucional.ufrrj.br\/cea\/wp-json\/wp\/v2\/pages\/700","targetHints":{"allow":["GET"]}}],"collection":[{"href":"https:\/\/institucional.ufrrj.br\/cea\/wp-json\/wp\/v2\/pages"}],"about":[{"href":"https:\/\/institucional.ufrrj.br\/cea\/wp-json\/wp\/v2\/types\/page"}],"author":[{"embeddable":true,"href":"https:\/\/institucional.ufrrj.br\/cea\/wp-json\/wp\/v2\/users\/749"}],"replies":[{"embeddable":true,"href":"https:\/\/institucional.ufrrj.br\/cea\/wp-json\/wp\/v2\/comments?post=700"}],"version-history":[{"count":2,"href":"https:\/\/institucional.ufrrj.br\/cea\/wp-json\/wp\/v2\/pages\/700\/revisions"}],"predecessor-version":[{"id":874,"href":"https:\/\/institucional.ufrrj.br\/cea\/wp-json\/wp\/v2\/pages\/700\/revisions\/874"}],"wp:attachment":[{"href":"https:\/\/institucional.ufrrj.br\/cea\/wp-json\/wp\/v2\/media?parent=700"}],"curies":[{"name":"wp","href":"https:\/\/api.w.org\/{rel}","templated":true}]}}