{"id":680,"date":"2021-03-23T14:38:12","date_gmt":"2021-03-23T17:38:12","guid":{"rendered":"http:\/\/institucional.ufrrj.br\/cea\/?page_id=680"},"modified":"2026-02-09T10:15:10","modified_gmt":"2026-02-09T13:15:10","slug":"cea-debates","status":"publish","type":"page","link":"https:\/\/institucional.ufrrj.br\/cea\/en\/cea-debates\/","title":{"rendered":"CEA Debates"},"content":{"rendered":"<p>The pandemic and ensuing lockdown have raised a series of questions not only around social, political and economic problems, but also on subjectivities processes. As part of its mission to promote high-level debates, the Center for Advanced Studies (CEA\/UFRRJ) has embarked on a series of virtual debates that include prominent personalities and experts who are invited to the interviews.<\/p>\n<p>The list of live meetings can be accessed by <a href=\"http:\/\/www.youtube.com\/c\/CentrodeEstudosAvan\u00e7adosCEAUFRRJ\" target=\"_blank\" rel=\"noopener noreferrer\">clicking here.<\/a><\/p>\n","protected":false},"excerpt":{"rendered":"<p>The pandemic and ensuing lockdown have raised a series of questions not only around social, political and economic problems, but also on [&hellip;]<\/p>\n","protected":false},"author":749,"featured_media":0,"parent":0,"menu_order":0,"comment_status":"closed","ping_status":"closed","template":"","meta":{"_acf_changed":false,"footnotes":""},"class_list":["post-680","page","type-page","status-publish","hentry"],"yoast_head":"<!-- This site is optimized with the Yoast SEO plugin v27.2 - https:\/\/yoast.com\/product\/yoast-seo-wordpress\/ -->\n<title>CEA Debates - Centro de Estudos Avan\u00e7ados da UFRRJ<\/title>\n<meta name=\"robots\" content=\"index, follow, max-snippet:-1, max-image-preview:large, max-video-preview:-1\" \/>\n<link rel=\"canonical\" href=\"https:\/\/institucional.ufrrj.br\/cea\/en\/cea-debates\/\" \/>\n<meta property=\"og:locale\" content=\"pt_BR\" \/>\n<meta property=\"og:type\" content=\"article\" \/>\n<meta property=\"og:title\" content=\"CEA Debates - Centro de Estudos Avan\u00e7ados da UFRRJ\" \/>\n<meta property=\"og:description\" content=\"The pandemic and ensuing lockdown have raised a series of questions not only around social, political and economic problems, but also on [&hellip;]\" \/>\n<meta property=\"og:url\" content=\"https:\/\/institucional.ufrrj.br\/cea\/en\/cea-debates\/\" \/>\n<meta property=\"og:site_name\" content=\"Centro de Estudos Avan\u00e7ados da UFRRJ\" \/>\n<meta property=\"article:modified_time\" content=\"2026-02-09T13:15:10+00:00\" \/>\n<meta name=\"twitter:card\" content=\"summary_large_image\" \/>\n<script type=\"application\/ld+json\" class=\"yoast-schema-graph\">{\"@context\":\"https:\/\/schema.org\",\"@graph\":[{\"@type\":\"WebPage\",\"@id\":\"https:\/\/institucional.ufrrj.br\/cea\/en\/cea-debates\/\",\"url\":\"https:\/\/institucional.ufrrj.br\/cea\/en\/cea-debates\/\",\"name\":\"CEA Debates - Centro de Estudos Avan\u00e7ados da UFRRJ\",\"isPartOf\":{\"@id\":\"https:\/\/institucional.ufrrj.br\/cea\/#website\"},\"datePublished\":\"2021-03-23T17:38:12+00:00\",\"dateModified\":\"2026-02-09T13:15:10+00:00\",\"breadcrumb\":{\"@id\":\"https:\/\/institucional.ufrrj.br\/cea\/en\/cea-debates\/#breadcrumb\"},\"inLanguage\":\"pt-BR\",\"potentialAction\":[{\"@type\":\"ReadAction\",\"target\":[\"https:\/\/institucional.ufrrj.br\/cea\/en\/cea-debates\/\"]}]},{\"@type\":\"BreadcrumbList\",\"@id\":\"https:\/\/institucional.ufrrj.br\/cea\/en\/cea-debates\/#breadcrumb\",\"itemListElement\":[{\"@type\":\"ListItem\",\"position\":1,\"name\":\"In\u00edcio\",\"item\":\"https:\/\/institucional.ufrrj.br\/cea\/en\/introduction\/\"},{\"@type\":\"ListItem\",\"position\":2,\"name\":\"CEA Debates\"}]},{\"@type\":\"WebSite\",\"@id\":\"https:\/\/institucional.ufrrj.br\/cea\/#website\",\"url\":\"https:\/\/institucional.ufrrj.br\/cea\/\",\"name\":\"Centro de Estudos Avan\u00e7ados da UFRRJ\",\"description\":\"\u00d3rg\u00e3o ligado diretamente \u00e0 Pr\u00f3-Reitoria de Pesquisa e P\u00f3s-Gradua\u00e7\u00e3o (PROPPG) da UFRRJ\",\"potentialAction\":[{\"@type\":\"SearchAction\",\"target\":{\"@type\":\"EntryPoint\",\"urlTemplate\":\"https:\/\/institucional.ufrrj.br\/cea\/?s={search_term_string}\"},\"query-input\":{\"@type\":\"PropertyValueSpecification\",\"valueRequired\":true,\"valueName\":\"search_term_string\"}}],\"inLanguage\":\"pt-BR\"}]}<\/script>\n<!-- \/ Yoast SEO plugin. -->","yoast_head_json":{"title":"CEA Debates - Centro de Estudos Avan\u00e7ados da UFRRJ","robots":{"index":"index","follow":"follow","max-snippet":"max-snippet:-1","max-image-preview":"max-image-preview:large","max-video-preview":"max-video-preview:-1"},"canonical":"https:\/\/institucional.ufrrj.br\/cea\/en\/cea-debates\/","og_locale":"pt_BR","og_type":"article","og_title":"CEA Debates - Centro de Estudos Avan\u00e7ados da UFRRJ","og_description":"The pandemic and ensuing lockdown have raised a series of questions not only around social, political and economic problems, but also on [&hellip;]","og_url":"https:\/\/institucional.ufrrj.br\/cea\/en\/cea-debates\/","og_site_name":"Centro de Estudos Avan\u00e7ados da UFRRJ","article_modified_time":"2026-02-09T13:15:10+00:00","twitter_card":"summary_large_image","schema":{"@context":"https:\/\/schema.org","@graph":[{"@type":"WebPage","@id":"https:\/\/institucional.ufrrj.br\/cea\/en\/cea-debates\/","url":"https:\/\/institucional.ufrrj.br\/cea\/en\/cea-debates\/","name":"CEA Debates - Centro de Estudos Avan\u00e7ados da UFRRJ","isPartOf":{"@id":"https:\/\/institucional.ufrrj.br\/cea\/#website"},"datePublished":"2021-03-23T17:38:12+00:00","dateModified":"2026-02-09T13:15:10+00:00","breadcrumb":{"@id":"https:\/\/institucional.ufrrj.br\/cea\/en\/cea-debates\/#breadcrumb"},"inLanguage":"pt-BR","potentialAction":[{"@type":"ReadAction","target":["https:\/\/institucional.ufrrj.br\/cea\/en\/cea-debates\/"]}]},{"@type":"BreadcrumbList","@id":"https:\/\/institucional.ufrrj.br\/cea\/en\/cea-debates\/#breadcrumb","itemListElement":[{"@type":"ListItem","position":1,"name":"In\u00edcio","item":"https:\/\/institucional.ufrrj.br\/cea\/en\/introduction\/"},{"@type":"ListItem","position":2,"name":"CEA Debates"}]},{"@type":"WebSite","@id":"https:\/\/institucional.ufrrj.br\/cea\/#website","url":"https:\/\/institucional.ufrrj.br\/cea\/","name":"Centro de Estudos Avan\u00e7ados da UFRRJ","description":"\u00d3rg\u00e3o ligado diretamente \u00e0 Pr\u00f3-Reitoria de Pesquisa e P\u00f3s-Gradua\u00e7\u00e3o (PROPPG) da UFRRJ","potentialAction":[{"@type":"SearchAction","target":{"@type":"EntryPoint","urlTemplate":"https:\/\/institucional.ufrrj.br\/cea\/?s={search_term_string}"},"query-input":{"@type":"PropertyValueSpecification","valueRequired":true,"valueName":"search_term_string"}}],"inLanguage":"pt-BR"}]}},"acf":[],"_links":{"self":[{"href":"https:\/\/institucional.ufrrj.br\/cea\/wp-json\/wp\/v2\/pages\/680","targetHints":{"allow":["GET"]}}],"collection":[{"href":"https:\/\/institucional.ufrrj.br\/cea\/wp-json\/wp\/v2\/pages"}],"about":[{"href":"https:\/\/institucional.ufrrj.br\/cea\/wp-json\/wp\/v2\/types\/page"}],"author":[{"embeddable":true,"href":"https:\/\/institucional.ufrrj.br\/cea\/wp-json\/wp\/v2\/users\/749"}],"replies":[{"embeddable":true,"href":"https:\/\/institucional.ufrrj.br\/cea\/wp-json\/wp\/v2\/comments?post=680"}],"version-history":[{"count":4,"href":"https:\/\/institucional.ufrrj.br\/cea\/wp-json\/wp\/v2\/pages\/680\/revisions"}],"predecessor-version":[{"id":821,"href":"https:\/\/institucional.ufrrj.br\/cea\/wp-json\/wp\/v2\/pages\/680\/revisions\/821"}],"wp:attachment":[{"href":"https:\/\/institucional.ufrrj.br\/cea\/wp-json\/wp\/v2\/media?parent=680"}],"curies":[{"name":"wp","href":"https:\/\/api.w.org\/{rel}","templated":true}]}}