{"id":676,"date":"2021-03-23T14:36:25","date_gmt":"2021-03-23T17:36:25","guid":{"rendered":"http:\/\/institucional.ufrrj.br\/cea\/?page_id=676"},"modified":"2026-02-09T10:15:12","modified_gmt":"2026-02-09T13:15:12","slug":"live-events","status":"publish","type":"page","link":"https:\/\/institucional.ufrrj.br\/cea\/en\/live-events\/","title":{"rendered":"Live Events"},"content":{"rendered":"<p>Access by <a href=\"https:\/\/institucional.ufrrj.br\/cea\/eventos-presenciais\/\" target=\"_blank\" rel=\"noopener noreferrer\">clicking here<\/a>. Content in Portuguese.<\/p>\n","protected":false},"excerpt":{"rendered":"<p>Access by clicking here. Content in Portuguese.<\/p>\n","protected":false},"author":749,"featured_media":0,"parent":0,"menu_order":0,"comment_status":"closed","ping_status":"closed","template":"","meta":{"_acf_changed":false,"footnotes":""},"class_list":["post-676","page","type-page","status-publish","hentry"],"yoast_head":"<!-- This site is optimized with the Yoast SEO plugin v27.2 - https:\/\/yoast.com\/product\/yoast-seo-wordpress\/ -->\n<title>Live Events - Centro de Estudos Avan\u00e7ados da UFRRJ<\/title>\n<meta name=\"robots\" content=\"index, follow, max-snippet:-1, max-image-preview:large, max-video-preview:-1\" \/>\n<link rel=\"canonical\" href=\"https:\/\/institucional.ufrrj.br\/cea\/en\/live-events\/\" \/>\n<meta property=\"og:locale\" content=\"pt_BR\" \/>\n<meta property=\"og:type\" content=\"article\" \/>\n<meta property=\"og:title\" content=\"Live Events - Centro de Estudos Avan\u00e7ados da UFRRJ\" \/>\n<meta property=\"og:description\" content=\"Access by clicking here. Content in Portuguese.\" \/>\n<meta property=\"og:url\" content=\"https:\/\/institucional.ufrrj.br\/cea\/en\/live-events\/\" \/>\n<meta property=\"og:site_name\" content=\"Centro de Estudos Avan\u00e7ados da UFRRJ\" \/>\n<meta property=\"article:modified_time\" content=\"2026-02-09T13:15:12+00:00\" \/>\n<meta name=\"twitter:card\" content=\"summary_large_image\" \/>\n<script type=\"application\/ld+json\" class=\"yoast-schema-graph\">{\"@context\":\"https:\/\/schema.org\",\"@graph\":[{\"@type\":\"WebPage\",\"@id\":\"https:\/\/institucional.ufrrj.br\/cea\/en\/live-events\/\",\"url\":\"https:\/\/institucional.ufrrj.br\/cea\/en\/live-events\/\",\"name\":\"Live Events - Centro de Estudos Avan\u00e7ados da UFRRJ\",\"isPartOf\":{\"@id\":\"https:\/\/institucional.ufrrj.br\/cea\/#website\"},\"datePublished\":\"2021-03-23T17:36:25+00:00\",\"dateModified\":\"2026-02-09T13:15:12+00:00\",\"breadcrumb\":{\"@id\":\"https:\/\/institucional.ufrrj.br\/cea\/en\/live-events\/#breadcrumb\"},\"inLanguage\":\"pt-BR\",\"potentialAction\":[{\"@type\":\"ReadAction\",\"target\":[\"https:\/\/institucional.ufrrj.br\/cea\/en\/live-events\/\"]}]},{\"@type\":\"BreadcrumbList\",\"@id\":\"https:\/\/institucional.ufrrj.br\/cea\/en\/live-events\/#breadcrumb\",\"itemListElement\":[{\"@type\":\"ListItem\",\"position\":1,\"name\":\"In\u00edcio\",\"item\":\"https:\/\/institucional.ufrrj.br\/cea\/en\/introduction\/\"},{\"@type\":\"ListItem\",\"position\":2,\"name\":\"Live Events\"}]},{\"@type\":\"WebSite\",\"@id\":\"https:\/\/institucional.ufrrj.br\/cea\/#website\",\"url\":\"https:\/\/institucional.ufrrj.br\/cea\/\",\"name\":\"Centro de Estudos Avan\u00e7ados da UFRRJ\",\"description\":\"\u00d3rg\u00e3o ligado diretamente \u00e0 Pr\u00f3-Reitoria de Pesquisa e P\u00f3s-Gradua\u00e7\u00e3o (PROPPG) da UFRRJ\",\"potentialAction\":[{\"@type\":\"SearchAction\",\"target\":{\"@type\":\"EntryPoint\",\"urlTemplate\":\"https:\/\/institucional.ufrrj.br\/cea\/?s={search_term_string}\"},\"query-input\":{\"@type\":\"PropertyValueSpecification\",\"valueRequired\":true,\"valueName\":\"search_term_string\"}}],\"inLanguage\":\"pt-BR\"}]}<\/script>\n<!-- \/ Yoast SEO plugin. -->","yoast_head_json":{"title":"Live Events - Centro de Estudos Avan\u00e7ados da UFRRJ","robots":{"index":"index","follow":"follow","max-snippet":"max-snippet:-1","max-image-preview":"max-image-preview:large","max-video-preview":"max-video-preview:-1"},"canonical":"https:\/\/institucional.ufrrj.br\/cea\/en\/live-events\/","og_locale":"pt_BR","og_type":"article","og_title":"Live Events - Centro de Estudos Avan\u00e7ados da UFRRJ","og_description":"Access by clicking here. Content in Portuguese.","og_url":"https:\/\/institucional.ufrrj.br\/cea\/en\/live-events\/","og_site_name":"Centro de Estudos Avan\u00e7ados da UFRRJ","article_modified_time":"2026-02-09T13:15:12+00:00","twitter_card":"summary_large_image","schema":{"@context":"https:\/\/schema.org","@graph":[{"@type":"WebPage","@id":"https:\/\/institucional.ufrrj.br\/cea\/en\/live-events\/","url":"https:\/\/institucional.ufrrj.br\/cea\/en\/live-events\/","name":"Live Events - Centro de Estudos Avan\u00e7ados da UFRRJ","isPartOf":{"@id":"https:\/\/institucional.ufrrj.br\/cea\/#website"},"datePublished":"2021-03-23T17:36:25+00:00","dateModified":"2026-02-09T13:15:12+00:00","breadcrumb":{"@id":"https:\/\/institucional.ufrrj.br\/cea\/en\/live-events\/#breadcrumb"},"inLanguage":"pt-BR","potentialAction":[{"@type":"ReadAction","target":["https:\/\/institucional.ufrrj.br\/cea\/en\/live-events\/"]}]},{"@type":"BreadcrumbList","@id":"https:\/\/institucional.ufrrj.br\/cea\/en\/live-events\/#breadcrumb","itemListElement":[{"@type":"ListItem","position":1,"name":"In\u00edcio","item":"https:\/\/institucional.ufrrj.br\/cea\/en\/introduction\/"},{"@type":"ListItem","position":2,"name":"Live Events"}]},{"@type":"WebSite","@id":"https:\/\/institucional.ufrrj.br\/cea\/#website","url":"https:\/\/institucional.ufrrj.br\/cea\/","name":"Centro de Estudos Avan\u00e7ados da UFRRJ","description":"\u00d3rg\u00e3o ligado diretamente \u00e0 Pr\u00f3-Reitoria de Pesquisa e P\u00f3s-Gradua\u00e7\u00e3o (PROPPG) da UFRRJ","potentialAction":[{"@type":"SearchAction","target":{"@type":"EntryPoint","urlTemplate":"https:\/\/institucional.ufrrj.br\/cea\/?s={search_term_string}"},"query-input":{"@type":"PropertyValueSpecification","valueRequired":true,"valueName":"search_term_string"}}],"inLanguage":"pt-BR"}]}},"acf":[],"_links":{"self":[{"href":"https:\/\/institucional.ufrrj.br\/cea\/wp-json\/wp\/v2\/pages\/676","targetHints":{"allow":["GET"]}}],"collection":[{"href":"https:\/\/institucional.ufrrj.br\/cea\/wp-json\/wp\/v2\/pages"}],"about":[{"href":"https:\/\/institucional.ufrrj.br\/cea\/wp-json\/wp\/v2\/types\/page"}],"author":[{"embeddable":true,"href":"https:\/\/institucional.ufrrj.br\/cea\/wp-json\/wp\/v2\/users\/749"}],"replies":[{"embeddable":true,"href":"https:\/\/institucional.ufrrj.br\/cea\/wp-json\/wp\/v2\/comments?post=676"}],"version-history":[{"count":2,"href":"https:\/\/institucional.ufrrj.br\/cea\/wp-json\/wp\/v2\/pages\/676\/revisions"}],"predecessor-version":[{"id":867,"href":"https:\/\/institucional.ufrrj.br\/cea\/wp-json\/wp\/v2\/pages\/676\/revisions\/867"}],"wp:attachment":[{"href":"https:\/\/institucional.ufrrj.br\/cea\/wp-json\/wp\/v2\/media?parent=676"}],"curies":[{"name":"wp","href":"https:\/\/api.w.org\/{rel}","templated":true}]}}