{"id":656,"date":"2021-03-23T13:09:10","date_gmt":"2021-03-23T16:09:10","guid":{"rendered":"http:\/\/institucional.ufrrj.br\/cea\/?page_id=656"},"modified":"2026-02-09T10:15:13","modified_gmt":"2026-02-09T13:15:13","slug":"presentation","status":"publish","type":"page","link":"https:\/\/institucional.ufrrj.br\/cea\/fr\/presentation\/","title":{"rendered":"Pr\u00e9sentation"},"content":{"rendered":"<p>L\u2019Universit\u00e9 F\u00e9d\u00e9rale Rurale de Rio de Janeiro (UFRRJ), en ligne avec d\u2019autres universit\u00e9s publiques du pays, a d\u00e9cid\u00e9 de cr\u00e9er une unit\u00e9 visant \u00e0 encourager la production scientifique et des connaissances dans des diff\u00e9rents domaines de la pens\u00e9e, tout en valorisant une approche multi et interdisciplinaire d\u2019\u00e9tudes situ\u00e9es \u00e0 la fronti\u00e8re de la recherche acad\u00e9mique. Dans cette esprit, on a mis en place le Centre d\u2019\u00c9tudes Avanc\u00e9es (CEA), organe directement li\u00e9 au Rectorat de Recherche et d\u2019\u00c9tudes Approfondies (PROPPG), fond\u00e9 sur sept axes th\u00e9matiques de travail, \u00e0 savoir: S\u00e9curit\u00e9 Alimentaire; D\u00e9veloppement Durable; Innovation; \u00c9tat, Institutions et Politiques Publiques; Sant\u00e9 Unique; Culture, Soci\u00e9t\u00e9 et M\u00e9moire; et Inclusion Sociale et Droits de l\u2019Homme. R\u00e9unissant des chercheur.se.s, des enseignant.e.s de l\u2019institution elle-m\u00eame ainsi que des chercheur.se.s \u2013 nationaux et\/ou \u00e9trangers \u2013 invit\u00e9es, le CEA poursuit les objectifs suivants :<\/p>\n<p>a) identifier, syst\u00e9matiser et organiser les informations sur les recherches en cours \u00e0 l\u2019UFRRJ, notamment celles \u00e0 caract\u00e8re interdisciplinaire qui mettent l\u2019accent sur des domaines situ\u00e9s \u00e0 la fronti\u00e8re de la connaissance, afin de subventionner sa strat\u00e9gie d\u2019action ;<br \/>\nb) favoriser et promouvoir la recherche interdisciplinaire de haut niveau des th\u00e8mes et enjeux qui affectent la soci\u00e9t\u00e9 contemporaine en ce qui concerne ses multiples dimensions \u00e9conomiques, sociales, environnementales, culturelles, scientifiques et technologiques;<br \/>\nc) explorer et contribuer \u00e0 faire progresser la confrontation des probl\u00e8mes th\u00e9oriques conceptuels, \u00e9pist\u00e9mologiques, m\u00e9thodologiques et \u00e9thiques qui d\u00e9fient le travail acad\u00e9mique, scientifique et culturel contemporain ;<br \/>\nd) encourager et assurer, par tous les moyens, les \u00e9changes scientifiques, culturels et artistiques, aux niveaux national et international, notamment avec des centres d\u2019excellence en mati\u00e8re de recherche scientifique ;<br \/>\ne) accueillir des chercheur.se.s nationaux et \u00e9trangers apportant une contribution pertinente \u00e0 la science, \u00e0 la culture et aux arts et leur fournir des conditions mat\u00e9rielles et intellectuelles pour \u00e9largir et approfondir leurs \u00e9tudes et r\u00e9flexions ;<br \/>\nf) Assurer aux professeur.e.s et chercheur.se.s de l\u2019UFRRJ, r\u00e9put\u00e9es dans leurs domaines de connaissances, des conditions mat\u00e9rielles et intellectuelles particuli\u00e8rement favorables au d\u00e9veloppement de leurs \u00e9tudes et r\u00e9flexions au cours d\u2019une p\u00e9riode donn\u00e9. ;<br \/>\ng) promouvoir des congr\u00e8s, des r\u00e9unions, des colloques, des expositions et des programmes de divers types afin de provoquer la r\u00e9flexion sur l\u2019avenir de l\u2019\u00e9ducation, de l\u2019universit\u00e9 publique, de la science, de la culture et des arts dans notre pays;<br \/>\nh) proposer des programmes, des cours et des disciplines d\u2019\u00e9tudes approfondies et d\u2019extension, li\u00e9s aux axes th\u00e9matiques d\u00e9finis dans sa planification, sur la base de d\u00e9lib\u00e9rations sp\u00e9cifiques des conseils sup\u00e9rieurs de l\u2019UFRRJ;<br \/>\ni) interagir avec des associations scientifiques acad\u00e9miques de sorte \u00e0 d\u00e9velopper des programmes, des \u00e9v\u00e8nements et des projets d\u2019int\u00e9r\u00eat commun ;<br \/>\nj) Chercher des fonds aupr\u00e8s les conseils de financement de la recherche afin d\u2019accro\u00eetre ses propres revenus.<\/p>\n","protected":false},"excerpt":{"rendered":"<p>L\u2019Universit\u00e9 F\u00e9d\u00e9rale Rurale de Rio de Janeiro (UFRRJ), en ligne avec d\u2019autres universit\u00e9s publiques du pays, a d\u00e9cid\u00e9 de cr\u00e9er une unit\u00e9 [&hellip;]<\/p>\n","protected":false},"author":749,"featured_media":0,"parent":0,"menu_order":0,"comment_status":"closed","ping_status":"closed","template":"","meta":{"_acf_changed":false,"footnotes":""},"class_list":["post-656","page","type-page","status-publish","hentry"],"yoast_head":"<!-- This site is optimized with the Yoast SEO plugin v27.2 - https:\/\/yoast.com\/product\/yoast-seo-wordpress\/ -->\n<title>Pr\u00e9sentation - Centro de Estudos Avan\u00e7ados da UFRRJ<\/title>\n<meta name=\"robots\" content=\"index, follow, max-snippet:-1, max-image-preview:large, max-video-preview:-1\" \/>\n<link rel=\"canonical\" href=\"https:\/\/institucional.ufrrj.br\/cea\/fr\/presentation\/\" \/>\n<meta property=\"og:locale\" content=\"pt_BR\" \/>\n<meta property=\"og:type\" content=\"article\" \/>\n<meta property=\"og:title\" content=\"Pr\u00e9sentation - Centro de Estudos Avan\u00e7ados da UFRRJ\" \/>\n<meta property=\"og:description\" content=\"L\u2019Universit\u00e9 F\u00e9d\u00e9rale Rurale de Rio de Janeiro (UFRRJ), en ligne avec d\u2019autres universit\u00e9s publiques du pays, a d\u00e9cid\u00e9 de cr\u00e9er une unit\u00e9 [&hellip;]\" \/>\n<meta property=\"og:url\" content=\"https:\/\/institucional.ufrrj.br\/cea\/fr\/presentation\/\" \/>\n<meta property=\"og:site_name\" content=\"Centro de Estudos Avan\u00e7ados da UFRRJ\" \/>\n<meta property=\"article:modified_time\" content=\"2026-02-09T13:15:13+00:00\" \/>\n<meta name=\"twitter:card\" content=\"summary_large_image\" \/>\n<meta name=\"twitter:label1\" content=\"Est. tempo de leitura\" \/>\n\t<meta name=\"twitter:data1\" content=\"3 minutos\" \/>\n<script type=\"application\/ld+json\" class=\"yoast-schema-graph\">{\"@context\":\"https:\/\/schema.org\",\"@graph\":[{\"@type\":\"WebPage\",\"@id\":\"https:\/\/institucional.ufrrj.br\/cea\/fr\/presentation\/\",\"url\":\"https:\/\/institucional.ufrrj.br\/cea\/fr\/presentation\/\",\"name\":\"Pr\u00e9sentation - Centro de Estudos Avan\u00e7ados da UFRRJ\",\"isPartOf\":{\"@id\":\"https:\/\/institucional.ufrrj.br\/cea\/#website\"},\"datePublished\":\"2021-03-23T16:09:10+00:00\",\"dateModified\":\"2026-02-09T13:15:13+00:00\",\"breadcrumb\":{\"@id\":\"https:\/\/institucional.ufrrj.br\/cea\/fr\/presentation\/#breadcrumb\"},\"inLanguage\":\"pt-BR\",\"potentialAction\":[{\"@type\":\"ReadAction\",\"target\":[\"https:\/\/institucional.ufrrj.br\/cea\/fr\/presentation\/\"]}]},{\"@type\":\"BreadcrumbList\",\"@id\":\"https:\/\/institucional.ufrrj.br\/cea\/fr\/presentation\/#breadcrumb\",\"itemListElement\":[{\"@type\":\"ListItem\",\"position\":1,\"name\":\"In\u00edcio\",\"item\":\"https:\/\/institucional.ufrrj.br\/cea\/en\/introduction\/\"},{\"@type\":\"ListItem\",\"position\":2,\"name\":\"Pr\u00e9sentation\"}]},{\"@type\":\"WebSite\",\"@id\":\"https:\/\/institucional.ufrrj.br\/cea\/#website\",\"url\":\"https:\/\/institucional.ufrrj.br\/cea\/\",\"name\":\"Centro de Estudos Avan\u00e7ados da UFRRJ\",\"description\":\"\u00d3rg\u00e3o ligado diretamente \u00e0 Pr\u00f3-Reitoria de Pesquisa e P\u00f3s-Gradua\u00e7\u00e3o (PROPPG) da UFRRJ\",\"potentialAction\":[{\"@type\":\"SearchAction\",\"target\":{\"@type\":\"EntryPoint\",\"urlTemplate\":\"https:\/\/institucional.ufrrj.br\/cea\/?s={search_term_string}\"},\"query-input\":{\"@type\":\"PropertyValueSpecification\",\"valueRequired\":true,\"valueName\":\"search_term_string\"}}],\"inLanguage\":\"pt-BR\"}]}<\/script>\n<!-- \/ Yoast SEO plugin. -->","yoast_head_json":{"title":"Pr\u00e9sentation - Centro de Estudos Avan\u00e7ados da UFRRJ","robots":{"index":"index","follow":"follow","max-snippet":"max-snippet:-1","max-image-preview":"max-image-preview:large","max-video-preview":"max-video-preview:-1"},"canonical":"https:\/\/institucional.ufrrj.br\/cea\/fr\/presentation\/","og_locale":"pt_BR","og_type":"article","og_title":"Pr\u00e9sentation - Centro de Estudos Avan\u00e7ados da UFRRJ","og_description":"L\u2019Universit\u00e9 F\u00e9d\u00e9rale Rurale de Rio de Janeiro (UFRRJ), en ligne avec d\u2019autres universit\u00e9s publiques du pays, a d\u00e9cid\u00e9 de cr\u00e9er une unit\u00e9 [&hellip;]","og_url":"https:\/\/institucional.ufrrj.br\/cea\/fr\/presentation\/","og_site_name":"Centro de Estudos Avan\u00e7ados da UFRRJ","article_modified_time":"2026-02-09T13:15:13+00:00","twitter_card":"summary_large_image","twitter_misc":{"Est. tempo de leitura":"3 minutos"},"schema":{"@context":"https:\/\/schema.org","@graph":[{"@type":"WebPage","@id":"https:\/\/institucional.ufrrj.br\/cea\/fr\/presentation\/","url":"https:\/\/institucional.ufrrj.br\/cea\/fr\/presentation\/","name":"Pr\u00e9sentation - Centro de Estudos Avan\u00e7ados da UFRRJ","isPartOf":{"@id":"https:\/\/institucional.ufrrj.br\/cea\/#website"},"datePublished":"2021-03-23T16:09:10+00:00","dateModified":"2026-02-09T13:15:13+00:00","breadcrumb":{"@id":"https:\/\/institucional.ufrrj.br\/cea\/fr\/presentation\/#breadcrumb"},"inLanguage":"pt-BR","potentialAction":[{"@type":"ReadAction","target":["https:\/\/institucional.ufrrj.br\/cea\/fr\/presentation\/"]}]},{"@type":"BreadcrumbList","@id":"https:\/\/institucional.ufrrj.br\/cea\/fr\/presentation\/#breadcrumb","itemListElement":[{"@type":"ListItem","position":1,"name":"In\u00edcio","item":"https:\/\/institucional.ufrrj.br\/cea\/en\/introduction\/"},{"@type":"ListItem","position":2,"name":"Pr\u00e9sentation"}]},{"@type":"WebSite","@id":"https:\/\/institucional.ufrrj.br\/cea\/#website","url":"https:\/\/institucional.ufrrj.br\/cea\/","name":"Centro de Estudos Avan\u00e7ados da UFRRJ","description":"\u00d3rg\u00e3o ligado diretamente \u00e0 Pr\u00f3-Reitoria de Pesquisa e P\u00f3s-Gradua\u00e7\u00e3o (PROPPG) da UFRRJ","potentialAction":[{"@type":"SearchAction","target":{"@type":"EntryPoint","urlTemplate":"https:\/\/institucional.ufrrj.br\/cea\/?s={search_term_string}"},"query-input":{"@type":"PropertyValueSpecification","valueRequired":true,"valueName":"search_term_string"}}],"inLanguage":"pt-BR"}]}},"acf":[],"_links":{"self":[{"href":"https:\/\/institucional.ufrrj.br\/cea\/wp-json\/wp\/v2\/pages\/656","targetHints":{"allow":["GET"]}}],"collection":[{"href":"https:\/\/institucional.ufrrj.br\/cea\/wp-json\/wp\/v2\/pages"}],"about":[{"href":"https:\/\/institucional.ufrrj.br\/cea\/wp-json\/wp\/v2\/types\/page"}],"author":[{"embeddable":true,"href":"https:\/\/institucional.ufrrj.br\/cea\/wp-json\/wp\/v2\/users\/749"}],"replies":[{"embeddable":true,"href":"https:\/\/institucional.ufrrj.br\/cea\/wp-json\/wp\/v2\/comments?post=656"}],"version-history":[{"count":5,"href":"https:\/\/institucional.ufrrj.br\/cea\/wp-json\/wp\/v2\/pages\/656\/revisions"}],"predecessor-version":[{"id":887,"href":"https:\/\/institucional.ufrrj.br\/cea\/wp-json\/wp\/v2\/pages\/656\/revisions\/887"}],"wp:attachment":[{"href":"https:\/\/institucional.ufrrj.br\/cea\/wp-json\/wp\/v2\/media?parent=656"}],"curies":[{"name":"wp","href":"https:\/\/api.w.org\/{rel}","templated":true}]}}