{"id":537,"date":"2020-10-22T13:31:00","date_gmt":"2020-10-22T16:31:00","guid":{"rendered":"http:\/\/institucional.ufrrj.br\/cea\/?page_id=537"},"modified":"2026-02-09T10:15:10","modified_gmt":"2026-02-09T13:15:10","slug":"ciclo-de-palestras-sobre-a-china","status":"publish","type":"page","link":"https:\/\/institucional.ufrrj.br\/cea\/ciclo-de-palestras-sobre-a-china\/","title":{"rendered":"Ciclo de palestras sobre a China"},"content":{"rendered":"<p><a href=\"https:\/\/institucional.ufrrj.br\/cea\/ciclo-de-palestras-discussoes-sobre-a-china-contemporaneidade-investimentos-e-o-papel-dos-bancos-de-desenvolvimento\/\" target=\"_blank\" rel=\"noopener noreferrer\"><strong>31\/10\/2019 &#8211; \u201cDiscuss\u00f5es sobre a China: Contemporaneidade, investimentos e o papel dos bancos de desenvolvimento\u201d<\/strong><\/a><\/p>\n<p>O evento foi resultado de uma parceria entre a Reitoria, a PROPPG, o CEA, a CORIN e o LIERI, todos da UFRRJ. Tivemos como palestrante S\u00e9rgio Gusm\u00e3o Suchodolski, Ex-Diretor de Estrat\u00e9gia e Desenvolvimento do New Development Bank. Tamb\u00e9m participaram Maur\u00edcio Santoro (Professor da UERJ), Pablo Iba\u00f1ez (Professor da UFRRJ) e Alexandre Fortes (Pr\u00f3-Reitor de Pesquisa e P\u00f3s-Gradua\u00e7\u00e3o da UFRRJ). O evento ocorreu presencialmente e foi gravado, sendo poss\u00edvel acess\u00e1-lo abaixo:<\/p>\n<p><iframe loading=\"lazy\" title=\"Discuss\u00f5es sobre a China: &quot;Contemporaneidade, investimentos e o papel dos bancos de desenvolvimento\u201d\" width=\"500\" height=\"281\" src=\"https:\/\/www.youtube.com\/embed\/GIrMM91P0wM?feature=oembed\" frameborder=\"0\" allow=\"accelerometer; autoplay; clipboard-write; encrypted-media; gyroscope; picture-in-picture; web-share\" referrerpolicy=\"strict-origin-when-cross-origin\" allowfullscreen><\/iframe><\/p>\n<hr \/>\n<p>&nbsp;<\/p>\n<hr \/>\n<p><a href=\"https:\/\/institucional.ufrrj.br\/cea\/investimentos-chineses-na-agricultura-brasileira-com-gustavo-oliveira-universidade-da-california-irvine-e-fabiano-escher-pesquisador-do-gemap\/\" target=\"_blank\" rel=\"noopener noreferrer\"><strong>31\/07\/2020 &#8211; \u201cInvestimentos chineses na agricultura brasileira\u201d \u2013 com Gustavo Oliveira (Universidade da Calif\u00f3rnia, Irvine) e Fabiano Escher (Pesquisador do GEMAP)<\/strong><\/a><\/p>\n<p>Contamos com a exposi\u00e7\u00e3o de Gustavo Oliveira, Professor Assistente do Departamento de Estudos Globais e Internacionais da Universidade da Calif\u00f3rnia, Irvine, Estados Unidos; e Fabiano Escher, Pesquisador do Grupo de Estudos em Mudan\u00e7as Sociais, Agroneg\u00f3cio e Pol\u00edticas P\u00fablicas (GEMAP), ligado ao Programa de P\u00f3s-Gradua\u00e7\u00e3o de Ci\u00eancias Sociais em Desenvolvimento, Agricultura e Sociedade (CPDA), da UFRRJ. Os coment\u00e1rios foram realizados por John Wilkinson, Professor Titular do CPDA\/UFRRJ e a modera\u00e7\u00e3o da mesa coube \u00e0 Ana Saggioro Garcia, Professora e Pesquisadora do LIERI e Vice-Coordenadora da CORIN, UFRRJ. Realiza\u00e7\u00e3o: CEA, PROPPG, CORIN e LIERI da UFRRJ.<\/p>\n<p><iframe loading=\"lazy\" title=\"&quot;Investimentos chineses na agricultura brasileira&quot; \u2013 com Gustavo Oliveira e Fabiano Escher\" width=\"500\" height=\"281\" src=\"https:\/\/www.youtube.com\/embed\/Ssn0RsbwyUg?feature=oembed\" frameborder=\"0\" allow=\"accelerometer; autoplay; clipboard-write; encrypted-media; gyroscope; picture-in-picture; web-share\" referrerpolicy=\"strict-origin-when-cross-origin\" allowfullscreen><\/iframe><\/p>\n<hr \/>\n<p>&nbsp;<\/p>\n<hr \/>\n<p><a href=\"https:\/\/institucional.ufrrj.br\/cea\/509-2\/\" target=\"_blank\" rel=\"noopener noreferrer\"><strong>09\/10\/2020 &#8211; \u201cAs rela\u00e7\u00f5es entre Am\u00e9rica Latina e China: o caso dos projetos de infraestrutura\u201d \u2013 com Enrique Dussel Peters (UNAM\/M\u00e9xico)<\/strong><\/a><\/p>\n<p>Convidamos Enrique Dussel Peters (UNAM\/M\u00e9xico) para ministrar a palestra \u201cAs rela\u00e7\u00f5es entre Am\u00e9rica Latina e China: o caso dos projetos de infraestrutura\u201d. O debate contou com os coment\u00e1rios de Paulo Esteves, professor do Instituto de Rela\u00e7\u00f5es Internacionais da PUC-Rio (IRI\/PUC-Rio) e diretor do BRICS Policy Center; e de Pablo Ibanez, professor do Departamento de Geografia da UFRRJ e coordenador do Laborat\u00f3rio de Geografia Econ\u00f4mica e Pol\u00edtica (LAGEP). A coordena\u00e7\u00e3o da mesa ficou \u00e0 cargo de Ana Garcia, professora do Programa de P\u00f3s-Gradua\u00e7\u00e3o em Ci\u00eancias Sociais (PPGCS) da UFRRJ e do Instituto de Rela\u00e7\u00f5es Internacionais da PUC-Rio. O encontro foi em espanhol e portugu\u00eas. Evento realizado pelo CEA em parceria com o BRICS Policy Center, PROPPG, CORIN e LIERI da UFRRJ.<\/p>\n<p><iframe loading=\"lazy\" title=\"&quot;As rela\u00e7\u00f5es entre Am\u00e9rica Latina e China: o caso dos projetos de infraestrutura&quot; \u2013 E. Dussel Peters\" width=\"500\" height=\"281\" src=\"https:\/\/www.youtube.com\/embed\/9ABwaa1bpnI?feature=oembed\" frameborder=\"0\" allow=\"accelerometer; autoplay; clipboard-write; encrypted-media; gyroscope; picture-in-picture; web-share\" referrerpolicy=\"strict-origin-when-cross-origin\" allowfullscreen><\/iframe><\/p>\n<hr \/>\n<p>&nbsp;<\/p>\n<hr \/>\n<p><strong><a href=\"https:\/\/institucional.ufrrj.br\/cea\/a-nova-rota-da-seda-uma-leitura-geopolitica-de-longa-duracao-e-sua-projecao-na-america-do-sul-com-milton-reyes-professor-titular-do-instituto-de-altos-estudos-nacionais-coordenador-do-centro\/\" target=\"_blank\" rel=\"noopener noreferrer\">18\/06\/2021 &#8211; \u201cA Nova Rota da Seda: uma leitura geopol\u00edtica de longa dura\u00e7\u00e3o e sua proje\u00e7\u00e3o na Am\u00e9rica do Sul\u201d \u2013 com Milton Reyes (Professor Titular do Instituto de Altos Estudos Nacionais, Coordenador do Centro de Estudos Chineses e do PGRI da PUC \u2013 Equador)<\/a><\/strong><\/p>\n<p>Tivemos o prazer de receber Milton Reyes, Professor e pesquisador do Instituto de Altos Estudos Nacionais do Equador (IAEN) e do Programa de Rela\u00e7\u00f5es Internacionais, onde atua na coordena\u00e7\u00e3o Centro de Estudos Chineses. O docente \u00e9 tamb\u00e9m membro do Conselho da International Confucian Association. Para debater o tema \u201cA Nova Rota da Seda: uma leitura geopol\u00edtica de longa dura\u00e7\u00e3o e sua proje\u00e7\u00e3o na Am\u00e9rica do Sul\u201d, contamos tamb\u00e9m com a presen\u00e7a do Professor Marcelo Fernandes (do Programa de P\u00f3s-Gradua\u00e7\u00e3o em Economia Regional e Desenvolvimento \u2013 PPGE\/UFRRJ) e da Professora Ana Saggioro Garcia (Instituto de Rela\u00e7\u00f5es Internacionais da PUC-RJ, Programa de P\u00f3s-Gradua\u00e7\u00e3o em Ci\u00eancias Sociais da UFRRJ e Coordenadora Geral do BRICS Policy Center). A modera\u00e7\u00e3o foi feita pelo Professor Pablo Iba\u00f1ez (Departamento de Geografia da UFRRJ).<\/p>\n<p><iframe loading=\"lazy\" title=\"A Nova Rota da Seda: uma leitura geopol\u00edtica de longa dura\u00e7\u00e3o e sua proje\u00e7\u00e3o na Am\u00e9rica do Sul\" width=\"500\" height=\"281\" src=\"https:\/\/www.youtube.com\/embed\/W-GbBst0suE?feature=oembed\" frameborder=\"0\" allow=\"accelerometer; autoplay; clipboard-write; encrypted-media; gyroscope; picture-in-picture; web-share\" referrerpolicy=\"strict-origin-when-cross-origin\" allowfullscreen><\/iframe><\/p>\n<hr \/>\n<p>&nbsp;<\/p>\n<hr \/>\n<p>&nbsp;<\/p>\n","protected":false},"excerpt":{"rendered":"<p>31\/10\/2019 &#8211; \u201cDiscuss\u00f5es sobre a China: Contemporaneidade, investimentos e o papel dos bancos de desenvolvimento\u201d O evento foi resultado de <a class=\"read-more\" href=\"https:\/\/institucional.ufrrj.br\/cea\/ciclo-de-palestras-sobre-a-china\/ \" >&#8230; <span class=\"font-italic\">leia mais <i class=\"fas fa-angle-right\"><\/i><\/span><\/a><\/p>\n","protected":false},"author":749,"featured_media":0,"parent":0,"menu_order":0,"comment_status":"closed","ping_status":"closed","template":"","meta":{"_acf_changed":false,"footnotes":""},"class_list":["post-537","page","type-page","status-publish","hentry"],"yoast_head":"<!-- This site is optimized with the Yoast SEO plugin v27.2 - https:\/\/yoast.com\/product\/yoast-seo-wordpress\/ -->\n<title>Ciclo de palestras sobre a China - Centro de Estudos Avan\u00e7ados da UFRRJ<\/title>\n<meta name=\"robots\" content=\"index, follow, max-snippet:-1, max-image-preview:large, max-video-preview:-1\" \/>\n<link rel=\"canonical\" href=\"https:\/\/institucional.ufrrj.br\/cea\/ciclo-de-palestras-sobre-a-china\/\" \/>\n<meta property=\"og:locale\" content=\"pt_BR\" \/>\n<meta property=\"og:type\" content=\"article\" \/>\n<meta property=\"og:title\" content=\"Ciclo de palestras sobre a China - Centro de Estudos Avan\u00e7ados da UFRRJ\" \/>\n<meta property=\"og:description\" content=\"31\/10\/2019 &#8211; \u201cDiscuss\u00f5es sobre a China: Contemporaneidade, investimentos e o papel dos bancos de desenvolvimento\u201d O evento foi resultado de ... leia mais\" \/>\n<meta property=\"og:url\" content=\"https:\/\/institucional.ufrrj.br\/cea\/ciclo-de-palestras-sobre-a-china\/\" \/>\n<meta property=\"og:site_name\" content=\"Centro de Estudos Avan\u00e7ados da UFRRJ\" \/>\n<meta property=\"article:modified_time\" content=\"2026-02-09T13:15:10+00:00\" \/>\n<meta name=\"twitter:card\" content=\"summary_large_image\" \/>\n<meta name=\"twitter:label1\" content=\"Est. tempo de leitura\" \/>\n\t<meta name=\"twitter:data1\" content=\"3 minutos\" \/>\n<script type=\"application\/ld+json\" class=\"yoast-schema-graph\">{\"@context\":\"https:\/\/schema.org\",\"@graph\":[{\"@type\":\"WebPage\",\"@id\":\"https:\/\/institucional.ufrrj.br\/cea\/ciclo-de-palestras-sobre-a-china\/\",\"url\":\"https:\/\/institucional.ufrrj.br\/cea\/ciclo-de-palestras-sobre-a-china\/\",\"name\":\"Ciclo de palestras sobre a China - Centro de Estudos Avan\u00e7ados da UFRRJ\",\"isPartOf\":{\"@id\":\"https:\/\/institucional.ufrrj.br\/cea\/#website\"},\"datePublished\":\"2020-10-22T16:31:00+00:00\",\"dateModified\":\"2026-02-09T13:15:10+00:00\",\"breadcrumb\":{\"@id\":\"https:\/\/institucional.ufrrj.br\/cea\/ciclo-de-palestras-sobre-a-china\/#breadcrumb\"},\"inLanguage\":\"pt-BR\",\"potentialAction\":[{\"@type\":\"ReadAction\",\"target\":[\"https:\/\/institucional.ufrrj.br\/cea\/ciclo-de-palestras-sobre-a-china\/\"]}]},{\"@type\":\"BreadcrumbList\",\"@id\":\"https:\/\/institucional.ufrrj.br\/cea\/ciclo-de-palestras-sobre-a-china\/#breadcrumb\",\"itemListElement\":[{\"@type\":\"ListItem\",\"position\":1,\"name\":\"In\u00edcio\",\"item\":\"https:\/\/institucional.ufrrj.br\/cea\/en\/introduction\/\"},{\"@type\":\"ListItem\",\"position\":2,\"name\":\"Ciclo de palestras sobre a China\"}]},{\"@type\":\"WebSite\",\"@id\":\"https:\/\/institucional.ufrrj.br\/cea\/#website\",\"url\":\"https:\/\/institucional.ufrrj.br\/cea\/\",\"name\":\"Centro de Estudos Avan\u00e7ados da UFRRJ\",\"description\":\"\u00d3rg\u00e3o ligado diretamente \u00e0 Pr\u00f3-Reitoria de Pesquisa e P\u00f3s-Gradua\u00e7\u00e3o (PROPPG) da UFRRJ\",\"potentialAction\":[{\"@type\":\"SearchAction\",\"target\":{\"@type\":\"EntryPoint\",\"urlTemplate\":\"https:\/\/institucional.ufrrj.br\/cea\/?s={search_term_string}\"},\"query-input\":{\"@type\":\"PropertyValueSpecification\",\"valueRequired\":true,\"valueName\":\"search_term_string\"}}],\"inLanguage\":\"pt-BR\"}]}<\/script>\n<!-- \/ Yoast SEO plugin. -->","yoast_head_json":{"title":"Ciclo de palestras sobre a China - Centro de Estudos Avan\u00e7ados da UFRRJ","robots":{"index":"index","follow":"follow","max-snippet":"max-snippet:-1","max-image-preview":"max-image-preview:large","max-video-preview":"max-video-preview:-1"},"canonical":"https:\/\/institucional.ufrrj.br\/cea\/ciclo-de-palestras-sobre-a-china\/","og_locale":"pt_BR","og_type":"article","og_title":"Ciclo de palestras sobre a China - Centro de Estudos Avan\u00e7ados da UFRRJ","og_description":"31\/10\/2019 &#8211; \u201cDiscuss\u00f5es sobre a China: Contemporaneidade, investimentos e o papel dos bancos de desenvolvimento\u201d O evento foi resultado de ... leia mais","og_url":"https:\/\/institucional.ufrrj.br\/cea\/ciclo-de-palestras-sobre-a-china\/","og_site_name":"Centro de Estudos Avan\u00e7ados da UFRRJ","article_modified_time":"2026-02-09T13:15:10+00:00","twitter_card":"summary_large_image","twitter_misc":{"Est. tempo de leitura":"3 minutos"},"schema":{"@context":"https:\/\/schema.org","@graph":[{"@type":"WebPage","@id":"https:\/\/institucional.ufrrj.br\/cea\/ciclo-de-palestras-sobre-a-china\/","url":"https:\/\/institucional.ufrrj.br\/cea\/ciclo-de-palestras-sobre-a-china\/","name":"Ciclo de palestras sobre a China - Centro de Estudos Avan\u00e7ados da UFRRJ","isPartOf":{"@id":"https:\/\/institucional.ufrrj.br\/cea\/#website"},"datePublished":"2020-10-22T16:31:00+00:00","dateModified":"2026-02-09T13:15:10+00:00","breadcrumb":{"@id":"https:\/\/institucional.ufrrj.br\/cea\/ciclo-de-palestras-sobre-a-china\/#breadcrumb"},"inLanguage":"pt-BR","potentialAction":[{"@type":"ReadAction","target":["https:\/\/institucional.ufrrj.br\/cea\/ciclo-de-palestras-sobre-a-china\/"]}]},{"@type":"BreadcrumbList","@id":"https:\/\/institucional.ufrrj.br\/cea\/ciclo-de-palestras-sobre-a-china\/#breadcrumb","itemListElement":[{"@type":"ListItem","position":1,"name":"In\u00edcio","item":"https:\/\/institucional.ufrrj.br\/cea\/en\/introduction\/"},{"@type":"ListItem","position":2,"name":"Ciclo de palestras sobre a China"}]},{"@type":"WebSite","@id":"https:\/\/institucional.ufrrj.br\/cea\/#website","url":"https:\/\/institucional.ufrrj.br\/cea\/","name":"Centro de Estudos Avan\u00e7ados da UFRRJ","description":"\u00d3rg\u00e3o ligado diretamente \u00e0 Pr\u00f3-Reitoria de Pesquisa e P\u00f3s-Gradua\u00e7\u00e3o (PROPPG) da UFRRJ","potentialAction":[{"@type":"SearchAction","target":{"@type":"EntryPoint","urlTemplate":"https:\/\/institucional.ufrrj.br\/cea\/?s={search_term_string}"},"query-input":{"@type":"PropertyValueSpecification","valueRequired":true,"valueName":"search_term_string"}}],"inLanguage":"pt-BR"}]}},"acf":[],"_links":{"self":[{"href":"https:\/\/institucional.ufrrj.br\/cea\/wp-json\/wp\/v2\/pages\/537","targetHints":{"allow":["GET"]}}],"collection":[{"href":"https:\/\/institucional.ufrrj.br\/cea\/wp-json\/wp\/v2\/pages"}],"about":[{"href":"https:\/\/institucional.ufrrj.br\/cea\/wp-json\/wp\/v2\/types\/page"}],"author":[{"embeddable":true,"href":"https:\/\/institucional.ufrrj.br\/cea\/wp-json\/wp\/v2\/users\/749"}],"replies":[{"embeddable":true,"href":"https:\/\/institucional.ufrrj.br\/cea\/wp-json\/wp\/v2\/comments?post=537"}],"version-history":[{"count":5,"href":"https:\/\/institucional.ufrrj.br\/cea\/wp-json\/wp\/v2\/pages\/537\/revisions"}],"predecessor-version":[{"id":929,"href":"https:\/\/institucional.ufrrj.br\/cea\/wp-json\/wp\/v2\/pages\/537\/revisions\/929"}],"wp:attachment":[{"href":"https:\/\/institucional.ufrrj.br\/cea\/wp-json\/wp\/v2\/media?parent=537"}],"curies":[{"name":"wp","href":"https:\/\/api.w.org\/{rel}","templated":true}]}}