{"id":358,"date":"2020-06-24T20:40:50","date_gmt":"2020-06-24T23:40:50","guid":{"rendered":"http:\/\/institucional.ufrrj.br\/cea\/?page_id=358"},"modified":"2026-02-09T10:15:14","modified_gmt":"2026-02-09T13:15:14","slug":"regimento","status":"publish","type":"page","link":"https:\/\/institucional.ufrrj.br\/cea\/regimento\/","title":{"rendered":"Regimento"},"content":{"rendered":"<p>DELIBERA\u00c7\u00c3O N\u00ba 466 \/ 2021 &#8211; SAOC<\/p>\n<p>O CONSELHO UNIVERSIT\u00c1RIO DA UNIVERSIDADE FEDERAL RURAL DO RIO DE JANEIRO, tendo em vista a decis\u00e3o tomada em sua 384\u00aa Reuni\u00e3o Ordin\u00e1ria, realizada em 29 de novembro de 2021, e considerando o contido no processo n\u00ba 23083.081612\/2021-51,<br \/>\nR E S O L V E<br \/>\nI &#8211; Alterar a delibera\u00e7\u00e3o n\u00ba 160\/CONSU\/2021;<br \/>\nII &#8211; Aprovar o Novo Regimento do Centro de Estudos Avan\u00e7ados (CEA).<\/p>\n<p>Acesse em: <a href=\"https:\/\/institucional.ufrrj.br\/cea\/files\/2022\/02\/Regimento-Centro-de-Estudos-Avancados-UFRRJ-REVISTO-CONSOLIDADO.pdf\" target=\"_blank\" rel=\"noopener noreferrer\">Regimento Centro de Estudos Avan\u00e7ados UFRRJ<\/a><\/p>\n<p>&nbsp;<\/p>\n","protected":false},"excerpt":{"rendered":"<p>DELIBERA\u00c7\u00c3O N\u00ba 466 \/ 2021 &#8211; SAOC O CONSELHO UNIVERSIT\u00c1RIO DA UNIVERSIDADE FEDERAL RURAL DO RIO DE JANEIRO, tendo em <a class=\"read-more\" href=\"https:\/\/institucional.ufrrj.br\/cea\/regimento\/ \" >&#8230; <span class=\"font-italic\">leia mais <i class=\"fas fa-angle-right\"><\/i><\/span><\/a><\/p>\n","protected":false},"author":749,"featured_media":0,"parent":0,"menu_order":0,"comment_status":"closed","ping_status":"closed","template":"","meta":{"_acf_changed":false,"footnotes":""},"class_list":["post-358","page","type-page","status-publish","hentry"],"yoast_head":"<!-- This site is optimized with the Yoast SEO plugin v27.2 - https:\/\/yoast.com\/product\/yoast-seo-wordpress\/ -->\n<title>Regimento - Centro de Estudos Avan\u00e7ados da UFRRJ<\/title>\n<meta name=\"robots\" content=\"index, follow, max-snippet:-1, max-image-preview:large, max-video-preview:-1\" \/>\n<link rel=\"canonical\" href=\"https:\/\/institucional.ufrrj.br\/cea\/regimento\/\" \/>\n<meta property=\"og:locale\" content=\"pt_BR\" \/>\n<meta property=\"og:type\" content=\"article\" \/>\n<meta property=\"og:title\" content=\"Regimento - Centro de Estudos Avan\u00e7ados da UFRRJ\" \/>\n<meta property=\"og:description\" content=\"DELIBERA\u00c7\u00c3O N\u00ba 466 \/ 2021 &#8211; SAOC O CONSELHO UNIVERSIT\u00c1RIO DA UNIVERSIDADE FEDERAL RURAL DO RIO DE JANEIRO, tendo em ... leia mais\" \/>\n<meta property=\"og:url\" content=\"https:\/\/institucional.ufrrj.br\/cea\/regimento\/\" \/>\n<meta property=\"og:site_name\" content=\"Centro de Estudos Avan\u00e7ados da UFRRJ\" \/>\n<meta property=\"article:modified_time\" content=\"2026-02-09T13:15:14+00:00\" \/>\n<meta name=\"twitter:card\" content=\"summary_large_image\" \/>\n<script type=\"application\/ld+json\" class=\"yoast-schema-graph\">{\"@context\":\"https:\/\/schema.org\",\"@graph\":[{\"@type\":\"WebPage\",\"@id\":\"https:\/\/institucional.ufrrj.br\/cea\/regimento\/\",\"url\":\"https:\/\/institucional.ufrrj.br\/cea\/regimento\/\",\"name\":\"Regimento - Centro de Estudos Avan\u00e7ados da UFRRJ\",\"isPartOf\":{\"@id\":\"https:\/\/institucional.ufrrj.br\/cea\/#website\"},\"datePublished\":\"2020-06-24T23:40:50+00:00\",\"dateModified\":\"2026-02-09T13:15:14+00:00\",\"breadcrumb\":{\"@id\":\"https:\/\/institucional.ufrrj.br\/cea\/regimento\/#breadcrumb\"},\"inLanguage\":\"pt-BR\",\"potentialAction\":[{\"@type\":\"ReadAction\",\"target\":[\"https:\/\/institucional.ufrrj.br\/cea\/regimento\/\"]}]},{\"@type\":\"BreadcrumbList\",\"@id\":\"https:\/\/institucional.ufrrj.br\/cea\/regimento\/#breadcrumb\",\"itemListElement\":[{\"@type\":\"ListItem\",\"position\":1,\"name\":\"In\u00edcio\",\"item\":\"https:\/\/institucional.ufrrj.br\/cea\/en\/introduction\/\"},{\"@type\":\"ListItem\",\"position\":2,\"name\":\"Regimento\"}]},{\"@type\":\"WebSite\",\"@id\":\"https:\/\/institucional.ufrrj.br\/cea\/#website\",\"url\":\"https:\/\/institucional.ufrrj.br\/cea\/\",\"name\":\"Centro de Estudos Avan\u00e7ados da UFRRJ\",\"description\":\"\u00d3rg\u00e3o ligado diretamente \u00e0 Pr\u00f3-Reitoria de Pesquisa e P\u00f3s-Gradua\u00e7\u00e3o (PROPPG) da UFRRJ\",\"potentialAction\":[{\"@type\":\"SearchAction\",\"target\":{\"@type\":\"EntryPoint\",\"urlTemplate\":\"https:\/\/institucional.ufrrj.br\/cea\/?s={search_term_string}\"},\"query-input\":{\"@type\":\"PropertyValueSpecification\",\"valueRequired\":true,\"valueName\":\"search_term_string\"}}],\"inLanguage\":\"pt-BR\"}]}<\/script>\n<!-- \/ Yoast SEO plugin. -->","yoast_head_json":{"title":"Regimento - Centro de Estudos Avan\u00e7ados da UFRRJ","robots":{"index":"index","follow":"follow","max-snippet":"max-snippet:-1","max-image-preview":"max-image-preview:large","max-video-preview":"max-video-preview:-1"},"canonical":"https:\/\/institucional.ufrrj.br\/cea\/regimento\/","og_locale":"pt_BR","og_type":"article","og_title":"Regimento - Centro de Estudos Avan\u00e7ados da UFRRJ","og_description":"DELIBERA\u00c7\u00c3O N\u00ba 466 \/ 2021 &#8211; SAOC O CONSELHO UNIVERSIT\u00c1RIO DA UNIVERSIDADE FEDERAL RURAL DO RIO DE JANEIRO, tendo em ... leia mais","og_url":"https:\/\/institucional.ufrrj.br\/cea\/regimento\/","og_site_name":"Centro de Estudos Avan\u00e7ados da UFRRJ","article_modified_time":"2026-02-09T13:15:14+00:00","twitter_card":"summary_large_image","schema":{"@context":"https:\/\/schema.org","@graph":[{"@type":"WebPage","@id":"https:\/\/institucional.ufrrj.br\/cea\/regimento\/","url":"https:\/\/institucional.ufrrj.br\/cea\/regimento\/","name":"Regimento - Centro de Estudos Avan\u00e7ados da UFRRJ","isPartOf":{"@id":"https:\/\/institucional.ufrrj.br\/cea\/#website"},"datePublished":"2020-06-24T23:40:50+00:00","dateModified":"2026-02-09T13:15:14+00:00","breadcrumb":{"@id":"https:\/\/institucional.ufrrj.br\/cea\/regimento\/#breadcrumb"},"inLanguage":"pt-BR","potentialAction":[{"@type":"ReadAction","target":["https:\/\/institucional.ufrrj.br\/cea\/regimento\/"]}]},{"@type":"BreadcrumbList","@id":"https:\/\/institucional.ufrrj.br\/cea\/regimento\/#breadcrumb","itemListElement":[{"@type":"ListItem","position":1,"name":"In\u00edcio","item":"https:\/\/institucional.ufrrj.br\/cea\/en\/introduction\/"},{"@type":"ListItem","position":2,"name":"Regimento"}]},{"@type":"WebSite","@id":"https:\/\/institucional.ufrrj.br\/cea\/#website","url":"https:\/\/institucional.ufrrj.br\/cea\/","name":"Centro de Estudos Avan\u00e7ados da UFRRJ","description":"\u00d3rg\u00e3o ligado diretamente \u00e0 Pr\u00f3-Reitoria de Pesquisa e P\u00f3s-Gradua\u00e7\u00e3o (PROPPG) da UFRRJ","potentialAction":[{"@type":"SearchAction","target":{"@type":"EntryPoint","urlTemplate":"https:\/\/institucional.ufrrj.br\/cea\/?s={search_term_string}"},"query-input":{"@type":"PropertyValueSpecification","valueRequired":true,"valueName":"search_term_string"}}],"inLanguage":"pt-BR"}]}},"acf":[],"_links":{"self":[{"href":"https:\/\/institucional.ufrrj.br\/cea\/wp-json\/wp\/v2\/pages\/358","targetHints":{"allow":["GET"]}}],"collection":[{"href":"https:\/\/institucional.ufrrj.br\/cea\/wp-json\/wp\/v2\/pages"}],"about":[{"href":"https:\/\/institucional.ufrrj.br\/cea\/wp-json\/wp\/v2\/types\/page"}],"author":[{"embeddable":true,"href":"https:\/\/institucional.ufrrj.br\/cea\/wp-json\/wp\/v2\/users\/749"}],"replies":[{"embeddable":true,"href":"https:\/\/institucional.ufrrj.br\/cea\/wp-json\/wp\/v2\/comments?post=358"}],"version-history":[{"count":7,"href":"https:\/\/institucional.ufrrj.br\/cea\/wp-json\/wp\/v2\/pages\/358\/revisions"}],"predecessor-version":[{"id":1016,"href":"https:\/\/institucional.ufrrj.br\/cea\/wp-json\/wp\/v2\/pages\/358\/revisions\/1016"}],"wp:attachment":[{"href":"https:\/\/institucional.ufrrj.br\/cea\/wp-json\/wp\/v2\/media?parent=358"}],"curies":[{"name":"wp","href":"https:\/\/api.w.org\/{rel}","templated":true}]}}