{"id":299,"date":"2020-06-24T17:02:47","date_gmt":"2020-06-24T20:02:47","guid":{"rendered":"http:\/\/institucional.ufrrj.br\/cea\/?page_id=299"},"modified":"2026-02-09T10:15:12","modified_gmt":"2026-02-09T13:15:12","slug":"eventos-presenciais","status":"publish","type":"page","link":"https:\/\/institucional.ufrrj.br\/cea\/eventos-presenciais\/","title":{"rendered":"Eventos Presenciais"},"content":{"rendered":"<hr \/>\n<p><a href=\"https:\/\/institucional.ufrrj.br\/cea\/seminario-de-inauguracao-do-cea-ufrrj\/\" target=\"_blank\" rel=\"noopener noreferrer\"><strong>20\/08\/2019 &#8211; &#8220;Semin\u00e1rio de Inaugura\u00e7\u00e3o do Centro de Estudos Avan\u00e7ados da UFRRJ&#8221;<\/strong><\/a><\/p>\n<p>O \u201cSemin\u00e1rio de Inaugura\u00e7\u00e3o do Centro de Estudos Avan\u00e7ados da UFRRJ\u201d visou apresentar publicamente, ap\u00f3s todo um per\u00edodo de constru\u00e7\u00e3o da proposta do CEA e sua localiza\u00e7\u00e3o no \u00e2mbito da UFRRJ, a nova iniciativa \u00e0 comunidade acad\u00eamica e debater experi\u00eancias semelhantes no Brasil e no exterior, abordando quest\u00f5es transversais de relev\u00e2ncia fundamental associadas \u00e0 miss\u00e3o do CEA. O semin\u00e1rio foi composto por cinco mesas com pesquisadores refer\u00eancias em cada tem\u00e1tica, todas relacionadas abaixo. Os materiais utilizados nas apresenta\u00e7\u00f5es podem ser baixados <a href=\"https:\/\/institucional.ufrrj.br\/cea\/conteudo\/\" target=\"_blank\" rel=\"noopener noreferrer\">aqui.<\/a><\/p>\n<p><em>09:30h &#8211; Mesa de Abertura: &#8220;A cria\u00e7\u00e3o do Centro de Estudos Avan\u00e7ados na UFRRJ&#8221;<\/em><\/p>\n<p>Ricardo Berbara (Reitor da UFRRJ)<\/p>\n<p>Alexandre Fortes (Pr\u00f3-Reitor de Pesquisa e P\u00f3s-Gradua\u00e7\u00e3o da UFRRJ)<\/p>\n<p>Sergio Pereira Leite (Diretor do CEA\/UFRRJ)<\/p>\n<div id=\"attachment_305\" style=\"width: 310px\" class=\"wp-caption alignleft\"><img loading=\"lazy\" decoding=\"async\" aria-describedby=\"caption-attachment-305\" class=\"size-medium wp-image-305 aligncenter\" src=\"https:\/\/institucional.ufrrj.br\/cea\/files\/2020\/06\/69029586_119499239404886_4995814235385626624_n-300x225.jpg\" alt=\"\" width=\"300\" height=\"225\" srcset=\"https:\/\/institucional.ufrrj.br\/cea\/files\/2020\/06\/69029586_119499239404886_4995814235385626624_n-300x225.jpg 300w, https:\/\/institucional.ufrrj.br\/cea\/files\/2020\/06\/69029586_119499239404886_4995814235385626624_n-768x576.jpg 768w, https:\/\/institucional.ufrrj.br\/cea\/files\/2020\/06\/69029586_119499239404886_4995814235385626624_n.jpg 960w\" sizes=\"auto, (max-width: 300px) 100vw, 300px\" \/><p id=\"caption-attachment-305\" class=\"wp-caption-text\"><em>Mesa de Abertura: a cria\u00e7\u00e3o do Centro de Estudos Avan\u00e7ados na UFRRJ.<\/em><\/p><\/div>\n<div id=\"attachment_306\" style=\"width: 310px\" class=\"wp-caption alignleft\"><img loading=\"lazy\" decoding=\"async\" aria-describedby=\"caption-attachment-306\" class=\"size-medium wp-image-306\" src=\"https:\/\/institucional.ufrrj.br\/cea\/files\/2020\/06\/69271271_119499199404890_1192141616945561600_n-300x225.jpg\" alt=\"\" width=\"300\" height=\"225\" srcset=\"https:\/\/institucional.ufrrj.br\/cea\/files\/2020\/06\/69271271_119499199404890_1192141616945561600_n-300x225.jpg 300w, https:\/\/institucional.ufrrj.br\/cea\/files\/2020\/06\/69271271_119499199404890_1192141616945561600_n.jpg 720w\" sizes=\"auto, (max-width: 300px) 100vw, 300px\" \/><p id=\"caption-attachment-306\" class=\"wp-caption-text\"><em>Ouvintes durante a mesa de abertura.<\/em><\/p><\/div>\n<p>&nbsp;<\/p>\n<p>&nbsp;<\/p>\n<p>&nbsp;<\/p>\n<p>&nbsp;<\/p>\n<p>&nbsp;<\/p>\n<p>&nbsp;<\/p>\n<p>&nbsp;<\/p>\n<p>&nbsp;<\/p>\n<p><em>10:00h &#8211; Mesa 2: &#8220;A experi\u00eancia de Centros de Excel\u00eancia e Institutos Avan\u00e7ados&#8221;<\/em><\/p>\n<p>Sergio Pereira Leite (Diretor do CEA\/UFRRJ)<\/p>\n<p>Jos\u00e9 S\u00e9rgio Leite Lopes (Diretor do Col\u00e9gio Brasileiro de Altos Estudos\/UFRJ, Rio de Janeiro)<\/p>\n<p>Jos\u00e9 Vicente Tavares dos Santos (Diretor do Instituto Latino-Americano de Estudos Avan\u00e7ados\/UFRGS, Porto Alegre)<\/p>\n<p>Patrick Caron (Diretor Internacional da Montpellier Universit\u00e9 de Excellence, Fran\u00e7a)<\/p>\n<div id=\"attachment_307\" style=\"width: 310px\" class=\"wp-caption alignleft\"><img loading=\"lazy\" decoding=\"async\" aria-describedby=\"caption-attachment-307\" class=\"size-medium wp-image-307\" src=\"https:\/\/institucional.ufrrj.br\/cea\/files\/2020\/06\/Mesa2-300x225.jpg\" alt=\"\" width=\"300\" height=\"225\" srcset=\"https:\/\/institucional.ufrrj.br\/cea\/files\/2020\/06\/Mesa2-300x225.jpg 300w, https:\/\/institucional.ufrrj.br\/cea\/files\/2020\/06\/Mesa2-768x576.jpg 768w, https:\/\/institucional.ufrrj.br\/cea\/files\/2020\/06\/Mesa2-1024x768.jpg 1024w, https:\/\/institucional.ufrrj.br\/cea\/files\/2020\/06\/Mesa2.jpg 2000w\" sizes=\"auto, (max-width: 300px) 100vw, 300px\" \/><p id=\"caption-attachment-307\" class=\"wp-caption-text\"><em>Composi\u00e7\u00e3o da segunda mesa: &#8220;A Experi\u00eancia de Centros de Excel\u00eancia e Institutos Avan\u00e7ados&#8221;.<\/em><\/p><\/div>\n<div id=\"attachment_308\" style=\"width: 310px\" class=\"wp-caption alignleft\"><img loading=\"lazy\" decoding=\"async\" aria-describedby=\"caption-attachment-308\" class=\"size-medium wp-image-308\" src=\"https:\/\/institucional.ufrrj.br\/cea\/files\/2020\/06\/Mesa22-300x225.jpg\" alt=\"\" width=\"300\" height=\"225\" srcset=\"https:\/\/institucional.ufrrj.br\/cea\/files\/2020\/06\/Mesa22-300x225.jpg 300w, https:\/\/institucional.ufrrj.br\/cea\/files\/2020\/06\/Mesa22-768x576.jpg 768w, https:\/\/institucional.ufrrj.br\/cea\/files\/2020\/06\/Mesa22-1024x768.jpg 1024w, https:\/\/institucional.ufrrj.br\/cea\/files\/2020\/06\/Mesa22.jpg 2000w\" sizes=\"auto, (max-width: 300px) 100vw, 300px\" \/><p id=\"caption-attachment-308\" class=\"wp-caption-text\"><em>Patrick Caron, Diretor Internacional da Montpellier Universit\u00e9 de Excellence, Fran\u00e7a, durante apresenta\u00e7\u00e3o.<\/em><\/p><\/div>\n<p>&nbsp;<\/p>\n<p>&nbsp;<\/p>\n<p>&nbsp;<\/p>\n<p>&nbsp;<\/p>\n<p>&nbsp;<\/p>\n<p>&nbsp;<\/p>\n<p>&nbsp;<\/p>\n<p>&nbsp;<\/p>\n<p><em>13:30h &#8211; Mesa 3: &#8220;Mem\u00f3ria, Direitos Humanos e Inclus\u00e3o Social: uma agenda em transforma\u00e7\u00e3o&#8221;<\/em><\/p>\n<p>Pedro Hussak (Professor do PPGF\/ICHS\/UFRRJ, Serop\u00e9dica)<\/p>\n<p>Francisco Carlos Teixeira da Silva (Professor da UFRJ, ECEME, UFRRJ, Rio de Janeiro)<\/p>\n<p>John French (Professor da Duke University, Estados Unidos, em v\u00eddeo)<\/p>\n<p>Stephanie Reist (Duke University, UFRRJ)<\/p>\n<div id=\"attachment_309\" style=\"width: 310px\" class=\"wp-caption alignleft\"><img loading=\"lazy\" decoding=\"async\" aria-describedby=\"caption-attachment-309\" class=\"size-medium wp-image-309\" src=\"https:\/\/institucional.ufrrj.br\/cea\/files\/2020\/06\/Mesa3-300x225.jpg\" alt=\"\" width=\"300\" height=\"225\" srcset=\"https:\/\/institucional.ufrrj.br\/cea\/files\/2020\/06\/Mesa3-300x225.jpg 300w, https:\/\/institucional.ufrrj.br\/cea\/files\/2020\/06\/Mesa3-768x576.jpg 768w, https:\/\/institucional.ufrrj.br\/cea\/files\/2020\/06\/Mesa3-1024x768.jpg 1024w, https:\/\/institucional.ufrrj.br\/cea\/files\/2020\/06\/Mesa3.jpg 2000w\" sizes=\"auto, (max-width: 300px) 100vw, 300px\" \/><p id=\"caption-attachment-309\" class=\"wp-caption-text\"><em>Composi\u00e7\u00e3o da mesa: &#8220;Mem\u00f3ria, Direitos Humanos e Inclus\u00e3o Social&#8221;.<\/em><\/p><\/div>\n<div id=\"attachment_310\" style=\"width: 310px\" class=\"wp-caption alignleft\"><img loading=\"lazy\" decoding=\"async\" aria-describedby=\"caption-attachment-310\" class=\"size-medium wp-image-310\" src=\"https:\/\/institucional.ufrrj.br\/cea\/files\/2020\/06\/John-French-300x225.jpg\" alt=\"\" width=\"300\" height=\"225\" srcset=\"https:\/\/institucional.ufrrj.br\/cea\/files\/2020\/06\/John-French-300x225.jpg 300w, https:\/\/institucional.ufrrj.br\/cea\/files\/2020\/06\/John-French-768x576.jpg 768w, https:\/\/institucional.ufrrj.br\/cea\/files\/2020\/06\/John-French-1024x768.jpg 1024w, https:\/\/institucional.ufrrj.br\/cea\/files\/2020\/06\/John-French.jpg 2000w\" sizes=\"auto, (max-width: 300px) 100vw, 300px\" \/><p id=\"caption-attachment-310\" class=\"wp-caption-text\"><em>Apresenta\u00e7\u00e3o do professor John French, Duke University, em v\u00eddeo.<\/em><\/p><\/div>\n<p>&nbsp;<\/p>\n<p>&nbsp;<\/p>\n<p>&nbsp;<\/p>\n<p>&nbsp;<\/p>\n<p>&nbsp;<\/p>\n<p>&nbsp;<\/p>\n<p>&nbsp;<\/p>\n<p>&nbsp;<\/p>\n<p><em>15:30h &#8211; Mesa 4: &#8220;Sa\u00fade, meio ambiente e direito \u00e0 alimenta\u00e7\u00e3o&#8221;<\/em><\/p>\n<p>Gabriela Rizo (Pr\u00f3-Reitora Adjunta de Extens\u00e3o da UFRRJ)<\/p>\n<p>Raimundo Braz Filho (Professor Em\u00e9rito da UFRRJ e Ex-Reitor da UENF)<\/p>\n<p>Renato Maluf (Professor do CPDA\/UFRRJ e Ex-Presidente do CONSEA)<\/p>\n<p>Peter I. May (Professor da University of Maryland, Estados Unidos, em v\u00eddeo)<\/p>\n<div id=\"attachment_311\" style=\"width: 310px\" class=\"wp-caption alignleft\"><img loading=\"lazy\" decoding=\"async\" aria-describedby=\"caption-attachment-311\" class=\"size-medium wp-image-311\" src=\"https:\/\/institucional.ufrrj.br\/cea\/files\/2020\/06\/69301801_120544052633738_3592864044320555008_o-300x225.jpg\" alt=\"\" width=\"300\" height=\"225\" srcset=\"https:\/\/institucional.ufrrj.br\/cea\/files\/2020\/06\/69301801_120544052633738_3592864044320555008_o-300x225.jpg 300w, https:\/\/institucional.ufrrj.br\/cea\/files\/2020\/06\/69301801_120544052633738_3592864044320555008_o-768x576.jpg 768w, https:\/\/institucional.ufrrj.br\/cea\/files\/2020\/06\/69301801_120544052633738_3592864044320555008_o-1024x768.jpg 1024w, https:\/\/institucional.ufrrj.br\/cea\/files\/2020\/06\/69301801_120544052633738_3592864044320555008_o.jpg 2000w\" sizes=\"auto, (max-width: 300px) 100vw, 300px\" \/><p id=\"caption-attachment-311\" class=\"wp-caption-text\"><em>Composi\u00e7\u00e3o da Mesa &#8220;Sa\u00fade, meio ambiente e direito \u00e0 alimenta\u00e7\u00e3o&#8221;.<\/em><\/p><\/div>\n<div id=\"attachment_312\" style=\"width: 310px\" class=\"wp-caption alignleft\"><img loading=\"lazy\" decoding=\"async\" aria-describedby=\"caption-attachment-312\" class=\"size-medium wp-image-312\" src=\"https:\/\/institucional.ufrrj.br\/cea\/files\/2020\/06\/raimundo-300x225.jpg\" alt=\"\" width=\"300\" height=\"225\" srcset=\"https:\/\/institucional.ufrrj.br\/cea\/files\/2020\/06\/raimundo-300x225.jpg 300w, https:\/\/institucional.ufrrj.br\/cea\/files\/2020\/06\/raimundo-768x576.jpg 768w, https:\/\/institucional.ufrrj.br\/cea\/files\/2020\/06\/raimundo-1024x768.jpg 1024w, https:\/\/institucional.ufrrj.br\/cea\/files\/2020\/06\/raimundo.jpg 2000w\" sizes=\"auto, (max-width: 300px) 100vw, 300px\" \/><p id=\"caption-attachment-312\" class=\"wp-caption-text\"><em>Professor Raimundo, Em\u00e9rito da Rural, em apresenta\u00e7\u00e3o.<\/em><\/p><\/div>\n<p>&nbsp;<\/p>\n<p>&nbsp;<\/p>\n<p>&nbsp;<\/p>\n<p>&nbsp;<\/p>\n<p>&nbsp;<\/p>\n<p>&nbsp;<\/p>\n<p>&nbsp;<\/p>\n<p>&nbsp;<\/p>\n<p><em>17:30h &#8211; Mesa 5: &#8220;Pol\u00edticas p\u00fablicas, institui\u00e7\u00f5es e inova\u00e7\u00e3o: Estado e sociedade civil na produ\u00e7\u00e3o do conhecimento&#8221;<\/em><\/p>\n<p>Thiago Renault (Vice-Diretor do CEA\/UFRRJ)<\/p>\n<p>N\u00edsia Trindade (Presidente da FIOCRUZ, Rio de Janeiro)<\/p>\n<p>Caetano Penna (Assessor da Diretoria de Tecnologia da FAPERJ e professor da UFRJ)<\/p>\n<p>Tatiana Roque (Coordenadora do F\u00f3rum de Ci\u00eancia e Cultura\/UFRJ)<\/p>\n<div id=\"attachment_313\" style=\"width: 310px\" class=\"wp-caption alignleft\"><img loading=\"lazy\" decoding=\"async\" aria-describedby=\"caption-attachment-313\" class=\"size-medium wp-image-313\" src=\"https:\/\/institucional.ufrrj.br\/cea\/files\/2020\/06\/mesa5-300x225.jpg\" alt=\"\" width=\"300\" height=\"225\" srcset=\"https:\/\/institucional.ufrrj.br\/cea\/files\/2020\/06\/mesa5-300x225.jpg 300w, https:\/\/institucional.ufrrj.br\/cea\/files\/2020\/06\/mesa5-768x576.jpg 768w, https:\/\/institucional.ufrrj.br\/cea\/files\/2020\/06\/mesa5-1024x768.jpg 1024w, https:\/\/institucional.ufrrj.br\/cea\/files\/2020\/06\/mesa5.jpg 2000w\" sizes=\"auto, (max-width: 300px) 100vw, 300px\" \/><p id=\"caption-attachment-313\" class=\"wp-caption-text\"><em>Composi\u00e7\u00e3o da quinta mesa: &#8220;Pol\u00edticas P\u00fablicas, institui\u00e7\u00f5es e inova\u00e7\u00e3o&#8221;.<\/em><\/p><\/div>\n<div id=\"attachment_315\" style=\"width: 310px\" class=\"wp-caption alignleft\"><img loading=\"lazy\" decoding=\"async\" aria-describedby=\"caption-attachment-315\" class=\"size-medium wp-image-315\" src=\"https:\/\/institucional.ufrrj.br\/cea\/files\/2020\/06\/nisia-300x225.jpg\" alt=\"\" width=\"300\" height=\"225\" srcset=\"https:\/\/institucional.ufrrj.br\/cea\/files\/2020\/06\/nisia-300x225.jpg 300w, https:\/\/institucional.ufrrj.br\/cea\/files\/2020\/06\/nisia-768x576.jpg 768w, https:\/\/institucional.ufrrj.br\/cea\/files\/2020\/06\/nisia-1024x768.jpg 1024w, https:\/\/institucional.ufrrj.br\/cea\/files\/2020\/06\/nisia.jpg 2000w\" sizes=\"auto, (max-width: 300px) 100vw, 300px\" \/><p id=\"caption-attachment-315\" class=\"wp-caption-text\"><em>N\u00edsia Trindade, Presidente da FIOCRUZ, em apresenta\u00e7\u00e3o.<\/em><\/p><\/div>\n<div id=\"attachment_316\" style=\"width: 310px\" class=\"wp-caption alignnone\"><img loading=\"lazy\" decoding=\"async\" aria-describedby=\"caption-attachment-316\" class=\"size-medium wp-image-316\" src=\"https:\/\/institucional.ufrrj.br\/cea\/files\/2020\/06\/caetano-300x225.jpg\" alt=\"\" width=\"300\" height=\"225\" srcset=\"https:\/\/institucional.ufrrj.br\/cea\/files\/2020\/06\/caetano-300x225.jpg 300w, https:\/\/institucional.ufrrj.br\/cea\/files\/2020\/06\/caetano-768x576.jpg 768w, https:\/\/institucional.ufrrj.br\/cea\/files\/2020\/06\/caetano-1024x768.jpg 1024w, https:\/\/institucional.ufrrj.br\/cea\/files\/2020\/06\/caetano.jpg 2000w\" sizes=\"auto, (max-width: 300px) 100vw, 300px\" \/><p id=\"caption-attachment-316\" class=\"wp-caption-text\"><em>Apresenta\u00e7\u00e3o de Caetano Penna, Assessor da Diretoria de Tecnologia da FAPERJ e professor da UFRJ.<\/em><\/p><\/div>\n<hr \/>\n<p>&nbsp;<\/p>\n<hr \/>\n<p><a href=\"https:\/\/institucional.ufrrj.br\/cea\/ciclo-de-palestras-discussoes-sobre-a-china-contemporaneidade-investimentos-e-o-papel-dos-bancos-de-desenvolvimento\/\" target=\"_blank\" rel=\"noopener noreferrer\"><strong>31\/10\/2020 &#8211; &#8220;Discuss\u00f5es sobre a China: Contemporaneidade, investimentos e o papel dos bancos de desenvolvimento&#8221;<\/strong><\/a><\/p>\n<p>O Ciclo de Palestras &#8220;Discuss\u00f5es sobre a China: Contemporaneidade, investimentos e o papel dos bancos de desenvolvimento&#8221; foi fruto de uma parceria entre a Reitoria da UFRRJ, a Pr\u00f3-Reitoria de P\u00f3s-Gradua\u00e7\u00e3o (PROPPG\/UFRRJ), o Centro de Estudos Avan\u00e7ados (CEA\/UFRRJ), a Coordenadoria de Rela\u00e7\u00f5es Internacionais e Interinstitucionais (CORIN\/UFRRJ) e o Laborat\u00f3rio Interdisciplinar de Estudos em Rela\u00e7\u00f5es Internacionais (LIERI\/UFRRJ). Participaram como palestrantes S\u00e9rgio Gusm\u00e3o Suchodolski (Ex-Diretor de Estrat\u00e9gia e Desenvolvimento do New Development Bank), Maur\u00edcio Santoro (Professor da UERJ), e como mediadores, Pablo Iba\u00f1ez (Professor da UFRRJ) e Alexandre Fortes (Pr\u00f3-Reitor de Pesquisa e P\u00f3s-Gradua\u00e7\u00e3o\/UFRRJ). Os materiais utilizados nas apresenta\u00e7\u00f5es podem ser baixados\u00a0<a href=\"https:\/\/institucional.ufrrj.br\/cea\/conteudo\/\" target=\"_blank\" rel=\"noopener noreferrer\">aqui.<\/a><\/p>\n<div id=\"attachment_338\" style=\"width: 310px\" class=\"wp-caption alignleft\"><img loading=\"lazy\" decoding=\"async\" aria-describedby=\"caption-attachment-338\" class=\"size-medium wp-image-338\" src=\"https:\/\/institucional.ufrrj.br\/cea\/files\/2020\/06\/75210810_146566060031537_4588066417013686272_n-300x225.jpg\" alt=\"\" width=\"300\" height=\"225\" srcset=\"https:\/\/institucional.ufrrj.br\/cea\/files\/2020\/06\/75210810_146566060031537_4588066417013686272_n-300x225.jpg 300w, https:\/\/institucional.ufrrj.br\/cea\/files\/2020\/06\/75210810_146566060031537_4588066417013686272_n-768x576.jpg 768w, https:\/\/institucional.ufrrj.br\/cea\/files\/2020\/06\/75210810_146566060031537_4588066417013686272_n.jpg 960w\" sizes=\"auto, (max-width: 300px) 100vw, 300px\" \/><p id=\"caption-attachment-338\" class=\"wp-caption-text\"><em>Composi\u00e7\u00e3o do Ciclo Discuss\u00f5es sobre a China.<\/em><\/p><\/div>\n<div id=\"attachment_339\" style=\"width: 310px\" class=\"wp-caption alignleft\"><img loading=\"lazy\" decoding=\"async\" aria-describedby=\"caption-attachment-339\" class=\"size-medium wp-image-339\" src=\"https:\/\/institucional.ufrrj.br\/cea\/files\/2020\/06\/ouvinteschina-300x225.jpg\" alt=\"\" width=\"300\" height=\"225\" srcset=\"https:\/\/institucional.ufrrj.br\/cea\/files\/2020\/06\/ouvinteschina-300x225.jpg 300w, https:\/\/institucional.ufrrj.br\/cea\/files\/2020\/06\/ouvinteschina-768x576.jpg 768w, https:\/\/institucional.ufrrj.br\/cea\/files\/2020\/06\/ouvinteschina.jpg 960w\" sizes=\"auto, (max-width: 300px) 100vw, 300px\" \/><p id=\"caption-attachment-339\" class=\"wp-caption-text\"><em>Ouvintes durante o Ciclo de Palestra Discuss\u00f5es Sobre a China.<\/em><\/p><\/div>\n","protected":false},"excerpt":{"rendered":"<p>20\/08\/2019 &#8211; &#8220;Semin\u00e1rio de Inaugura\u00e7\u00e3o do Centro de Estudos Avan\u00e7ados da UFRRJ&#8221; O \u201cSemin\u00e1rio de Inaugura\u00e7\u00e3o do Centro de Estudos <a class=\"read-more\" href=\"https:\/\/institucional.ufrrj.br\/cea\/eventos-presenciais\/ \" >&#8230; <span class=\"font-italic\">leia mais <i class=\"fas fa-angle-right\"><\/i><\/span><\/a><\/p>\n","protected":false},"author":749,"featured_media":0,"parent":0,"menu_order":0,"comment_status":"closed","ping_status":"closed","template":"","meta":{"_acf_changed":false,"footnotes":""},"class_list":["post-299","page","type-page","status-publish","hentry"],"yoast_head":"<!-- This site is optimized with the Yoast SEO plugin v27.2 - https:\/\/yoast.com\/product\/yoast-seo-wordpress\/ -->\n<title>Eventos Presenciais - Centro de Estudos Avan\u00e7ados da UFRRJ<\/title>\n<meta name=\"robots\" content=\"index, follow, max-snippet:-1, max-image-preview:large, max-video-preview:-1\" \/>\n<link rel=\"canonical\" href=\"https:\/\/institucional.ufrrj.br\/cea\/eventos-presenciais\/\" \/>\n<meta property=\"og:locale\" content=\"pt_BR\" \/>\n<meta property=\"og:type\" content=\"article\" \/>\n<meta property=\"og:title\" content=\"Eventos Presenciais - Centro de Estudos Avan\u00e7ados da UFRRJ\" \/>\n<meta property=\"og:description\" content=\"20\/08\/2019 &#8211; &#8220;Semin\u00e1rio de Inaugura\u00e7\u00e3o do Centro de Estudos Avan\u00e7ados da UFRRJ&#8221; O \u201cSemin\u00e1rio de Inaugura\u00e7\u00e3o do Centro de Estudos ... leia mais\" \/>\n<meta property=\"og:url\" content=\"https:\/\/institucional.ufrrj.br\/cea\/eventos-presenciais\/\" \/>\n<meta property=\"og:site_name\" content=\"Centro de Estudos Avan\u00e7ados da UFRRJ\" \/>\n<meta property=\"article:modified_time\" content=\"2026-02-09T13:15:12+00:00\" \/>\n<meta property=\"og:image\" content=\"http:\/\/institucional.ufrrj.br\/cea\/files\/2020\/06\/69029586_119499239404886_4995814235385626624_n-300x225.jpg\" \/>\n<meta name=\"twitter:card\" content=\"summary_large_image\" \/>\n<meta name=\"twitter:label1\" content=\"Est. tempo de leitura\" \/>\n\t<meta name=\"twitter:data1\" content=\"4 minutos\" \/>\n<script type=\"application\/ld+json\" class=\"yoast-schema-graph\">{\"@context\":\"https:\/\/schema.org\",\"@graph\":[{\"@type\":\"WebPage\",\"@id\":\"https:\/\/institucional.ufrrj.br\/cea\/eventos-presenciais\/\",\"url\":\"https:\/\/institucional.ufrrj.br\/cea\/eventos-presenciais\/\",\"name\":\"Eventos Presenciais - Centro de Estudos Avan\u00e7ados da UFRRJ\",\"isPartOf\":{\"@id\":\"https:\/\/institucional.ufrrj.br\/cea\/#website\"},\"primaryImageOfPage\":{\"@id\":\"https:\/\/institucional.ufrrj.br\/cea\/eventos-presenciais\/#primaryimage\"},\"image\":{\"@id\":\"https:\/\/institucional.ufrrj.br\/cea\/eventos-presenciais\/#primaryimage\"},\"thumbnailUrl\":\"http:\/\/institucional.ufrrj.br\/cea\/files\/2020\/06\/69029586_119499239404886_4995814235385626624_n-300x225.jpg\",\"datePublished\":\"2020-06-24T20:02:47+00:00\",\"dateModified\":\"2026-02-09T13:15:12+00:00\",\"breadcrumb\":{\"@id\":\"https:\/\/institucional.ufrrj.br\/cea\/eventos-presenciais\/#breadcrumb\"},\"inLanguage\":\"pt-BR\",\"potentialAction\":[{\"@type\":\"ReadAction\",\"target\":[\"https:\/\/institucional.ufrrj.br\/cea\/eventos-presenciais\/\"]}]},{\"@type\":\"ImageObject\",\"inLanguage\":\"pt-BR\",\"@id\":\"https:\/\/institucional.ufrrj.br\/cea\/eventos-presenciais\/#primaryimage\",\"url\":\"http:\/\/institucional.ufrrj.br\/cea\/files\/2020\/06\/69029586_119499239404886_4995814235385626624_n-300x225.jpg\",\"contentUrl\":\"http:\/\/institucional.ufrrj.br\/cea\/files\/2020\/06\/69029586_119499239404886_4995814235385626624_n-300x225.jpg\"},{\"@type\":\"BreadcrumbList\",\"@id\":\"https:\/\/institucional.ufrrj.br\/cea\/eventos-presenciais\/#breadcrumb\",\"itemListElement\":[{\"@type\":\"ListItem\",\"position\":1,\"name\":\"In\u00edcio\",\"item\":\"https:\/\/institucional.ufrrj.br\/cea\/en\/introduction\/\"},{\"@type\":\"ListItem\",\"position\":2,\"name\":\"Eventos Presenciais\"}]},{\"@type\":\"WebSite\",\"@id\":\"https:\/\/institucional.ufrrj.br\/cea\/#website\",\"url\":\"https:\/\/institucional.ufrrj.br\/cea\/\",\"name\":\"Centro de Estudos Avan\u00e7ados da UFRRJ\",\"description\":\"\u00d3rg\u00e3o ligado diretamente \u00e0 Pr\u00f3-Reitoria de Pesquisa e P\u00f3s-Gradua\u00e7\u00e3o (PROPPG) da UFRRJ\",\"potentialAction\":[{\"@type\":\"SearchAction\",\"target\":{\"@type\":\"EntryPoint\",\"urlTemplate\":\"https:\/\/institucional.ufrrj.br\/cea\/?s={search_term_string}\"},\"query-input\":{\"@type\":\"PropertyValueSpecification\",\"valueRequired\":true,\"valueName\":\"search_term_string\"}}],\"inLanguage\":\"pt-BR\"}]}<\/script>\n<!-- \/ Yoast SEO plugin. -->","yoast_head_json":{"title":"Eventos Presenciais - Centro de Estudos Avan\u00e7ados da UFRRJ","robots":{"index":"index","follow":"follow","max-snippet":"max-snippet:-1","max-image-preview":"max-image-preview:large","max-video-preview":"max-video-preview:-1"},"canonical":"https:\/\/institucional.ufrrj.br\/cea\/eventos-presenciais\/","og_locale":"pt_BR","og_type":"article","og_title":"Eventos Presenciais - Centro de Estudos Avan\u00e7ados da UFRRJ","og_description":"20\/08\/2019 &#8211; &#8220;Semin\u00e1rio de Inaugura\u00e7\u00e3o do Centro de Estudos Avan\u00e7ados da UFRRJ&#8221; O \u201cSemin\u00e1rio de Inaugura\u00e7\u00e3o do Centro de Estudos ... leia mais","og_url":"https:\/\/institucional.ufrrj.br\/cea\/eventos-presenciais\/","og_site_name":"Centro de Estudos Avan\u00e7ados da UFRRJ","article_modified_time":"2026-02-09T13:15:12+00:00","og_image":[{"url":"http:\/\/institucional.ufrrj.br\/cea\/files\/2020\/06\/69029586_119499239404886_4995814235385626624_n-300x225.jpg","type":"","width":"","height":""}],"twitter_card":"summary_large_image","twitter_misc":{"Est. tempo de leitura":"4 minutos"},"schema":{"@context":"https:\/\/schema.org","@graph":[{"@type":"WebPage","@id":"https:\/\/institucional.ufrrj.br\/cea\/eventos-presenciais\/","url":"https:\/\/institucional.ufrrj.br\/cea\/eventos-presenciais\/","name":"Eventos Presenciais - Centro de Estudos Avan\u00e7ados da UFRRJ","isPartOf":{"@id":"https:\/\/institucional.ufrrj.br\/cea\/#website"},"primaryImageOfPage":{"@id":"https:\/\/institucional.ufrrj.br\/cea\/eventos-presenciais\/#primaryimage"},"image":{"@id":"https:\/\/institucional.ufrrj.br\/cea\/eventos-presenciais\/#primaryimage"},"thumbnailUrl":"http:\/\/institucional.ufrrj.br\/cea\/files\/2020\/06\/69029586_119499239404886_4995814235385626624_n-300x225.jpg","datePublished":"2020-06-24T20:02:47+00:00","dateModified":"2026-02-09T13:15:12+00:00","breadcrumb":{"@id":"https:\/\/institucional.ufrrj.br\/cea\/eventos-presenciais\/#breadcrumb"},"inLanguage":"pt-BR","potentialAction":[{"@type":"ReadAction","target":["https:\/\/institucional.ufrrj.br\/cea\/eventos-presenciais\/"]}]},{"@type":"ImageObject","inLanguage":"pt-BR","@id":"https:\/\/institucional.ufrrj.br\/cea\/eventos-presenciais\/#primaryimage","url":"http:\/\/institucional.ufrrj.br\/cea\/files\/2020\/06\/69029586_119499239404886_4995814235385626624_n-300x225.jpg","contentUrl":"http:\/\/institucional.ufrrj.br\/cea\/files\/2020\/06\/69029586_119499239404886_4995814235385626624_n-300x225.jpg"},{"@type":"BreadcrumbList","@id":"https:\/\/institucional.ufrrj.br\/cea\/eventos-presenciais\/#breadcrumb","itemListElement":[{"@type":"ListItem","position":1,"name":"In\u00edcio","item":"https:\/\/institucional.ufrrj.br\/cea\/en\/introduction\/"},{"@type":"ListItem","position":2,"name":"Eventos Presenciais"}]},{"@type":"WebSite","@id":"https:\/\/institucional.ufrrj.br\/cea\/#website","url":"https:\/\/institucional.ufrrj.br\/cea\/","name":"Centro de Estudos Avan\u00e7ados da UFRRJ","description":"\u00d3rg\u00e3o ligado diretamente \u00e0 Pr\u00f3-Reitoria de Pesquisa e P\u00f3s-Gradua\u00e7\u00e3o (PROPPG) da UFRRJ","potentialAction":[{"@type":"SearchAction","target":{"@type":"EntryPoint","urlTemplate":"https:\/\/institucional.ufrrj.br\/cea\/?s={search_term_string}"},"query-input":{"@type":"PropertyValueSpecification","valueRequired":true,"valueName":"search_term_string"}}],"inLanguage":"pt-BR"}]}},"acf":[],"_links":{"self":[{"href":"https:\/\/institucional.ufrrj.br\/cea\/wp-json\/wp\/v2\/pages\/299","targetHints":{"allow":["GET"]}}],"collection":[{"href":"https:\/\/institucional.ufrrj.br\/cea\/wp-json\/wp\/v2\/pages"}],"about":[{"href":"https:\/\/institucional.ufrrj.br\/cea\/wp-json\/wp\/v2\/types\/page"}],"author":[{"embeddable":true,"href":"https:\/\/institucional.ufrrj.br\/cea\/wp-json\/wp\/v2\/users\/749"}],"replies":[{"embeddable":true,"href":"https:\/\/institucional.ufrrj.br\/cea\/wp-json\/wp\/v2\/comments?post=299"}],"version-history":[{"count":24,"href":"https:\/\/institucional.ufrrj.br\/cea\/wp-json\/wp\/v2\/pages\/299\/revisions"}],"predecessor-version":[{"id":949,"href":"https:\/\/institucional.ufrrj.br\/cea\/wp-json\/wp\/v2\/pages\/299\/revisions\/949"}],"wp:attachment":[{"href":"https:\/\/institucional.ufrrj.br\/cea\/wp-json\/wp\/v2\/media?parent=299"}],"curies":[{"name":"wp","href":"https:\/\/api.w.org\/{rel}","templated":true}]}}