{"id":287,"date":"2020-06-24T14:19:55","date_gmt":"2020-06-24T17:19:55","guid":{"rendered":"http:\/\/institucional.ufrrj.br\/cea\/?page_id=287"},"modified":"2026-04-09T22:29:14","modified_gmt":"2026-04-10T01:29:14","slug":"conteudo","status":"publish","type":"page","link":"https:\/\/institucional.ufrrj.br\/cea\/conteudo\/","title":{"rendered":"Publica\u00e7\u00f5es"},"content":{"rendered":"<p><span style=\"font-weight: 400\">O Centro de Estudos Avan\u00e7ados da UFRRJ tem o prazer de tornar p\u00fablicos os materiais utilizados nas apresenta\u00e7\u00f5es de diversos palestrantes durante os eventos realizados.<\/span><\/p>\n<p><strong>24\/03\/2021 &#8211; Texto base do debate \u201cEscalada autorit\u00e1ria, direitos humanos e pandemia\u201d, com Paulo S\u00e9rgio Pinheiro (USP\/ONU\/Ex-Ministro de Estado)<\/strong><\/p>\n<p>Palestrante: Paulo S\u00e9rgio Pinheiro (USP\/ONU\/Ex-Ministro)<\/p>\n<p><a href=\"https:\/\/institucional.ufrrj.br\/cea\/files\/2021\/03\/texto_rdh_psp.pdf\">Link para apresenta\u00e7\u00e3o<\/a><\/p>\n<hr \/>\n<p><strong>09\/10\/2020 &#8211; Apresenta\u00e7\u00e3o do professor Enrique Dussel Peters (UNAM\/M\u00e9xico) no debate \u201cAs rela\u00e7\u00f5es entre Am\u00e9rica Latina e China: o caso dos projetos de infraestrutura\u201d<\/strong><\/p>\n<p>Palestrante: Enrique Dussel Peters (UNAM\/M\u00e9xico)<\/p>\n<p><a href=\"https:\/\/institucional.ufrrj.br\/cea\/files\/2020\/10\/UFRRRJinfraestructura09102020.pptx\">Link para apresenta\u00e7\u00e3o<\/a><\/p>\n<hr \/>\n<p><strong>07\/10\/2020 &#8211; Apresenta\u00e7\u00e3o do professor Adalberto Cardoso (IESP\/UERJ) &#8211; em \u201cOs mundos do trabalho no contexto da pandemia: impactos e desafios\u201d<\/strong><\/p>\n<p>Palestrante: Adalberto Cardoso (IESP\/UERJ)<\/p>\n<p><a href=\"https:\/\/institucional.ufrrj.br\/cea\/files\/2020\/10\/Mundos-do-trabalho-na-pandemia.pptx\">Link para apresenta\u00e7\u00e3o<\/a><\/p>\n<hr \/>\n<p><strong>31\/07\/2020 &#8211; Apresenta\u00e7\u00e3o de Fabiano Escher (GEMAP\/CPDA\/UFRRJ) no debate \u201cInvestimentos chineses na agricultura brasileira\u201d<\/strong><\/p>\n<p>Palestrante: Fabiano Escher (GEMAP\/CPDA\/UFRRJ)<\/p>\n<p><a href=\"https:\/\/institucional.ufrrj.br\/cea\/files\/2020\/11\/Escher-2020-Palestra-CEA.pdf\">Link para apresenta\u00e7\u00e3o<\/a><\/p>\n<hr \/>\n<p><strong>01\/07\/2020 &#8211; Apresenta\u00e7\u00e3o do professor Herv\u00e9 Th\u00e9ry (IHEAL\/CNRS, Fran\u00e7a) no debate &#8220;Epacializa\u00e7\u00e3o do COVID-19 no Brasil e Desigualdades Sociais&#8221;<\/strong><\/p>\n<p>Palestrante: Herv\u00e9 Th\u00e9ry (IHEAL\/CNRS, Fran\u00e7a)<\/p>\n<p><a href=\"https:\/\/drive.google.com\/drive\/folders\/1BMnWsQTIkSCOSF2_HE5sMiiappUlzlSs?usp=sharing\">Link para apresenta\u00e7\u00e3o<\/a><\/p>\n<hr \/>\n<p><strong>31\/10\/2019 &#8211; Apresenta\u00e7\u00f5es utilizadas no &#8220;Ciclo de Palestras Discuss\u00f5es sobre a China: contemporaneidade, investimentos e os bancos de desenvolvimento&#8221;<\/strong><\/p>\n<p>Palestrantes:<\/p>\n<p>Maur\u00edcio Santoro<a href=\"https:\/\/institucional.ufrrj.br\/cea\/files\/2019\/11\/Maur\u00edcio-Santoro.pptx\"> (<\/a>Professor da UERJ)<\/p>\n<p><a href=\"https:\/\/institucional.ufrrj.br\/cea\/files\/2019\/11\/Maur\u00edcio-Santoro.pptx\">Link para apresenta\u00e7\u00e3o<\/a><\/p>\n<p>Pablo Ibanez (Professor da UFRRJ)<\/p>\n<p><a href=\"https:\/\/institucional.ufrrj.br\/cea\/files\/2019\/11\/Pablo-Ibanez.pptx\">Link para apresenta\u00e7\u00e3o<\/a><\/p>\n<p>Sergio Gusmao Suchodolski (Ex-Diretor de Estrat\u00e9gia e Desenvolvimento do New Development Bank)<\/p>\n<p><a href=\"https:\/\/institucional.ufrrj.br\/cea\/files\/2019\/11\/Sergio-Gusmao-Suchodolski.pdf\">Link para apresenta\u00e7\u00e3o<\/a><\/p>\n<hr \/>\n<p><strong>20\/08\/2019 &#8211; Apresenta\u00e7\u00f5es utilizadas no &#8220;Semin\u00e1rio de Inaugura\u00e7\u00e3o do CEA\/UFRRJ&#8221;<\/strong><\/p>\n<p>Palestrantes:<\/p>\n<p>Raimundo Braz Filho (Professor Em\u00e9rito da UFRRJ e Ex-Reitor da UENF)<\/p>\n<p><a href=\"https:\/\/institucional.ufrrj.br\/cea\/files\/2019\/11\/Raimundo-Braz-Filho.pdf\">Link para apresenta\u00e7\u00e3o<\/a><\/p>\n<p>Caetano Penna (Assessor da Diretoria de Tecnologia da FAPERJ e professor da UFRJ)<\/p>\n<p><a href=\"https:\/\/institucional.ufrrj.br\/cea\/files\/2019\/11\/Caetano-Penna.pdf\">Link para apresenta\u00e7\u00e3o<\/a><\/p>\n<p>Tatiana Roque (Coordenadora do F\u00f3rum de Ci\u00eancia e Cultura\/UFRJ)<\/p>\n<p><a href=\"https:\/\/institucional.ufrrj.br\/cea\/files\/2019\/11\/Tatiana-Roque.pdf\">Link para apresenta\u00e7\u00e3o<\/a><\/p>\n<p>Patrick Caron (Diretor Internacional da Montpellier Universit\u00e9 de Excellence, Fran\u00e7a)<\/p>\n<p><a href=\"https:\/\/institucional.ufrrj.br\/cea\/files\/2019\/11\/Patrick-Caron.pdf\">Link para apresenta\u00e7\u00e3o<\/a><\/p>\n<p>Sergio Pereira Leite (Diretor do CEA\/UFRRJ)<\/p>\n<p><a href=\"https:\/\/institucional.ufrrj.br\/cea\/files\/2019\/11\/Sergio-Pereira-Leite.pdf\">Link para apresenta\u00e7\u00e3o<\/a><\/p>\n<p>Jos\u00e9 Sergio Leite Lopes (Diretor do Col\u00e9gio Brasileiro de Altos Estudos\/UFRJ, Rio de Janeiro)<\/p>\n<p><a href=\"https:\/\/institucional.ufrrj.br\/cea\/files\/2019\/11\/Jose-Sergio-Leite-Lopes-1.pdf\">Link para apresenta\u00e7\u00e3o<\/a><\/p>\n<p>Jos\u00e9 Vicente Tavares dos Santos (Diretor do Instituto Latino-Americano de Estudos Avan\u00e7ados\/UFRGS, Porto Alegre)<\/p>\n<p><a href=\"https:\/\/institucional.ufrrj.br\/cea\/files\/2019\/11\/Jos\u00e9-Vicente-Tavares-dos-Santos.pdf\">Link para apresenta\u00e7\u00e3o<\/a><\/p>\n<hr \/>\n<p>&nbsp;<\/p>\n","protected":false},"excerpt":{"rendered":"<p>O Centro de Estudos Avan\u00e7ados da UFRRJ tem o prazer de tornar p\u00fablicos os materiais utilizados nas apresenta\u00e7\u00f5es de diversos <a class=\"read-more\" href=\"https:\/\/institucional.ufrrj.br\/cea\/conteudo\/ \" >&#8230; <span class=\"font-italic\">leia mais <i class=\"fas fa-angle-right\"><\/i><\/span><\/a><\/p>\n","protected":false},"author":749,"featured_media":0,"parent":0,"menu_order":0,"comment_status":"closed","ping_status":"closed","template":"","meta":{"_acf_changed":false,"footnotes":""},"class_list":["post-287","page","type-page","status-publish","hentry"],"yoast_head":"<!-- This site is optimized with the Yoast SEO plugin v27.2 - https:\/\/yoast.com\/product\/yoast-seo-wordpress\/ -->\n<title>Publica\u00e7\u00f5es - Centro de Estudos Avan\u00e7ados da UFRRJ<\/title>\n<meta name=\"robots\" content=\"index, follow, max-snippet:-1, max-image-preview:large, max-video-preview:-1\" \/>\n<link rel=\"canonical\" href=\"https:\/\/institucional.ufrrj.br\/cea\/conteudo\/\" \/>\n<meta property=\"og:locale\" content=\"pt_BR\" \/>\n<meta property=\"og:type\" content=\"article\" \/>\n<meta property=\"og:title\" content=\"Publica\u00e7\u00f5es - Centro de Estudos Avan\u00e7ados da UFRRJ\" \/>\n<meta property=\"og:description\" content=\"O Centro de Estudos Avan\u00e7ados da UFRRJ tem o prazer de tornar p\u00fablicos os materiais utilizados nas apresenta\u00e7\u00f5es de diversos ... leia mais\" \/>\n<meta property=\"og:url\" content=\"https:\/\/institucional.ufrrj.br\/cea\/conteudo\/\" \/>\n<meta property=\"og:site_name\" content=\"Centro de Estudos Avan\u00e7ados da UFRRJ\" \/>\n<meta property=\"article:modified_time\" content=\"2026-04-10T01:29:14+00:00\" \/>\n<meta name=\"twitter:card\" content=\"summary_large_image\" \/>\n<meta name=\"twitter:label1\" content=\"Est. tempo de leitura\" \/>\n\t<meta name=\"twitter:data1\" content=\"2 minutos\" \/>\n<script type=\"application\/ld+json\" class=\"yoast-schema-graph\">{\"@context\":\"https:\/\/schema.org\",\"@graph\":[{\"@type\":\"WebPage\",\"@id\":\"https:\/\/institucional.ufrrj.br\/cea\/conteudo\/\",\"url\":\"https:\/\/institucional.ufrrj.br\/cea\/conteudo\/\",\"name\":\"Publica\u00e7\u00f5es - Centro de Estudos Avan\u00e7ados da UFRRJ\",\"isPartOf\":{\"@id\":\"https:\/\/institucional.ufrrj.br\/cea\/#website\"},\"datePublished\":\"2020-06-24T17:19:55+00:00\",\"dateModified\":\"2026-04-10T01:29:14+00:00\",\"breadcrumb\":{\"@id\":\"https:\/\/institucional.ufrrj.br\/cea\/conteudo\/#breadcrumb\"},\"inLanguage\":\"pt-BR\",\"potentialAction\":[{\"@type\":\"ReadAction\",\"target\":[\"https:\/\/institucional.ufrrj.br\/cea\/conteudo\/\"]}]},{\"@type\":\"BreadcrumbList\",\"@id\":\"https:\/\/institucional.ufrrj.br\/cea\/conteudo\/#breadcrumb\",\"itemListElement\":[{\"@type\":\"ListItem\",\"position\":1,\"name\":\"In\u00edcio\",\"item\":\"https:\/\/institucional.ufrrj.br\/cea\/en\/introduction\/\"},{\"@type\":\"ListItem\",\"position\":2,\"name\":\"Publica\u00e7\u00f5es\"}]},{\"@type\":\"WebSite\",\"@id\":\"https:\/\/institucional.ufrrj.br\/cea\/#website\",\"url\":\"https:\/\/institucional.ufrrj.br\/cea\/\",\"name\":\"Centro de Estudos Avan\u00e7ados da UFRRJ\",\"description\":\"\u00d3rg\u00e3o ligado diretamente \u00e0 Pr\u00f3-Reitoria de Pesquisa e P\u00f3s-Gradua\u00e7\u00e3o (PROPPG) da UFRRJ\",\"potentialAction\":[{\"@type\":\"SearchAction\",\"target\":{\"@type\":\"EntryPoint\",\"urlTemplate\":\"https:\/\/institucional.ufrrj.br\/cea\/?s={search_term_string}\"},\"query-input\":{\"@type\":\"PropertyValueSpecification\",\"valueRequired\":true,\"valueName\":\"search_term_string\"}}],\"inLanguage\":\"pt-BR\"}]}<\/script>\n<!-- \/ Yoast SEO plugin. -->","yoast_head_json":{"title":"Publica\u00e7\u00f5es - Centro de Estudos Avan\u00e7ados da UFRRJ","robots":{"index":"index","follow":"follow","max-snippet":"max-snippet:-1","max-image-preview":"max-image-preview:large","max-video-preview":"max-video-preview:-1"},"canonical":"https:\/\/institucional.ufrrj.br\/cea\/conteudo\/","og_locale":"pt_BR","og_type":"article","og_title":"Publica\u00e7\u00f5es - Centro de Estudos Avan\u00e7ados da UFRRJ","og_description":"O Centro de Estudos Avan\u00e7ados da UFRRJ tem o prazer de tornar p\u00fablicos os materiais utilizados nas apresenta\u00e7\u00f5es de diversos ... leia mais","og_url":"https:\/\/institucional.ufrrj.br\/cea\/conteudo\/","og_site_name":"Centro de Estudos Avan\u00e7ados da UFRRJ","article_modified_time":"2026-04-10T01:29:14+00:00","twitter_card":"summary_large_image","twitter_misc":{"Est. tempo de leitura":"2 minutos"},"schema":{"@context":"https:\/\/schema.org","@graph":[{"@type":"WebPage","@id":"https:\/\/institucional.ufrrj.br\/cea\/conteudo\/","url":"https:\/\/institucional.ufrrj.br\/cea\/conteudo\/","name":"Publica\u00e7\u00f5es - Centro de Estudos Avan\u00e7ados da UFRRJ","isPartOf":{"@id":"https:\/\/institucional.ufrrj.br\/cea\/#website"},"datePublished":"2020-06-24T17:19:55+00:00","dateModified":"2026-04-10T01:29:14+00:00","breadcrumb":{"@id":"https:\/\/institucional.ufrrj.br\/cea\/conteudo\/#breadcrumb"},"inLanguage":"pt-BR","potentialAction":[{"@type":"ReadAction","target":["https:\/\/institucional.ufrrj.br\/cea\/conteudo\/"]}]},{"@type":"BreadcrumbList","@id":"https:\/\/institucional.ufrrj.br\/cea\/conteudo\/#breadcrumb","itemListElement":[{"@type":"ListItem","position":1,"name":"In\u00edcio","item":"https:\/\/institucional.ufrrj.br\/cea\/en\/introduction\/"},{"@type":"ListItem","position":2,"name":"Publica\u00e7\u00f5es"}]},{"@type":"WebSite","@id":"https:\/\/institucional.ufrrj.br\/cea\/#website","url":"https:\/\/institucional.ufrrj.br\/cea\/","name":"Centro de Estudos Avan\u00e7ados da UFRRJ","description":"\u00d3rg\u00e3o ligado diretamente \u00e0 Pr\u00f3-Reitoria de Pesquisa e P\u00f3s-Gradua\u00e7\u00e3o (PROPPG) da UFRRJ","potentialAction":[{"@type":"SearchAction","target":{"@type":"EntryPoint","urlTemplate":"https:\/\/institucional.ufrrj.br\/cea\/?s={search_term_string}"},"query-input":{"@type":"PropertyValueSpecification","valueRequired":true,"valueName":"search_term_string"}}],"inLanguage":"pt-BR"}]}},"acf":[],"_links":{"self":[{"href":"https:\/\/institucional.ufrrj.br\/cea\/wp-json\/wp\/v2\/pages\/287","targetHints":{"allow":["GET"]}}],"collection":[{"href":"https:\/\/institucional.ufrrj.br\/cea\/wp-json\/wp\/v2\/pages"}],"about":[{"href":"https:\/\/institucional.ufrrj.br\/cea\/wp-json\/wp\/v2\/types\/page"}],"author":[{"embeddable":true,"href":"https:\/\/institucional.ufrrj.br\/cea\/wp-json\/wp\/v2\/users\/749"}],"replies":[{"embeddable":true,"href":"https:\/\/institucional.ufrrj.br\/cea\/wp-json\/wp\/v2\/comments?post=287"}],"version-history":[{"count":2,"href":"https:\/\/institucional.ufrrj.br\/cea\/wp-json\/wp\/v2\/pages\/287\/revisions"}],"predecessor-version":[{"id":1137,"href":"https:\/\/institucional.ufrrj.br\/cea\/wp-json\/wp\/v2\/pages\/287\/revisions\/1137"}],"wp:attachment":[{"href":"https:\/\/institucional.ufrrj.br\/cea\/wp-json\/wp\/v2\/media?parent=287"}],"curies":[{"name":"wp","href":"https:\/\/api.w.org\/{rel}","templated":true}]}}