{"id":921,"date":"2021-04-12T15:36:02","date_gmt":"2021-04-12T18:36:02","guid":{"rendered":"http:\/\/institucional.ufrrj.br\/ccs\/?page_id=921"},"modified":"2021-04-12T15:36:02","modified_gmt":"2021-04-12T18:36:02","slug":"mapa-do-site","status":"publish","type":"page","link":"https:\/\/institucional.ufrrj.br\/ccs\/mapa-do-site\/","title":{"rendered":"Mapa do site"},"content":{"rendered":"","protected":false},"excerpt":{"rendered":"","protected":false},"author":634,"featured_media":0,"parent":0,"menu_order":0,"comment_status":"closed","ping_status":"closed","template":"","meta":{"_acf_changed":false,"footnotes":""},"class_list":["post-921","page","type-page","status-publish","hentry"],"yoast_head":"<!-- This site is optimized with the Yoast SEO plugin v27.2 - https:\/\/yoast.com\/product\/yoast-seo-wordpress\/ -->\n<title>Mapa do site - Coordenadoria de Comunica\u00e7\u00e3o Social - CCS<\/title>\n<meta name=\"robots\" content=\"index, follow, max-snippet:-1, max-image-preview:large, max-video-preview:-1\" \/>\n<link rel=\"canonical\" href=\"https:\/\/institucional.ufrrj.br\/ccs\/mapa-do-site\/\" \/>\n<meta property=\"og:locale\" content=\"pt_BR\" \/>\n<meta property=\"og:type\" content=\"article\" \/>\n<meta property=\"og:title\" content=\"Mapa do site - Coordenadoria de Comunica\u00e7\u00e3o Social - CCS\" \/>\n<meta property=\"og:url\" content=\"https:\/\/institucional.ufrrj.br\/ccs\/mapa-do-site\/\" \/>\n<meta property=\"og:site_name\" content=\"Coordenadoria de Comunica\u00e7\u00e3o Social - CCS\" \/>\n<meta property=\"article:publisher\" content=\"https:\/\/www.facebook.com\/universidadefederalrural\" \/>\n<meta name=\"twitter:card\" content=\"summary_large_image\" \/>\n<meta name=\"twitter:site\" content=\"@ufrrjbr\" \/>\n<script type=\"application\/ld+json\" class=\"yoast-schema-graph\">{\"@context\":\"https:\/\/schema.org\",\"@graph\":[{\"@type\":\"WebPage\",\"@id\":\"https:\/\/institucional.ufrrj.br\/ccs\/mapa-do-site\/\",\"url\":\"https:\/\/institucional.ufrrj.br\/ccs\/mapa-do-site\/\",\"name\":\"Mapa do site - Coordenadoria de Comunica\u00e7\u00e3o Social - CCS\",\"isPartOf\":{\"@id\":\"https:\/\/institucional.ufrrj.br\/ccs\/#website\"},\"datePublished\":\"2021-04-12T18:36:02+00:00\",\"breadcrumb\":{\"@id\":\"https:\/\/institucional.ufrrj.br\/ccs\/mapa-do-site\/#breadcrumb\"},\"inLanguage\":\"pt-BR\",\"potentialAction\":[{\"@type\":\"ReadAction\",\"target\":[\"https:\/\/institucional.ufrrj.br\/ccs\/mapa-do-site\/\"]}]},{\"@type\":\"BreadcrumbList\",\"@id\":\"https:\/\/institucional.ufrrj.br\/ccs\/mapa-do-site\/#breadcrumb\",\"itemListElement\":[{\"@type\":\"ListItem\",\"position\":1,\"name\":\"In\u00edcio\",\"item\":\"https:\/\/institucional.ufrrj.br\/ccs\/\"},{\"@type\":\"ListItem\",\"position\":2,\"name\":\"Mapa do site\"}]},{\"@type\":\"WebSite\",\"@id\":\"https:\/\/institucional.ufrrj.br\/ccs\/#website\",\"url\":\"https:\/\/institucional.ufrrj.br\/ccs\/\",\"name\":\"Coordenadoria de Comunica\u00e7\u00e3o Social - CCS\",\"description\":\"Coordenadoria de Comunica\u00e7\u00e3o Social - CCS\",\"potentialAction\":[{\"@type\":\"SearchAction\",\"target\":{\"@type\":\"EntryPoint\",\"urlTemplate\":\"https:\/\/institucional.ufrrj.br\/ccs\/?s={search_term_string}\"},\"query-input\":{\"@type\":\"PropertyValueSpecification\",\"valueRequired\":true,\"valueName\":\"search_term_string\"}}],\"inLanguage\":\"pt-BR\"}]}<\/script>\n<!-- \/ Yoast SEO plugin. -->","yoast_head_json":{"title":"Mapa do site - Coordenadoria de Comunica\u00e7\u00e3o Social - CCS","robots":{"index":"index","follow":"follow","max-snippet":"max-snippet:-1","max-image-preview":"max-image-preview:large","max-video-preview":"max-video-preview:-1"},"canonical":"https:\/\/institucional.ufrrj.br\/ccs\/mapa-do-site\/","og_locale":"pt_BR","og_type":"article","og_title":"Mapa do site - Coordenadoria de Comunica\u00e7\u00e3o Social - CCS","og_url":"https:\/\/institucional.ufrrj.br\/ccs\/mapa-do-site\/","og_site_name":"Coordenadoria de Comunica\u00e7\u00e3o Social - CCS","article_publisher":"https:\/\/www.facebook.com\/universidadefederalrural","twitter_card":"summary_large_image","twitter_site":"@ufrrjbr","schema":{"@context":"https:\/\/schema.org","@graph":[{"@type":"WebPage","@id":"https:\/\/institucional.ufrrj.br\/ccs\/mapa-do-site\/","url":"https:\/\/institucional.ufrrj.br\/ccs\/mapa-do-site\/","name":"Mapa do site - Coordenadoria de Comunica\u00e7\u00e3o Social - CCS","isPartOf":{"@id":"https:\/\/institucional.ufrrj.br\/ccs\/#website"},"datePublished":"2021-04-12T18:36:02+00:00","breadcrumb":{"@id":"https:\/\/institucional.ufrrj.br\/ccs\/mapa-do-site\/#breadcrumb"},"inLanguage":"pt-BR","potentialAction":[{"@type":"ReadAction","target":["https:\/\/institucional.ufrrj.br\/ccs\/mapa-do-site\/"]}]},{"@type":"BreadcrumbList","@id":"https:\/\/institucional.ufrrj.br\/ccs\/mapa-do-site\/#breadcrumb","itemListElement":[{"@type":"ListItem","position":1,"name":"In\u00edcio","item":"https:\/\/institucional.ufrrj.br\/ccs\/"},{"@type":"ListItem","position":2,"name":"Mapa do site"}]},{"@type":"WebSite","@id":"https:\/\/institucional.ufrrj.br\/ccs\/#website","url":"https:\/\/institucional.ufrrj.br\/ccs\/","name":"Coordenadoria de Comunica\u00e7\u00e3o Social - CCS","description":"Coordenadoria de Comunica\u00e7\u00e3o Social - CCS","potentialAction":[{"@type":"SearchAction","target":{"@type":"EntryPoint","urlTemplate":"https:\/\/institucional.ufrrj.br\/ccs\/?s={search_term_string}"},"query-input":{"@type":"PropertyValueSpecification","valueRequired":true,"valueName":"search_term_string"}}],"inLanguage":"pt-BR"}]}},"acf":[],"_links":{"self":[{"href":"https:\/\/institucional.ufrrj.br\/ccs\/wp-json\/wp\/v2\/pages\/921","targetHints":{"allow":["GET"]}}],"collection":[{"href":"https:\/\/institucional.ufrrj.br\/ccs\/wp-json\/wp\/v2\/pages"}],"about":[{"href":"https:\/\/institucional.ufrrj.br\/ccs\/wp-json\/wp\/v2\/types\/page"}],"author":[{"embeddable":true,"href":"https:\/\/institucional.ufrrj.br\/ccs\/wp-json\/wp\/v2\/users\/634"}],"replies":[{"embeddable":true,"href":"https:\/\/institucional.ufrrj.br\/ccs\/wp-json\/wp\/v2\/comments?post=921"}],"version-history":[{"count":1,"href":"https:\/\/institucional.ufrrj.br\/ccs\/wp-json\/wp\/v2\/pages\/921\/revisions"}],"predecessor-version":[{"id":922,"href":"https:\/\/institucional.ufrrj.br\/ccs\/wp-json\/wp\/v2\/pages\/921\/revisions\/922"}],"wp:attachment":[{"href":"https:\/\/institucional.ufrrj.br\/ccs\/wp-json\/wp\/v2\/media?parent=921"}],"curies":[{"name":"wp","href":"https:\/\/api.w.org\/{rel}","templated":true}]}}