{"id":917,"date":"2021-04-12T14:34:56","date_gmt":"2021-04-12T17:34:56","guid":{"rendered":"http:\/\/institucional.ufrrj.br\/ccs\/?page_id=917"},"modified":"2021-04-12T14:34:56","modified_gmt":"2021-04-12T17:34:56","slug":"informacoes-uteis","status":"publish","type":"page","link":"https:\/\/institucional.ufrrj.br\/ccs\/informacoes-uteis\/","title":{"rendered":"Informa\u00e7\u00f5es \u00dateis"},"content":{"rendered":"","protected":false},"excerpt":{"rendered":"","protected":false},"author":634,"featured_media":0,"parent":0,"menu_order":0,"comment_status":"closed","ping_status":"closed","template":"","meta":{"_acf_changed":false,"footnotes":""},"class_list":["post-917","page","type-page","status-publish","hentry"],"yoast_head":"<!-- This site is optimized with the Yoast SEO plugin v27.2 - https:\/\/yoast.com\/product\/yoast-seo-wordpress\/ -->\n<title>Informa\u00e7\u00f5es \u00dateis - Coordenadoria de Comunica\u00e7\u00e3o Social - CCS<\/title>\n<meta name=\"robots\" content=\"index, follow, max-snippet:-1, max-image-preview:large, max-video-preview:-1\" \/>\n<link rel=\"canonical\" href=\"https:\/\/institucional.ufrrj.br\/ccs\/informacoes-uteis\/\" \/>\n<meta property=\"og:locale\" content=\"pt_BR\" \/>\n<meta property=\"og:type\" content=\"article\" \/>\n<meta property=\"og:title\" content=\"Informa\u00e7\u00f5es \u00dateis - Coordenadoria de Comunica\u00e7\u00e3o Social - CCS\" \/>\n<meta property=\"og:url\" content=\"https:\/\/institucional.ufrrj.br\/ccs\/informacoes-uteis\/\" \/>\n<meta property=\"og:site_name\" content=\"Coordenadoria de Comunica\u00e7\u00e3o Social - CCS\" \/>\n<meta property=\"article:publisher\" content=\"https:\/\/www.facebook.com\/universidadefederalrural\" \/>\n<meta name=\"twitter:card\" content=\"summary_large_image\" \/>\n<meta name=\"twitter:site\" content=\"@ufrrjbr\" \/>\n<script type=\"application\/ld+json\" class=\"yoast-schema-graph\">{\"@context\":\"https:\/\/schema.org\",\"@graph\":[{\"@type\":\"WebPage\",\"@id\":\"https:\/\/institucional.ufrrj.br\/ccs\/informacoes-uteis\/\",\"url\":\"https:\/\/institucional.ufrrj.br\/ccs\/informacoes-uteis\/\",\"name\":\"Informa\u00e7\u00f5es \u00dateis - Coordenadoria de Comunica\u00e7\u00e3o Social - CCS\",\"isPartOf\":{\"@id\":\"https:\/\/institucional.ufrrj.br\/ccs\/#website\"},\"datePublished\":\"2021-04-12T17:34:56+00:00\",\"breadcrumb\":{\"@id\":\"https:\/\/institucional.ufrrj.br\/ccs\/informacoes-uteis\/#breadcrumb\"},\"inLanguage\":\"pt-BR\",\"potentialAction\":[{\"@type\":\"ReadAction\",\"target\":[\"https:\/\/institucional.ufrrj.br\/ccs\/informacoes-uteis\/\"]}]},{\"@type\":\"BreadcrumbList\",\"@id\":\"https:\/\/institucional.ufrrj.br\/ccs\/informacoes-uteis\/#breadcrumb\",\"itemListElement\":[{\"@type\":\"ListItem\",\"position\":1,\"name\":\"In\u00edcio\",\"item\":\"https:\/\/institucional.ufrrj.br\/ccs\/\"},{\"@type\":\"ListItem\",\"position\":2,\"name\":\"Informa\u00e7\u00f5es \u00dateis\"}]},{\"@type\":\"WebSite\",\"@id\":\"https:\/\/institucional.ufrrj.br\/ccs\/#website\",\"url\":\"https:\/\/institucional.ufrrj.br\/ccs\/\",\"name\":\"Coordenadoria de Comunica\u00e7\u00e3o Social - CCS\",\"description\":\"Coordenadoria de Comunica\u00e7\u00e3o Social - CCS\",\"potentialAction\":[{\"@type\":\"SearchAction\",\"target\":{\"@type\":\"EntryPoint\",\"urlTemplate\":\"https:\/\/institucional.ufrrj.br\/ccs\/?s={search_term_string}\"},\"query-input\":{\"@type\":\"PropertyValueSpecification\",\"valueRequired\":true,\"valueName\":\"search_term_string\"}}],\"inLanguage\":\"pt-BR\"}]}<\/script>\n<!-- \/ Yoast SEO plugin. -->","yoast_head_json":{"title":"Informa\u00e7\u00f5es \u00dateis - Coordenadoria de Comunica\u00e7\u00e3o Social - CCS","robots":{"index":"index","follow":"follow","max-snippet":"max-snippet:-1","max-image-preview":"max-image-preview:large","max-video-preview":"max-video-preview:-1"},"canonical":"https:\/\/institucional.ufrrj.br\/ccs\/informacoes-uteis\/","og_locale":"pt_BR","og_type":"article","og_title":"Informa\u00e7\u00f5es \u00dateis - Coordenadoria de Comunica\u00e7\u00e3o Social - CCS","og_url":"https:\/\/institucional.ufrrj.br\/ccs\/informacoes-uteis\/","og_site_name":"Coordenadoria de Comunica\u00e7\u00e3o Social - CCS","article_publisher":"https:\/\/www.facebook.com\/universidadefederalrural","twitter_card":"summary_large_image","twitter_site":"@ufrrjbr","schema":{"@context":"https:\/\/schema.org","@graph":[{"@type":"WebPage","@id":"https:\/\/institucional.ufrrj.br\/ccs\/informacoes-uteis\/","url":"https:\/\/institucional.ufrrj.br\/ccs\/informacoes-uteis\/","name":"Informa\u00e7\u00f5es \u00dateis - Coordenadoria de Comunica\u00e7\u00e3o Social - CCS","isPartOf":{"@id":"https:\/\/institucional.ufrrj.br\/ccs\/#website"},"datePublished":"2021-04-12T17:34:56+00:00","breadcrumb":{"@id":"https:\/\/institucional.ufrrj.br\/ccs\/informacoes-uteis\/#breadcrumb"},"inLanguage":"pt-BR","potentialAction":[{"@type":"ReadAction","target":["https:\/\/institucional.ufrrj.br\/ccs\/informacoes-uteis\/"]}]},{"@type":"BreadcrumbList","@id":"https:\/\/institucional.ufrrj.br\/ccs\/informacoes-uteis\/#breadcrumb","itemListElement":[{"@type":"ListItem","position":1,"name":"In\u00edcio","item":"https:\/\/institucional.ufrrj.br\/ccs\/"},{"@type":"ListItem","position":2,"name":"Informa\u00e7\u00f5es \u00dateis"}]},{"@type":"WebSite","@id":"https:\/\/institucional.ufrrj.br\/ccs\/#website","url":"https:\/\/institucional.ufrrj.br\/ccs\/","name":"Coordenadoria de Comunica\u00e7\u00e3o Social - CCS","description":"Coordenadoria de Comunica\u00e7\u00e3o Social - CCS","potentialAction":[{"@type":"SearchAction","target":{"@type":"EntryPoint","urlTemplate":"https:\/\/institucional.ufrrj.br\/ccs\/?s={search_term_string}"},"query-input":{"@type":"PropertyValueSpecification","valueRequired":true,"valueName":"search_term_string"}}],"inLanguage":"pt-BR"}]}},"acf":[],"_links":{"self":[{"href":"https:\/\/institucional.ufrrj.br\/ccs\/wp-json\/wp\/v2\/pages\/917","targetHints":{"allow":["GET"]}}],"collection":[{"href":"https:\/\/institucional.ufrrj.br\/ccs\/wp-json\/wp\/v2\/pages"}],"about":[{"href":"https:\/\/institucional.ufrrj.br\/ccs\/wp-json\/wp\/v2\/types\/page"}],"author":[{"embeddable":true,"href":"https:\/\/institucional.ufrrj.br\/ccs\/wp-json\/wp\/v2\/users\/634"}],"replies":[{"embeddable":true,"href":"https:\/\/institucional.ufrrj.br\/ccs\/wp-json\/wp\/v2\/comments?post=917"}],"version-history":[{"count":1,"href":"https:\/\/institucional.ufrrj.br\/ccs\/wp-json\/wp\/v2\/pages\/917\/revisions"}],"predecessor-version":[{"id":918,"href":"https:\/\/institucional.ufrrj.br\/ccs\/wp-json\/wp\/v2\/pages\/917\/revisions\/918"}],"wp:attachment":[{"href":"https:\/\/institucional.ufrrj.br\/ccs\/wp-json\/wp\/v2\/media?parent=917"}],"curies":[{"name":"wp","href":"https:\/\/api.w.org\/{rel}","templated":true}]}}