{"id":18,"date":"2019-06-24T14:54:46","date_gmt":"2019-06-24T17:54:46","guid":{"rendered":"http:\/\/institucional.ufrrj.br\/ccs\/?page_id=18"},"modified":"2024-02-07T13:46:33","modified_gmt":"2024-02-07T16:46:33","slug":"a-css","status":"publish","type":"page","link":"https:\/\/institucional.ufrrj.br\/ccs\/a-css\/","title":{"rendered":"A CCS"},"content":{"rendered":"<p>A <strong>Coordenadoria de Comunica\u00e7\u00e3o Social (CCS)<\/strong> da Universidade Federal Rural do Rio de Janeiro atende ao p\u00fablico interno (docentes, discentes, t\u00e9cnicos-administrativos e funcion\u00e1rios terceirizados) e ao p\u00fablico externo (imprensa, pesquisadores externos, institui\u00e7\u00f5es de ensino e pesquisa, dentre outros) visando ao interc\u00e2mbio e \u00e0 dissemina\u00e7\u00e3o de informa\u00e7\u00f5es p\u00fablicas, acad\u00eamicas e cient\u00edficas, especialmente aquelas referentes a atividades de ensino, pesquisa e extens\u00e3o desenvolvidas no \u00e2mbito da UFRRJ.<\/p>\n<p>Para atender a esse prop\u00f3sito, a CCS e o seu corpo de especialistas na \u00e1rea de Comunica\u00e7\u00e3o desenvolvem produtos e servi\u00e7os que atendem \u00e0s demandas internas e externas, tais como produ\u00e7\u00e3o e divulga\u00e7\u00e3o de not\u00edcias acad\u00eamico-cient\u00edficas e institucionais, boletim de servi\u00e7os administrativos, comunica\u00e7\u00e3o institucional, atendimento \u00e0 imprensa, servi\u00e7os de produ\u00e7\u00e3o audiovisual e design para o p\u00fablico interno, orienta\u00e7\u00e3o sobre usabilidade e navegabilidade de websites institucionais, gest\u00e3o de redes sociais institucionais, gest\u00e3o do banco de pesquisadores da UFRRJ, dentre outros.<\/p>\n<p>A CCS trabalha continuamente em prol dos objetivos e das diretrizes estabelecidos pelo Plano de Desenvolvimento Institucional (PDI) da Universidade. Em conson\u00e2ncia com seu papel de assessoria de comunica\u00e7\u00e3o de uma institui\u00e7\u00e3o de ensino superior p\u00fablica, gratuita e de qualidade, situada no cora\u00e7\u00e3o da Baixada Fluminense (Serop\u00e9dica e Nova Igua\u00e7u) e com mais dois c\u00e2mpus no interior do estado (Tr\u00eas Rios e Campos dos Goytacazes), a CCS est\u00e1 plenamente consciente de seu papel como condutora de transforma\u00e7\u00f5es sociais atrav\u00e9s da divulga\u00e7\u00e3o das atividades acad\u00eamicas e de pesquisa. Para tanto, al\u00e9m de produtos e servi\u00e7os, a CCS oferece apoio, orienta\u00e7\u00e3o e informa\u00e7\u00f5es atualizadas ao seu p\u00fablico por meio de seus canais de comunica\u00e7\u00e3o, quais sejam o <strong><a href=\"http:\/\/portal.ufrrj.br\/\">portal da UFRRJ<\/a><\/strong> e as m\u00eddias sociais institucionais.<\/p>\n<p style=\"text-align: center\"><strong>Coordenadoria de Comunica\u00e7\u00e3o Social<\/strong><br \/>\nUniversidade Federal Rural do Rio de Janeiro<\/p>\n<p style=\"text-align: center\">BR 465, Km 47 Serop\u00e9dica &#8211; Rio de Janeiro<br \/>\nPavilh\u00e3o Central (P1) &#8211; Sala 131- Corredor das Assessorias<\/p>\n<p style=\"text-align: center\"><a href=\"mailto:comunicacao@ufrrj.br\">comunicacao@ufrrj.br<\/a><\/p>\n","protected":false},"excerpt":{"rendered":"<p>A Coordenadoria de Comunica\u00e7\u00e3o Social (CCS) da Universidade Federal Rural do Rio de Janeiro atende ao p\u00fablico interno (docentes, discentes, <a class=\"read-more\" href=\"https:\/\/institucional.ufrrj.br\/ccs\/a-css\/ \" >&#8230; <span class=\"font-italic\">leia mais <i class=\"fas fa-angle-right\"><\/i><\/span><\/a><\/p>\n","protected":false},"author":634,"featured_media":0,"parent":0,"menu_order":0,"comment_status":"closed","ping_status":"closed","template":"","meta":{"_acf_changed":false,"footnotes":""},"class_list":["post-18","page","type-page","status-publish","hentry"],"yoast_head":"<!-- This site is optimized with the Yoast SEO plugin v27.2 - https:\/\/yoast.com\/product\/yoast-seo-wordpress\/ -->\n<title>A CCS - Coordenadoria de Comunica\u00e7\u00e3o Social - CCS<\/title>\n<meta name=\"robots\" content=\"index, follow, max-snippet:-1, max-image-preview:large, max-video-preview:-1\" \/>\n<link rel=\"canonical\" href=\"https:\/\/institucional.ufrrj.br\/ccs\/a-css\/\" \/>\n<meta property=\"og:locale\" content=\"pt_BR\" \/>\n<meta property=\"og:type\" content=\"article\" \/>\n<meta property=\"og:title\" content=\"A CCS - Coordenadoria de Comunica\u00e7\u00e3o Social - CCS\" \/>\n<meta property=\"og:description\" content=\"A Coordenadoria de Comunica\u00e7\u00e3o Social (CCS) da Universidade Federal Rural do Rio de Janeiro atende ao p\u00fablico interno (docentes, discentes, ... leia mais\" \/>\n<meta property=\"og:url\" content=\"https:\/\/institucional.ufrrj.br\/ccs\/a-css\/\" \/>\n<meta property=\"og:site_name\" content=\"Coordenadoria de Comunica\u00e7\u00e3o Social - CCS\" \/>\n<meta property=\"article:publisher\" content=\"https:\/\/www.facebook.com\/universidadefederalrural\" \/>\n<meta property=\"article:modified_time\" content=\"2024-02-07T16:46:33+00:00\" \/>\n<meta name=\"twitter:card\" content=\"summary_large_image\" \/>\n<meta name=\"twitter:site\" content=\"@ufrrjbr\" \/>\n<meta name=\"twitter:label1\" content=\"Est. tempo de leitura\" \/>\n\t<meta name=\"twitter:data1\" content=\"2 minutos\" \/>\n<script type=\"application\/ld+json\" class=\"yoast-schema-graph\">{\"@context\":\"https:\/\/schema.org\",\"@graph\":[{\"@type\":\"WebPage\",\"@id\":\"https:\/\/institucional.ufrrj.br\/ccs\/a-css\/\",\"url\":\"https:\/\/institucional.ufrrj.br\/ccs\/a-css\/\",\"name\":\"A CCS - Coordenadoria de Comunica\u00e7\u00e3o Social - CCS\",\"isPartOf\":{\"@id\":\"https:\/\/institucional.ufrrj.br\/ccs\/#website\"},\"datePublished\":\"2019-06-24T17:54:46+00:00\",\"dateModified\":\"2024-02-07T16:46:33+00:00\",\"breadcrumb\":{\"@id\":\"https:\/\/institucional.ufrrj.br\/ccs\/a-css\/#breadcrumb\"},\"inLanguage\":\"pt-BR\",\"potentialAction\":[{\"@type\":\"ReadAction\",\"target\":[\"https:\/\/institucional.ufrrj.br\/ccs\/a-css\/\"]}]},{\"@type\":\"BreadcrumbList\",\"@id\":\"https:\/\/institucional.ufrrj.br\/ccs\/a-css\/#breadcrumb\",\"itemListElement\":[{\"@type\":\"ListItem\",\"position\":1,\"name\":\"In\u00edcio\",\"item\":\"https:\/\/institucional.ufrrj.br\/ccs\/\"},{\"@type\":\"ListItem\",\"position\":2,\"name\":\"A CCS\"}]},{\"@type\":\"WebSite\",\"@id\":\"https:\/\/institucional.ufrrj.br\/ccs\/#website\",\"url\":\"https:\/\/institucional.ufrrj.br\/ccs\/\",\"name\":\"Coordenadoria de Comunica\u00e7\u00e3o Social - CCS\",\"description\":\"Coordenadoria de Comunica\u00e7\u00e3o Social - CCS\",\"potentialAction\":[{\"@type\":\"SearchAction\",\"target\":{\"@type\":\"EntryPoint\",\"urlTemplate\":\"https:\/\/institucional.ufrrj.br\/ccs\/?s={search_term_string}\"},\"query-input\":{\"@type\":\"PropertyValueSpecification\",\"valueRequired\":true,\"valueName\":\"search_term_string\"}}],\"inLanguage\":\"pt-BR\"}]}<\/script>\n<!-- \/ Yoast SEO plugin. -->","yoast_head_json":{"title":"A CCS - Coordenadoria de Comunica\u00e7\u00e3o Social - CCS","robots":{"index":"index","follow":"follow","max-snippet":"max-snippet:-1","max-image-preview":"max-image-preview:large","max-video-preview":"max-video-preview:-1"},"canonical":"https:\/\/institucional.ufrrj.br\/ccs\/a-css\/","og_locale":"pt_BR","og_type":"article","og_title":"A CCS - Coordenadoria de Comunica\u00e7\u00e3o Social - CCS","og_description":"A Coordenadoria de Comunica\u00e7\u00e3o Social (CCS) da Universidade Federal Rural do Rio de Janeiro atende ao p\u00fablico interno (docentes, discentes, ... leia mais","og_url":"https:\/\/institucional.ufrrj.br\/ccs\/a-css\/","og_site_name":"Coordenadoria de Comunica\u00e7\u00e3o Social - CCS","article_publisher":"https:\/\/www.facebook.com\/universidadefederalrural","article_modified_time":"2024-02-07T16:46:33+00:00","twitter_card":"summary_large_image","twitter_site":"@ufrrjbr","twitter_misc":{"Est. tempo de leitura":"2 minutos"},"schema":{"@context":"https:\/\/schema.org","@graph":[{"@type":"WebPage","@id":"https:\/\/institucional.ufrrj.br\/ccs\/a-css\/","url":"https:\/\/institucional.ufrrj.br\/ccs\/a-css\/","name":"A CCS - Coordenadoria de Comunica\u00e7\u00e3o Social - CCS","isPartOf":{"@id":"https:\/\/institucional.ufrrj.br\/ccs\/#website"},"datePublished":"2019-06-24T17:54:46+00:00","dateModified":"2024-02-07T16:46:33+00:00","breadcrumb":{"@id":"https:\/\/institucional.ufrrj.br\/ccs\/a-css\/#breadcrumb"},"inLanguage":"pt-BR","potentialAction":[{"@type":"ReadAction","target":["https:\/\/institucional.ufrrj.br\/ccs\/a-css\/"]}]},{"@type":"BreadcrumbList","@id":"https:\/\/institucional.ufrrj.br\/ccs\/a-css\/#breadcrumb","itemListElement":[{"@type":"ListItem","position":1,"name":"In\u00edcio","item":"https:\/\/institucional.ufrrj.br\/ccs\/"},{"@type":"ListItem","position":2,"name":"A CCS"}]},{"@type":"WebSite","@id":"https:\/\/institucional.ufrrj.br\/ccs\/#website","url":"https:\/\/institucional.ufrrj.br\/ccs\/","name":"Coordenadoria de Comunica\u00e7\u00e3o Social - CCS","description":"Coordenadoria de Comunica\u00e7\u00e3o Social - CCS","potentialAction":[{"@type":"SearchAction","target":{"@type":"EntryPoint","urlTemplate":"https:\/\/institucional.ufrrj.br\/ccs\/?s={search_term_string}"},"query-input":{"@type":"PropertyValueSpecification","valueRequired":true,"valueName":"search_term_string"}}],"inLanguage":"pt-BR"}]}},"acf":[],"_links":{"self":[{"href":"https:\/\/institucional.ufrrj.br\/ccs\/wp-json\/wp\/v2\/pages\/18","targetHints":{"allow":["GET"]}}],"collection":[{"href":"https:\/\/institucional.ufrrj.br\/ccs\/wp-json\/wp\/v2\/pages"}],"about":[{"href":"https:\/\/institucional.ufrrj.br\/ccs\/wp-json\/wp\/v2\/types\/page"}],"author":[{"embeddable":true,"href":"https:\/\/institucional.ufrrj.br\/ccs\/wp-json\/wp\/v2\/users\/634"}],"replies":[{"embeddable":true,"href":"https:\/\/institucional.ufrrj.br\/ccs\/wp-json\/wp\/v2\/comments?post=18"}],"version-history":[{"count":14,"href":"https:\/\/institucional.ufrrj.br\/ccs\/wp-json\/wp\/v2\/pages\/18\/revisions"}],"predecessor-version":[{"id":1623,"href":"https:\/\/institucional.ufrrj.br\/ccs\/wp-json\/wp\/v2\/pages\/18\/revisions\/1623"}],"wp:attachment":[{"href":"https:\/\/institucional.ufrrj.br\/ccs\/wp-json\/wp\/v2\/media?parent=18"}],"curies":[{"name":"wp","href":"https:\/\/api.w.org\/{rel}","templated":true}]}}