{"id":1638,"date":"2024-02-07T14:29:07","date_gmt":"2024-02-07T17:29:07","guid":{"rendered":"https:\/\/institucional.ufrrj.br\/ccs\/?page_id=1638"},"modified":"2024-04-25T13:27:56","modified_gmt":"2024-04-25T16:27:56","slug":"jornalismo","status":"publish","type":"page","link":"https:\/\/institucional.ufrrj.br\/ccs\/jornalismo\/","title":{"rendered":"Jornalismo"},"content":{"rendered":"\n<p class=\" eplus-wrapper\">A equipe da CCS aceita sugest\u00f5es de pautas das comunidades acad\u00eamica e externa que podem ser veiculadas como not\u00edcias no Portal da UFRRJ e nas redes sociais institucionais principais. No entanto, h\u00e1 <strong>procedimentos e crit\u00e9rios para produ\u00e7\u00e3o e divulga\u00e7\u00e3o de materiais jornal\u00edsticos nos canais de comunica\u00e7\u00e3o da Universidade<\/strong>, que podem ser acessados <a href=\"https:\/\/institucional.ufrrj.br\/ccs\/criterios-para-producao-e-divulgacao-de-materiais-jornalisticos\/\">aqui<\/a>.<\/p>\n\n\n\n<p class=\" eplus-wrapper\">Para sugest\u00f5es de pautas para publica\u00e7\u00e3o de mat\u00e9rias que envolvam <strong>acordos e conv\u00eanios institucionais<\/strong>, a CCS somente publicar\u00e1 no Portal da UFRRJ e nas redes sociais <strong>ap\u00f3s a aprova\u00e7\u00e3o t\u00e9cnica da Coordenadoria de Rela\u00e7\u00f5es Internacionais e Interinstitucionais (Corin)<\/strong>.<\/p>\n","protected":false},"excerpt":{"rendered":"<p>A equipe da CCS aceita sugest\u00f5es de pautas das comunidades acad\u00eamica e externa que podem ser veiculadas como not\u00edcias no <a class=\"read-more\" href=\"https:\/\/institucional.ufrrj.br\/ccs\/jornalismo\/ \" >&#8230; <span class=\"font-italic\">leia mais <i class=\"fas fa-angle-right\"><\/i><\/span><\/a><\/p>\n","protected":false},"author":730,"featured_media":0,"parent":0,"menu_order":0,"comment_status":"closed","ping_status":"closed","template":"","meta":{"_acf_changed":false,"footnotes":""},"class_list":["post-1638","page","type-page","status-publish","hentry"],"yoast_head":"<!-- This site is optimized with the Yoast SEO plugin v27.2 - https:\/\/yoast.com\/product\/yoast-seo-wordpress\/ -->\n<title>Jornalismo - Coordenadoria de Comunica\u00e7\u00e3o Social - CCS<\/title>\n<meta name=\"robots\" content=\"index, follow, max-snippet:-1, max-image-preview:large, max-video-preview:-1\" \/>\n<link rel=\"canonical\" href=\"https:\/\/institucional.ufrrj.br\/ccs\/jornalismo\/\" \/>\n<meta property=\"og:locale\" content=\"pt_BR\" \/>\n<meta property=\"og:type\" content=\"article\" \/>\n<meta property=\"og:title\" content=\"Jornalismo - Coordenadoria de Comunica\u00e7\u00e3o Social - CCS\" \/>\n<meta property=\"og:description\" content=\"A equipe da CCS aceita sugest\u00f5es de pautas das comunidades acad\u00eamica e externa que podem ser veiculadas como not\u00edcias no ... leia mais\" \/>\n<meta property=\"og:url\" content=\"https:\/\/institucional.ufrrj.br\/ccs\/jornalismo\/\" \/>\n<meta property=\"og:site_name\" content=\"Coordenadoria de Comunica\u00e7\u00e3o Social - CCS\" \/>\n<meta property=\"article:publisher\" content=\"https:\/\/www.facebook.com\/universidadefederalrural\" \/>\n<meta property=\"article:modified_time\" content=\"2024-04-25T16:27:56+00:00\" \/>\n<meta name=\"twitter:card\" content=\"summary_large_image\" \/>\n<meta name=\"twitter:site\" content=\"@ufrrjbr\" \/>\n<meta name=\"twitter:label1\" content=\"Est. tempo de leitura\" \/>\n\t<meta name=\"twitter:data1\" content=\"1 minuto\" \/>\n<script type=\"application\/ld+json\" class=\"yoast-schema-graph\">{\"@context\":\"https:\/\/schema.org\",\"@graph\":[{\"@type\":\"WebPage\",\"@id\":\"https:\/\/institucional.ufrrj.br\/ccs\/jornalismo\/\",\"url\":\"https:\/\/institucional.ufrrj.br\/ccs\/jornalismo\/\",\"name\":\"Jornalismo - Coordenadoria de Comunica\u00e7\u00e3o Social - CCS\",\"isPartOf\":{\"@id\":\"https:\/\/institucional.ufrrj.br\/ccs\/#website\"},\"datePublished\":\"2024-02-07T17:29:07+00:00\",\"dateModified\":\"2024-04-25T16:27:56+00:00\",\"breadcrumb\":{\"@id\":\"https:\/\/institucional.ufrrj.br\/ccs\/jornalismo\/#breadcrumb\"},\"inLanguage\":\"pt-BR\",\"potentialAction\":[{\"@type\":\"ReadAction\",\"target\":[\"https:\/\/institucional.ufrrj.br\/ccs\/jornalismo\/\"]}]},{\"@type\":\"BreadcrumbList\",\"@id\":\"https:\/\/institucional.ufrrj.br\/ccs\/jornalismo\/#breadcrumb\",\"itemListElement\":[{\"@type\":\"ListItem\",\"position\":1,\"name\":\"In\u00edcio\",\"item\":\"https:\/\/institucional.ufrrj.br\/ccs\/\"},{\"@type\":\"ListItem\",\"position\":2,\"name\":\"Jornalismo\"}]},{\"@type\":\"WebSite\",\"@id\":\"https:\/\/institucional.ufrrj.br\/ccs\/#website\",\"url\":\"https:\/\/institucional.ufrrj.br\/ccs\/\",\"name\":\"Coordenadoria de Comunica\u00e7\u00e3o Social - CCS\",\"description\":\"Coordenadoria de Comunica\u00e7\u00e3o Social - CCS\",\"potentialAction\":[{\"@type\":\"SearchAction\",\"target\":{\"@type\":\"EntryPoint\",\"urlTemplate\":\"https:\/\/institucional.ufrrj.br\/ccs\/?s={search_term_string}\"},\"query-input\":{\"@type\":\"PropertyValueSpecification\",\"valueRequired\":true,\"valueName\":\"search_term_string\"}}],\"inLanguage\":\"pt-BR\"}]}<\/script>\n<!-- \/ Yoast SEO plugin. -->","yoast_head_json":{"title":"Jornalismo - Coordenadoria de Comunica\u00e7\u00e3o Social - CCS","robots":{"index":"index","follow":"follow","max-snippet":"max-snippet:-1","max-image-preview":"max-image-preview:large","max-video-preview":"max-video-preview:-1"},"canonical":"https:\/\/institucional.ufrrj.br\/ccs\/jornalismo\/","og_locale":"pt_BR","og_type":"article","og_title":"Jornalismo - Coordenadoria de Comunica\u00e7\u00e3o Social - CCS","og_description":"A equipe da CCS aceita sugest\u00f5es de pautas das comunidades acad\u00eamica e externa que podem ser veiculadas como not\u00edcias no ... leia mais","og_url":"https:\/\/institucional.ufrrj.br\/ccs\/jornalismo\/","og_site_name":"Coordenadoria de Comunica\u00e7\u00e3o Social - CCS","article_publisher":"https:\/\/www.facebook.com\/universidadefederalrural","article_modified_time":"2024-04-25T16:27:56+00:00","twitter_card":"summary_large_image","twitter_site":"@ufrrjbr","twitter_misc":{"Est. tempo de leitura":"1 minuto"},"schema":{"@context":"https:\/\/schema.org","@graph":[{"@type":"WebPage","@id":"https:\/\/institucional.ufrrj.br\/ccs\/jornalismo\/","url":"https:\/\/institucional.ufrrj.br\/ccs\/jornalismo\/","name":"Jornalismo - Coordenadoria de Comunica\u00e7\u00e3o Social - CCS","isPartOf":{"@id":"https:\/\/institucional.ufrrj.br\/ccs\/#website"},"datePublished":"2024-02-07T17:29:07+00:00","dateModified":"2024-04-25T16:27:56+00:00","breadcrumb":{"@id":"https:\/\/institucional.ufrrj.br\/ccs\/jornalismo\/#breadcrumb"},"inLanguage":"pt-BR","potentialAction":[{"@type":"ReadAction","target":["https:\/\/institucional.ufrrj.br\/ccs\/jornalismo\/"]}]},{"@type":"BreadcrumbList","@id":"https:\/\/institucional.ufrrj.br\/ccs\/jornalismo\/#breadcrumb","itemListElement":[{"@type":"ListItem","position":1,"name":"In\u00edcio","item":"https:\/\/institucional.ufrrj.br\/ccs\/"},{"@type":"ListItem","position":2,"name":"Jornalismo"}]},{"@type":"WebSite","@id":"https:\/\/institucional.ufrrj.br\/ccs\/#website","url":"https:\/\/institucional.ufrrj.br\/ccs\/","name":"Coordenadoria de Comunica\u00e7\u00e3o Social - CCS","description":"Coordenadoria de Comunica\u00e7\u00e3o Social - CCS","potentialAction":[{"@type":"SearchAction","target":{"@type":"EntryPoint","urlTemplate":"https:\/\/institucional.ufrrj.br\/ccs\/?s={search_term_string}"},"query-input":{"@type":"PropertyValueSpecification","valueRequired":true,"valueName":"search_term_string"}}],"inLanguage":"pt-BR"}]}},"acf":[],"_links":{"self":[{"href":"https:\/\/institucional.ufrrj.br\/ccs\/wp-json\/wp\/v2\/pages\/1638","targetHints":{"allow":["GET"]}}],"collection":[{"href":"https:\/\/institucional.ufrrj.br\/ccs\/wp-json\/wp\/v2\/pages"}],"about":[{"href":"https:\/\/institucional.ufrrj.br\/ccs\/wp-json\/wp\/v2\/types\/page"}],"author":[{"embeddable":true,"href":"https:\/\/institucional.ufrrj.br\/ccs\/wp-json\/wp\/v2\/users\/730"}],"replies":[{"embeddable":true,"href":"https:\/\/institucional.ufrrj.br\/ccs\/wp-json\/wp\/v2\/comments?post=1638"}],"version-history":[{"count":3,"href":"https:\/\/institucional.ufrrj.br\/ccs\/wp-json\/wp\/v2\/pages\/1638\/revisions"}],"predecessor-version":[{"id":1751,"href":"https:\/\/institucional.ufrrj.br\/ccs\/wp-json\/wp\/v2\/pages\/1638\/revisions\/1751"}],"wp:attachment":[{"href":"https:\/\/institucional.ufrrj.br\/ccs\/wp-json\/wp\/v2\/media?parent=1638"}],"curies":[{"name":"wp","href":"https:\/\/api.w.org\/{rel}","templated":true}]}}