{"id":2570,"date":"2025-02-19T12:48:55","date_gmt":"2025-02-19T15:48:55","guid":{"rendered":"https:\/\/institucional.ufrrj.br\/casst\/?page_id=2570"},"modified":"2025-02-19T12:48:55","modified_gmt":"2025-02-19T15:48:55","slug":"isencao-de-imposto-de-renda","status":"publish","type":"page","link":"https:\/\/institucional.ufrrj.br\/casst\/isencao-de-imposto-de-renda\/","title":{"rendered":"Isen\u00e7\u00e3o de Imposto de Renda"},"content":{"rendered":"<p>A isen\u00e7\u00e3o de imposto de renda sobre rendimentos de aposentadoria ou pens\u00e3o de pessoa f\u00edsica, ocorre na presen\u00e7a das seguintes condi\u00e7\u00f5es:<\/p>\n<p>1. Aposentadoria motivada por acidente em servi\u00e7o;<br \/>\n2. Aposentadoria motivada por mol\u00e9stia profissional;<br \/>\n3. Tuberculose ativa;<br \/>\n4. Aliena\u00e7\u00e3o mental;<br \/>\n5. Esclerose m\u00faltipla;<br \/>\n6. Neoplasia maligna;<br \/>\n7. Cegueira;<br \/>\n8. Hansen\u00edase;<br \/>\n9. Paralisia irrevers\u00edvel e incapacitante;<br \/>\n10. Cardiopatia grave;<br \/>\n11. Doen\u00e7a de Parkinson;<br \/>\n12. Espondiloartrose anquilosante;<br \/>\n13. Nefropatia grave;<br \/>\n14. Estados avan\u00e7ados da doen\u00e7a de Paget (oste\u00edtedeformante);<br \/>\n15. Hepatopatia grave;<br \/>\n16. Contamina\u00e7\u00e3o por radia\u00e7\u00e3o;<br \/>\n17. S\u00edndrome da imunodefici\u00eancia adquirida (Sida\/Aids);<br \/>\n18. Fibrose c\u00edstica (mucoviscidose).<\/p>\n<p>A doen\u00e7a dever\u00e1 ser atestada em laudo pericial emitido por servi\u00e7o m\u00e9dico oficial da Uni\u00e3o ou nas Unidades do SIASS.<\/p>\n<p>A unidade SIASS ou servi\u00e7o de sa\u00fade do \u00f3rg\u00e3o convocar\u00e1 o servidor aposentado ou pensionista que solicitou isen\u00e7\u00e3o de imposto de renda para submeter-se a avalia\u00e7\u00e3o pericial, devendo o solicitante apresentar relat\u00f3rios e resultados de exames que comprovem a exist\u00eancia da doen\u00e7a. O laudo pericial dever\u00e1 conter o nome da doen\u00e7a conforme especificado em lei, bem como a data em que a enfermidade foi comprovada por relat\u00f3rio, exames e\/ou cirurgia. Dever\u00e1 ser observado o disposto no \u00a7 5\u00ba do art. 6\u00ba da Instru\u00e7\u00e3o Normativa RFB n\u00ba 1500, de 29 de outubro de 2014 da Secretaria da Receita Federal do Brasil ou as normas que a substitu\u00edrem, para defini\u00e7\u00e3o dos dados que obrigatoriamente devem se fazer presentes no referido laudo.<\/p>\n<p>A isen\u00e7\u00e3o de imposto de renda \u00e9 exclusiva aos proventos de aposentadoria, reforma ou pens\u00e3o, no caso de pensionista, exclui-se a mol\u00e9stia profissional e acidente em servi\u00e7o.<\/p>\n<p>A avalia\u00e7\u00e3o pericial para isen\u00e7\u00e3o de imposto de renda previsto no art. 6\u00ba, XIV e XXI, da Lei n\u00ba 7.713, de 1988 dever\u00e1 vincular-se ao determinado nos Atos Declarat\u00f3rios da Procuradoria-Geral da Fazenda Nacional &#8211; PGFN n\u00ba 03\/20216 e 05\/2016, em raz\u00e3o da jurisprud\u00eancia consolidada do Superior Tribunal de Justi\u00e7a, respectivamente (i) que a isen\u00e7\u00e3o de IRPF deve ser reconhecida em favor dos portadores do \u201c g\u00eanero patol\u00f3gico\u201d \u2018 cegueira\u2019, seja ele binocular ou monocular, desde que constatada por per\u00edcia m\u00e9dica oficial e (ii) a isen\u00e7\u00e3o de imposto de renda sobre proventos de aposentadoria, reforma ou pens\u00e3o percebidos por portadores de mol\u00e9stias graves n\u00e3o h\u00e1 necessidade de comprova\u00e7\u00e3o da manuten\u00e7\u00e3o dos sintomas ou recidiva da enfermidade nem a indica\u00e7\u00e3o de validade do laudo pericial para aqueles portadores.<\/p>\n","protected":false},"excerpt":{"rendered":"<p>A isen\u00e7\u00e3o de imposto de renda sobre rendimentos de aposentadoria ou pens\u00e3o de pessoa f\u00edsica, ocorre na presen\u00e7a das seguintes <a class=\"read-more\" href=\"https:\/\/institucional.ufrrj.br\/casst\/isencao-de-imposto-de-renda\/ \" >&#8230; <span class=\"font-italic\">leia mais <i class=\"fas fa-angle-right\"><\/i><\/span><\/a><\/p>\n","protected":false},"author":706,"featured_media":0,"parent":0,"menu_order":0,"comment_status":"closed","ping_status":"closed","template":"","meta":{"_acf_changed":false,"_exactmetrics_skip_tracking":false,"_exactmetrics_sitenote_active":false,"_exactmetrics_sitenote_note":"","_exactmetrics_sitenote_category":0,"footnotes":""},"class_list":["post-2570","page","type-page","status-publish","hentry"],"yoast_head":"<!-- This site is optimized with the Yoast SEO plugin v27.2 - https:\/\/yoast.com\/product\/yoast-seo-wordpress\/ -->\n<title>Isen\u00e7\u00e3o de Imposto de Renda - Coordena\u00e7\u00e3o de Aten\u00e7\u00e3o \u00e0 Sa\u00fade e Seguran\u00e7a do Trabalho<\/title>\n<meta name=\"robots\" content=\"index, follow, max-snippet:-1, max-image-preview:large, max-video-preview:-1\" \/>\n<link rel=\"canonical\" href=\"https:\/\/institucional.ufrrj.br\/casst\/isencao-de-imposto-de-renda\/\" \/>\n<meta property=\"og:locale\" content=\"pt_BR\" \/>\n<meta property=\"og:type\" content=\"article\" \/>\n<meta property=\"og:title\" content=\"Isen\u00e7\u00e3o de Imposto de Renda - Coordena\u00e7\u00e3o de Aten\u00e7\u00e3o \u00e0 Sa\u00fade e Seguran\u00e7a do Trabalho\" \/>\n<meta property=\"og:description\" content=\"A isen\u00e7\u00e3o de imposto de renda sobre rendimentos de aposentadoria ou pens\u00e3o de pessoa f\u00edsica, ocorre na presen\u00e7a das seguintes ... leia mais\" \/>\n<meta property=\"og:url\" content=\"https:\/\/institucional.ufrrj.br\/casst\/isencao-de-imposto-de-renda\/\" \/>\n<meta property=\"og:site_name\" content=\"Coordena\u00e7\u00e3o de Aten\u00e7\u00e3o \u00e0 Sa\u00fade e Seguran\u00e7a do Trabalho\" \/>\n<meta name=\"twitter:card\" content=\"summary_large_image\" \/>\n<meta name=\"twitter:label1\" content=\"Est. tempo de leitura\" \/>\n\t<meta name=\"twitter:data1\" content=\"2 minutos\" \/>\n<script type=\"application\/ld+json\" class=\"yoast-schema-graph\">{\"@context\":\"https:\/\/schema.org\",\"@graph\":[{\"@type\":\"WebPage\",\"@id\":\"https:\/\/institucional.ufrrj.br\/casst\/isencao-de-imposto-de-renda\/\",\"url\":\"https:\/\/institucional.ufrrj.br\/casst\/isencao-de-imposto-de-renda\/\",\"name\":\"Isen\u00e7\u00e3o de Imposto de Renda - Coordena\u00e7\u00e3o de Aten\u00e7\u00e3o \u00e0 Sa\u00fade e Seguran\u00e7a do Trabalho\",\"isPartOf\":{\"@id\":\"https:\/\/institucional.ufrrj.br\/casst\/#website\"},\"datePublished\":\"2025-02-19T15:48:55+00:00\",\"breadcrumb\":{\"@id\":\"https:\/\/institucional.ufrrj.br\/casst\/isencao-de-imposto-de-renda\/#breadcrumb\"},\"inLanguage\":\"pt-BR\",\"potentialAction\":[{\"@type\":\"ReadAction\",\"target\":[\"https:\/\/institucional.ufrrj.br\/casst\/isencao-de-imposto-de-renda\/\"]}]},{\"@type\":\"BreadcrumbList\",\"@id\":\"https:\/\/institucional.ufrrj.br\/casst\/isencao-de-imposto-de-renda\/#breadcrumb\",\"itemListElement\":[{\"@type\":\"ListItem\",\"position\":1,\"name\":\"In\u00edcio\",\"item\":\"https:\/\/institucional.ufrrj.br\/casst\/\"},{\"@type\":\"ListItem\",\"position\":2,\"name\":\"Isen\u00e7\u00e3o de Imposto de Renda\"}]},{\"@type\":\"WebSite\",\"@id\":\"https:\/\/institucional.ufrrj.br\/casst\/#website\",\"url\":\"https:\/\/institucional.ufrrj.br\/casst\/\",\"name\":\"Coordena\u00e7\u00e3o de Aten\u00e7\u00e3o \u00e0 Sa\u00fade e Seguran\u00e7a do Trabalho\",\"description\":\"Coordena\u00e7\u00e3o de Aten\u00e7\u00e3o \u00e0 Sa\u00fade e Seguran\u00e7a do Trabalho\",\"potentialAction\":[{\"@type\":\"SearchAction\",\"target\":{\"@type\":\"EntryPoint\",\"urlTemplate\":\"https:\/\/institucional.ufrrj.br\/casst\/?s={search_term_string}\"},\"query-input\":{\"@type\":\"PropertyValueSpecification\",\"valueRequired\":true,\"valueName\":\"search_term_string\"}}],\"inLanguage\":\"pt-BR\"}]}<\/script>\n<!-- \/ Yoast SEO plugin. -->","yoast_head_json":{"title":"Isen\u00e7\u00e3o de Imposto de Renda - Coordena\u00e7\u00e3o de Aten\u00e7\u00e3o \u00e0 Sa\u00fade e Seguran\u00e7a do Trabalho","robots":{"index":"index","follow":"follow","max-snippet":"max-snippet:-1","max-image-preview":"max-image-preview:large","max-video-preview":"max-video-preview:-1"},"canonical":"https:\/\/institucional.ufrrj.br\/casst\/isencao-de-imposto-de-renda\/","og_locale":"pt_BR","og_type":"article","og_title":"Isen\u00e7\u00e3o de Imposto de Renda - Coordena\u00e7\u00e3o de Aten\u00e7\u00e3o \u00e0 Sa\u00fade e Seguran\u00e7a do Trabalho","og_description":"A isen\u00e7\u00e3o de imposto de renda sobre rendimentos de aposentadoria ou pens\u00e3o de pessoa f\u00edsica, ocorre na presen\u00e7a das seguintes ... leia mais","og_url":"https:\/\/institucional.ufrrj.br\/casst\/isencao-de-imposto-de-renda\/","og_site_name":"Coordena\u00e7\u00e3o de Aten\u00e7\u00e3o \u00e0 Sa\u00fade e Seguran\u00e7a do Trabalho","twitter_card":"summary_large_image","twitter_misc":{"Est. tempo de leitura":"2 minutos"},"schema":{"@context":"https:\/\/schema.org","@graph":[{"@type":"WebPage","@id":"https:\/\/institucional.ufrrj.br\/casst\/isencao-de-imposto-de-renda\/","url":"https:\/\/institucional.ufrrj.br\/casst\/isencao-de-imposto-de-renda\/","name":"Isen\u00e7\u00e3o de Imposto de Renda - Coordena\u00e7\u00e3o de Aten\u00e7\u00e3o \u00e0 Sa\u00fade e Seguran\u00e7a do Trabalho","isPartOf":{"@id":"https:\/\/institucional.ufrrj.br\/casst\/#website"},"datePublished":"2025-02-19T15:48:55+00:00","breadcrumb":{"@id":"https:\/\/institucional.ufrrj.br\/casst\/isencao-de-imposto-de-renda\/#breadcrumb"},"inLanguage":"pt-BR","potentialAction":[{"@type":"ReadAction","target":["https:\/\/institucional.ufrrj.br\/casst\/isencao-de-imposto-de-renda\/"]}]},{"@type":"BreadcrumbList","@id":"https:\/\/institucional.ufrrj.br\/casst\/isencao-de-imposto-de-renda\/#breadcrumb","itemListElement":[{"@type":"ListItem","position":1,"name":"In\u00edcio","item":"https:\/\/institucional.ufrrj.br\/casst\/"},{"@type":"ListItem","position":2,"name":"Isen\u00e7\u00e3o de Imposto de Renda"}]},{"@type":"WebSite","@id":"https:\/\/institucional.ufrrj.br\/casst\/#website","url":"https:\/\/institucional.ufrrj.br\/casst\/","name":"Coordena\u00e7\u00e3o de Aten\u00e7\u00e3o \u00e0 Sa\u00fade e Seguran\u00e7a do Trabalho","description":"Coordena\u00e7\u00e3o de Aten\u00e7\u00e3o \u00e0 Sa\u00fade e Seguran\u00e7a do Trabalho","potentialAction":[{"@type":"SearchAction","target":{"@type":"EntryPoint","urlTemplate":"https:\/\/institucional.ufrrj.br\/casst\/?s={search_term_string}"},"query-input":{"@type":"PropertyValueSpecification","valueRequired":true,"valueName":"search_term_string"}}],"inLanguage":"pt-BR"}]}},"acf":[],"_links":{"self":[{"href":"https:\/\/institucional.ufrrj.br\/casst\/wp-json\/wp\/v2\/pages\/2570","targetHints":{"allow":["GET"]}}],"collection":[{"href":"https:\/\/institucional.ufrrj.br\/casst\/wp-json\/wp\/v2\/pages"}],"about":[{"href":"https:\/\/institucional.ufrrj.br\/casst\/wp-json\/wp\/v2\/types\/page"}],"author":[{"embeddable":true,"href":"https:\/\/institucional.ufrrj.br\/casst\/wp-json\/wp\/v2\/users\/706"}],"replies":[{"embeddable":true,"href":"https:\/\/institucional.ufrrj.br\/casst\/wp-json\/wp\/v2\/comments?post=2570"}],"version-history":[{"count":3,"href":"https:\/\/institucional.ufrrj.br\/casst\/wp-json\/wp\/v2\/pages\/2570\/revisions"}],"predecessor-version":[{"id":2573,"href":"https:\/\/institucional.ufrrj.br\/casst\/wp-json\/wp\/v2\/pages\/2570\/revisions\/2573"}],"wp:attachment":[{"href":"https:\/\/institucional.ufrrj.br\/casst\/wp-json\/wp\/v2\/media?parent=2570"}],"curies":[{"name":"wp","href":"https:\/\/api.w.org\/{rel}","templated":true}]}}