{"id":2555,"date":"2025-02-19T12:49:32","date_gmt":"2025-02-19T15:49:32","guid":{"rendered":"https:\/\/institucional.ufrrj.br\/casst\/?page_id=2555"},"modified":"2025-10-22T14:30:38","modified_gmt":"2025-10-22T17:30:38","slug":"horario-especial","status":"publish","type":"page","link":"https:\/\/institucional.ufrrj.br\/casst\/horario-especial\/","title":{"rendered":"Hor\u00e1rio Especial"},"content":{"rendered":"<p>Hor\u00e1rio especial para<strong> servidor com defici\u00eancia <\/strong>ou<strong> c\u00f4njuge, filho ou dependente com defici\u00eancia.<\/strong><\/p>\n<p>As defici\u00eancias dever\u00e3o ser comprovadas por pareceres e exames especializados, indicados para cada caso. A per\u00edcia \u00e9 solicitada a fazer avalia\u00e7\u00e3o para fins de constata\u00e7\u00e3o de defici\u00eancia nas seguintes situa\u00e7\u00f5es:<\/p>\n<p>\u2022 Defici\u00eancia do servidor, com vistas \u00e0 concess\u00e3o de hor\u00e1rio especial, n\u00e3o sujeito \u00e0 compensa\u00e7\u00e3o (art. 98, \u00a7 2\u00ba da Lei n\u00ba 8.112,de1990);<br \/>\n\u2022 Defici\u00eancia de c\u00f4njuge, filho ou dependente do servidor;<br \/>\n\u2022 Concess\u00e3o de hor\u00e1rio especial, n\u00e3o sujeito \u00e0 compensa\u00e7\u00e3o (art. 98, \u00a73\u00ba\u00a0 da Lei n\u00ba 8.112 de1990).<\/p>\n<p>Destaca-se que a constata\u00e7\u00e3o da defici\u00eancia ser\u00e1 feita de acordo com o previsto no \u00a7 1\u00ba, do art. 5\u00ba, do Decreto n\u00ba 5.296, de 2004 e no inciso I, do art. 3\u00ba do Decreto n\u00ba 3.298, de1999.<\/p>\n<p>Dever\u00e3o ser registrados o tipo e a data de in\u00edcio da defici\u00eancia, se permanente ou tempor\u00e1ria e se h\u00e1 necessidade de reavalia\u00e7\u00e3o por per\u00edodo a ser determinado pela junta oficial.<\/p>\n<p>A concess\u00e3o do hor\u00e1rio especial ao servidor amparado pelo \u00a73\u00ba do art. 98 da Lei n\u00ba 8.112, de 1990, objetiva possibilitar ao servidor se ausentar do local de trabalho para prestar assist\u00eancia ao c\u00f4njuge, filho ou dependente com defici\u00eancia, sem necessidade de compensa\u00e7\u00e3o de hor\u00e1rio. Recomenda-se especial aten\u00e7\u00e3o quanto \u00e0 defini\u00e7\u00e3o da diminui\u00e7\u00e3o das horas na jornada de trabalho do servidor. A junta oficial fundamentar\u00e1 sua decis\u00e3o considerando a necessidade da presen\u00e7a do servidor junto ao familiar\/dependente, bem como a condi\u00e7\u00e3o do examinado, para aferir a forma de acompanhamento por parte do servidor, levando em considera\u00e7\u00e3o a situa\u00e7\u00e3o f\u00e1tica, as possibilidades de assist\u00eancia \u00e0 pessoa com defici\u00eancia, o contexto familiar, bem como o papel do servidor na assist\u00eancia \u00e0 pessoa com defici\u00eancia, al\u00e9m de outras quest\u00f5es que eventualmente devam ser consideradas para concluir pela concess\u00e3o ou n\u00e3o do hor\u00e1rio especial, a depender do caso concreto e a crit\u00e9rio dos peritos. Nesse sentido, poder\u00e1 ser solicitado pela junta oficial o que for necess\u00e1rio e pass\u00edvel de comprova\u00e7\u00e3o para que haja a convic\u00e7\u00e3o dos peritos.<\/p>\n<p>A junta oficial poder\u00e1 valer-se ainda de pareceres da equipe multiprofissional a fim de subsidiar sua decis\u00e3o e estipular a nova jornada do servidor, devendo atuar com razoabilidade, de modo a garantir o direito ao hor\u00e1rio especial ao servidor, mas sem impedi-lo de desempenhar as atribui\u00e7\u00f5es de seu cargo efetivo, resguardando assim o interesse p\u00fablico.<\/p>\n<p>Atualmente, o pedido de Hor\u00e1rio Especial deve ser feito via SIPAC, com as seguintes etapas:<\/p>\n<p><strong>SIPAC \u2013&gt; Mesa Virtual \u2013&gt; Documentos \u2013&gt; Cadastrar Documentos \u2013&gt; Tipo de Documentos\/FORMUL\u00c1RIO DE ABERTURA &#8211; ASSUNTOS DIVERSOS DO DAGP\/PROGEP \u2013&gt; Natureza do documento \u2013 Ostensivo \u2013&gt;\u00a0 Escrever Documento \u2013&gt; Carregar Modelo \u2013&gt; No campo assunto marque (x)Outros: Hor\u00e1rio Especial.<\/strong><\/p>\n<p>Preencha o requerimento com todas as informa\u00e7\u00f5es pertinentes e crie o processo junto a Se\u00e7\u00e3o Geral de Arquivo e Protocolo. Ap\u00f3s anexar os documentos comprobat\u00f3rios, encaminhe o processo para o DAGP.<\/p>\n","protected":false},"excerpt":{"rendered":"<p>Hor\u00e1rio especial para servidor com defici\u00eancia ou c\u00f4njuge, filho ou dependente com defici\u00eancia. As defici\u00eancias dever\u00e3o ser comprovadas por pareceres <a class=\"read-more\" href=\"https:\/\/institucional.ufrrj.br\/casst\/horario-especial\/ \" >&#8230; <span class=\"font-italic\">leia mais <i class=\"fas fa-angle-right\"><\/i><\/span><\/a><\/p>\n","protected":false},"author":706,"featured_media":0,"parent":0,"menu_order":0,"comment_status":"closed","ping_status":"closed","template":"","meta":{"_acf_changed":false,"_exactmetrics_skip_tracking":false,"_exactmetrics_sitenote_active":false,"_exactmetrics_sitenote_note":"","_exactmetrics_sitenote_category":0,"footnotes":""},"class_list":["post-2555","page","type-page","status-publish","hentry"],"yoast_head":"<!-- This site is optimized with the Yoast SEO plugin v27.2 - https:\/\/yoast.com\/product\/yoast-seo-wordpress\/ -->\n<title>Hor\u00e1rio Especial - Coordena\u00e7\u00e3o de Aten\u00e7\u00e3o \u00e0 Sa\u00fade e Seguran\u00e7a do Trabalho<\/title>\n<meta name=\"robots\" content=\"index, follow, max-snippet:-1, max-image-preview:large, max-video-preview:-1\" \/>\n<link rel=\"canonical\" href=\"https:\/\/institucional.ufrrj.br\/casst\/horario-especial\/\" \/>\n<meta property=\"og:locale\" content=\"pt_BR\" \/>\n<meta property=\"og:type\" content=\"article\" \/>\n<meta property=\"og:title\" content=\"Hor\u00e1rio Especial - Coordena\u00e7\u00e3o de Aten\u00e7\u00e3o \u00e0 Sa\u00fade e Seguran\u00e7a do Trabalho\" \/>\n<meta property=\"og:description\" content=\"Hor\u00e1rio especial para servidor com defici\u00eancia ou c\u00f4njuge, filho ou dependente com defici\u00eancia. As defici\u00eancias dever\u00e3o ser comprovadas por pareceres ... leia mais\" \/>\n<meta property=\"og:url\" content=\"https:\/\/institucional.ufrrj.br\/casst\/horario-especial\/\" \/>\n<meta property=\"og:site_name\" content=\"Coordena\u00e7\u00e3o de Aten\u00e7\u00e3o \u00e0 Sa\u00fade e Seguran\u00e7a do Trabalho\" \/>\n<meta property=\"article:modified_time\" content=\"2025-10-22T17:30:38+00:00\" \/>\n<meta name=\"twitter:card\" content=\"summary_large_image\" \/>\n<meta name=\"twitter:label1\" content=\"Est. tempo de leitura\" \/>\n\t<meta name=\"twitter:data1\" content=\"3 minutos\" \/>\n<script type=\"application\/ld+json\" class=\"yoast-schema-graph\">{\"@context\":\"https:\/\/schema.org\",\"@graph\":[{\"@type\":\"WebPage\",\"@id\":\"https:\/\/institucional.ufrrj.br\/casst\/horario-especial\/\",\"url\":\"https:\/\/institucional.ufrrj.br\/casst\/horario-especial\/\",\"name\":\"Hor\u00e1rio Especial - Coordena\u00e7\u00e3o de Aten\u00e7\u00e3o \u00e0 Sa\u00fade e Seguran\u00e7a do Trabalho\",\"isPartOf\":{\"@id\":\"https:\/\/institucional.ufrrj.br\/casst\/#website\"},\"datePublished\":\"2025-02-19T15:49:32+00:00\",\"dateModified\":\"2025-10-22T17:30:38+00:00\",\"breadcrumb\":{\"@id\":\"https:\/\/institucional.ufrrj.br\/casst\/horario-especial\/#breadcrumb\"},\"inLanguage\":\"pt-BR\",\"potentialAction\":[{\"@type\":\"ReadAction\",\"target\":[\"https:\/\/institucional.ufrrj.br\/casst\/horario-especial\/\"]}]},{\"@type\":\"BreadcrumbList\",\"@id\":\"https:\/\/institucional.ufrrj.br\/casst\/horario-especial\/#breadcrumb\",\"itemListElement\":[{\"@type\":\"ListItem\",\"position\":1,\"name\":\"In\u00edcio\",\"item\":\"https:\/\/institucional.ufrrj.br\/casst\/\"},{\"@type\":\"ListItem\",\"position\":2,\"name\":\"Hor\u00e1rio Especial\"}]},{\"@type\":\"WebSite\",\"@id\":\"https:\/\/institucional.ufrrj.br\/casst\/#website\",\"url\":\"https:\/\/institucional.ufrrj.br\/casst\/\",\"name\":\"Coordena\u00e7\u00e3o de Aten\u00e7\u00e3o \u00e0 Sa\u00fade e Seguran\u00e7a do Trabalho\",\"description\":\"Coordena\u00e7\u00e3o de Aten\u00e7\u00e3o \u00e0 Sa\u00fade e Seguran\u00e7a do Trabalho\",\"potentialAction\":[{\"@type\":\"SearchAction\",\"target\":{\"@type\":\"EntryPoint\",\"urlTemplate\":\"https:\/\/institucional.ufrrj.br\/casst\/?s={search_term_string}\"},\"query-input\":{\"@type\":\"PropertyValueSpecification\",\"valueRequired\":true,\"valueName\":\"search_term_string\"}}],\"inLanguage\":\"pt-BR\"}]}<\/script>\n<!-- \/ Yoast SEO plugin. -->","yoast_head_json":{"title":"Hor\u00e1rio Especial - Coordena\u00e7\u00e3o de Aten\u00e7\u00e3o \u00e0 Sa\u00fade e Seguran\u00e7a do Trabalho","robots":{"index":"index","follow":"follow","max-snippet":"max-snippet:-1","max-image-preview":"max-image-preview:large","max-video-preview":"max-video-preview:-1"},"canonical":"https:\/\/institucional.ufrrj.br\/casst\/horario-especial\/","og_locale":"pt_BR","og_type":"article","og_title":"Hor\u00e1rio Especial - Coordena\u00e7\u00e3o de Aten\u00e7\u00e3o \u00e0 Sa\u00fade e Seguran\u00e7a do Trabalho","og_description":"Hor\u00e1rio especial para servidor com defici\u00eancia ou c\u00f4njuge, filho ou dependente com defici\u00eancia. As defici\u00eancias dever\u00e3o ser comprovadas por pareceres ... leia mais","og_url":"https:\/\/institucional.ufrrj.br\/casst\/horario-especial\/","og_site_name":"Coordena\u00e7\u00e3o de Aten\u00e7\u00e3o \u00e0 Sa\u00fade e Seguran\u00e7a do Trabalho","article_modified_time":"2025-10-22T17:30:38+00:00","twitter_card":"summary_large_image","twitter_misc":{"Est. tempo de leitura":"3 minutos"},"schema":{"@context":"https:\/\/schema.org","@graph":[{"@type":"WebPage","@id":"https:\/\/institucional.ufrrj.br\/casst\/horario-especial\/","url":"https:\/\/institucional.ufrrj.br\/casst\/horario-especial\/","name":"Hor\u00e1rio Especial - Coordena\u00e7\u00e3o de Aten\u00e7\u00e3o \u00e0 Sa\u00fade e Seguran\u00e7a do Trabalho","isPartOf":{"@id":"https:\/\/institucional.ufrrj.br\/casst\/#website"},"datePublished":"2025-02-19T15:49:32+00:00","dateModified":"2025-10-22T17:30:38+00:00","breadcrumb":{"@id":"https:\/\/institucional.ufrrj.br\/casst\/horario-especial\/#breadcrumb"},"inLanguage":"pt-BR","potentialAction":[{"@type":"ReadAction","target":["https:\/\/institucional.ufrrj.br\/casst\/horario-especial\/"]}]},{"@type":"BreadcrumbList","@id":"https:\/\/institucional.ufrrj.br\/casst\/horario-especial\/#breadcrumb","itemListElement":[{"@type":"ListItem","position":1,"name":"In\u00edcio","item":"https:\/\/institucional.ufrrj.br\/casst\/"},{"@type":"ListItem","position":2,"name":"Hor\u00e1rio Especial"}]},{"@type":"WebSite","@id":"https:\/\/institucional.ufrrj.br\/casst\/#website","url":"https:\/\/institucional.ufrrj.br\/casst\/","name":"Coordena\u00e7\u00e3o de Aten\u00e7\u00e3o \u00e0 Sa\u00fade e Seguran\u00e7a do Trabalho","description":"Coordena\u00e7\u00e3o de Aten\u00e7\u00e3o \u00e0 Sa\u00fade e Seguran\u00e7a do Trabalho","potentialAction":[{"@type":"SearchAction","target":{"@type":"EntryPoint","urlTemplate":"https:\/\/institucional.ufrrj.br\/casst\/?s={search_term_string}"},"query-input":{"@type":"PropertyValueSpecification","valueRequired":true,"valueName":"search_term_string"}}],"inLanguage":"pt-BR"}]}},"acf":[],"_links":{"self":[{"href":"https:\/\/institucional.ufrrj.br\/casst\/wp-json\/wp\/v2\/pages\/2555","targetHints":{"allow":["GET"]}}],"collection":[{"href":"https:\/\/institucional.ufrrj.br\/casst\/wp-json\/wp\/v2\/pages"}],"about":[{"href":"https:\/\/institucional.ufrrj.br\/casst\/wp-json\/wp\/v2\/types\/page"}],"author":[{"embeddable":true,"href":"https:\/\/institucional.ufrrj.br\/casst\/wp-json\/wp\/v2\/users\/706"}],"replies":[{"embeddable":true,"href":"https:\/\/institucional.ufrrj.br\/casst\/wp-json\/wp\/v2\/comments?post=2555"}],"version-history":[{"count":2,"href":"https:\/\/institucional.ufrrj.br\/casst\/wp-json\/wp\/v2\/pages\/2555\/revisions"}],"predecessor-version":[{"id":2609,"href":"https:\/\/institucional.ufrrj.br\/casst\/wp-json\/wp\/v2\/pages\/2555\/revisions\/2609"}],"wp:attachment":[{"href":"https:\/\/institucional.ufrrj.br\/casst\/wp-json\/wp\/v2\/media?parent=2555"}],"curies":[{"name":"wp","href":"https:\/\/api.w.org\/{rel}","templated":true}]}}