{"id":2550,"date":"2025-02-19T12:51:03","date_gmt":"2025-02-19T15:51:03","guid":{"rendered":"https:\/\/institucional.ufrrj.br\/casst\/?page_id=2550"},"modified":"2025-02-19T12:51:03","modified_gmt":"2025-02-19T15:51:03","slug":"remocao","status":"publish","type":"page","link":"https:\/\/institucional.ufrrj.br\/casst\/remocao\/","title":{"rendered":"Remo\u00e7\u00e3o"},"content":{"rendered":"<p>A avalia\u00e7\u00e3o pericial para concess\u00e3o de remo\u00e7\u00e3o ao servidor por motivo de sua sa\u00fade ou de pessoa de sua fam\u00edlia ser\u00e1 realizada a pedido do interessado. Considera-se pessoa da fam\u00edlia, para efeito de remo\u00e7\u00e3o por motivo de acompanhamento:<\/p>\n<ul>\n<li>\u2022 C\u00f4njuge;<\/li>\n<li>\u2022 Companheiro;<\/li>\n<li>\u2022 Dependente que viva \u00e0s suas expensas e conste de seu assentamento funcional.<\/li>\n<\/ul>\n<p>O servidor, munido de parecer do profissional de sa\u00fade assistente que indique necessidade de remo\u00e7\u00e3o por motivo de sa\u00fade, dever\u00e1 requerer a sua remo\u00e7\u00e3o \u00e0 \u00e1rea de recursos humanos no seu local de lota\u00e7\u00e3o. O laudo, emitido por junta oficial, \u00e9 indispens\u00e1vel \u00e0 an\u00e1lise do pedido de remo\u00e7\u00e3o e dever\u00e1, necessariamente, atestar a exist\u00eancia da doen\u00e7a ou motivo de sa\u00fade que fundamenta o pedido.<\/p>\n<p>Ressalta-se que a avalia\u00e7\u00e3o pericial para concess\u00e3o de remo\u00e7\u00e3o do servidor por motivo de doen\u00e7a em pessoa de sua fam\u00edlia dever\u00e1 ser realizada no familiar.<\/p>\n<p>A avalia\u00e7\u00e3o pericial poder\u00e1 basear-se em:<\/p>\n<ul>\n<li>\u2022 Raz\u00f5es objetivas para a remo\u00e7\u00e3o;<\/li>\n<li>\u2022 Se a localidade onde reside o servidor ou seu dependente legal \u00e9 agravante de seu estado de sa\u00fade ou prejudicial \u00e0 sua recupera\u00e7\u00e3o;<\/li>\n<li>\u2022 Se na localidade de lota\u00e7\u00e3o do servidor n\u00e3o h\u00e1 tratamento adequado;<\/li>\n<li>\u2022 Se a doen\u00e7a \u00e9 preexistente \u00e0 lota\u00e7\u00e3o do servidor na localidade e, em caso positivo, se houve evolu\u00e7\u00e3o do quadro que justifique o pedido;<\/li>\n<li>\u2022 Quais os benef\u00edcios do ponto de vista de sa\u00fade que advir\u00e3o dessa remo\u00e7\u00e3o;<\/li>\n<li>\u2022 Quais as caracter\u00edsticas das localidades recomendadas;<\/li>\n<li>\u2022 Se o tratamento sugerido \u00e9 de longa dura\u00e7\u00e3o e se n\u00e3o pode ser realizado na localidade de exerc\u00edcio do servidor.<\/li>\n<\/ul>\n<p>\u00c9 importante destacar que o laudo dever\u00e1 ser conclusivo quanto \u00e0 necessidade da mudan\u00e7a de exerc\u00edcio. Reserva-se \u00e0 APF, no resguardo de seus interesses, indicar qualquer localidade de exerc\u00edcio, desde que satisfa\u00e7a \u00e0s necessidades de sa\u00fade e tratamento do servidor, de pessoa de sua fam\u00edlia ou dependente. Os servidores sem v\u00ednculo efetivo com a Uni\u00e3o, os contratados tempor\u00e1rios e os empregados p\u00fablicos n\u00e3o fazem jus \u00e0 remo\u00e7\u00e3o.<\/p>\n","protected":false},"excerpt":{"rendered":"<p>A avalia\u00e7\u00e3o pericial para concess\u00e3o de remo\u00e7\u00e3o ao servidor por motivo de sua sa\u00fade ou de pessoa de sua fam\u00edlia <a class=\"read-more\" href=\"https:\/\/institucional.ufrrj.br\/casst\/remocao\/ \" >&#8230; <span class=\"font-italic\">leia mais <i class=\"fas fa-angle-right\"><\/i><\/span><\/a><\/p>\n","protected":false},"author":706,"featured_media":0,"parent":0,"menu_order":0,"comment_status":"closed","ping_status":"closed","template":"","meta":{"_acf_changed":false,"_exactmetrics_skip_tracking":false,"_exactmetrics_sitenote_active":false,"_exactmetrics_sitenote_note":"","_exactmetrics_sitenote_category":0,"footnotes":""},"class_list":["post-2550","page","type-page","status-publish","hentry"],"yoast_head":"<!-- This site is optimized with the Yoast SEO plugin v27.2 - https:\/\/yoast.com\/product\/yoast-seo-wordpress\/ -->\n<title>Remo\u00e7\u00e3o - Coordena\u00e7\u00e3o de Aten\u00e7\u00e3o \u00e0 Sa\u00fade e Seguran\u00e7a do Trabalho<\/title>\n<meta name=\"robots\" content=\"index, follow, max-snippet:-1, max-image-preview:large, max-video-preview:-1\" \/>\n<link rel=\"canonical\" href=\"https:\/\/institucional.ufrrj.br\/casst\/remocao\/\" \/>\n<meta property=\"og:locale\" content=\"pt_BR\" \/>\n<meta property=\"og:type\" content=\"article\" \/>\n<meta property=\"og:title\" content=\"Remo\u00e7\u00e3o - Coordena\u00e7\u00e3o de Aten\u00e7\u00e3o \u00e0 Sa\u00fade e Seguran\u00e7a do Trabalho\" \/>\n<meta property=\"og:description\" content=\"A avalia\u00e7\u00e3o pericial para concess\u00e3o de remo\u00e7\u00e3o ao servidor por motivo de sua sa\u00fade ou de pessoa de sua fam\u00edlia ... leia mais\" \/>\n<meta property=\"og:url\" content=\"https:\/\/institucional.ufrrj.br\/casst\/remocao\/\" \/>\n<meta property=\"og:site_name\" content=\"Coordena\u00e7\u00e3o de Aten\u00e7\u00e3o \u00e0 Sa\u00fade e Seguran\u00e7a do Trabalho\" \/>\n<meta name=\"twitter:card\" content=\"summary_large_image\" \/>\n<meta name=\"twitter:label1\" content=\"Est. tempo de leitura\" \/>\n\t<meta name=\"twitter:data1\" content=\"2 minutos\" \/>\n<script type=\"application\/ld+json\" class=\"yoast-schema-graph\">{\"@context\":\"https:\/\/schema.org\",\"@graph\":[{\"@type\":\"WebPage\",\"@id\":\"https:\/\/institucional.ufrrj.br\/casst\/remocao\/\",\"url\":\"https:\/\/institucional.ufrrj.br\/casst\/remocao\/\",\"name\":\"Remo\u00e7\u00e3o - Coordena\u00e7\u00e3o de Aten\u00e7\u00e3o \u00e0 Sa\u00fade e Seguran\u00e7a do Trabalho\",\"isPartOf\":{\"@id\":\"https:\/\/institucional.ufrrj.br\/casst\/#website\"},\"datePublished\":\"2025-02-19T15:51:03+00:00\",\"breadcrumb\":{\"@id\":\"https:\/\/institucional.ufrrj.br\/casst\/remocao\/#breadcrumb\"},\"inLanguage\":\"pt-BR\",\"potentialAction\":[{\"@type\":\"ReadAction\",\"target\":[\"https:\/\/institucional.ufrrj.br\/casst\/remocao\/\"]}]},{\"@type\":\"BreadcrumbList\",\"@id\":\"https:\/\/institucional.ufrrj.br\/casst\/remocao\/#breadcrumb\",\"itemListElement\":[{\"@type\":\"ListItem\",\"position\":1,\"name\":\"In\u00edcio\",\"item\":\"https:\/\/institucional.ufrrj.br\/casst\/\"},{\"@type\":\"ListItem\",\"position\":2,\"name\":\"Remo\u00e7\u00e3o\"}]},{\"@type\":\"WebSite\",\"@id\":\"https:\/\/institucional.ufrrj.br\/casst\/#website\",\"url\":\"https:\/\/institucional.ufrrj.br\/casst\/\",\"name\":\"Coordena\u00e7\u00e3o de Aten\u00e7\u00e3o \u00e0 Sa\u00fade e Seguran\u00e7a do Trabalho\",\"description\":\"Coordena\u00e7\u00e3o de Aten\u00e7\u00e3o \u00e0 Sa\u00fade e Seguran\u00e7a do Trabalho\",\"potentialAction\":[{\"@type\":\"SearchAction\",\"target\":{\"@type\":\"EntryPoint\",\"urlTemplate\":\"https:\/\/institucional.ufrrj.br\/casst\/?s={search_term_string}\"},\"query-input\":{\"@type\":\"PropertyValueSpecification\",\"valueRequired\":true,\"valueName\":\"search_term_string\"}}],\"inLanguage\":\"pt-BR\"}]}<\/script>\n<!-- \/ Yoast SEO plugin. -->","yoast_head_json":{"title":"Remo\u00e7\u00e3o - Coordena\u00e7\u00e3o de Aten\u00e7\u00e3o \u00e0 Sa\u00fade e Seguran\u00e7a do Trabalho","robots":{"index":"index","follow":"follow","max-snippet":"max-snippet:-1","max-image-preview":"max-image-preview:large","max-video-preview":"max-video-preview:-1"},"canonical":"https:\/\/institucional.ufrrj.br\/casst\/remocao\/","og_locale":"pt_BR","og_type":"article","og_title":"Remo\u00e7\u00e3o - Coordena\u00e7\u00e3o de Aten\u00e7\u00e3o \u00e0 Sa\u00fade e Seguran\u00e7a do Trabalho","og_description":"A avalia\u00e7\u00e3o pericial para concess\u00e3o de remo\u00e7\u00e3o ao servidor por motivo de sua sa\u00fade ou de pessoa de sua fam\u00edlia ... leia mais","og_url":"https:\/\/institucional.ufrrj.br\/casst\/remocao\/","og_site_name":"Coordena\u00e7\u00e3o de Aten\u00e7\u00e3o \u00e0 Sa\u00fade e Seguran\u00e7a do Trabalho","twitter_card":"summary_large_image","twitter_misc":{"Est. tempo de leitura":"2 minutos"},"schema":{"@context":"https:\/\/schema.org","@graph":[{"@type":"WebPage","@id":"https:\/\/institucional.ufrrj.br\/casst\/remocao\/","url":"https:\/\/institucional.ufrrj.br\/casst\/remocao\/","name":"Remo\u00e7\u00e3o - Coordena\u00e7\u00e3o de Aten\u00e7\u00e3o \u00e0 Sa\u00fade e Seguran\u00e7a do Trabalho","isPartOf":{"@id":"https:\/\/institucional.ufrrj.br\/casst\/#website"},"datePublished":"2025-02-19T15:51:03+00:00","breadcrumb":{"@id":"https:\/\/institucional.ufrrj.br\/casst\/remocao\/#breadcrumb"},"inLanguage":"pt-BR","potentialAction":[{"@type":"ReadAction","target":["https:\/\/institucional.ufrrj.br\/casst\/remocao\/"]}]},{"@type":"BreadcrumbList","@id":"https:\/\/institucional.ufrrj.br\/casst\/remocao\/#breadcrumb","itemListElement":[{"@type":"ListItem","position":1,"name":"In\u00edcio","item":"https:\/\/institucional.ufrrj.br\/casst\/"},{"@type":"ListItem","position":2,"name":"Remo\u00e7\u00e3o"}]},{"@type":"WebSite","@id":"https:\/\/institucional.ufrrj.br\/casst\/#website","url":"https:\/\/institucional.ufrrj.br\/casst\/","name":"Coordena\u00e7\u00e3o de Aten\u00e7\u00e3o \u00e0 Sa\u00fade e Seguran\u00e7a do Trabalho","description":"Coordena\u00e7\u00e3o de Aten\u00e7\u00e3o \u00e0 Sa\u00fade e Seguran\u00e7a do Trabalho","potentialAction":[{"@type":"SearchAction","target":{"@type":"EntryPoint","urlTemplate":"https:\/\/institucional.ufrrj.br\/casst\/?s={search_term_string}"},"query-input":{"@type":"PropertyValueSpecification","valueRequired":true,"valueName":"search_term_string"}}],"inLanguage":"pt-BR"}]}},"acf":[],"_links":{"self":[{"href":"https:\/\/institucional.ufrrj.br\/casst\/wp-json\/wp\/v2\/pages\/2550","targetHints":{"allow":["GET"]}}],"collection":[{"href":"https:\/\/institucional.ufrrj.br\/casst\/wp-json\/wp\/v2\/pages"}],"about":[{"href":"https:\/\/institucional.ufrrj.br\/casst\/wp-json\/wp\/v2\/types\/page"}],"author":[{"embeddable":true,"href":"https:\/\/institucional.ufrrj.br\/casst\/wp-json\/wp\/v2\/users\/706"}],"replies":[{"embeddable":true,"href":"https:\/\/institucional.ufrrj.br\/casst\/wp-json\/wp\/v2\/comments?post=2550"}],"version-history":[{"count":4,"href":"https:\/\/institucional.ufrrj.br\/casst\/wp-json\/wp\/v2\/pages\/2550\/revisions"}],"predecessor-version":[{"id":2554,"href":"https:\/\/institucional.ufrrj.br\/casst\/wp-json\/wp\/v2\/pages\/2550\/revisions\/2554"}],"wp:attachment":[{"href":"https:\/\/institucional.ufrrj.br\/casst\/wp-json\/wp\/v2\/media?parent=2550"}],"curies":[{"name":"wp","href":"https:\/\/api.w.org\/{rel}","templated":true}]}}