{"id":2543,"date":"2025-02-11T10:05:23","date_gmt":"2025-02-11T13:05:23","guid":{"rendered":"https:\/\/institucional.ufrrj.br\/casst\/?page_id=2543"},"modified":"2025-02-11T10:06:41","modified_gmt":"2025-02-11T13:06:41","slug":"servico-social","status":"publish","type":"page","link":"https:\/\/institucional.ufrrj.br\/casst\/servico-social\/","title":{"rendered":"Servi\u00e7o Social"},"content":{"rendered":"<p>O trabalho da Assistente Social na Sa\u00fade do Trabalhador da UFRRJ atravessa as frentes da Per\u00edcia Oficial em Sa\u00fade, Promo\u00e7\u00e3o, Vigil\u00e2ncia e Seguran\u00e7a do Trabalho, corroborando com a garantia e a viabilidade do acesso aos direitos sociais por meio das pol\u00edticas p\u00fablicas, buscando a integralidade das a\u00e7\u00f5es. Tamb\u00e9m identificando os fatores econ\u00f4micos, pol\u00edticos, sociais e culturais que interferem no processo de adoecimento, atuando de forma multidisciplinar no atendimento \u00e0 sa\u00fade.<\/p>\n<p>Nas a\u00e7\u00f5es da equipe multidisciplinar, a assistente social atua atrav\u00e9s da avalia\u00e7\u00e3o dos aspectos sociais que possibilitam a melhoria das condi\u00e7\u00f5es de vida e sa\u00fade do trabalhador, considerando seu processo de trabalho e reprodu\u00e7\u00e3o social. Dessa forma, dentre outras a\u00e7\u00f5es, destacam-se:<\/p>\n<p>\u2022 Atendimento social aos\/\u00e0s trabalhadores\/as e suas fam\u00edlias, visando prestar orienta\u00e7\u00f5es relacionadas \u00e0 sa\u00fade do trabalhador e demais direitos sociais;<\/p>\n<p>\u2022 Orienta\u00e7\u00f5es e encaminhamentos, que visam democratizar as informa\u00e7\u00f5es e o acesso aos programas e projetos dispon\u00edveis na UFRRJ e na rede socioassistencial de pol\u00edticas sociais, realizando encaminhamentos e articula\u00e7\u00f5es com os servi\u00e7os, a fim de corroborar com o acesso \u00e0s pol\u00edticas e equipamentos;<\/p>\n<p>\u2022 Estudos sociais e pesquisas que corroborem com a identifica\u00e7\u00e3o das demandas dos trabalhadores e seus grupos familiares, visando a garantia do acesso aos direitos, atrav\u00e9s da orienta\u00e7\u00e3o individual e\/ou por meio de a\u00e7\u00f5es coletivas;<\/p>\n<p>\u2022 Per\u00edcia t\u00e9cnica e avalia\u00e7\u00e3o social, enquanto profissional part\u00edcipe da Per\u00edcia Oficial em Sa\u00fade, com emiss\u00e3o de laudo, relat\u00f3rio e\/ou parecer social, cab\u00edveis \u00e0 interven\u00e7\u00e3o. Realizando atendimentos para avalia\u00e7\u00e3o de solicita\u00e7\u00e3o de Licen\u00e7a por motivo de doen\u00e7a de pessoa da fam\u00edlia e redu\u00e7\u00e3o de carga hor\u00e1ria devido a familiar deficiente, que necessite de cuidados;<\/p>\n<p>\u2022 Participa\u00e7\u00e3o no Programa Mais Vida \u2013 Prepara\u00e7\u00e3o para a Aposentadoria, ministrando palestras e orientando os\/as trabalhadores\/as sobre direitos relacionados \u00e0 velhice e aposentadoria;<\/p>\n<p>\u2022 Organiza\u00e7\u00e3o e execu\u00e7\u00e3o de eventos e elabora\u00e7\u00e3o de materiais socioeducativos de natureza preventiva e educativa em sa\u00fade do trabalhador e coletiva;<\/p>\n<p>\u2022 Est\u00edmulo e participa\u00e7\u00e3o no trabalho de preven\u00e7\u00e3o dos riscos e agravos \u00e0 sa\u00fade e da promo\u00e7\u00e3o \u00e0 sa\u00fade atrav\u00e9s de orienta\u00e7\u00f5es individuais\/coletivas, visando ampliar conquistas e direitos;<\/p>\n<p>\u2022 Estudos e pesquisas em Servi\u00e7o Social e Sa\u00fade do Trabalhador, que construam propostas coletivas para melhoria das condi\u00e7\u00f5es de trabalho;<\/p>\n<p>\u2022 An\u00e1lise de documentos e estudos t\u00e9cnicos e coleta de dados em Sa\u00fade do Trabalhador e Servi\u00e7o Social;<\/p>\n<p>\u2022 Realiza\u00e7\u00e3o de visitas domiciliares e institucionais em mat\u00e9ria de Servi\u00e7o Social, conforme avalia\u00e7\u00e3o t\u00e9cnica;<\/p>\n<p>\u2022 Instru\u00e7\u00e3o e incentivo \u00e0 forma\u00e7\u00e3o e organiza\u00e7\u00e3o de grupos e a\u00e7\u00f5es coletivas dos trabalhadores.<\/p>\n","protected":false},"excerpt":{"rendered":"<p>O trabalho da Assistente Social na Sa\u00fade do Trabalhador da UFRRJ atravessa as frentes da Per\u00edcia Oficial em Sa\u00fade, Promo\u00e7\u00e3o, <a class=\"read-more\" href=\"https:\/\/institucional.ufrrj.br\/casst\/servico-social\/ \" >&#8230; <span class=\"font-italic\">leia mais <i class=\"fas fa-angle-right\"><\/i><\/span><\/a><\/p>\n","protected":false},"author":706,"featured_media":0,"parent":0,"menu_order":0,"comment_status":"closed","ping_status":"closed","template":"","meta":{"_acf_changed":false,"_exactmetrics_skip_tracking":false,"_exactmetrics_sitenote_active":false,"_exactmetrics_sitenote_note":"","_exactmetrics_sitenote_category":0,"footnotes":""},"class_list":["post-2543","page","type-page","status-publish","hentry"],"yoast_head":"<!-- This site is optimized with the Yoast SEO plugin v27.2 - https:\/\/yoast.com\/product\/yoast-seo-wordpress\/ -->\n<title>Servi\u00e7o Social - Coordena\u00e7\u00e3o de Aten\u00e7\u00e3o \u00e0 Sa\u00fade e Seguran\u00e7a do Trabalho<\/title>\n<meta name=\"robots\" content=\"index, follow, max-snippet:-1, max-image-preview:large, max-video-preview:-1\" \/>\n<link rel=\"canonical\" href=\"https:\/\/institucional.ufrrj.br\/casst\/servico-social\/\" \/>\n<meta property=\"og:locale\" content=\"pt_BR\" \/>\n<meta property=\"og:type\" content=\"article\" \/>\n<meta property=\"og:title\" content=\"Servi\u00e7o Social - Coordena\u00e7\u00e3o de Aten\u00e7\u00e3o \u00e0 Sa\u00fade e Seguran\u00e7a do Trabalho\" \/>\n<meta property=\"og:description\" content=\"O trabalho da Assistente Social na Sa\u00fade do Trabalhador da UFRRJ atravessa as frentes da Per\u00edcia Oficial em Sa\u00fade, Promo\u00e7\u00e3o, ... leia mais\" \/>\n<meta property=\"og:url\" content=\"https:\/\/institucional.ufrrj.br\/casst\/servico-social\/\" \/>\n<meta property=\"og:site_name\" content=\"Coordena\u00e7\u00e3o de Aten\u00e7\u00e3o \u00e0 Sa\u00fade e Seguran\u00e7a do Trabalho\" \/>\n<meta property=\"article:modified_time\" content=\"2025-02-11T13:06:41+00:00\" \/>\n<meta name=\"twitter:card\" content=\"summary_large_image\" \/>\n<meta name=\"twitter:label1\" content=\"Est. tempo de leitura\" \/>\n\t<meta name=\"twitter:data1\" content=\"2 minutos\" \/>\n<script type=\"application\/ld+json\" class=\"yoast-schema-graph\">{\"@context\":\"https:\/\/schema.org\",\"@graph\":[{\"@type\":\"WebPage\",\"@id\":\"https:\/\/institucional.ufrrj.br\/casst\/servico-social\/\",\"url\":\"https:\/\/institucional.ufrrj.br\/casst\/servico-social\/\",\"name\":\"Servi\u00e7o Social - Coordena\u00e7\u00e3o de Aten\u00e7\u00e3o \u00e0 Sa\u00fade e Seguran\u00e7a do Trabalho\",\"isPartOf\":{\"@id\":\"https:\/\/institucional.ufrrj.br\/casst\/#website\"},\"datePublished\":\"2025-02-11T13:05:23+00:00\",\"dateModified\":\"2025-02-11T13:06:41+00:00\",\"breadcrumb\":{\"@id\":\"https:\/\/institucional.ufrrj.br\/casst\/servico-social\/#breadcrumb\"},\"inLanguage\":\"pt-BR\",\"potentialAction\":[{\"@type\":\"ReadAction\",\"target\":[\"https:\/\/institucional.ufrrj.br\/casst\/servico-social\/\"]}]},{\"@type\":\"BreadcrumbList\",\"@id\":\"https:\/\/institucional.ufrrj.br\/casst\/servico-social\/#breadcrumb\",\"itemListElement\":[{\"@type\":\"ListItem\",\"position\":1,\"name\":\"In\u00edcio\",\"item\":\"https:\/\/institucional.ufrrj.br\/casst\/\"},{\"@type\":\"ListItem\",\"position\":2,\"name\":\"Servi\u00e7o Social\"}]},{\"@type\":\"WebSite\",\"@id\":\"https:\/\/institucional.ufrrj.br\/casst\/#website\",\"url\":\"https:\/\/institucional.ufrrj.br\/casst\/\",\"name\":\"Coordena\u00e7\u00e3o de Aten\u00e7\u00e3o \u00e0 Sa\u00fade e Seguran\u00e7a do Trabalho\",\"description\":\"Coordena\u00e7\u00e3o de Aten\u00e7\u00e3o \u00e0 Sa\u00fade e Seguran\u00e7a do Trabalho\",\"potentialAction\":[{\"@type\":\"SearchAction\",\"target\":{\"@type\":\"EntryPoint\",\"urlTemplate\":\"https:\/\/institucional.ufrrj.br\/casst\/?s={search_term_string}\"},\"query-input\":{\"@type\":\"PropertyValueSpecification\",\"valueRequired\":true,\"valueName\":\"search_term_string\"}}],\"inLanguage\":\"pt-BR\"}]}<\/script>\n<!-- \/ Yoast SEO plugin. -->","yoast_head_json":{"title":"Servi\u00e7o Social - Coordena\u00e7\u00e3o de Aten\u00e7\u00e3o \u00e0 Sa\u00fade e Seguran\u00e7a do Trabalho","robots":{"index":"index","follow":"follow","max-snippet":"max-snippet:-1","max-image-preview":"max-image-preview:large","max-video-preview":"max-video-preview:-1"},"canonical":"https:\/\/institucional.ufrrj.br\/casst\/servico-social\/","og_locale":"pt_BR","og_type":"article","og_title":"Servi\u00e7o Social - Coordena\u00e7\u00e3o de Aten\u00e7\u00e3o \u00e0 Sa\u00fade e Seguran\u00e7a do Trabalho","og_description":"O trabalho da Assistente Social na Sa\u00fade do Trabalhador da UFRRJ atravessa as frentes da Per\u00edcia Oficial em Sa\u00fade, Promo\u00e7\u00e3o, ... leia mais","og_url":"https:\/\/institucional.ufrrj.br\/casst\/servico-social\/","og_site_name":"Coordena\u00e7\u00e3o de Aten\u00e7\u00e3o \u00e0 Sa\u00fade e Seguran\u00e7a do Trabalho","article_modified_time":"2025-02-11T13:06:41+00:00","twitter_card":"summary_large_image","twitter_misc":{"Est. tempo de leitura":"2 minutos"},"schema":{"@context":"https:\/\/schema.org","@graph":[{"@type":"WebPage","@id":"https:\/\/institucional.ufrrj.br\/casst\/servico-social\/","url":"https:\/\/institucional.ufrrj.br\/casst\/servico-social\/","name":"Servi\u00e7o Social - Coordena\u00e7\u00e3o de Aten\u00e7\u00e3o \u00e0 Sa\u00fade e Seguran\u00e7a do Trabalho","isPartOf":{"@id":"https:\/\/institucional.ufrrj.br\/casst\/#website"},"datePublished":"2025-02-11T13:05:23+00:00","dateModified":"2025-02-11T13:06:41+00:00","breadcrumb":{"@id":"https:\/\/institucional.ufrrj.br\/casst\/servico-social\/#breadcrumb"},"inLanguage":"pt-BR","potentialAction":[{"@type":"ReadAction","target":["https:\/\/institucional.ufrrj.br\/casst\/servico-social\/"]}]},{"@type":"BreadcrumbList","@id":"https:\/\/institucional.ufrrj.br\/casst\/servico-social\/#breadcrumb","itemListElement":[{"@type":"ListItem","position":1,"name":"In\u00edcio","item":"https:\/\/institucional.ufrrj.br\/casst\/"},{"@type":"ListItem","position":2,"name":"Servi\u00e7o Social"}]},{"@type":"WebSite","@id":"https:\/\/institucional.ufrrj.br\/casst\/#website","url":"https:\/\/institucional.ufrrj.br\/casst\/","name":"Coordena\u00e7\u00e3o de Aten\u00e7\u00e3o \u00e0 Sa\u00fade e Seguran\u00e7a do Trabalho","description":"Coordena\u00e7\u00e3o de Aten\u00e7\u00e3o \u00e0 Sa\u00fade e Seguran\u00e7a do Trabalho","potentialAction":[{"@type":"SearchAction","target":{"@type":"EntryPoint","urlTemplate":"https:\/\/institucional.ufrrj.br\/casst\/?s={search_term_string}"},"query-input":{"@type":"PropertyValueSpecification","valueRequired":true,"valueName":"search_term_string"}}],"inLanguage":"pt-BR"}]}},"acf":[],"_links":{"self":[{"href":"https:\/\/institucional.ufrrj.br\/casst\/wp-json\/wp\/v2\/pages\/2543","targetHints":{"allow":["GET"]}}],"collection":[{"href":"https:\/\/institucional.ufrrj.br\/casst\/wp-json\/wp\/v2\/pages"}],"about":[{"href":"https:\/\/institucional.ufrrj.br\/casst\/wp-json\/wp\/v2\/types\/page"}],"author":[{"embeddable":true,"href":"https:\/\/institucional.ufrrj.br\/casst\/wp-json\/wp\/v2\/users\/706"}],"replies":[{"embeddable":true,"href":"https:\/\/institucional.ufrrj.br\/casst\/wp-json\/wp\/v2\/comments?post=2543"}],"version-history":[{"count":2,"href":"https:\/\/institucional.ufrrj.br\/casst\/wp-json\/wp\/v2\/pages\/2543\/revisions"}],"predecessor-version":[{"id":2545,"href":"https:\/\/institucional.ufrrj.br\/casst\/wp-json\/wp\/v2\/pages\/2543\/revisions\/2545"}],"wp:attachment":[{"href":"https:\/\/institucional.ufrrj.br\/casst\/wp-json\/wp\/v2\/media?parent=2543"}],"curies":[{"name":"wp","href":"https:\/\/api.w.org\/{rel}","templated":true}]}}