{"id":2541,"date":"2025-02-19T12:48:02","date_gmt":"2025-02-19T15:48:02","guid":{"rendered":"https:\/\/institucional.ufrrj.br\/casst\/?page_id=2541"},"modified":"2025-02-19T12:48:02","modified_gmt":"2025-02-19T15:48:02","slug":"exames-admissionais","status":"publish","type":"page","link":"https:\/\/institucional.ufrrj.br\/casst\/exames-admissionais\/","title":{"rendered":"Exames Admissionais"},"content":{"rendered":"<p>S\u00f3 poder\u00e1 ser empossado em cargo p\u00fablico aquele que for julgado apto f\u00edsica e mentalmente para o exerc\u00edcio do cargo. O exame m\u00e9dico avaliar\u00e1 a capacidade f\u00edsica e mental do candidato para exercer as atividades do cargo p\u00fablico que ir\u00e1 ocupar, bem como os exames indicados no edital do concurso.<\/p>\n<p>A avalia\u00e7\u00e3o m\u00e9dica considerar\u00e1 tamb\u00e9m os riscos inerentes \u00e0s respectivas atribui\u00e7\u00f5es e o progn\u00f3stico de enfermidades apresentadas pelo candidato. Os crit\u00e9rios devem ser estabelecidos levando-se em considera\u00e7\u00e3o as atividades da fun\u00e7\u00e3o que o candidato pretende exercer, os riscos inerentes ao ambiente de trabalho e os crit\u00e9rios epidemiol\u00f3gicos, que podem apontar doen\u00e7as respons\u00e1veis por licen\u00e7as prolongadas, readapta\u00e7\u00f5es e aposentadoria precoce por invalidez.<\/p>\n<p>Podem ser ouvidos peritos e especialistas em diversas \u00e1reas e consultados documentos t\u00e9cnicos atuais para melhor embasar a avalia\u00e7\u00e3o da capacidade laboral. O exame de investidura integra as a\u00e7\u00f5es de promo\u00e7\u00e3o \u00e0 sa\u00fade. Este \u00e9 o primeiro contato do candidato com o Servi\u00e7o de Aten\u00e7\u00e3o \u00e0 Sa\u00fade do \u00d3rg\u00e3o, sendo uma a\u00e7\u00e3o integrada com as atividades de promo\u00e7\u00e3o em sa\u00fade, no sentido de<br \/>\nacompanhar o futuro servidor, prevenindo os riscos de sua atividade laboral.<\/p>\n<p>A pr\u00e9via inspe\u00e7\u00e3o odontol\u00f3gica para a posse em cargo p\u00fablico integrar\u00e1 os exames de sa\u00fade para a investidura dos candidatos nomeados quando as atribui\u00e7\u00f5es inerentes ao cargo a ser ocupado exigirem determinadas condi\u00e7\u00f5es de sa\u00fade bucal que estejam em conformidade com padr\u00f5es t\u00e9cnicos previamente estabelecidos em Edital.<\/p>\n<p><a href=\"https:\/\/institucional.ufrrj.br\/casst\/files\/2025\/02\/Exames-solicitados-para-ASO.pdf\" target=\"\u201d_blank\u201d\">Exames solicitados para concursos com edital publicados at\u00e9 Agosto\/2024<\/a>.<\/p>\n<p><a href=\"https:\/\/institucional.ufrrj.br\/casst\/files\/2025\/02\/EXAME-ADMISSIONAL-UFRRJ-set-2024.pdf\" target=\"\u201d_blank\u201d\">Exames solicitados para concursos com edital publicados a partir de Setembro\/2024.<\/a><\/p>\n<p>&nbsp;<\/p>\n","protected":false},"excerpt":{"rendered":"<p>S\u00f3 poder\u00e1 ser empossado em cargo p\u00fablico aquele que for julgado apto f\u00edsica e mentalmente para o exerc\u00edcio do cargo. <a class=\"read-more\" href=\"https:\/\/institucional.ufrrj.br\/casst\/exames-admissionais\/ \" >&#8230; <span class=\"font-italic\">leia mais <i class=\"fas fa-angle-right\"><\/i><\/span><\/a><\/p>\n","protected":false},"author":706,"featured_media":0,"parent":0,"menu_order":0,"comment_status":"closed","ping_status":"closed","template":"","meta":{"_acf_changed":false,"_exactmetrics_skip_tracking":false,"_exactmetrics_sitenote_active":false,"_exactmetrics_sitenote_note":"","_exactmetrics_sitenote_category":0,"footnotes":""},"class_list":["post-2541","page","type-page","status-publish","hentry"],"yoast_head":"<!-- This site is optimized with the Yoast SEO plugin v27.2 - https:\/\/yoast.com\/product\/yoast-seo-wordpress\/ -->\n<title>Exames Admissionais - Coordena\u00e7\u00e3o de Aten\u00e7\u00e3o \u00e0 Sa\u00fade e Seguran\u00e7a do Trabalho<\/title>\n<meta name=\"robots\" content=\"index, follow, max-snippet:-1, max-image-preview:large, max-video-preview:-1\" \/>\n<link rel=\"canonical\" href=\"https:\/\/institucional.ufrrj.br\/casst\/exames-admissionais\/\" \/>\n<meta property=\"og:locale\" content=\"pt_BR\" \/>\n<meta property=\"og:type\" content=\"article\" \/>\n<meta property=\"og:title\" content=\"Exames Admissionais - Coordena\u00e7\u00e3o de Aten\u00e7\u00e3o \u00e0 Sa\u00fade e Seguran\u00e7a do Trabalho\" \/>\n<meta property=\"og:description\" content=\"S\u00f3 poder\u00e1 ser empossado em cargo p\u00fablico aquele que for julgado apto f\u00edsica e mentalmente para o exerc\u00edcio do cargo. ... leia mais\" \/>\n<meta property=\"og:url\" content=\"https:\/\/institucional.ufrrj.br\/casst\/exames-admissionais\/\" \/>\n<meta property=\"og:site_name\" content=\"Coordena\u00e7\u00e3o de Aten\u00e7\u00e3o \u00e0 Sa\u00fade e Seguran\u00e7a do Trabalho\" \/>\n<meta name=\"twitter:card\" content=\"summary_large_image\" \/>\n<meta name=\"twitter:label1\" content=\"Est. tempo de leitura\" \/>\n\t<meta name=\"twitter:data1\" content=\"1 minuto\" \/>\n<script type=\"application\/ld+json\" class=\"yoast-schema-graph\">{\"@context\":\"https:\/\/schema.org\",\"@graph\":[{\"@type\":\"WebPage\",\"@id\":\"https:\/\/institucional.ufrrj.br\/casst\/exames-admissionais\/\",\"url\":\"https:\/\/institucional.ufrrj.br\/casst\/exames-admissionais\/\",\"name\":\"Exames Admissionais - Coordena\u00e7\u00e3o de Aten\u00e7\u00e3o \u00e0 Sa\u00fade e Seguran\u00e7a do Trabalho\",\"isPartOf\":{\"@id\":\"https:\/\/institucional.ufrrj.br\/casst\/#website\"},\"datePublished\":\"2025-02-19T15:48:02+00:00\",\"breadcrumb\":{\"@id\":\"https:\/\/institucional.ufrrj.br\/casst\/exames-admissionais\/#breadcrumb\"},\"inLanguage\":\"pt-BR\",\"potentialAction\":[{\"@type\":\"ReadAction\",\"target\":[\"https:\/\/institucional.ufrrj.br\/casst\/exames-admissionais\/\"]}]},{\"@type\":\"BreadcrumbList\",\"@id\":\"https:\/\/institucional.ufrrj.br\/casst\/exames-admissionais\/#breadcrumb\",\"itemListElement\":[{\"@type\":\"ListItem\",\"position\":1,\"name\":\"In\u00edcio\",\"item\":\"https:\/\/institucional.ufrrj.br\/casst\/\"},{\"@type\":\"ListItem\",\"position\":2,\"name\":\"Exames Admissionais\"}]},{\"@type\":\"WebSite\",\"@id\":\"https:\/\/institucional.ufrrj.br\/casst\/#website\",\"url\":\"https:\/\/institucional.ufrrj.br\/casst\/\",\"name\":\"Coordena\u00e7\u00e3o de Aten\u00e7\u00e3o \u00e0 Sa\u00fade e Seguran\u00e7a do Trabalho\",\"description\":\"Coordena\u00e7\u00e3o de Aten\u00e7\u00e3o \u00e0 Sa\u00fade e Seguran\u00e7a do Trabalho\",\"potentialAction\":[{\"@type\":\"SearchAction\",\"target\":{\"@type\":\"EntryPoint\",\"urlTemplate\":\"https:\/\/institucional.ufrrj.br\/casst\/?s={search_term_string}\"},\"query-input\":{\"@type\":\"PropertyValueSpecification\",\"valueRequired\":true,\"valueName\":\"search_term_string\"}}],\"inLanguage\":\"pt-BR\"}]}<\/script>\n<!-- \/ Yoast SEO plugin. -->","yoast_head_json":{"title":"Exames Admissionais - Coordena\u00e7\u00e3o de Aten\u00e7\u00e3o \u00e0 Sa\u00fade e Seguran\u00e7a do Trabalho","robots":{"index":"index","follow":"follow","max-snippet":"max-snippet:-1","max-image-preview":"max-image-preview:large","max-video-preview":"max-video-preview:-1"},"canonical":"https:\/\/institucional.ufrrj.br\/casst\/exames-admissionais\/","og_locale":"pt_BR","og_type":"article","og_title":"Exames Admissionais - Coordena\u00e7\u00e3o de Aten\u00e7\u00e3o \u00e0 Sa\u00fade e Seguran\u00e7a do Trabalho","og_description":"S\u00f3 poder\u00e1 ser empossado em cargo p\u00fablico aquele que for julgado apto f\u00edsica e mentalmente para o exerc\u00edcio do cargo. ... leia mais","og_url":"https:\/\/institucional.ufrrj.br\/casst\/exames-admissionais\/","og_site_name":"Coordena\u00e7\u00e3o de Aten\u00e7\u00e3o \u00e0 Sa\u00fade e Seguran\u00e7a do Trabalho","twitter_card":"summary_large_image","twitter_misc":{"Est. tempo de leitura":"1 minuto"},"schema":{"@context":"https:\/\/schema.org","@graph":[{"@type":"WebPage","@id":"https:\/\/institucional.ufrrj.br\/casst\/exames-admissionais\/","url":"https:\/\/institucional.ufrrj.br\/casst\/exames-admissionais\/","name":"Exames Admissionais - Coordena\u00e7\u00e3o de Aten\u00e7\u00e3o \u00e0 Sa\u00fade e Seguran\u00e7a do Trabalho","isPartOf":{"@id":"https:\/\/institucional.ufrrj.br\/casst\/#website"},"datePublished":"2025-02-19T15:48:02+00:00","breadcrumb":{"@id":"https:\/\/institucional.ufrrj.br\/casst\/exames-admissionais\/#breadcrumb"},"inLanguage":"pt-BR","potentialAction":[{"@type":"ReadAction","target":["https:\/\/institucional.ufrrj.br\/casst\/exames-admissionais\/"]}]},{"@type":"BreadcrumbList","@id":"https:\/\/institucional.ufrrj.br\/casst\/exames-admissionais\/#breadcrumb","itemListElement":[{"@type":"ListItem","position":1,"name":"In\u00edcio","item":"https:\/\/institucional.ufrrj.br\/casst\/"},{"@type":"ListItem","position":2,"name":"Exames Admissionais"}]},{"@type":"WebSite","@id":"https:\/\/institucional.ufrrj.br\/casst\/#website","url":"https:\/\/institucional.ufrrj.br\/casst\/","name":"Coordena\u00e7\u00e3o de Aten\u00e7\u00e3o \u00e0 Sa\u00fade e Seguran\u00e7a do Trabalho","description":"Coordena\u00e7\u00e3o de Aten\u00e7\u00e3o \u00e0 Sa\u00fade e Seguran\u00e7a do Trabalho","potentialAction":[{"@type":"SearchAction","target":{"@type":"EntryPoint","urlTemplate":"https:\/\/institucional.ufrrj.br\/casst\/?s={search_term_string}"},"query-input":{"@type":"PropertyValueSpecification","valueRequired":true,"valueName":"search_term_string"}}],"inLanguage":"pt-BR"}]}},"acf":[],"_links":{"self":[{"href":"https:\/\/institucional.ufrrj.br\/casst\/wp-json\/wp\/v2\/pages\/2541","targetHints":{"allow":["GET"]}}],"collection":[{"href":"https:\/\/institucional.ufrrj.br\/casst\/wp-json\/wp\/v2\/pages"}],"about":[{"href":"https:\/\/institucional.ufrrj.br\/casst\/wp-json\/wp\/v2\/types\/page"}],"author":[{"embeddable":true,"href":"https:\/\/institucional.ufrrj.br\/casst\/wp-json\/wp\/v2\/users\/706"}],"replies":[{"embeddable":true,"href":"https:\/\/institucional.ufrrj.br\/casst\/wp-json\/wp\/v2\/comments?post=2541"}],"version-history":[{"count":6,"href":"https:\/\/institucional.ufrrj.br\/casst\/wp-json\/wp\/v2\/pages\/2541\/revisions"}],"predecessor-version":[{"id":2569,"href":"https:\/\/institucional.ufrrj.br\/casst\/wp-json\/wp\/v2\/pages\/2541\/revisions\/2569"}],"wp:attachment":[{"href":"https:\/\/institucional.ufrrj.br\/casst\/wp-json\/wp\/v2\/media?parent=2541"}],"curies":[{"name":"wp","href":"https:\/\/api.w.org\/{rel}","templated":true}]}}