{"id":2532,"date":"2025-02-07T11:17:26","date_gmt":"2025-02-07T14:17:26","guid":{"rendered":"https:\/\/institucional.ufrrj.br\/casst\/?page_id=2532"},"modified":"2025-02-18T11:13:21","modified_gmt":"2025-02-18T14:13:21","slug":"atestados-medicos-sougov","status":"publish","type":"page","link":"https:\/\/institucional.ufrrj.br\/casst\/atestados-medicos-sougov\/","title":{"rendered":"Atestados M\u00e9dicos &#8211; SouGOV"},"content":{"rendered":"<p><img loading=\"lazy\" decoding=\"async\" class=\"alignleft size-full wp-image-2333\" src=\"https:\/\/institucional.ufrrj.br\/casst\/files\/2022\/08\/072159.png\" alt=\"\" width=\"300\" height=\"300\" srcset=\"https:\/\/institucional.ufrrj.br\/casst\/files\/2022\/08\/072159.png 300w, https:\/\/institucional.ufrrj.br\/casst\/files\/2022\/08\/072159-150x150.png 150w, https:\/\/institucional.ufrrj.br\/casst\/files\/2022\/08\/072159-75x75.png 75w, https:\/\/institucional.ufrrj.br\/casst\/files\/2022\/08\/072159-100x100.png 100w\" sizes=\"auto, (max-width: 300px) 100vw, 300px\" \/>O Atestado Web \u00e9 uma nova funcionalidade da plataforma SouGov, que permite ao servidor p\u00fablico federal o encaminhamento de seus atestados de sa\u00fade para a Unidade SIASS de seu \u00f3rg\u00e3o, no caso da UFRRJ, a Coordena\u00e7\u00e3o de Aten\u00e7\u00e3o \u00e0 Sa\u00fade e Seguran\u00e7a do Trabalho (CASST). Desta forma, desde o dia 22\/08\/2022, a entrega de atestados m\u00e9dicos ou odontol\u00f3gicos passou a ser realizada de forma digital, por meio da plataforma SouGov.<\/p>\n<p><strong>A CASST preparou um Manual de Utiliza\u00e7\u00e3o da Plataforma a fim de facilitar o envio dos atestados. Para acess\u00e1-lo, basta <a href=\"https:\/\/institucional.ufrrj.br\/casst\/files\/2025\/02\/Manual-Atestado-SouGOV-CASST.pdf\" target=\"\u201d_blank\u201d\">clicar aqui<\/a>.<\/strong><\/p>\n<p>Buscando resolver outras d\u00favidas que possam surgir, a CASST criou essa se\u00e7\u00e3o de Perguntas e Respostas. Caso sua d\u00favida n\u00e3o esteja contemplada abaixo, favor entrar em contato com nosso setor atrav\u00e9s do e-mail casst-progep@ufrrj.br ou pelo telefone 2682-1030.<\/p>\n<p>&nbsp;<\/p>\n<p><strong>1. Todos os servidores poder\u00e3o enviar atestado de sa\u00fade pelo aplicativo SouGov.br?<\/strong><\/p>\n<p>Sim. O aplicativo SouGov.br veio para facilitar, agilizar e simplificar os procedimentos. Para enviar o seu atestado, basta instalar o aplicativo SouGov.br em seu celular, ou acess\u00e1-lo pelo navegador de seu computador.<\/p>\n<p><strong>2. Quem pode enviar o atestado de sa\u00fade?<\/strong><\/p>\n<p>Como o acesso ao aplicativo SouGov.br \u00e9 pessoal, apenas o pr\u00f3prio servidor poder\u00e1 enviar o atestado de licen\u00e7a para tratamento da pr\u00f3pria sa\u00fade ou de licen\u00e7a para acompanhamento de seu familiar.<\/p>\n<p><strong>3. Posso enviar atestado emitido por qual profissional?<\/strong><\/p>\n<p>Apenas os atestados emitidos por m\u00e9dico ou cirurgi\u00e3o-dentista dever\u00e3o ser enviados pelo Aplicativo SouGov.br.<\/p>\n<p><strong>4. Qual o prazo para enviar o atestado?<\/strong><\/p>\n<p>O prazo para enviar o atestado \u00e9 de 5 (cinco) dias corridos a contar da data do in\u00edcio do afastamento, conforme previsto no Decreto n\u00ba 7.003\/2009.<\/p>\n<p><strong>5.\u00a0O que deve ser feito em caso de impossibilidade de envio do atestado de sa\u00fade, no prazo de 5 dias, pelo pr\u00f3prio servidor, em raz\u00e3o de agravamento de seu estado de sa\u00fade?<\/strong><\/p>\n<p>Nesse caso, o familiar dever\u00e1 avisar, de imediato, \u00e0 Unidade de Gest\u00e3o de Pessoas do \u00f3rg\u00e3o do servidor para acionamento da Unidade SIASS de refer\u00eancia, que definir\u00e1 se ser\u00e1 feito o agendamento da per\u00edcia externa, hospitalar ou domiciliar (quando da alta do periciando), ou se agendar\u00e1 a per\u00edcia na Unidade SIASS.<\/p>\n<p><strong>6. N\u00e3o estou conseguindo achar as informa\u00e7\u00f5es do meu m\u00e9dico no AtestadoWeb. O que fa\u00e7o?<\/strong><\/p>\n<p>Caso seu m\u00e9dico possua o CRM do Estado do Rio de Janeiro, tente cadastr\u00e1-lo tirando os dois primeiros d\u00edgitos do n\u00famero, geralmente &#8220;52&#8221;. Caso ainda n\u00e3o consiga, entre em contato com a CASST.<\/p>\n<p><strong>7. Como fico sabendo se foi agendada uma per\u00edcia?<\/strong><\/p>\n<p>A per\u00edcia poder\u00e1 ser agendada, ap\u00f3s o envio do seu atestado de sa\u00fade pelo aplicativo SouGov.br. Uma mensagem aparecer\u00e1 indicando o envio de e-mail com a informa\u00e7\u00e3o do agendamento da per\u00edcia. Al\u00e9m disso, a CASST tamb\u00e9m enviar\u00e1 um e-mail, para o endere\u00e7o cadastrado em seu sistema funcional, informando sobre o agendamento da per\u00edcia.<\/p>\n<p>Em Consultar, voc\u00ea poder\u00e1 visualizar e at\u00e9 imprimir o Protocolo do Agendamento da Per\u00edcia, com informa\u00e7\u00e3o do local, dia e hor\u00e1rio da avalia\u00e7\u00e3o pericial. Al\u00e9m disso, um dia antes da avalia\u00e7\u00e3o pericial, o servidor tamb\u00e9m receber\u00e1 um e-mail e uma mensagem no Aplicativo lembrando-o da per\u00edcia agendada.<\/p>\n","protected":false},"excerpt":{"rendered":"<p>O Atestado Web \u00e9 uma nova funcionalidade da plataforma SouGov, que permite ao servidor p\u00fablico federal o encaminhamento de seus <a class=\"read-more\" href=\"https:\/\/institucional.ufrrj.br\/casst\/atestados-medicos-sougov\/ \" >&#8230; <span class=\"font-italic\">leia mais <i class=\"fas fa-angle-right\"><\/i><\/span><\/a><\/p>\n","protected":false},"author":706,"featured_media":0,"parent":0,"menu_order":0,"comment_status":"closed","ping_status":"closed","template":"","meta":{"_acf_changed":false,"_exactmetrics_skip_tracking":false,"_exactmetrics_sitenote_active":false,"_exactmetrics_sitenote_note":"","_exactmetrics_sitenote_category":0,"footnotes":""},"class_list":["post-2532","page","type-page","status-publish","hentry"],"yoast_head":"<!-- This site is optimized with the Yoast SEO plugin v27.2 - https:\/\/yoast.com\/product\/yoast-seo-wordpress\/ -->\n<title>Atestados M\u00e9dicos - SouGOV - Coordena\u00e7\u00e3o de Aten\u00e7\u00e3o \u00e0 Sa\u00fade e Seguran\u00e7a do Trabalho<\/title>\n<meta name=\"robots\" content=\"index, follow, max-snippet:-1, max-image-preview:large, max-video-preview:-1\" \/>\n<link rel=\"canonical\" href=\"https:\/\/institucional.ufrrj.br\/casst\/atestados-medicos-sougov\/\" \/>\n<meta property=\"og:locale\" content=\"pt_BR\" \/>\n<meta property=\"og:type\" content=\"article\" \/>\n<meta property=\"og:title\" content=\"Atestados M\u00e9dicos - SouGOV - Coordena\u00e7\u00e3o de Aten\u00e7\u00e3o \u00e0 Sa\u00fade e Seguran\u00e7a do Trabalho\" \/>\n<meta property=\"og:description\" content=\"O Atestado Web \u00e9 uma nova funcionalidade da plataforma SouGov, que permite ao servidor p\u00fablico federal o encaminhamento de seus ... leia mais\" \/>\n<meta property=\"og:url\" content=\"https:\/\/institucional.ufrrj.br\/casst\/atestados-medicos-sougov\/\" \/>\n<meta property=\"og:site_name\" content=\"Coordena\u00e7\u00e3o de Aten\u00e7\u00e3o \u00e0 Sa\u00fade e Seguran\u00e7a do Trabalho\" \/>\n<meta property=\"article:modified_time\" content=\"2025-02-18T14:13:21+00:00\" \/>\n<meta property=\"og:image\" content=\"https:\/\/institucional.ufrrj.br\/casst\/files\/2022\/08\/072159.png\" \/>\n\t<meta property=\"og:image:width\" content=\"300\" \/>\n\t<meta property=\"og:image:height\" content=\"300\" \/>\n\t<meta property=\"og:image:type\" content=\"image\/png\" \/>\n<meta name=\"twitter:card\" content=\"summary_large_image\" \/>\n<meta name=\"twitter:label1\" content=\"Est. tempo de leitura\" \/>\n\t<meta name=\"twitter:data1\" content=\"3 minutos\" \/>\n<script type=\"application\/ld+json\" class=\"yoast-schema-graph\">{\"@context\":\"https:\/\/schema.org\",\"@graph\":[{\"@type\":\"WebPage\",\"@id\":\"https:\/\/institucional.ufrrj.br\/casst\/atestados-medicos-sougov\/\",\"url\":\"https:\/\/institucional.ufrrj.br\/casst\/atestados-medicos-sougov\/\",\"name\":\"Atestados M\u00e9dicos - SouGOV - Coordena\u00e7\u00e3o de Aten\u00e7\u00e3o \u00e0 Sa\u00fade e Seguran\u00e7a do Trabalho\",\"isPartOf\":{\"@id\":\"https:\/\/institucional.ufrrj.br\/casst\/#website\"},\"primaryImageOfPage\":{\"@id\":\"https:\/\/institucional.ufrrj.br\/casst\/atestados-medicos-sougov\/#primaryimage\"},\"image\":{\"@id\":\"https:\/\/institucional.ufrrj.br\/casst\/atestados-medicos-sougov\/#primaryimage\"},\"thumbnailUrl\":\"https:\/\/institucional.ufrrj.br\/casst\/files\/2022\/08\/072159.png\",\"datePublished\":\"2025-02-07T14:17:26+00:00\",\"dateModified\":\"2025-02-18T14:13:21+00:00\",\"breadcrumb\":{\"@id\":\"https:\/\/institucional.ufrrj.br\/casst\/atestados-medicos-sougov\/#breadcrumb\"},\"inLanguage\":\"pt-BR\",\"potentialAction\":[{\"@type\":\"ReadAction\",\"target\":[\"https:\/\/institucional.ufrrj.br\/casst\/atestados-medicos-sougov\/\"]}]},{\"@type\":\"ImageObject\",\"inLanguage\":\"pt-BR\",\"@id\":\"https:\/\/institucional.ufrrj.br\/casst\/atestados-medicos-sougov\/#primaryimage\",\"url\":\"https:\/\/institucional.ufrrj.br\/casst\/files\/2022\/08\/072159.png\",\"contentUrl\":\"https:\/\/institucional.ufrrj.br\/casst\/files\/2022\/08\/072159.png\",\"width\":300,\"height\":300},{\"@type\":\"BreadcrumbList\",\"@id\":\"https:\/\/institucional.ufrrj.br\/casst\/atestados-medicos-sougov\/#breadcrumb\",\"itemListElement\":[{\"@type\":\"ListItem\",\"position\":1,\"name\":\"In\u00edcio\",\"item\":\"https:\/\/institucional.ufrrj.br\/casst\/\"},{\"@type\":\"ListItem\",\"position\":2,\"name\":\"Atestados M\u00e9dicos &#8211; SouGOV\"}]},{\"@type\":\"WebSite\",\"@id\":\"https:\/\/institucional.ufrrj.br\/casst\/#website\",\"url\":\"https:\/\/institucional.ufrrj.br\/casst\/\",\"name\":\"Coordena\u00e7\u00e3o de Aten\u00e7\u00e3o \u00e0 Sa\u00fade e Seguran\u00e7a do Trabalho\",\"description\":\"Coordena\u00e7\u00e3o de Aten\u00e7\u00e3o \u00e0 Sa\u00fade e Seguran\u00e7a do Trabalho\",\"potentialAction\":[{\"@type\":\"SearchAction\",\"target\":{\"@type\":\"EntryPoint\",\"urlTemplate\":\"https:\/\/institucional.ufrrj.br\/casst\/?s={search_term_string}\"},\"query-input\":{\"@type\":\"PropertyValueSpecification\",\"valueRequired\":true,\"valueName\":\"search_term_string\"}}],\"inLanguage\":\"pt-BR\"}]}<\/script>\n<!-- \/ Yoast SEO plugin. -->","yoast_head_json":{"title":"Atestados M\u00e9dicos - SouGOV - Coordena\u00e7\u00e3o de Aten\u00e7\u00e3o \u00e0 Sa\u00fade e Seguran\u00e7a do Trabalho","robots":{"index":"index","follow":"follow","max-snippet":"max-snippet:-1","max-image-preview":"max-image-preview:large","max-video-preview":"max-video-preview:-1"},"canonical":"https:\/\/institucional.ufrrj.br\/casst\/atestados-medicos-sougov\/","og_locale":"pt_BR","og_type":"article","og_title":"Atestados M\u00e9dicos - SouGOV - Coordena\u00e7\u00e3o de Aten\u00e7\u00e3o \u00e0 Sa\u00fade e Seguran\u00e7a do Trabalho","og_description":"O Atestado Web \u00e9 uma nova funcionalidade da plataforma SouGov, que permite ao servidor p\u00fablico federal o encaminhamento de seus ... leia mais","og_url":"https:\/\/institucional.ufrrj.br\/casst\/atestados-medicos-sougov\/","og_site_name":"Coordena\u00e7\u00e3o de Aten\u00e7\u00e3o \u00e0 Sa\u00fade e Seguran\u00e7a do Trabalho","article_modified_time":"2025-02-18T14:13:21+00:00","og_image":[{"width":300,"height":300,"url":"https:\/\/institucional.ufrrj.br\/casst\/files\/2022\/08\/072159.png","type":"image\/png"}],"twitter_card":"summary_large_image","twitter_misc":{"Est. tempo de leitura":"3 minutos"},"schema":{"@context":"https:\/\/schema.org","@graph":[{"@type":"WebPage","@id":"https:\/\/institucional.ufrrj.br\/casst\/atestados-medicos-sougov\/","url":"https:\/\/institucional.ufrrj.br\/casst\/atestados-medicos-sougov\/","name":"Atestados M\u00e9dicos - SouGOV - Coordena\u00e7\u00e3o de Aten\u00e7\u00e3o \u00e0 Sa\u00fade e Seguran\u00e7a do Trabalho","isPartOf":{"@id":"https:\/\/institucional.ufrrj.br\/casst\/#website"},"primaryImageOfPage":{"@id":"https:\/\/institucional.ufrrj.br\/casst\/atestados-medicos-sougov\/#primaryimage"},"image":{"@id":"https:\/\/institucional.ufrrj.br\/casst\/atestados-medicos-sougov\/#primaryimage"},"thumbnailUrl":"https:\/\/institucional.ufrrj.br\/casst\/files\/2022\/08\/072159.png","datePublished":"2025-02-07T14:17:26+00:00","dateModified":"2025-02-18T14:13:21+00:00","breadcrumb":{"@id":"https:\/\/institucional.ufrrj.br\/casst\/atestados-medicos-sougov\/#breadcrumb"},"inLanguage":"pt-BR","potentialAction":[{"@type":"ReadAction","target":["https:\/\/institucional.ufrrj.br\/casst\/atestados-medicos-sougov\/"]}]},{"@type":"ImageObject","inLanguage":"pt-BR","@id":"https:\/\/institucional.ufrrj.br\/casst\/atestados-medicos-sougov\/#primaryimage","url":"https:\/\/institucional.ufrrj.br\/casst\/files\/2022\/08\/072159.png","contentUrl":"https:\/\/institucional.ufrrj.br\/casst\/files\/2022\/08\/072159.png","width":300,"height":300},{"@type":"BreadcrumbList","@id":"https:\/\/institucional.ufrrj.br\/casst\/atestados-medicos-sougov\/#breadcrumb","itemListElement":[{"@type":"ListItem","position":1,"name":"In\u00edcio","item":"https:\/\/institucional.ufrrj.br\/casst\/"},{"@type":"ListItem","position":2,"name":"Atestados M\u00e9dicos &#8211; SouGOV"}]},{"@type":"WebSite","@id":"https:\/\/institucional.ufrrj.br\/casst\/#website","url":"https:\/\/institucional.ufrrj.br\/casst\/","name":"Coordena\u00e7\u00e3o de Aten\u00e7\u00e3o \u00e0 Sa\u00fade e Seguran\u00e7a do Trabalho","description":"Coordena\u00e7\u00e3o de Aten\u00e7\u00e3o \u00e0 Sa\u00fade e Seguran\u00e7a do Trabalho","potentialAction":[{"@type":"SearchAction","target":{"@type":"EntryPoint","urlTemplate":"https:\/\/institucional.ufrrj.br\/casst\/?s={search_term_string}"},"query-input":{"@type":"PropertyValueSpecification","valueRequired":true,"valueName":"search_term_string"}}],"inLanguage":"pt-BR"}]}},"acf":[],"_links":{"self":[{"href":"https:\/\/institucional.ufrrj.br\/casst\/wp-json\/wp\/v2\/pages\/2532","targetHints":{"allow":["GET"]}}],"collection":[{"href":"https:\/\/institucional.ufrrj.br\/casst\/wp-json\/wp\/v2\/pages"}],"about":[{"href":"https:\/\/institucional.ufrrj.br\/casst\/wp-json\/wp\/v2\/types\/page"}],"author":[{"embeddable":true,"href":"https:\/\/institucional.ufrrj.br\/casst\/wp-json\/wp\/v2\/users\/706"}],"replies":[{"embeddable":true,"href":"https:\/\/institucional.ufrrj.br\/casst\/wp-json\/wp\/v2\/comments?post=2532"}],"version-history":[{"count":6,"href":"https:\/\/institucional.ufrrj.br\/casst\/wp-json\/wp\/v2\/pages\/2532\/revisions"}],"predecessor-version":[{"id":2565,"href":"https:\/\/institucional.ufrrj.br\/casst\/wp-json\/wp\/v2\/pages\/2532\/revisions\/2565"}],"wp:attachment":[{"href":"https:\/\/institucional.ufrrj.br\/casst\/wp-json\/wp\/v2\/media?parent=2532"}],"curies":[{"name":"wp","href":"https:\/\/api.w.org\/{rel}","templated":true}]}}