{"id":2524,"date":"2025-02-07T10:35:54","date_gmt":"2025-02-07T13:35:54","guid":{"rendered":"https:\/\/institucional.ufrrj.br\/casst\/?page_id=2524"},"modified":"2025-02-07T10:35:54","modified_gmt":"2025-02-07T13:35:54","slug":"inspecao-de-seguranca-e-tratativa-de-nao-conformidade","status":"publish","type":"page","link":"https:\/\/institucional.ufrrj.br\/casst\/inspecao-de-seguranca-e-tratativa-de-nao-conformidade\/","title":{"rendered":"Inspe\u00e7\u00e3o de Seguran\u00e7a e Tratativa de N\u00e3o Conformidade"},"content":{"rendered":"<p>A inspe\u00e7\u00e3o de seguran\u00e7a \u00e9 um processo que visa verificar se os equipamentos, instala\u00e7\u00f5es, procedimentos e normas est\u00e3o em conformidade com os requisitos sa\u00fade e seguran\u00e7a do trabalho. A tratativa de n\u00e3o conformidade \u00e9 o conjunto de a\u00e7\u00f5es que devem ser tomadas quando se identifica uma falha ou desvio em rela\u00e7\u00e3o ao padr\u00e3o esperado. O objetivo \u00e9 corrigir o problema, evitar sua recorr\u00eancia e minimizar seus impactos.<\/p>\n<p>Por isso, a Coordena\u00e7\u00e3o de Aten\u00e7\u00e3o \u00e0 Sa\u00fade e Seguran\u00e7a do Trabalhador \u2013 CASST implementou processos para realiza\u00e7\u00e3o de inspe\u00e7\u00e3o de seguran\u00e7a e tratativa de n\u00e3o conformidade nas atividades e ambientes de trabalho da UFRRJ. Como seguran\u00e7a do trabalho \u00e9 uma responsabilidade de todos os servidores, esse processo poder\u00e1 ser realizado pelo Pr\u00f3prio Servidor ou pela pela Coordena\u00e7\u00e3o de Aten\u00e7\u00e3o \u00e0 Sa\u00fade e Seguran\u00e7a do Trabalhador \u2013 CASST. Para solicitar uma inspe\u00e7\u00e3o, basta\u00a0<a href=\"https:\/\/institucional.ufrrj.br\/casst\/inspecao-de-seguranca-e-tratativa-de-nao-conformidade\/#\">clicar aqui<\/a>.<\/p>\n<p>Para realizar uma inspe\u00e7\u00e3o de seguran\u00e7a e tratativa de n\u00e3o conformidade, \u00e9 necess\u00e1rio seguir alguns passos:<\/p>\n<p>\u2013 Realizar visita a Campo;<br \/>\n\u2013 Realizar coleta de evid\u00eancias, observando as condi\u00e7\u00f5es e registrando as n\u00e3o conformidades encontradas;<br \/>\n\u2013 Elaborar de relat\u00f3rio de n\u00e3o conformidade, descrevendo o problema, a causa, a gravidade e as recomenda\u00e7\u00f5es para solucion\u00e1-lo;<br \/>\n\u2013 Implementar um plano de a\u00e7\u00e3o corretiva, estabelecendo as medidas, os prazos, os recursos e os respons\u00e1veis pela execu\u00e7\u00e3o;<br \/>\n\u2013 Acompanhar e verificar a efic\u00e1cia das a\u00e7\u00f5es corretivas, avaliando se o problema foi resolvido e se h\u00e1 necessidade de novas interven\u00e7\u00f5es.<\/p>\n<p>A inspe\u00e7\u00e3o de seguran\u00e7a e tratativa de n\u00e3o conformidade \u00e9 uma ferramenta importante para garantira sa\u00fade e seguran\u00e7a dos trabalhadores, bem como a melhoria cont\u00ednua dos processos.<\/p>\n","protected":false},"excerpt":{"rendered":"<p>A inspe\u00e7\u00e3o de seguran\u00e7a \u00e9 um processo que visa verificar se os equipamentos, instala\u00e7\u00f5es, procedimentos e normas est\u00e3o em conformidade <a class=\"read-more\" href=\"https:\/\/institucional.ufrrj.br\/casst\/inspecao-de-seguranca-e-tratativa-de-nao-conformidade\/ \" >&#8230; <span class=\"font-italic\">leia mais <i class=\"fas fa-angle-right\"><\/i><\/span><\/a><\/p>\n","protected":false},"author":706,"featured_media":0,"parent":0,"menu_order":0,"comment_status":"closed","ping_status":"closed","template":"","meta":{"_acf_changed":false,"_exactmetrics_skip_tracking":false,"_exactmetrics_sitenote_active":false,"_exactmetrics_sitenote_note":"","_exactmetrics_sitenote_category":0,"footnotes":""},"class_list":["post-2524","page","type-page","status-publish","hentry"],"yoast_head":"<!-- This site is optimized with the Yoast SEO plugin v27.2 - https:\/\/yoast.com\/product\/yoast-seo-wordpress\/ -->\n<title>Inspe\u00e7\u00e3o de Seguran\u00e7a e Tratativa de N\u00e3o Conformidade - Coordena\u00e7\u00e3o de Aten\u00e7\u00e3o \u00e0 Sa\u00fade e Seguran\u00e7a do Trabalho<\/title>\n<meta name=\"robots\" content=\"index, follow, max-snippet:-1, max-image-preview:large, max-video-preview:-1\" \/>\n<link rel=\"canonical\" href=\"https:\/\/institucional.ufrrj.br\/casst\/inspecao-de-seguranca-e-tratativa-de-nao-conformidade\/\" \/>\n<meta property=\"og:locale\" content=\"pt_BR\" \/>\n<meta property=\"og:type\" content=\"article\" \/>\n<meta property=\"og:title\" content=\"Inspe\u00e7\u00e3o de Seguran\u00e7a e Tratativa de N\u00e3o Conformidade - Coordena\u00e7\u00e3o de Aten\u00e7\u00e3o \u00e0 Sa\u00fade e Seguran\u00e7a do Trabalho\" \/>\n<meta property=\"og:description\" content=\"A inspe\u00e7\u00e3o de seguran\u00e7a \u00e9 um processo que visa verificar se os equipamentos, instala\u00e7\u00f5es, procedimentos e normas est\u00e3o em conformidade ... leia mais\" \/>\n<meta property=\"og:url\" content=\"https:\/\/institucional.ufrrj.br\/casst\/inspecao-de-seguranca-e-tratativa-de-nao-conformidade\/\" \/>\n<meta property=\"og:site_name\" content=\"Coordena\u00e7\u00e3o de Aten\u00e7\u00e3o \u00e0 Sa\u00fade e Seguran\u00e7a do Trabalho\" \/>\n<meta name=\"twitter:card\" content=\"summary_large_image\" \/>\n<meta name=\"twitter:label1\" content=\"Est. tempo de leitura\" \/>\n\t<meta name=\"twitter:data1\" content=\"1 minuto\" \/>\n<script type=\"application\/ld+json\" class=\"yoast-schema-graph\">{\"@context\":\"https:\/\/schema.org\",\"@graph\":[{\"@type\":\"WebPage\",\"@id\":\"https:\/\/institucional.ufrrj.br\/casst\/inspecao-de-seguranca-e-tratativa-de-nao-conformidade\/\",\"url\":\"https:\/\/institucional.ufrrj.br\/casst\/inspecao-de-seguranca-e-tratativa-de-nao-conformidade\/\",\"name\":\"Inspe\u00e7\u00e3o de Seguran\u00e7a e Tratativa de N\u00e3o Conformidade - Coordena\u00e7\u00e3o de Aten\u00e7\u00e3o \u00e0 Sa\u00fade e Seguran\u00e7a do Trabalho\",\"isPartOf\":{\"@id\":\"https:\/\/institucional.ufrrj.br\/casst\/#website\"},\"datePublished\":\"2025-02-07T13:35:54+00:00\",\"breadcrumb\":{\"@id\":\"https:\/\/institucional.ufrrj.br\/casst\/inspecao-de-seguranca-e-tratativa-de-nao-conformidade\/#breadcrumb\"},\"inLanguage\":\"pt-BR\",\"potentialAction\":[{\"@type\":\"ReadAction\",\"target\":[\"https:\/\/institucional.ufrrj.br\/casst\/inspecao-de-seguranca-e-tratativa-de-nao-conformidade\/\"]}]},{\"@type\":\"BreadcrumbList\",\"@id\":\"https:\/\/institucional.ufrrj.br\/casst\/inspecao-de-seguranca-e-tratativa-de-nao-conformidade\/#breadcrumb\",\"itemListElement\":[{\"@type\":\"ListItem\",\"position\":1,\"name\":\"In\u00edcio\",\"item\":\"https:\/\/institucional.ufrrj.br\/casst\/\"},{\"@type\":\"ListItem\",\"position\":2,\"name\":\"Inspe\u00e7\u00e3o de Seguran\u00e7a e Tratativa de N\u00e3o Conformidade\"}]},{\"@type\":\"WebSite\",\"@id\":\"https:\/\/institucional.ufrrj.br\/casst\/#website\",\"url\":\"https:\/\/institucional.ufrrj.br\/casst\/\",\"name\":\"Coordena\u00e7\u00e3o de Aten\u00e7\u00e3o \u00e0 Sa\u00fade e Seguran\u00e7a do Trabalho\",\"description\":\"Coordena\u00e7\u00e3o de Aten\u00e7\u00e3o \u00e0 Sa\u00fade e Seguran\u00e7a do Trabalho\",\"potentialAction\":[{\"@type\":\"SearchAction\",\"target\":{\"@type\":\"EntryPoint\",\"urlTemplate\":\"https:\/\/institucional.ufrrj.br\/casst\/?s={search_term_string}\"},\"query-input\":{\"@type\":\"PropertyValueSpecification\",\"valueRequired\":true,\"valueName\":\"search_term_string\"}}],\"inLanguage\":\"pt-BR\"}]}<\/script>\n<!-- \/ Yoast SEO plugin. -->","yoast_head_json":{"title":"Inspe\u00e7\u00e3o de Seguran\u00e7a e Tratativa de N\u00e3o Conformidade - Coordena\u00e7\u00e3o de Aten\u00e7\u00e3o \u00e0 Sa\u00fade e Seguran\u00e7a do Trabalho","robots":{"index":"index","follow":"follow","max-snippet":"max-snippet:-1","max-image-preview":"max-image-preview:large","max-video-preview":"max-video-preview:-1"},"canonical":"https:\/\/institucional.ufrrj.br\/casst\/inspecao-de-seguranca-e-tratativa-de-nao-conformidade\/","og_locale":"pt_BR","og_type":"article","og_title":"Inspe\u00e7\u00e3o de Seguran\u00e7a e Tratativa de N\u00e3o Conformidade - Coordena\u00e7\u00e3o de Aten\u00e7\u00e3o \u00e0 Sa\u00fade e Seguran\u00e7a do Trabalho","og_description":"A inspe\u00e7\u00e3o de seguran\u00e7a \u00e9 um processo que visa verificar se os equipamentos, instala\u00e7\u00f5es, procedimentos e normas est\u00e3o em conformidade ... leia mais","og_url":"https:\/\/institucional.ufrrj.br\/casst\/inspecao-de-seguranca-e-tratativa-de-nao-conformidade\/","og_site_name":"Coordena\u00e7\u00e3o de Aten\u00e7\u00e3o \u00e0 Sa\u00fade e Seguran\u00e7a do Trabalho","twitter_card":"summary_large_image","twitter_misc":{"Est. tempo de leitura":"1 minuto"},"schema":{"@context":"https:\/\/schema.org","@graph":[{"@type":"WebPage","@id":"https:\/\/institucional.ufrrj.br\/casst\/inspecao-de-seguranca-e-tratativa-de-nao-conformidade\/","url":"https:\/\/institucional.ufrrj.br\/casst\/inspecao-de-seguranca-e-tratativa-de-nao-conformidade\/","name":"Inspe\u00e7\u00e3o de Seguran\u00e7a e Tratativa de N\u00e3o Conformidade - Coordena\u00e7\u00e3o de Aten\u00e7\u00e3o \u00e0 Sa\u00fade e Seguran\u00e7a do Trabalho","isPartOf":{"@id":"https:\/\/institucional.ufrrj.br\/casst\/#website"},"datePublished":"2025-02-07T13:35:54+00:00","breadcrumb":{"@id":"https:\/\/institucional.ufrrj.br\/casst\/inspecao-de-seguranca-e-tratativa-de-nao-conformidade\/#breadcrumb"},"inLanguage":"pt-BR","potentialAction":[{"@type":"ReadAction","target":["https:\/\/institucional.ufrrj.br\/casst\/inspecao-de-seguranca-e-tratativa-de-nao-conformidade\/"]}]},{"@type":"BreadcrumbList","@id":"https:\/\/institucional.ufrrj.br\/casst\/inspecao-de-seguranca-e-tratativa-de-nao-conformidade\/#breadcrumb","itemListElement":[{"@type":"ListItem","position":1,"name":"In\u00edcio","item":"https:\/\/institucional.ufrrj.br\/casst\/"},{"@type":"ListItem","position":2,"name":"Inspe\u00e7\u00e3o de Seguran\u00e7a e Tratativa de N\u00e3o Conformidade"}]},{"@type":"WebSite","@id":"https:\/\/institucional.ufrrj.br\/casst\/#website","url":"https:\/\/institucional.ufrrj.br\/casst\/","name":"Coordena\u00e7\u00e3o de Aten\u00e7\u00e3o \u00e0 Sa\u00fade e Seguran\u00e7a do Trabalho","description":"Coordena\u00e7\u00e3o de Aten\u00e7\u00e3o \u00e0 Sa\u00fade e Seguran\u00e7a do Trabalho","potentialAction":[{"@type":"SearchAction","target":{"@type":"EntryPoint","urlTemplate":"https:\/\/institucional.ufrrj.br\/casst\/?s={search_term_string}"},"query-input":{"@type":"PropertyValueSpecification","valueRequired":true,"valueName":"search_term_string"}}],"inLanguage":"pt-BR"}]}},"acf":[],"_links":{"self":[{"href":"https:\/\/institucional.ufrrj.br\/casst\/wp-json\/wp\/v2\/pages\/2524","targetHints":{"allow":["GET"]}}],"collection":[{"href":"https:\/\/institucional.ufrrj.br\/casst\/wp-json\/wp\/v2\/pages"}],"about":[{"href":"https:\/\/institucional.ufrrj.br\/casst\/wp-json\/wp\/v2\/types\/page"}],"author":[{"embeddable":true,"href":"https:\/\/institucional.ufrrj.br\/casst\/wp-json\/wp\/v2\/users\/706"}],"replies":[{"embeddable":true,"href":"https:\/\/institucional.ufrrj.br\/casst\/wp-json\/wp\/v2\/comments?post=2524"}],"version-history":[{"count":1,"href":"https:\/\/institucional.ufrrj.br\/casst\/wp-json\/wp\/v2\/pages\/2524\/revisions"}],"predecessor-version":[{"id":2525,"href":"https:\/\/institucional.ufrrj.br\/casst\/wp-json\/wp\/v2\/pages\/2524\/revisions\/2525"}],"wp:attachment":[{"href":"https:\/\/institucional.ufrrj.br\/casst\/wp-json\/wp\/v2\/media?parent=2524"}],"curies":[{"name":"wp","href":"https:\/\/api.w.org\/{rel}","templated":true}]}}