{"id":2521,"date":"2025-02-07T10:35:02","date_gmt":"2025-02-07T13:35:02","guid":{"rendered":"https:\/\/institucional.ufrrj.br\/casst\/?page_id=2521"},"modified":"2025-02-07T10:35:02","modified_gmt":"2025-02-07T13:35:02","slug":"gestao-de-terceiros","status":"publish","type":"page","link":"https:\/\/institucional.ufrrj.br\/casst\/gestao-de-terceiros\/","title":{"rendered":"Gest\u00e3o de Terceiros"},"content":{"rendered":"<p>A gest\u00e3o de terceiros \u00e9 uma pr\u00e1tica que envolve a contrata\u00e7\u00e3o e o gerenciamento de servi\u00e7os ou atividades realizadas por empresas ou profissionais externos \u00e0 organiza\u00e7\u00e3o. A gest\u00e3o de terceiros envolve v\u00e1rias etapas, como a sele\u00e7\u00e3o criteriosa de fornecedores ou prestadores de servi\u00e7os, a negocia\u00e7\u00e3o de contratos, o estabelecimento de acordos de n\u00edvel de servi\u00e7o (SLAs) e a supervis\u00e3o cont\u00ednua das atividades terceirizadas.<\/p>\n<p>\u00c9 essencial garantir que os terceiros cumpram os requisitos acordados, atendam aos padr\u00f5es de qualidade e sigam as normas legais e regulamenta\u00e7\u00f5es aplic\u00e1veis.A efetiva gest\u00e3o de terceiros pode trazer diversos benef\u00edcios para as organiza\u00e7\u00f5es, como a redu\u00e7\u00e3o de custos operacionais, o acesso a expertise especializada, a flexibilidade na aloca\u00e7\u00e3o de recursos e a capacidade de focar nas compet\u00eancias essenciais do neg\u00f3cio.<\/p>\n<p>Por isso, \u00e9 de fundamental import\u00e2ncia que a Coordena\u00e7\u00e3o de Aten\u00e7\u00e3o \u00e0 Sa\u00fade e Seguran\u00e7a do Trabalhador \u2013 CASST seja envolvida:<br \/>\n\u2013 No planejamento da licita\u00e7\u00e3o, estabelecendo requisitos relacionados \u00e0 Seguran\u00e7a e Sa\u00fade, necess\u00e1rios para a contrata\u00e7\u00e3o de empresas Prestadoras de Servi\u00e7o<br \/>\n\u2013 Ap\u00f3s a contrata\u00e7\u00e3o da empresa, na an\u00e1lise dos documentos e estabelecendo requisitos relacionados \u00e0 Seguran\u00e7a e Sa\u00fade, necess\u00e1rios para a contrata\u00e7\u00e3o de empresas Prestadoras de Servi\u00e7o<br \/>\n\u2013 Ap\u00f3s o in\u00edcio da presta\u00e7\u00e3o de servi\u00e7os, atrav\u00e9s da fiscaliza\u00e7\u00e3o de campo a fim de identificar e mitigar eventuais desvios que possam se tornar um potencial acidente de trabalho e\/ou condi\u00e7\u00f5es de risco grave e iminente.<\/p>\n<p>\u00c9 de responsabilidade da Prestadora de Servi\u00e7o cumprir todas as exig\u00eancias de SSMA necess\u00e1rias \u00e0 preserva\u00e7\u00e3o da integridade f\u00edsica e da sa\u00fade de seus empregados, de acordo com as NR\u2019s, aprovadas pela Portaria 3.214\/78, do MT, as legisla\u00e7\u00f5es previdenci\u00e1rias, as Normas da ABNT, as Legisla\u00e7\u00f5es Ambientais e os Regulamentos espec\u00edficos da Empresa Contratante, dentre eles, especialmente, os de Seguran\u00e7a do Trabalho.<\/p>\n","protected":false},"excerpt":{"rendered":"<p>A gest\u00e3o de terceiros \u00e9 uma pr\u00e1tica que envolve a contrata\u00e7\u00e3o e o gerenciamento de servi\u00e7os ou atividades realizadas por <a class=\"read-more\" href=\"https:\/\/institucional.ufrrj.br\/casst\/gestao-de-terceiros\/ \" >&#8230; <span class=\"font-italic\">leia mais <i class=\"fas fa-angle-right\"><\/i><\/span><\/a><\/p>\n","protected":false},"author":706,"featured_media":0,"parent":0,"menu_order":0,"comment_status":"closed","ping_status":"closed","template":"","meta":{"_acf_changed":false,"_exactmetrics_skip_tracking":false,"_exactmetrics_sitenote_active":false,"_exactmetrics_sitenote_note":"","_exactmetrics_sitenote_category":0,"footnotes":""},"class_list":["post-2521","page","type-page","status-publish","hentry"],"yoast_head":"<!-- This site is optimized with the Yoast SEO plugin v27.2 - https:\/\/yoast.com\/product\/yoast-seo-wordpress\/ -->\n<title>Gest\u00e3o de Terceiros - Coordena\u00e7\u00e3o de Aten\u00e7\u00e3o \u00e0 Sa\u00fade e Seguran\u00e7a do Trabalho<\/title>\n<meta name=\"robots\" content=\"index, follow, max-snippet:-1, max-image-preview:large, max-video-preview:-1\" \/>\n<link rel=\"canonical\" href=\"https:\/\/institucional.ufrrj.br\/casst\/gestao-de-terceiros\/\" \/>\n<meta property=\"og:locale\" content=\"pt_BR\" \/>\n<meta property=\"og:type\" content=\"article\" \/>\n<meta property=\"og:title\" content=\"Gest\u00e3o de Terceiros - Coordena\u00e7\u00e3o de Aten\u00e7\u00e3o \u00e0 Sa\u00fade e Seguran\u00e7a do Trabalho\" \/>\n<meta property=\"og:description\" content=\"A gest\u00e3o de terceiros \u00e9 uma pr\u00e1tica que envolve a contrata\u00e7\u00e3o e o gerenciamento de servi\u00e7os ou atividades realizadas por ... leia mais\" \/>\n<meta property=\"og:url\" content=\"https:\/\/institucional.ufrrj.br\/casst\/gestao-de-terceiros\/\" \/>\n<meta property=\"og:site_name\" content=\"Coordena\u00e7\u00e3o de Aten\u00e7\u00e3o \u00e0 Sa\u00fade e Seguran\u00e7a do Trabalho\" \/>\n<meta name=\"twitter:card\" content=\"summary_large_image\" \/>\n<meta name=\"twitter:label1\" content=\"Est. tempo de leitura\" \/>\n\t<meta name=\"twitter:data1\" content=\"2 minutos\" \/>\n<script type=\"application\/ld+json\" class=\"yoast-schema-graph\">{\"@context\":\"https:\/\/schema.org\",\"@graph\":[{\"@type\":\"WebPage\",\"@id\":\"https:\/\/institucional.ufrrj.br\/casst\/gestao-de-terceiros\/\",\"url\":\"https:\/\/institucional.ufrrj.br\/casst\/gestao-de-terceiros\/\",\"name\":\"Gest\u00e3o de Terceiros - Coordena\u00e7\u00e3o de Aten\u00e7\u00e3o \u00e0 Sa\u00fade e Seguran\u00e7a do Trabalho\",\"isPartOf\":{\"@id\":\"https:\/\/institucional.ufrrj.br\/casst\/#website\"},\"datePublished\":\"2025-02-07T13:35:02+00:00\",\"breadcrumb\":{\"@id\":\"https:\/\/institucional.ufrrj.br\/casst\/gestao-de-terceiros\/#breadcrumb\"},\"inLanguage\":\"pt-BR\",\"potentialAction\":[{\"@type\":\"ReadAction\",\"target\":[\"https:\/\/institucional.ufrrj.br\/casst\/gestao-de-terceiros\/\"]}]},{\"@type\":\"BreadcrumbList\",\"@id\":\"https:\/\/institucional.ufrrj.br\/casst\/gestao-de-terceiros\/#breadcrumb\",\"itemListElement\":[{\"@type\":\"ListItem\",\"position\":1,\"name\":\"In\u00edcio\",\"item\":\"https:\/\/institucional.ufrrj.br\/casst\/\"},{\"@type\":\"ListItem\",\"position\":2,\"name\":\"Gest\u00e3o de Terceiros\"}]},{\"@type\":\"WebSite\",\"@id\":\"https:\/\/institucional.ufrrj.br\/casst\/#website\",\"url\":\"https:\/\/institucional.ufrrj.br\/casst\/\",\"name\":\"Coordena\u00e7\u00e3o de Aten\u00e7\u00e3o \u00e0 Sa\u00fade e Seguran\u00e7a do Trabalho\",\"description\":\"Coordena\u00e7\u00e3o de Aten\u00e7\u00e3o \u00e0 Sa\u00fade e Seguran\u00e7a do Trabalho\",\"potentialAction\":[{\"@type\":\"SearchAction\",\"target\":{\"@type\":\"EntryPoint\",\"urlTemplate\":\"https:\/\/institucional.ufrrj.br\/casst\/?s={search_term_string}\"},\"query-input\":{\"@type\":\"PropertyValueSpecification\",\"valueRequired\":true,\"valueName\":\"search_term_string\"}}],\"inLanguage\":\"pt-BR\"}]}<\/script>\n<!-- \/ Yoast SEO plugin. -->","yoast_head_json":{"title":"Gest\u00e3o de Terceiros - Coordena\u00e7\u00e3o de Aten\u00e7\u00e3o \u00e0 Sa\u00fade e Seguran\u00e7a do Trabalho","robots":{"index":"index","follow":"follow","max-snippet":"max-snippet:-1","max-image-preview":"max-image-preview:large","max-video-preview":"max-video-preview:-1"},"canonical":"https:\/\/institucional.ufrrj.br\/casst\/gestao-de-terceiros\/","og_locale":"pt_BR","og_type":"article","og_title":"Gest\u00e3o de Terceiros - Coordena\u00e7\u00e3o de Aten\u00e7\u00e3o \u00e0 Sa\u00fade e Seguran\u00e7a do Trabalho","og_description":"A gest\u00e3o de terceiros \u00e9 uma pr\u00e1tica que envolve a contrata\u00e7\u00e3o e o gerenciamento de servi\u00e7os ou atividades realizadas por ... leia mais","og_url":"https:\/\/institucional.ufrrj.br\/casst\/gestao-de-terceiros\/","og_site_name":"Coordena\u00e7\u00e3o de Aten\u00e7\u00e3o \u00e0 Sa\u00fade e Seguran\u00e7a do Trabalho","twitter_card":"summary_large_image","twitter_misc":{"Est. tempo de leitura":"2 minutos"},"schema":{"@context":"https:\/\/schema.org","@graph":[{"@type":"WebPage","@id":"https:\/\/institucional.ufrrj.br\/casst\/gestao-de-terceiros\/","url":"https:\/\/institucional.ufrrj.br\/casst\/gestao-de-terceiros\/","name":"Gest\u00e3o de Terceiros - Coordena\u00e7\u00e3o de Aten\u00e7\u00e3o \u00e0 Sa\u00fade e Seguran\u00e7a do Trabalho","isPartOf":{"@id":"https:\/\/institucional.ufrrj.br\/casst\/#website"},"datePublished":"2025-02-07T13:35:02+00:00","breadcrumb":{"@id":"https:\/\/institucional.ufrrj.br\/casst\/gestao-de-terceiros\/#breadcrumb"},"inLanguage":"pt-BR","potentialAction":[{"@type":"ReadAction","target":["https:\/\/institucional.ufrrj.br\/casst\/gestao-de-terceiros\/"]}]},{"@type":"BreadcrumbList","@id":"https:\/\/institucional.ufrrj.br\/casst\/gestao-de-terceiros\/#breadcrumb","itemListElement":[{"@type":"ListItem","position":1,"name":"In\u00edcio","item":"https:\/\/institucional.ufrrj.br\/casst\/"},{"@type":"ListItem","position":2,"name":"Gest\u00e3o de Terceiros"}]},{"@type":"WebSite","@id":"https:\/\/institucional.ufrrj.br\/casst\/#website","url":"https:\/\/institucional.ufrrj.br\/casst\/","name":"Coordena\u00e7\u00e3o de Aten\u00e7\u00e3o \u00e0 Sa\u00fade e Seguran\u00e7a do Trabalho","description":"Coordena\u00e7\u00e3o de Aten\u00e7\u00e3o \u00e0 Sa\u00fade e Seguran\u00e7a do Trabalho","potentialAction":[{"@type":"SearchAction","target":{"@type":"EntryPoint","urlTemplate":"https:\/\/institucional.ufrrj.br\/casst\/?s={search_term_string}"},"query-input":{"@type":"PropertyValueSpecification","valueRequired":true,"valueName":"search_term_string"}}],"inLanguage":"pt-BR"}]}},"acf":[],"_links":{"self":[{"href":"https:\/\/institucional.ufrrj.br\/casst\/wp-json\/wp\/v2\/pages\/2521","targetHints":{"allow":["GET"]}}],"collection":[{"href":"https:\/\/institucional.ufrrj.br\/casst\/wp-json\/wp\/v2\/pages"}],"about":[{"href":"https:\/\/institucional.ufrrj.br\/casst\/wp-json\/wp\/v2\/types\/page"}],"author":[{"embeddable":true,"href":"https:\/\/institucional.ufrrj.br\/casst\/wp-json\/wp\/v2\/users\/706"}],"replies":[{"embeddable":true,"href":"https:\/\/institucional.ufrrj.br\/casst\/wp-json\/wp\/v2\/comments?post=2521"}],"version-history":[{"count":1,"href":"https:\/\/institucional.ufrrj.br\/casst\/wp-json\/wp\/v2\/pages\/2521\/revisions"}],"predecessor-version":[{"id":2522,"href":"https:\/\/institucional.ufrrj.br\/casst\/wp-json\/wp\/v2\/pages\/2521\/revisions\/2522"}],"wp:attachment":[{"href":"https:\/\/institucional.ufrrj.br\/casst\/wp-json\/wp\/v2\/media?parent=2521"}],"curies":[{"name":"wp","href":"https:\/\/api.w.org\/{rel}","templated":true}]}}