{"id":2515,"date":"2025-02-07T10:33:22","date_gmt":"2025-02-07T13:33:22","guid":{"rendered":"https:\/\/institucional.ufrrj.br\/casst\/?page_id=2515"},"modified":"2025-02-07T10:33:22","modified_gmt":"2025-02-07T13:33:22","slug":"equipamento-de-protecao-individual-e-coletiva-epi-epc","status":"publish","type":"page","link":"https:\/\/institucional.ufrrj.br\/casst\/equipamento-de-protecao-individual-e-coletiva-epi-epc\/","title":{"rendered":"Equipamento de Prote\u00e7\u00e3o Individual e Coletiva &#8211; EPI\/EPC"},"content":{"rendered":"<p>Os Equipamentos de Prote\u00e7\u00e3o Individual (EPIs) e os Equipamentos de Prote\u00e7\u00e3o Coletiva (EPCs) s\u00e3o elementos essenciais para garantir a seguran\u00e7a e sa\u00fade dos trabalhadores em diversos ambientes laborais.<\/p>\n<p>Os EPIs s\u00e3o dispositivos utilizados pelo trabalhador para proteger-se contra os riscos presentes no local de trabalho. Eles s\u00e3o de uso pessoal e devem ser adequados \u00e0 atividade realizada. Exemplos comuns de EPIs incluem capacetes, luvas, \u00f3culos de prote\u00e7\u00e3o, protetores auriculares, cal\u00e7ados de seguran\u00e7a, entre outros. Os EPIs s\u00e3o projetados para minimizar os riscos e evitar les\u00f5es, doen\u00e7as ocupacionais ou acidentes que possam ocorrer durante a realiza\u00e7\u00e3o das tarefas.<\/p>\n<p>J\u00e1 os EPCs s\u00e3o dispositivos de prote\u00e7\u00e3o coletiva que visam proteger um grupo de trabalhadores ou uma \u00e1rea de trabalho espec\u00edfica. Eles s\u00e3o implementados pelo empregador e t\u00eam como objetivo eliminar ou reduzir os riscos de forma coletiva. Exemplos de EPCs s\u00e3o cercas de seguran\u00e7a, extintores de inc\u00eandio, sistemas de ventila\u00e7\u00e3o, corrim\u00e3os, sinaliza\u00e7\u00f5es de seguran\u00e7a, entre outros. Os EPCs s\u00e3o fundamentais para promover um ambiente de trabalho seguro e saud\u00e1vel, protegendo n\u00e3o apenas os trabalhadores, mas tamb\u00e9m terceiros que possam estar presentes no local.<br \/>\n\u00c9 essencial estabelecer e implementar os Equipamentos de Prote\u00e7\u00e3o Individual e Coletiva \u2013 EPI\/EPC para proteger a sa\u00fade e a integridade dos trabalhadores. Por isso, a Coordena\u00e7\u00e3o de Aten\u00e7\u00e3o \u00e0 Sa\u00fade e Seguran\u00e7a do Trabalhador \u2013 CASST tem atuado junto ao DMSA para viabilizar a compra desses dispositivos de seguran\u00e7a.<\/p>\n<p>Atualmente, cada departamento\/diretoria possui a responsabilidade de solicitar, junto ao DMSA, Equipamentos de Prote\u00e7\u00e3o Individual e Coletiva \u2013 EPI\/EPC necess\u00e1rios ao desenvolvimento seguro das atividades. Nesses casos, a Coordena\u00e7\u00e3o de Aten\u00e7\u00e3o \u00e0 Sa\u00fade e Seguran\u00e7a do Trabalho &#8211; CASST encontra-se a disposi\u00e7\u00e3o para orientar o setor na adequa\u00e7\u00e3o e no cumprimento da legisla\u00e7\u00e3o.<\/p>\n","protected":false},"excerpt":{"rendered":"<p>Os Equipamentos de Prote\u00e7\u00e3o Individual (EPIs) e os Equipamentos de Prote\u00e7\u00e3o Coletiva (EPCs) s\u00e3o elementos essenciais para garantir a seguran\u00e7a <a class=\"read-more\" href=\"https:\/\/institucional.ufrrj.br\/casst\/equipamento-de-protecao-individual-e-coletiva-epi-epc\/ \" >&#8230; <span class=\"font-italic\">leia mais <i class=\"fas fa-angle-right\"><\/i><\/span><\/a><\/p>\n","protected":false},"author":706,"featured_media":0,"parent":0,"menu_order":0,"comment_status":"closed","ping_status":"closed","template":"","meta":{"_acf_changed":false,"_exactmetrics_skip_tracking":false,"_exactmetrics_sitenote_active":false,"_exactmetrics_sitenote_note":"","_exactmetrics_sitenote_category":0,"footnotes":""},"class_list":["post-2515","page","type-page","status-publish","hentry"],"yoast_head":"<!-- This site is optimized with the Yoast SEO plugin v27.2 - https:\/\/yoast.com\/product\/yoast-seo-wordpress\/ -->\n<title>Equipamento de Prote\u00e7\u00e3o Individual e Coletiva - EPI\/EPC - Coordena\u00e7\u00e3o de Aten\u00e7\u00e3o \u00e0 Sa\u00fade e Seguran\u00e7a do Trabalho<\/title>\n<meta name=\"robots\" content=\"index, follow, max-snippet:-1, max-image-preview:large, max-video-preview:-1\" \/>\n<link rel=\"canonical\" href=\"https:\/\/institucional.ufrrj.br\/casst\/equipamento-de-protecao-individual-e-coletiva-epi-epc\/\" \/>\n<meta property=\"og:locale\" content=\"pt_BR\" \/>\n<meta property=\"og:type\" content=\"article\" \/>\n<meta property=\"og:title\" content=\"Equipamento de Prote\u00e7\u00e3o Individual e Coletiva - EPI\/EPC - Coordena\u00e7\u00e3o de Aten\u00e7\u00e3o \u00e0 Sa\u00fade e Seguran\u00e7a do Trabalho\" \/>\n<meta property=\"og:description\" content=\"Os Equipamentos de Prote\u00e7\u00e3o Individual (EPIs) e os Equipamentos de Prote\u00e7\u00e3o Coletiva (EPCs) s\u00e3o elementos essenciais para garantir a seguran\u00e7a ... leia mais\" \/>\n<meta property=\"og:url\" content=\"https:\/\/institucional.ufrrj.br\/casst\/equipamento-de-protecao-individual-e-coletiva-epi-epc\/\" \/>\n<meta property=\"og:site_name\" content=\"Coordena\u00e7\u00e3o de Aten\u00e7\u00e3o \u00e0 Sa\u00fade e Seguran\u00e7a do Trabalho\" \/>\n<meta name=\"twitter:card\" content=\"summary_large_image\" \/>\n<meta name=\"twitter:label1\" content=\"Est. tempo de leitura\" \/>\n\t<meta name=\"twitter:data1\" content=\"2 minutos\" \/>\n<script type=\"application\/ld+json\" class=\"yoast-schema-graph\">{\"@context\":\"https:\/\/schema.org\",\"@graph\":[{\"@type\":\"WebPage\",\"@id\":\"https:\/\/institucional.ufrrj.br\/casst\/equipamento-de-protecao-individual-e-coletiva-epi-epc\/\",\"url\":\"https:\/\/institucional.ufrrj.br\/casst\/equipamento-de-protecao-individual-e-coletiva-epi-epc\/\",\"name\":\"Equipamento de Prote\u00e7\u00e3o Individual e Coletiva - EPI\/EPC - Coordena\u00e7\u00e3o de Aten\u00e7\u00e3o \u00e0 Sa\u00fade e Seguran\u00e7a do Trabalho\",\"isPartOf\":{\"@id\":\"https:\/\/institucional.ufrrj.br\/casst\/#website\"},\"datePublished\":\"2025-02-07T13:33:22+00:00\",\"breadcrumb\":{\"@id\":\"https:\/\/institucional.ufrrj.br\/casst\/equipamento-de-protecao-individual-e-coletiva-epi-epc\/#breadcrumb\"},\"inLanguage\":\"pt-BR\",\"potentialAction\":[{\"@type\":\"ReadAction\",\"target\":[\"https:\/\/institucional.ufrrj.br\/casst\/equipamento-de-protecao-individual-e-coletiva-epi-epc\/\"]}]},{\"@type\":\"BreadcrumbList\",\"@id\":\"https:\/\/institucional.ufrrj.br\/casst\/equipamento-de-protecao-individual-e-coletiva-epi-epc\/#breadcrumb\",\"itemListElement\":[{\"@type\":\"ListItem\",\"position\":1,\"name\":\"In\u00edcio\",\"item\":\"https:\/\/institucional.ufrrj.br\/casst\/\"},{\"@type\":\"ListItem\",\"position\":2,\"name\":\"Equipamento de Prote\u00e7\u00e3o Individual e Coletiva &#8211; EPI\/EPC\"}]},{\"@type\":\"WebSite\",\"@id\":\"https:\/\/institucional.ufrrj.br\/casst\/#website\",\"url\":\"https:\/\/institucional.ufrrj.br\/casst\/\",\"name\":\"Coordena\u00e7\u00e3o de Aten\u00e7\u00e3o \u00e0 Sa\u00fade e Seguran\u00e7a do Trabalho\",\"description\":\"Coordena\u00e7\u00e3o de Aten\u00e7\u00e3o \u00e0 Sa\u00fade e Seguran\u00e7a do Trabalho\",\"potentialAction\":[{\"@type\":\"SearchAction\",\"target\":{\"@type\":\"EntryPoint\",\"urlTemplate\":\"https:\/\/institucional.ufrrj.br\/casst\/?s={search_term_string}\"},\"query-input\":{\"@type\":\"PropertyValueSpecification\",\"valueRequired\":true,\"valueName\":\"search_term_string\"}}],\"inLanguage\":\"pt-BR\"}]}<\/script>\n<!-- \/ Yoast SEO plugin. -->","yoast_head_json":{"title":"Equipamento de Prote\u00e7\u00e3o Individual e Coletiva - EPI\/EPC - Coordena\u00e7\u00e3o de Aten\u00e7\u00e3o \u00e0 Sa\u00fade e Seguran\u00e7a do Trabalho","robots":{"index":"index","follow":"follow","max-snippet":"max-snippet:-1","max-image-preview":"max-image-preview:large","max-video-preview":"max-video-preview:-1"},"canonical":"https:\/\/institucional.ufrrj.br\/casst\/equipamento-de-protecao-individual-e-coletiva-epi-epc\/","og_locale":"pt_BR","og_type":"article","og_title":"Equipamento de Prote\u00e7\u00e3o Individual e Coletiva - EPI\/EPC - Coordena\u00e7\u00e3o de Aten\u00e7\u00e3o \u00e0 Sa\u00fade e Seguran\u00e7a do Trabalho","og_description":"Os Equipamentos de Prote\u00e7\u00e3o Individual (EPIs) e os Equipamentos de Prote\u00e7\u00e3o Coletiva (EPCs) s\u00e3o elementos essenciais para garantir a seguran\u00e7a ... leia mais","og_url":"https:\/\/institucional.ufrrj.br\/casst\/equipamento-de-protecao-individual-e-coletiva-epi-epc\/","og_site_name":"Coordena\u00e7\u00e3o de Aten\u00e7\u00e3o \u00e0 Sa\u00fade e Seguran\u00e7a do Trabalho","twitter_card":"summary_large_image","twitter_misc":{"Est. tempo de leitura":"2 minutos"},"schema":{"@context":"https:\/\/schema.org","@graph":[{"@type":"WebPage","@id":"https:\/\/institucional.ufrrj.br\/casst\/equipamento-de-protecao-individual-e-coletiva-epi-epc\/","url":"https:\/\/institucional.ufrrj.br\/casst\/equipamento-de-protecao-individual-e-coletiva-epi-epc\/","name":"Equipamento de Prote\u00e7\u00e3o Individual e Coletiva - EPI\/EPC - Coordena\u00e7\u00e3o de Aten\u00e7\u00e3o \u00e0 Sa\u00fade e Seguran\u00e7a do Trabalho","isPartOf":{"@id":"https:\/\/institucional.ufrrj.br\/casst\/#website"},"datePublished":"2025-02-07T13:33:22+00:00","breadcrumb":{"@id":"https:\/\/institucional.ufrrj.br\/casst\/equipamento-de-protecao-individual-e-coletiva-epi-epc\/#breadcrumb"},"inLanguage":"pt-BR","potentialAction":[{"@type":"ReadAction","target":["https:\/\/institucional.ufrrj.br\/casst\/equipamento-de-protecao-individual-e-coletiva-epi-epc\/"]}]},{"@type":"BreadcrumbList","@id":"https:\/\/institucional.ufrrj.br\/casst\/equipamento-de-protecao-individual-e-coletiva-epi-epc\/#breadcrumb","itemListElement":[{"@type":"ListItem","position":1,"name":"In\u00edcio","item":"https:\/\/institucional.ufrrj.br\/casst\/"},{"@type":"ListItem","position":2,"name":"Equipamento de Prote\u00e7\u00e3o Individual e Coletiva &#8211; EPI\/EPC"}]},{"@type":"WebSite","@id":"https:\/\/institucional.ufrrj.br\/casst\/#website","url":"https:\/\/institucional.ufrrj.br\/casst\/","name":"Coordena\u00e7\u00e3o de Aten\u00e7\u00e3o \u00e0 Sa\u00fade e Seguran\u00e7a do Trabalho","description":"Coordena\u00e7\u00e3o de Aten\u00e7\u00e3o \u00e0 Sa\u00fade e Seguran\u00e7a do Trabalho","potentialAction":[{"@type":"SearchAction","target":{"@type":"EntryPoint","urlTemplate":"https:\/\/institucional.ufrrj.br\/casst\/?s={search_term_string}"},"query-input":{"@type":"PropertyValueSpecification","valueRequired":true,"valueName":"search_term_string"}}],"inLanguage":"pt-BR"}]}},"acf":[],"_links":{"self":[{"href":"https:\/\/institucional.ufrrj.br\/casst\/wp-json\/wp\/v2\/pages\/2515","targetHints":{"allow":["GET"]}}],"collection":[{"href":"https:\/\/institucional.ufrrj.br\/casst\/wp-json\/wp\/v2\/pages"}],"about":[{"href":"https:\/\/institucional.ufrrj.br\/casst\/wp-json\/wp\/v2\/types\/page"}],"author":[{"embeddable":true,"href":"https:\/\/institucional.ufrrj.br\/casst\/wp-json\/wp\/v2\/users\/706"}],"replies":[{"embeddable":true,"href":"https:\/\/institucional.ufrrj.br\/casst\/wp-json\/wp\/v2\/comments?post=2515"}],"version-history":[{"count":1,"href":"https:\/\/institucional.ufrrj.br\/casst\/wp-json\/wp\/v2\/pages\/2515\/revisions"}],"predecessor-version":[{"id":2516,"href":"https:\/\/institucional.ufrrj.br\/casst\/wp-json\/wp\/v2\/pages\/2515\/revisions\/2516"}],"wp:attachment":[{"href":"https:\/\/institucional.ufrrj.br\/casst\/wp-json\/wp\/v2\/media?parent=2515"}],"curies":[{"name":"wp","href":"https:\/\/api.w.org\/{rel}","templated":true}]}}