{"id":2503,"date":"2025-02-07T10:28:25","date_gmt":"2025-02-07T13:28:25","guid":{"rendered":"https:\/\/institucional.ufrrj.br\/casst\/?page_id=2503"},"modified":"2025-02-07T10:28:25","modified_gmt":"2025-02-07T13:28:25","slug":"adicionais-de-insalubridade-e-periculosidade","status":"publish","type":"page","link":"https:\/\/institucional.ufrrj.br\/casst\/adicionais-de-insalubridade-e-periculosidade\/","title":{"rendered":"Adicionais de Insalubridade e Periculosidade"},"content":{"rendered":"<p>A palavra insalubridade significa \u201cnociva \u00e0 sa\u00fade\u201d e \u00e9 muito utilizada para descrever condi\u00e7\u00f5es de trabalho que podem prejudicar o bem-estar do trabalhador. O adicional de insalubridade visa compensar os colaboradores que est\u00e3o expostos a essas condi\u00e7\u00f5es, garantindo um acr\u00e9scimo no sal\u00e1rio em percentuais que variam de acordo com o grau de risco a que eles est\u00e3o expostos. Entretanto, a concess\u00e3o do adicional de insalubridade deve seguir premissas estabelecidas em lei.<\/p>\n<p>Para os servidores da Administra\u00e7\u00e3o P\u00fablica Federal direta, aut\u00e1rquica e fundacional, a Instru\u00e7\u00e3o Normativa SGP\/SEGGG \/ME N\u00ba 15, de 16 de mar\u00e7o de 2022, estabelece orienta\u00e7\u00f5es sobre a concess\u00e3o dos adicionais de insalubridade, periculosidade, irradia\u00e7\u00e3o ionizante e gratifica\u00e7\u00e3o por trabalhos com raios-x ou subst\u00e2ncias radioativas. Atualmente, o pedido para an\u00e1lise e avalia\u00e7\u00e3o para a concess\u00e3o do adicional deve ser feito via SIPAC, com as seguintes etapas:<\/p>\n<p><strong>SIPAC \u2013&gt; Mesa Virtual \u2013&gt; Documentos \u2013&gt; Cadastrar Documentos \u2013&gt; Tipo de Documentos\/Formul\u00e1rio de Abertura &#8211; adicional de insalubridade \/ periculosidade \/ irradia\u00e7\u00e3o ionizante (PROGEP) \u2013&gt; Natureza do documento \u2013 Ostensivo \u2013&gt; Assunto Detalhado &#8211; Adicional de insalubridade \u2013&gt; Escrever Documento \u2013&gt; Carregar Modelo.<\/strong><\/p>\n<p>Preencha o requerimento do adicional com todas as informa\u00e7\u00f5es pertinentes, crie o processo junto a Se\u00e7\u00e3o Geral de Arquivo e Protocolo e encaminhe o mesmo para a CASST.<\/p>\n<p>&nbsp;<\/p>\n<p>Documentos relacionados:<\/p>\n<p><a href=\"https:\/\/institucional.ufrrj.br\/casst\/files\/2019\/08\/0001.jpg\" rel=\"lightbox[2503]\">Fluxo<\/a><\/p>\n<p><a href=\"https:\/\/institucional.ufrrj.br\/casst\/files\/2020\/12\/INSTRUCAO-NORMATIVA-SGP_SEGGG-_ME-No-15-DE-16-DE-MARCO-DE-2022-INSTRUCAO-NORMATIVA-SGP_SEGGG-_ME-No-15-DE-16-DE-MARCO-DE-2022-DOU-Imprensa-Nacional.pdf\">Instru\u00e7\u00e3o Normativa SGP\/SEGGG \/ME n\u00ba 15, de 16 de mar\u00e7o de 2022<\/a><\/p>\n<p>&nbsp;<\/p>\n<p>&nbsp;<\/p>\n<p><strong>\u00a0<\/strong><\/p>\n","protected":false},"excerpt":{"rendered":"<p>A palavra insalubridade significa \u201cnociva \u00e0 sa\u00fade\u201d e \u00e9 muito utilizada para descrever condi\u00e7\u00f5es de trabalho que podem prejudicar o <a class=\"read-more\" href=\"https:\/\/institucional.ufrrj.br\/casst\/adicionais-de-insalubridade-e-periculosidade\/ \" >&#8230; <span class=\"font-italic\">leia mais <i class=\"fas fa-angle-right\"><\/i><\/span><\/a><\/p>\n","protected":false},"author":706,"featured_media":0,"parent":0,"menu_order":0,"comment_status":"closed","ping_status":"closed","template":"","meta":{"_acf_changed":false,"_exactmetrics_skip_tracking":false,"_exactmetrics_sitenote_active":false,"_exactmetrics_sitenote_note":"","_exactmetrics_sitenote_category":0,"footnotes":""},"class_list":["post-2503","page","type-page","status-publish","hentry"],"yoast_head":"<!-- This site is optimized with the Yoast SEO plugin v27.2 - https:\/\/yoast.com\/product\/yoast-seo-wordpress\/ -->\n<title>Adicionais de Insalubridade e Periculosidade - Coordena\u00e7\u00e3o de Aten\u00e7\u00e3o \u00e0 Sa\u00fade e Seguran\u00e7a do Trabalho<\/title>\n<meta name=\"robots\" content=\"index, follow, max-snippet:-1, max-image-preview:large, max-video-preview:-1\" \/>\n<link rel=\"canonical\" href=\"https:\/\/institucional.ufrrj.br\/casst\/adicionais-de-insalubridade-e-periculosidade\/\" \/>\n<meta property=\"og:locale\" content=\"pt_BR\" \/>\n<meta property=\"og:type\" content=\"article\" \/>\n<meta property=\"og:title\" content=\"Adicionais de Insalubridade e Periculosidade - Coordena\u00e7\u00e3o de Aten\u00e7\u00e3o \u00e0 Sa\u00fade e Seguran\u00e7a do Trabalho\" \/>\n<meta property=\"og:description\" content=\"A palavra insalubridade significa \u201cnociva \u00e0 sa\u00fade\u201d e \u00e9 muito utilizada para descrever condi\u00e7\u00f5es de trabalho que podem prejudicar o ... leia mais\" \/>\n<meta property=\"og:url\" content=\"https:\/\/institucional.ufrrj.br\/casst\/adicionais-de-insalubridade-e-periculosidade\/\" \/>\n<meta property=\"og:site_name\" content=\"Coordena\u00e7\u00e3o de Aten\u00e7\u00e3o \u00e0 Sa\u00fade e Seguran\u00e7a do Trabalho\" \/>\n<meta name=\"twitter:card\" content=\"summary_large_image\" \/>\n<meta name=\"twitter:label1\" content=\"Est. tempo de leitura\" \/>\n\t<meta name=\"twitter:data1\" content=\"1 minuto\" \/>\n<script type=\"application\/ld+json\" class=\"yoast-schema-graph\">{\"@context\":\"https:\/\/schema.org\",\"@graph\":[{\"@type\":\"WebPage\",\"@id\":\"https:\/\/institucional.ufrrj.br\/casst\/adicionais-de-insalubridade-e-periculosidade\/\",\"url\":\"https:\/\/institucional.ufrrj.br\/casst\/adicionais-de-insalubridade-e-periculosidade\/\",\"name\":\"Adicionais de Insalubridade e Periculosidade - Coordena\u00e7\u00e3o de Aten\u00e7\u00e3o \u00e0 Sa\u00fade e Seguran\u00e7a do Trabalho\",\"isPartOf\":{\"@id\":\"https:\/\/institucional.ufrrj.br\/casst\/#website\"},\"datePublished\":\"2025-02-07T13:28:25+00:00\",\"breadcrumb\":{\"@id\":\"https:\/\/institucional.ufrrj.br\/casst\/adicionais-de-insalubridade-e-periculosidade\/#breadcrumb\"},\"inLanguage\":\"pt-BR\",\"potentialAction\":[{\"@type\":\"ReadAction\",\"target\":[\"https:\/\/institucional.ufrrj.br\/casst\/adicionais-de-insalubridade-e-periculosidade\/\"]}]},{\"@type\":\"BreadcrumbList\",\"@id\":\"https:\/\/institucional.ufrrj.br\/casst\/adicionais-de-insalubridade-e-periculosidade\/#breadcrumb\",\"itemListElement\":[{\"@type\":\"ListItem\",\"position\":1,\"name\":\"In\u00edcio\",\"item\":\"https:\/\/institucional.ufrrj.br\/casst\/\"},{\"@type\":\"ListItem\",\"position\":2,\"name\":\"Adicionais de Insalubridade e Periculosidade\"}]},{\"@type\":\"WebSite\",\"@id\":\"https:\/\/institucional.ufrrj.br\/casst\/#website\",\"url\":\"https:\/\/institucional.ufrrj.br\/casst\/\",\"name\":\"Coordena\u00e7\u00e3o de Aten\u00e7\u00e3o \u00e0 Sa\u00fade e Seguran\u00e7a do Trabalho\",\"description\":\"Coordena\u00e7\u00e3o de Aten\u00e7\u00e3o \u00e0 Sa\u00fade e Seguran\u00e7a do Trabalho\",\"potentialAction\":[{\"@type\":\"SearchAction\",\"target\":{\"@type\":\"EntryPoint\",\"urlTemplate\":\"https:\/\/institucional.ufrrj.br\/casst\/?s={search_term_string}\"},\"query-input\":{\"@type\":\"PropertyValueSpecification\",\"valueRequired\":true,\"valueName\":\"search_term_string\"}}],\"inLanguage\":\"pt-BR\"}]}<\/script>\n<!-- \/ Yoast SEO plugin. -->","yoast_head_json":{"title":"Adicionais de Insalubridade e Periculosidade - Coordena\u00e7\u00e3o de Aten\u00e7\u00e3o \u00e0 Sa\u00fade e Seguran\u00e7a do Trabalho","robots":{"index":"index","follow":"follow","max-snippet":"max-snippet:-1","max-image-preview":"max-image-preview:large","max-video-preview":"max-video-preview:-1"},"canonical":"https:\/\/institucional.ufrrj.br\/casst\/adicionais-de-insalubridade-e-periculosidade\/","og_locale":"pt_BR","og_type":"article","og_title":"Adicionais de Insalubridade e Periculosidade - Coordena\u00e7\u00e3o de Aten\u00e7\u00e3o \u00e0 Sa\u00fade e Seguran\u00e7a do Trabalho","og_description":"A palavra insalubridade significa \u201cnociva \u00e0 sa\u00fade\u201d e \u00e9 muito utilizada para descrever condi\u00e7\u00f5es de trabalho que podem prejudicar o ... leia mais","og_url":"https:\/\/institucional.ufrrj.br\/casst\/adicionais-de-insalubridade-e-periculosidade\/","og_site_name":"Coordena\u00e7\u00e3o de Aten\u00e7\u00e3o \u00e0 Sa\u00fade e Seguran\u00e7a do Trabalho","twitter_card":"summary_large_image","twitter_misc":{"Est. tempo de leitura":"1 minuto"},"schema":{"@context":"https:\/\/schema.org","@graph":[{"@type":"WebPage","@id":"https:\/\/institucional.ufrrj.br\/casst\/adicionais-de-insalubridade-e-periculosidade\/","url":"https:\/\/institucional.ufrrj.br\/casst\/adicionais-de-insalubridade-e-periculosidade\/","name":"Adicionais de Insalubridade e Periculosidade - Coordena\u00e7\u00e3o de Aten\u00e7\u00e3o \u00e0 Sa\u00fade e Seguran\u00e7a do Trabalho","isPartOf":{"@id":"https:\/\/institucional.ufrrj.br\/casst\/#website"},"datePublished":"2025-02-07T13:28:25+00:00","breadcrumb":{"@id":"https:\/\/institucional.ufrrj.br\/casst\/adicionais-de-insalubridade-e-periculosidade\/#breadcrumb"},"inLanguage":"pt-BR","potentialAction":[{"@type":"ReadAction","target":["https:\/\/institucional.ufrrj.br\/casst\/adicionais-de-insalubridade-e-periculosidade\/"]}]},{"@type":"BreadcrumbList","@id":"https:\/\/institucional.ufrrj.br\/casst\/adicionais-de-insalubridade-e-periculosidade\/#breadcrumb","itemListElement":[{"@type":"ListItem","position":1,"name":"In\u00edcio","item":"https:\/\/institucional.ufrrj.br\/casst\/"},{"@type":"ListItem","position":2,"name":"Adicionais de Insalubridade e Periculosidade"}]},{"@type":"WebSite","@id":"https:\/\/institucional.ufrrj.br\/casst\/#website","url":"https:\/\/institucional.ufrrj.br\/casst\/","name":"Coordena\u00e7\u00e3o de Aten\u00e7\u00e3o \u00e0 Sa\u00fade e Seguran\u00e7a do Trabalho","description":"Coordena\u00e7\u00e3o de Aten\u00e7\u00e3o \u00e0 Sa\u00fade e Seguran\u00e7a do Trabalho","potentialAction":[{"@type":"SearchAction","target":{"@type":"EntryPoint","urlTemplate":"https:\/\/institucional.ufrrj.br\/casst\/?s={search_term_string}"},"query-input":{"@type":"PropertyValueSpecification","valueRequired":true,"valueName":"search_term_string"}}],"inLanguage":"pt-BR"}]}},"acf":[],"_links":{"self":[{"href":"https:\/\/institucional.ufrrj.br\/casst\/wp-json\/wp\/v2\/pages\/2503","targetHints":{"allow":["GET"]}}],"collection":[{"href":"https:\/\/institucional.ufrrj.br\/casst\/wp-json\/wp\/v2\/pages"}],"about":[{"href":"https:\/\/institucional.ufrrj.br\/casst\/wp-json\/wp\/v2\/types\/page"}],"author":[{"embeddable":true,"href":"https:\/\/institucional.ufrrj.br\/casst\/wp-json\/wp\/v2\/users\/706"}],"replies":[{"embeddable":true,"href":"https:\/\/institucional.ufrrj.br\/casst\/wp-json\/wp\/v2\/comments?post=2503"}],"version-history":[{"count":1,"href":"https:\/\/institucional.ufrrj.br\/casst\/wp-json\/wp\/v2\/pages\/2503\/revisions"}],"predecessor-version":[{"id":2504,"href":"https:\/\/institucional.ufrrj.br\/casst\/wp-json\/wp\/v2\/pages\/2503\/revisions\/2504"}],"wp:attachment":[{"href":"https:\/\/institucional.ufrrj.br\/casst\/wp-json\/wp\/v2\/media?parent=2503"}],"curies":[{"name":"wp","href":"https:\/\/api.w.org\/{rel}","templated":true}]}}