{"id":2499,"date":"2025-02-07T10:23:43","date_gmt":"2025-02-07T13:23:43","guid":{"rendered":"https:\/\/institucional.ufrrj.br\/casst\/?page_id=2499"},"modified":"2025-02-07T10:23:43","modified_gmt":"2025-02-07T13:23:43","slug":"vacinacao-ocupacional","status":"publish","type":"page","link":"https:\/\/institucional.ufrrj.br\/casst\/vacinacao-ocupacional\/","title":{"rendered":"Vacina\u00e7\u00e3o Ocupacional"},"content":{"rendered":"<p>Segundo Minist\u00e9rio de Trabalho e Emprego, a vacina\u00e7\u00e3o em trabalhadores adultos saud\u00e1veis demonstrou, em v\u00e1rios pa\u00edses, sob diversas condi\u00e7\u00f5es, que \u00e9 uma interven\u00e7\u00e3o favor\u00e1vel ao pa\u00eds que a adota como medida preventiva, devido ao resultado significativo na diminui\u00e7\u00e3o da morbidade e a mortalidade de doen\u00e7as preven\u00edveis por vacina entre os adultos.<\/p>\n<p>Portanto, o programa tem como objetivo garantir a qualidade de vida dos trabalhadores e diminuir o risco de contrair doen\u00e7as infecciosas, atrav\u00e9s da vacina\u00e7\u00e3o dos trabalhadores segundo a atividade laboral que desenvolvem. O car\u00e1ter itinerante do programa objetiva a maior ades\u00e3o ao administrar a vacina\u00e7\u00e3o no setor onde os trabalhadores est\u00e3o inseridos.<\/p>\n<p>Para a escolha das vacinas ser\u00e1 considerado o tipo de trabalho realizado, destacando-se:<\/p>\n<p><strong><br \/>\nTr\u00edplice Viral:<\/strong><\/p>\n<p>Indicado a profissionais administrativos, da limpeza, e que lidam com alimentos, bebida ou com animais. Aplica\u00e7\u00e3o em dose \u00fanica, sendo aplicado em mulheres at\u00e9 49 anos e homens at\u00e9 39 anos.<\/p>\n<p><strong><br \/>\nDT (Dupla Adulto\/ toxo\u00edde dift\u00e9rico + tet\u00e2nico):<\/strong><\/p>\n<p>Indicado a profissionais da \u00e1rea da sa\u00fade, os que lidam com alimentos e bebida, servi\u00e7o de manuten\u00e7\u00e3o e limpeza ou que lidam frequentemente ou ocasionalmente com animais. Aplica\u00e7\u00e3o de tr\u00eas doses com intervalo de 60 dias entre as doses e refor\u00e7o a cada 10 anos.<\/p>\n<p><strong><br \/>\nHepatite B:<\/strong><\/p>\n<p>Indicado a profissionais da \u00e1rea da sa\u00fade e que trabalham com limpeza. Realizada em tr\u00eas doses com intervalos de 30 dias da primeira para a segunda dose e 180 dias da primeira para a terceira dose.<\/p>\n<p><strong><br \/>\nInfluenza Sazonal:<\/strong><\/p>\n<p>Indicada para todos os profissionais \u00e9 aplicada em dose \u00fanica anual.<\/p>\n<p><strong><br \/>\nRaiva:<\/strong><\/p>\n<p>Indicado a profissionais que lidam frequentemente ou ocasionalmente com animais. O esquema vacinal pr\u00e9-exposi\u00e7\u00e3o ao agente etiol\u00f3gico \u00e9 de tr\u00eas doses, realizados em dias alternados obedecendo ao esquema 0, 7 e 21, segundo a Coordena\u00e7\u00e3o de Imuniza\u00e7\u00e3o do Munic\u00edpio de Serop\u00e9dica (RJ).<\/p>\n<p><strong><br \/>\nAcompanhe nosso calend\u00e1rio de vacina\u00e7\u00e3o pelo site da CASST.<\/strong><\/p>\n","protected":false},"excerpt":{"rendered":"<p>Segundo Minist\u00e9rio de Trabalho e Emprego, a vacina\u00e7\u00e3o em trabalhadores adultos saud\u00e1veis demonstrou, em v\u00e1rios pa\u00edses, sob diversas condi\u00e7\u00f5es, que <a class=\"read-more\" href=\"https:\/\/institucional.ufrrj.br\/casst\/vacinacao-ocupacional\/ \" >&#8230; <span class=\"font-italic\">leia mais <i class=\"fas fa-angle-right\"><\/i><\/span><\/a><\/p>\n","protected":false},"author":706,"featured_media":0,"parent":0,"menu_order":0,"comment_status":"closed","ping_status":"closed","template":"","meta":{"_acf_changed":false,"_exactmetrics_skip_tracking":false,"_exactmetrics_sitenote_active":false,"_exactmetrics_sitenote_note":"","_exactmetrics_sitenote_category":0,"footnotes":""},"class_list":["post-2499","page","type-page","status-publish","hentry"],"yoast_head":"<!-- This site is optimized with the Yoast SEO plugin v27.2 - https:\/\/yoast.com\/product\/yoast-seo-wordpress\/ -->\n<title>Vacina\u00e7\u00e3o Ocupacional - Coordena\u00e7\u00e3o de Aten\u00e7\u00e3o \u00e0 Sa\u00fade e Seguran\u00e7a do Trabalho<\/title>\n<meta name=\"robots\" content=\"index, follow, max-snippet:-1, max-image-preview:large, max-video-preview:-1\" \/>\n<link rel=\"canonical\" href=\"https:\/\/institucional.ufrrj.br\/casst\/vacinacao-ocupacional\/\" \/>\n<meta property=\"og:locale\" content=\"pt_BR\" \/>\n<meta property=\"og:type\" content=\"article\" \/>\n<meta property=\"og:title\" content=\"Vacina\u00e7\u00e3o Ocupacional - Coordena\u00e7\u00e3o de Aten\u00e7\u00e3o \u00e0 Sa\u00fade e Seguran\u00e7a do Trabalho\" \/>\n<meta property=\"og:description\" content=\"Segundo Minist\u00e9rio de Trabalho e Emprego, a vacina\u00e7\u00e3o em trabalhadores adultos saud\u00e1veis demonstrou, em v\u00e1rios pa\u00edses, sob diversas condi\u00e7\u00f5es, que ... leia mais\" \/>\n<meta property=\"og:url\" content=\"https:\/\/institucional.ufrrj.br\/casst\/vacinacao-ocupacional\/\" \/>\n<meta property=\"og:site_name\" content=\"Coordena\u00e7\u00e3o de Aten\u00e7\u00e3o \u00e0 Sa\u00fade e Seguran\u00e7a do Trabalho\" \/>\n<meta name=\"twitter:card\" content=\"summary_large_image\" \/>\n<meta name=\"twitter:label1\" content=\"Est. tempo de leitura\" \/>\n\t<meta name=\"twitter:data1\" content=\"2 minutos\" \/>\n<script type=\"application\/ld+json\" class=\"yoast-schema-graph\">{\"@context\":\"https:\/\/schema.org\",\"@graph\":[{\"@type\":\"WebPage\",\"@id\":\"https:\/\/institucional.ufrrj.br\/casst\/vacinacao-ocupacional\/\",\"url\":\"https:\/\/institucional.ufrrj.br\/casst\/vacinacao-ocupacional\/\",\"name\":\"Vacina\u00e7\u00e3o Ocupacional - Coordena\u00e7\u00e3o de Aten\u00e7\u00e3o \u00e0 Sa\u00fade e Seguran\u00e7a do Trabalho\",\"isPartOf\":{\"@id\":\"https:\/\/institucional.ufrrj.br\/casst\/#website\"},\"datePublished\":\"2025-02-07T13:23:43+00:00\",\"breadcrumb\":{\"@id\":\"https:\/\/institucional.ufrrj.br\/casst\/vacinacao-ocupacional\/#breadcrumb\"},\"inLanguage\":\"pt-BR\",\"potentialAction\":[{\"@type\":\"ReadAction\",\"target\":[\"https:\/\/institucional.ufrrj.br\/casst\/vacinacao-ocupacional\/\"]}]},{\"@type\":\"BreadcrumbList\",\"@id\":\"https:\/\/institucional.ufrrj.br\/casst\/vacinacao-ocupacional\/#breadcrumb\",\"itemListElement\":[{\"@type\":\"ListItem\",\"position\":1,\"name\":\"In\u00edcio\",\"item\":\"https:\/\/institucional.ufrrj.br\/casst\/\"},{\"@type\":\"ListItem\",\"position\":2,\"name\":\"Vacina\u00e7\u00e3o Ocupacional\"}]},{\"@type\":\"WebSite\",\"@id\":\"https:\/\/institucional.ufrrj.br\/casst\/#website\",\"url\":\"https:\/\/institucional.ufrrj.br\/casst\/\",\"name\":\"Coordena\u00e7\u00e3o de Aten\u00e7\u00e3o \u00e0 Sa\u00fade e Seguran\u00e7a do Trabalho\",\"description\":\"Coordena\u00e7\u00e3o de Aten\u00e7\u00e3o \u00e0 Sa\u00fade e Seguran\u00e7a do Trabalho\",\"potentialAction\":[{\"@type\":\"SearchAction\",\"target\":{\"@type\":\"EntryPoint\",\"urlTemplate\":\"https:\/\/institucional.ufrrj.br\/casst\/?s={search_term_string}\"},\"query-input\":{\"@type\":\"PropertyValueSpecification\",\"valueRequired\":true,\"valueName\":\"search_term_string\"}}],\"inLanguage\":\"pt-BR\"}]}<\/script>\n<!-- \/ Yoast SEO plugin. -->","yoast_head_json":{"title":"Vacina\u00e7\u00e3o Ocupacional - Coordena\u00e7\u00e3o de Aten\u00e7\u00e3o \u00e0 Sa\u00fade e Seguran\u00e7a do Trabalho","robots":{"index":"index","follow":"follow","max-snippet":"max-snippet:-1","max-image-preview":"max-image-preview:large","max-video-preview":"max-video-preview:-1"},"canonical":"https:\/\/institucional.ufrrj.br\/casst\/vacinacao-ocupacional\/","og_locale":"pt_BR","og_type":"article","og_title":"Vacina\u00e7\u00e3o Ocupacional - Coordena\u00e7\u00e3o de Aten\u00e7\u00e3o \u00e0 Sa\u00fade e Seguran\u00e7a do Trabalho","og_description":"Segundo Minist\u00e9rio de Trabalho e Emprego, a vacina\u00e7\u00e3o em trabalhadores adultos saud\u00e1veis demonstrou, em v\u00e1rios pa\u00edses, sob diversas condi\u00e7\u00f5es, que ... leia mais","og_url":"https:\/\/institucional.ufrrj.br\/casst\/vacinacao-ocupacional\/","og_site_name":"Coordena\u00e7\u00e3o de Aten\u00e7\u00e3o \u00e0 Sa\u00fade e Seguran\u00e7a do Trabalho","twitter_card":"summary_large_image","twitter_misc":{"Est. tempo de leitura":"2 minutos"},"schema":{"@context":"https:\/\/schema.org","@graph":[{"@type":"WebPage","@id":"https:\/\/institucional.ufrrj.br\/casst\/vacinacao-ocupacional\/","url":"https:\/\/institucional.ufrrj.br\/casst\/vacinacao-ocupacional\/","name":"Vacina\u00e7\u00e3o Ocupacional - Coordena\u00e7\u00e3o de Aten\u00e7\u00e3o \u00e0 Sa\u00fade e Seguran\u00e7a do Trabalho","isPartOf":{"@id":"https:\/\/institucional.ufrrj.br\/casst\/#website"},"datePublished":"2025-02-07T13:23:43+00:00","breadcrumb":{"@id":"https:\/\/institucional.ufrrj.br\/casst\/vacinacao-ocupacional\/#breadcrumb"},"inLanguage":"pt-BR","potentialAction":[{"@type":"ReadAction","target":["https:\/\/institucional.ufrrj.br\/casst\/vacinacao-ocupacional\/"]}]},{"@type":"BreadcrumbList","@id":"https:\/\/institucional.ufrrj.br\/casst\/vacinacao-ocupacional\/#breadcrumb","itemListElement":[{"@type":"ListItem","position":1,"name":"In\u00edcio","item":"https:\/\/institucional.ufrrj.br\/casst\/"},{"@type":"ListItem","position":2,"name":"Vacina\u00e7\u00e3o Ocupacional"}]},{"@type":"WebSite","@id":"https:\/\/institucional.ufrrj.br\/casst\/#website","url":"https:\/\/institucional.ufrrj.br\/casst\/","name":"Coordena\u00e7\u00e3o de Aten\u00e7\u00e3o \u00e0 Sa\u00fade e Seguran\u00e7a do Trabalho","description":"Coordena\u00e7\u00e3o de Aten\u00e7\u00e3o \u00e0 Sa\u00fade e Seguran\u00e7a do Trabalho","potentialAction":[{"@type":"SearchAction","target":{"@type":"EntryPoint","urlTemplate":"https:\/\/institucional.ufrrj.br\/casst\/?s={search_term_string}"},"query-input":{"@type":"PropertyValueSpecification","valueRequired":true,"valueName":"search_term_string"}}],"inLanguage":"pt-BR"}]}},"acf":[],"_links":{"self":[{"href":"https:\/\/institucional.ufrrj.br\/casst\/wp-json\/wp\/v2\/pages\/2499","targetHints":{"allow":["GET"]}}],"collection":[{"href":"https:\/\/institucional.ufrrj.br\/casst\/wp-json\/wp\/v2\/pages"}],"about":[{"href":"https:\/\/institucional.ufrrj.br\/casst\/wp-json\/wp\/v2\/types\/page"}],"author":[{"embeddable":true,"href":"https:\/\/institucional.ufrrj.br\/casst\/wp-json\/wp\/v2\/users\/706"}],"replies":[{"embeddable":true,"href":"https:\/\/institucional.ufrrj.br\/casst\/wp-json\/wp\/v2\/comments?post=2499"}],"version-history":[{"count":1,"href":"https:\/\/institucional.ufrrj.br\/casst\/wp-json\/wp\/v2\/pages\/2499\/revisions"}],"predecessor-version":[{"id":2500,"href":"https:\/\/institucional.ufrrj.br\/casst\/wp-json\/wp\/v2\/pages\/2499\/revisions\/2500"}],"wp:attachment":[{"href":"https:\/\/institucional.ufrrj.br\/casst\/wp-json\/wp\/v2\/media?parent=2499"}],"curies":[{"name":"wp","href":"https:\/\/api.w.org\/{rel}","templated":true}]}}