{"id":2493,"date":"2025-02-07T10:20:09","date_gmt":"2025-02-07T13:20:09","guid":{"rendered":"https:\/\/institucional.ufrrj.br\/casst\/?page_id=2493"},"modified":"2025-02-07T10:20:09","modified_gmt":"2025-02-07T13:20:09","slug":"programa-de-planejamento-para-aposentadoria","status":"publish","type":"page","link":"https:\/\/institucional.ufrrj.br\/casst\/programa-de-planejamento-para-aposentadoria\/","title":{"rendered":"Programa de Planejamento para Aposentadoria"},"content":{"rendered":"<p>A implanta\u00e7\u00e3o do PPA na Universidade Federal Rural (UFRRJ) ocorreu em 30 de abril de 2013, por meio de palestra proferida pela Coordena\u00e7\u00e3o de Aten\u00e7\u00e3o \u00e0 Sa\u00fade e Seguran\u00e7a do Trabalho (CASST) sobre a tem\u00e1tica da aposentadoria, que visou sensibilizar a comunidade universit\u00e1ria sobre sua incid\u00eancia na UFRRJ.<\/p>\n<p>O debate sobre a aposentadoria e suas implica\u00e7\u00f5es, em nossa universidade, \u00e9 de grande relev\u00e2ncia em fun\u00e7\u00e3o de sua presen\u00e7a real no cotidiano da UFRRJ \u2013 em que, se n\u00e3o n\u00f3s, muitos de nossos colegas de trabalho vivenciam a proximidade com a aposentadoria. Al\u00e9m disso, para o servidor que se encontra no per\u00edodo de pr\u00e9-aposentadoria (que aqui definimos como aqueles que est\u00e3o a at\u00e9 5 anos de preencher os requisitos que lhes permitam escolher aposentar-se), muitas s\u00e3o as quest\u00f5es que perpassam a decis\u00e3o do desligamento da atividade profissional na Rural, que v\u00e3o desde aspectos da vida pessoal e em fam\u00edlia, passando pela situa\u00e7\u00e3o financeira e de moradia.<\/p>\n<p>O PPA objetiva, com isso, a promo\u00e7\u00e3o de sa\u00fade atrav\u00e9s da provoca\u00e7\u00e3o do servidor em dire\u00e7\u00e3o a um novo projeto de vida, que encontre novas formas de realiza\u00e7\u00e3o profissional e de satisfa\u00e7\u00e3o pessoal. O PPA tem por meta orientar os servidores para que estes possam vivenciar a experi\u00eancia de aposentar-se como uma escolha prazerosa e planejada, associada a um foco positivo e sugestivo de descanso e novas oportunidades, bem como \u00e0 realiza\u00e7\u00e3o de novos planos e velhos sonhos, num processo de transi\u00e7\u00e3o no qual a ruptura com o mundo do trabalho regular n\u00e3o impe\u00e7a o surgimento de outros horizontes.\u00a0<b>\u00a0<\/b><\/p>\n<p>Assim o PPA oferece aos pr\u00e9-aposentados palestras e oficinas tem\u00e1ticas com foco nos aspectos legais, de sa\u00fade, de projetos de vida pessoal, social\/familiar e financeiro, buscando ser um facilitador fundamental na experi\u00eancia da aposentadoria na UFRRJ.<\/p>\n<p><b><br \/>\nQuem \u00e9 o foco do PPA?<\/b><\/p>\n<p>Todos os trabalhadores da institui\u00e7\u00e3o, sejam os que iniciaram recentemente a atividade laboral, sejam os mais pr\u00f3ximos de se aposentar, isto \u00e9, com per\u00edodo de at\u00e9 5 anos para a aposentadoria, seja ela volunt\u00e1ria ou compuls\u00f3ria.<\/p>\n<p><b><br \/>\nComo \u00e9 a sua atua\u00e7\u00e3o?<\/b><\/p>\n<p>O PPA se desenvolve atrav\u00e9s da pesquisa continuada e monitoramento dos dados referentes \u00e0 aposentadoria na UFRRJ; da elabora\u00e7\u00e3o e distribui\u00e7\u00e3o de materiais socioeducativos; da sensibiliza\u00e7\u00e3o de servidores para o PPA; da realiza\u00e7\u00e3o de palestras socioeducativas e o Curso de Planejamento da Aposentadoria.<\/p>\n<p>O Curso de Planejamento da Aposentadoria prioriza os trabalhadores com maior proximidade \u00e0 aposentadoria e o seu formato comporta seis m\u00f3dulos, de frequ\u00eancia semanal sobre os temas: social, sa\u00fade, fam\u00edlia, economia, legisla\u00e7\u00e3o e projetos pessoais. Esses encontros s\u00e3o espa\u00e7os de reflex\u00e3o a respeito das diversas implica\u00e7\u00f5es da aposentadoria, visando que cada participante possa descobrir formas mais adequadas de lidar com esse momento.<\/p>\n","protected":false},"excerpt":{"rendered":"<p>A implanta\u00e7\u00e3o do PPA na Universidade Federal Rural (UFRRJ) ocorreu em 30 de abril de 2013, por meio de palestra <a class=\"read-more\" href=\"https:\/\/institucional.ufrrj.br\/casst\/programa-de-planejamento-para-aposentadoria\/ \" >&#8230; <span class=\"font-italic\">leia mais <i class=\"fas fa-angle-right\"><\/i><\/span><\/a><\/p>\n","protected":false},"author":706,"featured_media":0,"parent":0,"menu_order":0,"comment_status":"closed","ping_status":"closed","template":"","meta":{"_acf_changed":false,"_exactmetrics_skip_tracking":false,"_exactmetrics_sitenote_active":false,"_exactmetrics_sitenote_note":"","_exactmetrics_sitenote_category":0,"footnotes":""},"class_list":["post-2493","page","type-page","status-publish","hentry"],"yoast_head":"<!-- This site is optimized with the Yoast SEO plugin v27.2 - https:\/\/yoast.com\/product\/yoast-seo-wordpress\/ -->\n<title>Programa de Planejamento para Aposentadoria - Coordena\u00e7\u00e3o de Aten\u00e7\u00e3o \u00e0 Sa\u00fade e Seguran\u00e7a do Trabalho<\/title>\n<meta name=\"robots\" content=\"index, follow, max-snippet:-1, max-image-preview:large, max-video-preview:-1\" \/>\n<link rel=\"canonical\" href=\"https:\/\/institucional.ufrrj.br\/casst\/programa-de-planejamento-para-aposentadoria\/\" \/>\n<meta property=\"og:locale\" content=\"pt_BR\" \/>\n<meta property=\"og:type\" content=\"article\" \/>\n<meta property=\"og:title\" content=\"Programa de Planejamento para Aposentadoria - Coordena\u00e7\u00e3o de Aten\u00e7\u00e3o \u00e0 Sa\u00fade e Seguran\u00e7a do Trabalho\" \/>\n<meta property=\"og:description\" content=\"A implanta\u00e7\u00e3o do PPA na Universidade Federal Rural (UFRRJ) ocorreu em 30 de abril de 2013, por meio de palestra ... leia mais\" \/>\n<meta property=\"og:url\" content=\"https:\/\/institucional.ufrrj.br\/casst\/programa-de-planejamento-para-aposentadoria\/\" \/>\n<meta property=\"og:site_name\" content=\"Coordena\u00e7\u00e3o de Aten\u00e7\u00e3o \u00e0 Sa\u00fade e Seguran\u00e7a do Trabalho\" \/>\n<meta name=\"twitter:card\" content=\"summary_large_image\" \/>\n<meta name=\"twitter:label1\" content=\"Est. tempo de leitura\" \/>\n\t<meta name=\"twitter:data1\" content=\"2 minutos\" \/>\n<script type=\"application\/ld+json\" class=\"yoast-schema-graph\">{\"@context\":\"https:\/\/schema.org\",\"@graph\":[{\"@type\":\"WebPage\",\"@id\":\"https:\/\/institucional.ufrrj.br\/casst\/programa-de-planejamento-para-aposentadoria\/\",\"url\":\"https:\/\/institucional.ufrrj.br\/casst\/programa-de-planejamento-para-aposentadoria\/\",\"name\":\"Programa de Planejamento para Aposentadoria - Coordena\u00e7\u00e3o de Aten\u00e7\u00e3o \u00e0 Sa\u00fade e Seguran\u00e7a do Trabalho\",\"isPartOf\":{\"@id\":\"https:\/\/institucional.ufrrj.br\/casst\/#website\"},\"datePublished\":\"2025-02-07T13:20:09+00:00\",\"breadcrumb\":{\"@id\":\"https:\/\/institucional.ufrrj.br\/casst\/programa-de-planejamento-para-aposentadoria\/#breadcrumb\"},\"inLanguage\":\"pt-BR\",\"potentialAction\":[{\"@type\":\"ReadAction\",\"target\":[\"https:\/\/institucional.ufrrj.br\/casst\/programa-de-planejamento-para-aposentadoria\/\"]}]},{\"@type\":\"BreadcrumbList\",\"@id\":\"https:\/\/institucional.ufrrj.br\/casst\/programa-de-planejamento-para-aposentadoria\/#breadcrumb\",\"itemListElement\":[{\"@type\":\"ListItem\",\"position\":1,\"name\":\"In\u00edcio\",\"item\":\"https:\/\/institucional.ufrrj.br\/casst\/\"},{\"@type\":\"ListItem\",\"position\":2,\"name\":\"Programa de Planejamento para Aposentadoria\"}]},{\"@type\":\"WebSite\",\"@id\":\"https:\/\/institucional.ufrrj.br\/casst\/#website\",\"url\":\"https:\/\/institucional.ufrrj.br\/casst\/\",\"name\":\"Coordena\u00e7\u00e3o de Aten\u00e7\u00e3o \u00e0 Sa\u00fade e Seguran\u00e7a do Trabalho\",\"description\":\"Coordena\u00e7\u00e3o de Aten\u00e7\u00e3o \u00e0 Sa\u00fade e Seguran\u00e7a do Trabalho\",\"potentialAction\":[{\"@type\":\"SearchAction\",\"target\":{\"@type\":\"EntryPoint\",\"urlTemplate\":\"https:\/\/institucional.ufrrj.br\/casst\/?s={search_term_string}\"},\"query-input\":{\"@type\":\"PropertyValueSpecification\",\"valueRequired\":true,\"valueName\":\"search_term_string\"}}],\"inLanguage\":\"pt-BR\"}]}<\/script>\n<!-- \/ Yoast SEO plugin. -->","yoast_head_json":{"title":"Programa de Planejamento para Aposentadoria - Coordena\u00e7\u00e3o de Aten\u00e7\u00e3o \u00e0 Sa\u00fade e Seguran\u00e7a do Trabalho","robots":{"index":"index","follow":"follow","max-snippet":"max-snippet:-1","max-image-preview":"max-image-preview:large","max-video-preview":"max-video-preview:-1"},"canonical":"https:\/\/institucional.ufrrj.br\/casst\/programa-de-planejamento-para-aposentadoria\/","og_locale":"pt_BR","og_type":"article","og_title":"Programa de Planejamento para Aposentadoria - Coordena\u00e7\u00e3o de Aten\u00e7\u00e3o \u00e0 Sa\u00fade e Seguran\u00e7a do Trabalho","og_description":"A implanta\u00e7\u00e3o do PPA na Universidade Federal Rural (UFRRJ) ocorreu em 30 de abril de 2013, por meio de palestra ... leia mais","og_url":"https:\/\/institucional.ufrrj.br\/casst\/programa-de-planejamento-para-aposentadoria\/","og_site_name":"Coordena\u00e7\u00e3o de Aten\u00e7\u00e3o \u00e0 Sa\u00fade e Seguran\u00e7a do Trabalho","twitter_card":"summary_large_image","twitter_misc":{"Est. tempo de leitura":"2 minutos"},"schema":{"@context":"https:\/\/schema.org","@graph":[{"@type":"WebPage","@id":"https:\/\/institucional.ufrrj.br\/casst\/programa-de-planejamento-para-aposentadoria\/","url":"https:\/\/institucional.ufrrj.br\/casst\/programa-de-planejamento-para-aposentadoria\/","name":"Programa de Planejamento para Aposentadoria - Coordena\u00e7\u00e3o de Aten\u00e7\u00e3o \u00e0 Sa\u00fade e Seguran\u00e7a do Trabalho","isPartOf":{"@id":"https:\/\/institucional.ufrrj.br\/casst\/#website"},"datePublished":"2025-02-07T13:20:09+00:00","breadcrumb":{"@id":"https:\/\/institucional.ufrrj.br\/casst\/programa-de-planejamento-para-aposentadoria\/#breadcrumb"},"inLanguage":"pt-BR","potentialAction":[{"@type":"ReadAction","target":["https:\/\/institucional.ufrrj.br\/casst\/programa-de-planejamento-para-aposentadoria\/"]}]},{"@type":"BreadcrumbList","@id":"https:\/\/institucional.ufrrj.br\/casst\/programa-de-planejamento-para-aposentadoria\/#breadcrumb","itemListElement":[{"@type":"ListItem","position":1,"name":"In\u00edcio","item":"https:\/\/institucional.ufrrj.br\/casst\/"},{"@type":"ListItem","position":2,"name":"Programa de Planejamento para Aposentadoria"}]},{"@type":"WebSite","@id":"https:\/\/institucional.ufrrj.br\/casst\/#website","url":"https:\/\/institucional.ufrrj.br\/casst\/","name":"Coordena\u00e7\u00e3o de Aten\u00e7\u00e3o \u00e0 Sa\u00fade e Seguran\u00e7a do Trabalho","description":"Coordena\u00e7\u00e3o de Aten\u00e7\u00e3o \u00e0 Sa\u00fade e Seguran\u00e7a do Trabalho","potentialAction":[{"@type":"SearchAction","target":{"@type":"EntryPoint","urlTemplate":"https:\/\/institucional.ufrrj.br\/casst\/?s={search_term_string}"},"query-input":{"@type":"PropertyValueSpecification","valueRequired":true,"valueName":"search_term_string"}}],"inLanguage":"pt-BR"}]}},"acf":[],"_links":{"self":[{"href":"https:\/\/institucional.ufrrj.br\/casst\/wp-json\/wp\/v2\/pages\/2493","targetHints":{"allow":["GET"]}}],"collection":[{"href":"https:\/\/institucional.ufrrj.br\/casst\/wp-json\/wp\/v2\/pages"}],"about":[{"href":"https:\/\/institucional.ufrrj.br\/casst\/wp-json\/wp\/v2\/types\/page"}],"author":[{"embeddable":true,"href":"https:\/\/institucional.ufrrj.br\/casst\/wp-json\/wp\/v2\/users\/706"}],"replies":[{"embeddable":true,"href":"https:\/\/institucional.ufrrj.br\/casst\/wp-json\/wp\/v2\/comments?post=2493"}],"version-history":[{"count":1,"href":"https:\/\/institucional.ufrrj.br\/casst\/wp-json\/wp\/v2\/pages\/2493\/revisions"}],"predecessor-version":[{"id":2494,"href":"https:\/\/institucional.ufrrj.br\/casst\/wp-json\/wp\/v2\/pages\/2493\/revisions\/2494"}],"wp:attachment":[{"href":"https:\/\/institucional.ufrrj.br\/casst\/wp-json\/wp\/v2\/media?parent=2493"}],"curies":[{"name":"wp","href":"https:\/\/api.w.org\/{rel}","templated":true}]}}