{"id":2490,"date":"2025-02-07T10:12:01","date_gmt":"2025-02-07T13:12:01","guid":{"rendered":"https:\/\/institucional.ufrrj.br\/casst\/?page_id=2490"},"modified":"2025-02-18T12:58:49","modified_gmt":"2025-02-18T15:58:49","slug":"fisioterapia","status":"publish","type":"page","link":"https:\/\/institucional.ufrrj.br\/casst\/fisioterapia\/","title":{"rendered":"Fisioterapia"},"content":{"rendered":"<p>O servi\u00e7o de Fisioterapia participa das atividades de promo\u00e7\u00e3o, preven\u00e7\u00e3o, vigil\u00e2ncia e assist\u00eancia a sa\u00fade do servidor juntamente com a equipe multidisciplinar. A proposta \u00e9 diagnosticar a \u00e1rea (o setor de trabalho) e promover a\u00e7\u00f5es a partir de dados epidemiol\u00f3gicos advindos dos Exames Peri\u00f3dicos, da Per\u00edcia Oficial em Sa\u00fade, e de dados da Avalia\u00e7\u00e3o Ambiental e Ergon\u00f4mica. Por\u00e9m a aten\u00e7\u00e3o \u00e9 voltada, principalmente para preven\u00e7\u00e3o do adoecimento com encaminhamento, quando necess\u00e1rio, para o atendimento fisioter\u00e1pico.<\/p>\n<p>A equipe de fisioterapia atua tamb\u00e9m em alguns programas:<\/p>\n<p>\u2013 Programa de Orienta\u00e7\u00e3o Ergon\u00f4mica<\/p>\n<p>\u2013 Blitz Postural<\/p>\n<p>\u2013 Dicas de Posturas<\/p>\n<p>O foco dos programas \u00e9 orientar os servidores sobre o uso correto e o mobili\u00e1rio mais adequado para a sua atividade; informar sobre os limites do corpo com o objetivo de n\u00e3o submeter o mesmo a carga desnecess\u00e1rias e lesivas; instruir como relaxar e alongar os diferentes grupos musculares, conforme a atividade desenvolvida, e a postura mais adequada durante a rotina de trabalho. Evitando assim, o aparecimento das LER\/DORT (les\u00f5es por esfor\u00e7os repetitivos\/doen\u00e7as osteomusculares relacionadas ao trabalho) que s\u00e3o a maior causa, segundo o Minist\u00e9rio da Sa\u00fade, de afastamento no trabalho.<\/p>\n<p>&nbsp;<\/p>\n<p><strong>A meta \u00e9 favorecer a sa\u00fade com informa\u00e7\u00e3o e preven\u00e7\u00e3o.<\/strong><\/p>\n","protected":false},"excerpt":{"rendered":"<p>O servi\u00e7o de Fisioterapia participa das atividades de promo\u00e7\u00e3o, preven\u00e7\u00e3o, vigil\u00e2ncia e assist\u00eancia a sa\u00fade do servidor juntamente com a <a class=\"read-more\" href=\"https:\/\/institucional.ufrrj.br\/casst\/fisioterapia\/ \" >&#8230; <span class=\"font-italic\">leia mais <i class=\"fas fa-angle-right\"><\/i><\/span><\/a><\/p>\n","protected":false},"author":706,"featured_media":0,"parent":0,"menu_order":0,"comment_status":"closed","ping_status":"closed","template":"","meta":{"_acf_changed":false,"_exactmetrics_skip_tracking":false,"_exactmetrics_sitenote_active":false,"_exactmetrics_sitenote_note":"","_exactmetrics_sitenote_category":0,"footnotes":""},"class_list":["post-2490","page","type-page","status-publish","hentry"],"yoast_head":"<!-- This site is optimized with the Yoast SEO plugin v27.2 - https:\/\/yoast.com\/product\/yoast-seo-wordpress\/ -->\n<title>Fisioterapia - Coordena\u00e7\u00e3o de Aten\u00e7\u00e3o \u00e0 Sa\u00fade e Seguran\u00e7a do Trabalho<\/title>\n<meta name=\"robots\" content=\"index, follow, max-snippet:-1, max-image-preview:large, max-video-preview:-1\" \/>\n<link rel=\"canonical\" href=\"https:\/\/institucional.ufrrj.br\/casst\/fisioterapia\/\" \/>\n<meta property=\"og:locale\" content=\"pt_BR\" \/>\n<meta property=\"og:type\" content=\"article\" \/>\n<meta property=\"og:title\" content=\"Fisioterapia - Coordena\u00e7\u00e3o de Aten\u00e7\u00e3o \u00e0 Sa\u00fade e Seguran\u00e7a do Trabalho\" \/>\n<meta property=\"og:description\" content=\"O servi\u00e7o de Fisioterapia participa das atividades de promo\u00e7\u00e3o, preven\u00e7\u00e3o, vigil\u00e2ncia e assist\u00eancia a sa\u00fade do servidor juntamente com a ... leia mais\" \/>\n<meta property=\"og:url\" content=\"https:\/\/institucional.ufrrj.br\/casst\/fisioterapia\/\" \/>\n<meta property=\"og:site_name\" content=\"Coordena\u00e7\u00e3o de Aten\u00e7\u00e3o \u00e0 Sa\u00fade e Seguran\u00e7a do Trabalho\" \/>\n<meta property=\"article:modified_time\" content=\"2025-02-18T15:58:49+00:00\" \/>\n<meta name=\"twitter:card\" content=\"summary_large_image\" \/>\n<meta name=\"twitter:label1\" content=\"Est. tempo de leitura\" \/>\n\t<meta name=\"twitter:data1\" content=\"1 minuto\" \/>\n<script type=\"application\/ld+json\" class=\"yoast-schema-graph\">{\"@context\":\"https:\/\/schema.org\",\"@graph\":[{\"@type\":\"WebPage\",\"@id\":\"https:\/\/institucional.ufrrj.br\/casst\/fisioterapia\/\",\"url\":\"https:\/\/institucional.ufrrj.br\/casst\/fisioterapia\/\",\"name\":\"Fisioterapia - Coordena\u00e7\u00e3o de Aten\u00e7\u00e3o \u00e0 Sa\u00fade e Seguran\u00e7a do Trabalho\",\"isPartOf\":{\"@id\":\"https:\/\/institucional.ufrrj.br\/casst\/#website\"},\"datePublished\":\"2025-02-07T13:12:01+00:00\",\"dateModified\":\"2025-02-18T15:58:49+00:00\",\"breadcrumb\":{\"@id\":\"https:\/\/institucional.ufrrj.br\/casst\/fisioterapia\/#breadcrumb\"},\"inLanguage\":\"pt-BR\",\"potentialAction\":[{\"@type\":\"ReadAction\",\"target\":[\"https:\/\/institucional.ufrrj.br\/casst\/fisioterapia\/\"]}]},{\"@type\":\"BreadcrumbList\",\"@id\":\"https:\/\/institucional.ufrrj.br\/casst\/fisioterapia\/#breadcrumb\",\"itemListElement\":[{\"@type\":\"ListItem\",\"position\":1,\"name\":\"In\u00edcio\",\"item\":\"https:\/\/institucional.ufrrj.br\/casst\/\"},{\"@type\":\"ListItem\",\"position\":2,\"name\":\"Fisioterapia\"}]},{\"@type\":\"WebSite\",\"@id\":\"https:\/\/institucional.ufrrj.br\/casst\/#website\",\"url\":\"https:\/\/institucional.ufrrj.br\/casst\/\",\"name\":\"Coordena\u00e7\u00e3o de Aten\u00e7\u00e3o \u00e0 Sa\u00fade e Seguran\u00e7a do Trabalho\",\"description\":\"Coordena\u00e7\u00e3o de Aten\u00e7\u00e3o \u00e0 Sa\u00fade e Seguran\u00e7a do Trabalho\",\"potentialAction\":[{\"@type\":\"SearchAction\",\"target\":{\"@type\":\"EntryPoint\",\"urlTemplate\":\"https:\/\/institucional.ufrrj.br\/casst\/?s={search_term_string}\"},\"query-input\":{\"@type\":\"PropertyValueSpecification\",\"valueRequired\":true,\"valueName\":\"search_term_string\"}}],\"inLanguage\":\"pt-BR\"}]}<\/script>\n<!-- \/ Yoast SEO plugin. -->","yoast_head_json":{"title":"Fisioterapia - Coordena\u00e7\u00e3o de Aten\u00e7\u00e3o \u00e0 Sa\u00fade e Seguran\u00e7a do Trabalho","robots":{"index":"index","follow":"follow","max-snippet":"max-snippet:-1","max-image-preview":"max-image-preview:large","max-video-preview":"max-video-preview:-1"},"canonical":"https:\/\/institucional.ufrrj.br\/casst\/fisioterapia\/","og_locale":"pt_BR","og_type":"article","og_title":"Fisioterapia - Coordena\u00e7\u00e3o de Aten\u00e7\u00e3o \u00e0 Sa\u00fade e Seguran\u00e7a do Trabalho","og_description":"O servi\u00e7o de Fisioterapia participa das atividades de promo\u00e7\u00e3o, preven\u00e7\u00e3o, vigil\u00e2ncia e assist\u00eancia a sa\u00fade do servidor juntamente com a ... leia mais","og_url":"https:\/\/institucional.ufrrj.br\/casst\/fisioterapia\/","og_site_name":"Coordena\u00e7\u00e3o de Aten\u00e7\u00e3o \u00e0 Sa\u00fade e Seguran\u00e7a do Trabalho","article_modified_time":"2025-02-18T15:58:49+00:00","twitter_card":"summary_large_image","twitter_misc":{"Est. tempo de leitura":"1 minuto"},"schema":{"@context":"https:\/\/schema.org","@graph":[{"@type":"WebPage","@id":"https:\/\/institucional.ufrrj.br\/casst\/fisioterapia\/","url":"https:\/\/institucional.ufrrj.br\/casst\/fisioterapia\/","name":"Fisioterapia - Coordena\u00e7\u00e3o de Aten\u00e7\u00e3o \u00e0 Sa\u00fade e Seguran\u00e7a do Trabalho","isPartOf":{"@id":"https:\/\/institucional.ufrrj.br\/casst\/#website"},"datePublished":"2025-02-07T13:12:01+00:00","dateModified":"2025-02-18T15:58:49+00:00","breadcrumb":{"@id":"https:\/\/institucional.ufrrj.br\/casst\/fisioterapia\/#breadcrumb"},"inLanguage":"pt-BR","potentialAction":[{"@type":"ReadAction","target":["https:\/\/institucional.ufrrj.br\/casst\/fisioterapia\/"]}]},{"@type":"BreadcrumbList","@id":"https:\/\/institucional.ufrrj.br\/casst\/fisioterapia\/#breadcrumb","itemListElement":[{"@type":"ListItem","position":1,"name":"In\u00edcio","item":"https:\/\/institucional.ufrrj.br\/casst\/"},{"@type":"ListItem","position":2,"name":"Fisioterapia"}]},{"@type":"WebSite","@id":"https:\/\/institucional.ufrrj.br\/casst\/#website","url":"https:\/\/institucional.ufrrj.br\/casst\/","name":"Coordena\u00e7\u00e3o de Aten\u00e7\u00e3o \u00e0 Sa\u00fade e Seguran\u00e7a do Trabalho","description":"Coordena\u00e7\u00e3o de Aten\u00e7\u00e3o \u00e0 Sa\u00fade e Seguran\u00e7a do Trabalho","potentialAction":[{"@type":"SearchAction","target":{"@type":"EntryPoint","urlTemplate":"https:\/\/institucional.ufrrj.br\/casst\/?s={search_term_string}"},"query-input":{"@type":"PropertyValueSpecification","valueRequired":true,"valueName":"search_term_string"}}],"inLanguage":"pt-BR"}]}},"acf":[],"_links":{"self":[{"href":"https:\/\/institucional.ufrrj.br\/casst\/wp-json\/wp\/v2\/pages\/2490","targetHints":{"allow":["GET"]}}],"collection":[{"href":"https:\/\/institucional.ufrrj.br\/casst\/wp-json\/wp\/v2\/pages"}],"about":[{"href":"https:\/\/institucional.ufrrj.br\/casst\/wp-json\/wp\/v2\/types\/page"}],"author":[{"embeddable":true,"href":"https:\/\/institucional.ufrrj.br\/casst\/wp-json\/wp\/v2\/users\/706"}],"replies":[{"embeddable":true,"href":"https:\/\/institucional.ufrrj.br\/casst\/wp-json\/wp\/v2\/comments?post=2490"}],"version-history":[{"count":2,"href":"https:\/\/institucional.ufrrj.br\/casst\/wp-json\/wp\/v2\/pages\/2490\/revisions"}],"predecessor-version":[{"id":2575,"href":"https:\/\/institucional.ufrrj.br\/casst\/wp-json\/wp\/v2\/pages\/2490\/revisions\/2575"}],"wp:attachment":[{"href":"https:\/\/institucional.ufrrj.br\/casst\/wp-json\/wp\/v2\/media?parent=2490"}],"curies":[{"name":"wp","href":"https:\/\/api.w.org\/{rel}","templated":true}]}}