{"id":2487,"date":"2025-02-07T10:10:14","date_gmt":"2025-02-07T13:10:14","guid":{"rendered":"https:\/\/institucional.ufrrj.br\/casst\/?page_id=2487"},"modified":"2025-02-07T10:10:14","modified_gmt":"2025-02-07T13:10:14","slug":"educacao-em-saude","status":"publish","type":"page","link":"https:\/\/institucional.ufrrj.br\/casst\/educacao-em-saude\/","title":{"rendered":"Educa\u00e7\u00e3o em Sa\u00fade"},"content":{"rendered":"<p>A Educa\u00e7\u00e3o em Sa\u00fade \u00e9 uma pr\u00e1tica voltada para promover conhecimento e conscientiza\u00e7\u00e3o sobre temas relacionados \u00e0 sa\u00fade, visando capacitar e orientar as pessoas a adotarem comportamentos saud\u00e1veis e prevenir doen\u00e7as. \u00c9 um processo educativo que envolve a dissemina\u00e7\u00e3o de informa\u00e7\u00f5es relevantes, o desenvolvimento de habilidades e a promo\u00e7\u00e3o de mudan\u00e7as de comportamento em prol da sa\u00fade e do bem-estar.<\/p>\n<p>A Coordena\u00e7\u00e3o de Aten\u00e7\u00e3o \u00e0 Sa\u00fade e Seguran\u00e7a do Trabalhado (CASST) atua nesse contexto por meio da elabora\u00e7\u00e3o de materiais para as m\u00eddias sociais e pela realiza\u00e7\u00e3o de cursos e palestras voltados para a Sa\u00fade do Trabalhador. Ao criar conte\u00fados informativos e educativos, como posts, infogr\u00e1ficos e v\u00eddeos, a CASST busca alcan\u00e7ar um p\u00fablico amplo, fornecendo informa\u00e7\u00f5es relevantes sobre a sa\u00fade e a seguran\u00e7a no ambiente de trabalho.<\/p>\n<p>Al\u00e9m disso, por meio da realiza\u00e7\u00e3o de cursos e palestras, a CASST tem como objetivo capacitar os trabalhadores e os profissionais envolvidos com a sa\u00fade ocupacional, fornecendo conhecimentos sobre medidas de preven\u00e7\u00e3o de acidentes, doen\u00e7as ocupacionais e promo\u00e7\u00e3o da sa\u00fade no trabalho. Essas a\u00e7\u00f5es educativas contribuem para a conscientiza\u00e7\u00e3o dos indiv\u00edduos e para a ado\u00e7\u00e3o de pr\u00e1ticas seguras e saud\u00e1veis no ambiente laboral, visando o bem-estar e a preven\u00e7\u00e3o de doen\u00e7as.<\/p>\n","protected":false},"excerpt":{"rendered":"<p>A Educa\u00e7\u00e3o em Sa\u00fade \u00e9 uma pr\u00e1tica voltada para promover conhecimento e conscientiza\u00e7\u00e3o sobre temas relacionados \u00e0 sa\u00fade, visando capacitar <a class=\"read-more\" href=\"https:\/\/institucional.ufrrj.br\/casst\/educacao-em-saude\/ \" >&#8230; <span class=\"font-italic\">leia mais <i class=\"fas fa-angle-right\"><\/i><\/span><\/a><\/p>\n","protected":false},"author":706,"featured_media":0,"parent":0,"menu_order":0,"comment_status":"closed","ping_status":"closed","template":"","meta":{"_acf_changed":false,"_exactmetrics_skip_tracking":false,"_exactmetrics_sitenote_active":false,"_exactmetrics_sitenote_note":"","_exactmetrics_sitenote_category":0,"footnotes":""},"class_list":["post-2487","page","type-page","status-publish","hentry"],"yoast_head":"<!-- This site is optimized with the Yoast SEO plugin v27.2 - https:\/\/yoast.com\/product\/yoast-seo-wordpress\/ -->\n<title>Educa\u00e7\u00e3o em Sa\u00fade - Coordena\u00e7\u00e3o de Aten\u00e7\u00e3o \u00e0 Sa\u00fade e Seguran\u00e7a do Trabalho<\/title>\n<meta name=\"robots\" content=\"index, follow, max-snippet:-1, max-image-preview:large, max-video-preview:-1\" \/>\n<link rel=\"canonical\" href=\"https:\/\/institucional.ufrrj.br\/casst\/educacao-em-saude\/\" \/>\n<meta property=\"og:locale\" content=\"pt_BR\" \/>\n<meta property=\"og:type\" content=\"article\" \/>\n<meta property=\"og:title\" content=\"Educa\u00e7\u00e3o em Sa\u00fade - Coordena\u00e7\u00e3o de Aten\u00e7\u00e3o \u00e0 Sa\u00fade e Seguran\u00e7a do Trabalho\" \/>\n<meta property=\"og:description\" content=\"A Educa\u00e7\u00e3o em Sa\u00fade \u00e9 uma pr\u00e1tica voltada para promover conhecimento e conscientiza\u00e7\u00e3o sobre temas relacionados \u00e0 sa\u00fade, visando capacitar ... leia mais\" \/>\n<meta property=\"og:url\" content=\"https:\/\/institucional.ufrrj.br\/casst\/educacao-em-saude\/\" \/>\n<meta property=\"og:site_name\" content=\"Coordena\u00e7\u00e3o de Aten\u00e7\u00e3o \u00e0 Sa\u00fade e Seguran\u00e7a do Trabalho\" \/>\n<meta name=\"twitter:card\" content=\"summary_large_image\" \/>\n<meta name=\"twitter:label1\" content=\"Est. tempo de leitura\" \/>\n\t<meta name=\"twitter:data1\" content=\"1 minuto\" \/>\n<script type=\"application\/ld+json\" class=\"yoast-schema-graph\">{\"@context\":\"https:\/\/schema.org\",\"@graph\":[{\"@type\":\"WebPage\",\"@id\":\"https:\/\/institucional.ufrrj.br\/casst\/educacao-em-saude\/\",\"url\":\"https:\/\/institucional.ufrrj.br\/casst\/educacao-em-saude\/\",\"name\":\"Educa\u00e7\u00e3o em Sa\u00fade - Coordena\u00e7\u00e3o de Aten\u00e7\u00e3o \u00e0 Sa\u00fade e Seguran\u00e7a do Trabalho\",\"isPartOf\":{\"@id\":\"https:\/\/institucional.ufrrj.br\/casst\/#website\"},\"datePublished\":\"2025-02-07T13:10:14+00:00\",\"breadcrumb\":{\"@id\":\"https:\/\/institucional.ufrrj.br\/casst\/educacao-em-saude\/#breadcrumb\"},\"inLanguage\":\"pt-BR\",\"potentialAction\":[{\"@type\":\"ReadAction\",\"target\":[\"https:\/\/institucional.ufrrj.br\/casst\/educacao-em-saude\/\"]}]},{\"@type\":\"BreadcrumbList\",\"@id\":\"https:\/\/institucional.ufrrj.br\/casst\/educacao-em-saude\/#breadcrumb\",\"itemListElement\":[{\"@type\":\"ListItem\",\"position\":1,\"name\":\"In\u00edcio\",\"item\":\"https:\/\/institucional.ufrrj.br\/casst\/\"},{\"@type\":\"ListItem\",\"position\":2,\"name\":\"Educa\u00e7\u00e3o em Sa\u00fade\"}]},{\"@type\":\"WebSite\",\"@id\":\"https:\/\/institucional.ufrrj.br\/casst\/#website\",\"url\":\"https:\/\/institucional.ufrrj.br\/casst\/\",\"name\":\"Coordena\u00e7\u00e3o de Aten\u00e7\u00e3o \u00e0 Sa\u00fade e Seguran\u00e7a do Trabalho\",\"description\":\"Coordena\u00e7\u00e3o de Aten\u00e7\u00e3o \u00e0 Sa\u00fade e Seguran\u00e7a do Trabalho\",\"potentialAction\":[{\"@type\":\"SearchAction\",\"target\":{\"@type\":\"EntryPoint\",\"urlTemplate\":\"https:\/\/institucional.ufrrj.br\/casst\/?s={search_term_string}\"},\"query-input\":{\"@type\":\"PropertyValueSpecification\",\"valueRequired\":true,\"valueName\":\"search_term_string\"}}],\"inLanguage\":\"pt-BR\"}]}<\/script>\n<!-- \/ Yoast SEO plugin. -->","yoast_head_json":{"title":"Educa\u00e7\u00e3o em Sa\u00fade - Coordena\u00e7\u00e3o de Aten\u00e7\u00e3o \u00e0 Sa\u00fade e Seguran\u00e7a do Trabalho","robots":{"index":"index","follow":"follow","max-snippet":"max-snippet:-1","max-image-preview":"max-image-preview:large","max-video-preview":"max-video-preview:-1"},"canonical":"https:\/\/institucional.ufrrj.br\/casst\/educacao-em-saude\/","og_locale":"pt_BR","og_type":"article","og_title":"Educa\u00e7\u00e3o em Sa\u00fade - Coordena\u00e7\u00e3o de Aten\u00e7\u00e3o \u00e0 Sa\u00fade e Seguran\u00e7a do Trabalho","og_description":"A Educa\u00e7\u00e3o em Sa\u00fade \u00e9 uma pr\u00e1tica voltada para promover conhecimento e conscientiza\u00e7\u00e3o sobre temas relacionados \u00e0 sa\u00fade, visando capacitar ... leia mais","og_url":"https:\/\/institucional.ufrrj.br\/casst\/educacao-em-saude\/","og_site_name":"Coordena\u00e7\u00e3o de Aten\u00e7\u00e3o \u00e0 Sa\u00fade e Seguran\u00e7a do Trabalho","twitter_card":"summary_large_image","twitter_misc":{"Est. tempo de leitura":"1 minuto"},"schema":{"@context":"https:\/\/schema.org","@graph":[{"@type":"WebPage","@id":"https:\/\/institucional.ufrrj.br\/casst\/educacao-em-saude\/","url":"https:\/\/institucional.ufrrj.br\/casst\/educacao-em-saude\/","name":"Educa\u00e7\u00e3o em Sa\u00fade - Coordena\u00e7\u00e3o de Aten\u00e7\u00e3o \u00e0 Sa\u00fade e Seguran\u00e7a do Trabalho","isPartOf":{"@id":"https:\/\/institucional.ufrrj.br\/casst\/#website"},"datePublished":"2025-02-07T13:10:14+00:00","breadcrumb":{"@id":"https:\/\/institucional.ufrrj.br\/casst\/educacao-em-saude\/#breadcrumb"},"inLanguage":"pt-BR","potentialAction":[{"@type":"ReadAction","target":["https:\/\/institucional.ufrrj.br\/casst\/educacao-em-saude\/"]}]},{"@type":"BreadcrumbList","@id":"https:\/\/institucional.ufrrj.br\/casst\/educacao-em-saude\/#breadcrumb","itemListElement":[{"@type":"ListItem","position":1,"name":"In\u00edcio","item":"https:\/\/institucional.ufrrj.br\/casst\/"},{"@type":"ListItem","position":2,"name":"Educa\u00e7\u00e3o em Sa\u00fade"}]},{"@type":"WebSite","@id":"https:\/\/institucional.ufrrj.br\/casst\/#website","url":"https:\/\/institucional.ufrrj.br\/casst\/","name":"Coordena\u00e7\u00e3o de Aten\u00e7\u00e3o \u00e0 Sa\u00fade e Seguran\u00e7a do Trabalho","description":"Coordena\u00e7\u00e3o de Aten\u00e7\u00e3o \u00e0 Sa\u00fade e Seguran\u00e7a do Trabalho","potentialAction":[{"@type":"SearchAction","target":{"@type":"EntryPoint","urlTemplate":"https:\/\/institucional.ufrrj.br\/casst\/?s={search_term_string}"},"query-input":{"@type":"PropertyValueSpecification","valueRequired":true,"valueName":"search_term_string"}}],"inLanguage":"pt-BR"}]}},"acf":[],"_links":{"self":[{"href":"https:\/\/institucional.ufrrj.br\/casst\/wp-json\/wp\/v2\/pages\/2487","targetHints":{"allow":["GET"]}}],"collection":[{"href":"https:\/\/institucional.ufrrj.br\/casst\/wp-json\/wp\/v2\/pages"}],"about":[{"href":"https:\/\/institucional.ufrrj.br\/casst\/wp-json\/wp\/v2\/types\/page"}],"author":[{"embeddable":true,"href":"https:\/\/institucional.ufrrj.br\/casst\/wp-json\/wp\/v2\/users\/706"}],"replies":[{"embeddable":true,"href":"https:\/\/institucional.ufrrj.br\/casst\/wp-json\/wp\/v2\/comments?post=2487"}],"version-history":[{"count":1,"href":"https:\/\/institucional.ufrrj.br\/casst\/wp-json\/wp\/v2\/pages\/2487\/revisions"}],"predecessor-version":[{"id":2488,"href":"https:\/\/institucional.ufrrj.br\/casst\/wp-json\/wp\/v2\/pages\/2487\/revisions\/2488"}],"wp:attachment":[{"href":"https:\/\/institucional.ufrrj.br\/casst\/wp-json\/wp\/v2\/media?parent=2487"}],"curies":[{"name":"wp","href":"https:\/\/api.w.org\/{rel}","templated":true}]}}