{"id":21,"date":"2013-02-18T18:39:37","date_gmt":"2013-02-18T18:39:37","guid":{"rendered":"http:\/\/institucional.ufrrj.br\/nassur\/?page_id=21"},"modified":"2025-10-21T14:54:01","modified_gmt":"2025-10-21T17:54:01","slug":"relatorios-de-gestao","status":"publish","type":"page","link":"https:\/\/institucional.ufrrj.br\/casst\/relatorios-de-gestao\/","title":{"rendered":"Relat\u00f3rios de Gest\u00e3o"},"content":{"rendered":"<p><span style=\"color: #0000ff\"><strong><a href=\"https:\/\/institucional.ufrrj.br\/casst\/files\/2013\/04\/Relat\u00f3rio-gest\u00e3o-2010_ATUAL.pdf\"><span style=\"color: #0000ff\"><br \/>\n<\/span><\/a><\/strong><a href=\"https:\/\/institucional.ufrrj.br\/casst\/files\/2013\/04\/Relat\u00f3rio-gest\u00e3o-2010_ATUAL.pdf\"><span style=\"color: #0000ff\">Relat\u00f3rio de Gest\u00e3o 2010<\/span><\/a><\/span><\/p>\n<p><a href=\"https:\/\/institucional.ufrrj.br\/casst\/files\/2014\/08\/Relat\u00f3rio-Gest\u00e3o-Nassur-2011-Parte-1-nv.pdf\"><span style=\"color: #0000ff\"><span style=\"color: #0000ff\">Relat\u00f3rio de Gest\u00e3o 2011\u00a0&#8211; 1\u00aa parte<\/span><\/span><\/a><\/p>\n<p><a href=\"https:\/\/institucional.ufrrj.br\/casst\/files\/2014\/08\/Relat\u00f3rio-Gest\u00e3o-Nassur-2011-Parte-2-nv.pdf\"><span style=\"color: #0000ff\">Relat\u00f3rio de Gest\u00e3o 2011 &#8211; 2\u00aa parte<\/span><\/a><\/p>\n<p><span style=\"color: #0000ff\"><a href=\"https:\/\/institucional.ufrrj.br\/casst\/files\/2013\/09\/Relat\u00f3tio_Anual_NASSUR-2012_Parte-1.pdf\"><span style=\"color: #0000ff\">Relat\u00f3rio de Gest\u00e3o 2012 &#8211; 1\u00aa parte<\/span><\/a><\/span><\/p>\n<p><span style=\"color: #0000ff\"><a href=\"https:\/\/institucional.ufrrj.br\/casst\/files\/2013\/09\/Relat\u00f3tio_Anual_NASSUR-2012_Parte-2.pdf\"><span style=\"color: #0000ff\">Relat\u00f3rio de Gest\u00e3o 2012 &#8211; 2\u00aa parte<\/span><\/a><\/span><\/p>\n<p><span style=\"color: #0000ff\"><a href=\"https:\/\/institucional.ufrrj.br\/casst\/files\/2014\/08\/Relat\u00f3tio_Anual_NASSUR-2013.pdf\"><span style=\"color: #0000ff\">Relat\u00f3rio de Gest\u00e3o 2013<\/span><\/a><\/span><\/p>\n<p><span style=\"color: #0000ff\"><a href=\"https:\/\/institucional.ufrrj.br\/casst\/files\/2018\/01\/Relat\u00f3rio-Anual-NASSUR-2014-FINAL.pdf\"><span style=\"color: #0000ff\">Relat\u00f3rio de Gest\u00e3o 2014<\/span><\/a><\/span><\/p>\n<p><span style=\"color: #0000ff\"><a href=\"https:\/\/institucional.ufrrj.br\/casst\/files\/2018\/01\/Relat\u00f3rio-Anual-DAST-2015-FINAL.pdf\"><span style=\"color: #0000ff\">Relat\u00f3rio de Gest\u00e3o 2015<\/span><\/a><\/span><\/p>\n<p><span style=\"color: #0000ff\"><a href=\"https:\/\/institucional.ufrrj.br\/casst\/files\/2025\/10\/Relatorio-DAST-2018.pdf\"><span style=\"color: #0000ff\">Relat\u00f3rio de Gest\u00e3o 2018<\/span><\/a><\/span><\/p>\n<p><span style=\"color: #0000ff\"><a href=\"https:\/\/institucional.ufrrj.br\/casst\/files\/2025\/10\/Relatorio-Simplificado-Gestao-2019.pdf\"><span style=\"color: #0000ff\">Relat\u00f3rio de Gest\u00e3o 2019<\/span><\/a><\/span><\/p>\n<p><span style=\"color: #0000ff\"><a href=\"https:\/\/institucional.ufrrj.br\/casst\/files\/2025\/10\/Relatorio-de-Gestao-CASST-2020.pdf\"><span style=\"color: #0000ff\">Relat\u00f3rio de Gest\u00e3o 2020<\/span><\/a><\/span><\/p>\n<p><span style=\"color: #0000ff\"><a href=\"https:\/\/institucional.ufrrj.br\/casst\/files\/2025\/10\/Relatorio-de-Gestao-CASST-2021.pdf\"><span style=\"color: #0000ff\">Relat\u00f3rio de Gest\u00e3o 2021<\/span><\/a><\/span><\/p>\n<p><span style=\"color: #0000ff\"><a href=\"https:\/\/institucional.ufrrj.br\/casst\/files\/2025\/10\/Relatorio-de-Gestao-CASST-2022.pdf\"><span style=\"color: #0000ff\">Relat\u00f3rio de Gest\u00e3o 2022<\/span><\/a><\/span><\/p>\n<p><span style=\"color: #0000ff\"><a href=\"https:\/\/institucional.ufrrj.br\/casst\/files\/2025\/10\/Relatorio-de-Gestao-CASST-2023.pdf\"><span style=\"color: #0000ff\">Relat\u00f3rio de Gest\u00e3o 2023<\/span><\/a><\/span><\/p>\n<p><span style=\"color: #0000ff\"><a href=\"https:\/\/institucional.ufrrj.br\/casst\/files\/2025\/10\/Relatorio-de-Gestao-CASST-2024.pdf\"><span style=\"color: #0000ff\">Relat\u00f3rio de Gest\u00e3o 2024<\/span><\/a><\/span><\/p>\n<p>&nbsp;<\/p>\n<p>&nbsp;<\/p>\n","protected":false},"excerpt":{"rendered":"<p>Relat\u00f3rio de Gest\u00e3o 2010 Relat\u00f3rio de Gest\u00e3o 2011\u00a0&#8211; 1\u00aa parte Relat\u00f3rio de Gest\u00e3o 2011 &#8211; 2\u00aa parte Relat\u00f3rio de Gest\u00e3o <a class=\"read-more\" href=\"https:\/\/institucional.ufrrj.br\/casst\/relatorios-de-gestao\/ \" >&#8230; <span class=\"font-italic\">leia mais <i class=\"fas fa-angle-right\"><\/i><\/span><\/a><\/p>\n","protected":false},"author":634,"featured_media":0,"parent":0,"menu_order":0,"comment_status":"open","ping_status":"open","template":"","meta":{"_acf_changed":false,"_exactmetrics_skip_tracking":false,"_exactmetrics_sitenote_active":false,"_exactmetrics_sitenote_note":"","_exactmetrics_sitenote_category":0,"footnotes":""},"class_list":["post-21","page","type-page","status-publish","hentry"],"yoast_head":"<!-- This site is optimized with the Yoast SEO plugin v27.2 - https:\/\/yoast.com\/product\/yoast-seo-wordpress\/ -->\n<title>Relat\u00f3rios de Gest\u00e3o - Coordena\u00e7\u00e3o de Aten\u00e7\u00e3o \u00e0 Sa\u00fade e Seguran\u00e7a do Trabalho<\/title>\n<meta name=\"robots\" content=\"index, follow, max-snippet:-1, max-image-preview:large, max-video-preview:-1\" \/>\n<link rel=\"canonical\" href=\"https:\/\/institucional.ufrrj.br\/casst\/relatorios-de-gestao\/\" \/>\n<meta property=\"og:locale\" content=\"pt_BR\" \/>\n<meta property=\"og:type\" content=\"article\" \/>\n<meta property=\"og:title\" content=\"Relat\u00f3rios de Gest\u00e3o - Coordena\u00e7\u00e3o de Aten\u00e7\u00e3o \u00e0 Sa\u00fade e Seguran\u00e7a do Trabalho\" \/>\n<meta property=\"og:description\" content=\"Relat\u00f3rio de Gest\u00e3o 2010 Relat\u00f3rio de Gest\u00e3o 2011\u00a0&#8211; 1\u00aa parte Relat\u00f3rio de Gest\u00e3o 2011 &#8211; 2\u00aa parte Relat\u00f3rio de Gest\u00e3o ... leia mais\" \/>\n<meta property=\"og:url\" content=\"https:\/\/institucional.ufrrj.br\/casst\/relatorios-de-gestao\/\" \/>\n<meta property=\"og:site_name\" content=\"Coordena\u00e7\u00e3o de Aten\u00e7\u00e3o \u00e0 Sa\u00fade e Seguran\u00e7a do Trabalho\" \/>\n<meta property=\"article:modified_time\" content=\"2025-10-21T17:54:01+00:00\" \/>\n<meta name=\"twitter:card\" content=\"summary_large_image\" \/>\n<meta name=\"twitter:label1\" content=\"Est. tempo de leitura\" \/>\n\t<meta name=\"twitter:data1\" content=\"1 minuto\" \/>\n<script type=\"application\/ld+json\" class=\"yoast-schema-graph\">{\"@context\":\"https:\/\/schema.org\",\"@graph\":[{\"@type\":\"WebPage\",\"@id\":\"https:\/\/institucional.ufrrj.br\/casst\/relatorios-de-gestao\/\",\"url\":\"https:\/\/institucional.ufrrj.br\/casst\/relatorios-de-gestao\/\",\"name\":\"Relat\u00f3rios de Gest\u00e3o - Coordena\u00e7\u00e3o de Aten\u00e7\u00e3o \u00e0 Sa\u00fade e Seguran\u00e7a do Trabalho\",\"isPartOf\":{\"@id\":\"https:\/\/institucional.ufrrj.br\/casst\/#website\"},\"datePublished\":\"2013-02-18T18:39:37+00:00\",\"dateModified\":\"2025-10-21T17:54:01+00:00\",\"breadcrumb\":{\"@id\":\"https:\/\/institucional.ufrrj.br\/casst\/relatorios-de-gestao\/#breadcrumb\"},\"inLanguage\":\"pt-BR\",\"potentialAction\":[{\"@type\":\"ReadAction\",\"target\":[\"https:\/\/institucional.ufrrj.br\/casst\/relatorios-de-gestao\/\"]}]},{\"@type\":\"BreadcrumbList\",\"@id\":\"https:\/\/institucional.ufrrj.br\/casst\/relatorios-de-gestao\/#breadcrumb\",\"itemListElement\":[{\"@type\":\"ListItem\",\"position\":1,\"name\":\"In\u00edcio\",\"item\":\"https:\/\/institucional.ufrrj.br\/casst\/\"},{\"@type\":\"ListItem\",\"position\":2,\"name\":\"Relat\u00f3rios de Gest\u00e3o\"}]},{\"@type\":\"WebSite\",\"@id\":\"https:\/\/institucional.ufrrj.br\/casst\/#website\",\"url\":\"https:\/\/institucional.ufrrj.br\/casst\/\",\"name\":\"Coordena\u00e7\u00e3o de Aten\u00e7\u00e3o \u00e0 Sa\u00fade e Seguran\u00e7a do Trabalho\",\"description\":\"Coordena\u00e7\u00e3o de Aten\u00e7\u00e3o \u00e0 Sa\u00fade e Seguran\u00e7a do Trabalho\",\"potentialAction\":[{\"@type\":\"SearchAction\",\"target\":{\"@type\":\"EntryPoint\",\"urlTemplate\":\"https:\/\/institucional.ufrrj.br\/casst\/?s={search_term_string}\"},\"query-input\":{\"@type\":\"PropertyValueSpecification\",\"valueRequired\":true,\"valueName\":\"search_term_string\"}}],\"inLanguage\":\"pt-BR\"}]}<\/script>\n<!-- \/ Yoast SEO plugin. -->","yoast_head_json":{"title":"Relat\u00f3rios de Gest\u00e3o - Coordena\u00e7\u00e3o de Aten\u00e7\u00e3o \u00e0 Sa\u00fade e Seguran\u00e7a do Trabalho","robots":{"index":"index","follow":"follow","max-snippet":"max-snippet:-1","max-image-preview":"max-image-preview:large","max-video-preview":"max-video-preview:-1"},"canonical":"https:\/\/institucional.ufrrj.br\/casst\/relatorios-de-gestao\/","og_locale":"pt_BR","og_type":"article","og_title":"Relat\u00f3rios de Gest\u00e3o - Coordena\u00e7\u00e3o de Aten\u00e7\u00e3o \u00e0 Sa\u00fade e Seguran\u00e7a do Trabalho","og_description":"Relat\u00f3rio de Gest\u00e3o 2010 Relat\u00f3rio de Gest\u00e3o 2011\u00a0&#8211; 1\u00aa parte Relat\u00f3rio de Gest\u00e3o 2011 &#8211; 2\u00aa parte Relat\u00f3rio de Gest\u00e3o ... leia mais","og_url":"https:\/\/institucional.ufrrj.br\/casst\/relatorios-de-gestao\/","og_site_name":"Coordena\u00e7\u00e3o de Aten\u00e7\u00e3o \u00e0 Sa\u00fade e Seguran\u00e7a do Trabalho","article_modified_time":"2025-10-21T17:54:01+00:00","twitter_card":"summary_large_image","twitter_misc":{"Est. tempo de leitura":"1 minuto"},"schema":{"@context":"https:\/\/schema.org","@graph":[{"@type":"WebPage","@id":"https:\/\/institucional.ufrrj.br\/casst\/relatorios-de-gestao\/","url":"https:\/\/institucional.ufrrj.br\/casst\/relatorios-de-gestao\/","name":"Relat\u00f3rios de Gest\u00e3o - Coordena\u00e7\u00e3o de Aten\u00e7\u00e3o \u00e0 Sa\u00fade e Seguran\u00e7a do Trabalho","isPartOf":{"@id":"https:\/\/institucional.ufrrj.br\/casst\/#website"},"datePublished":"2013-02-18T18:39:37+00:00","dateModified":"2025-10-21T17:54:01+00:00","breadcrumb":{"@id":"https:\/\/institucional.ufrrj.br\/casst\/relatorios-de-gestao\/#breadcrumb"},"inLanguage":"pt-BR","potentialAction":[{"@type":"ReadAction","target":["https:\/\/institucional.ufrrj.br\/casst\/relatorios-de-gestao\/"]}]},{"@type":"BreadcrumbList","@id":"https:\/\/institucional.ufrrj.br\/casst\/relatorios-de-gestao\/#breadcrumb","itemListElement":[{"@type":"ListItem","position":1,"name":"In\u00edcio","item":"https:\/\/institucional.ufrrj.br\/casst\/"},{"@type":"ListItem","position":2,"name":"Relat\u00f3rios de Gest\u00e3o"}]},{"@type":"WebSite","@id":"https:\/\/institucional.ufrrj.br\/casst\/#website","url":"https:\/\/institucional.ufrrj.br\/casst\/","name":"Coordena\u00e7\u00e3o de Aten\u00e7\u00e3o \u00e0 Sa\u00fade e Seguran\u00e7a do Trabalho","description":"Coordena\u00e7\u00e3o de Aten\u00e7\u00e3o \u00e0 Sa\u00fade e Seguran\u00e7a do Trabalho","potentialAction":[{"@type":"SearchAction","target":{"@type":"EntryPoint","urlTemplate":"https:\/\/institucional.ufrrj.br\/casst\/?s={search_term_string}"},"query-input":{"@type":"PropertyValueSpecification","valueRequired":true,"valueName":"search_term_string"}}],"inLanguage":"pt-BR"}]}},"acf":[],"_links":{"self":[{"href":"https:\/\/institucional.ufrrj.br\/casst\/wp-json\/wp\/v2\/pages\/21","targetHints":{"allow":["GET"]}}],"collection":[{"href":"https:\/\/institucional.ufrrj.br\/casst\/wp-json\/wp\/v2\/pages"}],"about":[{"href":"https:\/\/institucional.ufrrj.br\/casst\/wp-json\/wp\/v2\/types\/page"}],"author":[{"embeddable":true,"href":"https:\/\/institucional.ufrrj.br\/casst\/wp-json\/wp\/v2\/users\/634"}],"replies":[{"embeddable":true,"href":"https:\/\/institucional.ufrrj.br\/casst\/wp-json\/wp\/v2\/comments?post=21"}],"version-history":[{"count":2,"href":"https:\/\/institucional.ufrrj.br\/casst\/wp-json\/wp\/v2\/pages\/21\/revisions"}],"predecessor-version":[{"id":2608,"href":"https:\/\/institucional.ufrrj.br\/casst\/wp-json\/wp\/v2\/pages\/21\/revisions\/2608"}],"wp:attachment":[{"href":"https:\/\/institucional.ufrrj.br\/casst\/wp-json\/wp\/v2\/media?parent=21"}],"curies":[{"name":"wp","href":"https:\/\/api.w.org\/{rel}","templated":true}]}}