{"id":2002,"date":"2021-03-23T11:27:26","date_gmt":"2021-03-23T14:27:26","guid":{"rendered":"http:\/\/institucional.ufrrj.br\/casst\/?page_id=2002"},"modified":"2025-02-07T10:27:17","modified_gmt":"2025-02-07T13:27:17","slug":"pericia-oficial-em-saude","status":"publish","type":"page","link":"https:\/\/institucional.ufrrj.br\/casst\/pericia-oficial-em-saude\/","title":{"rendered":"Per\u00edcia Oficial em Sa\u00fade"},"content":{"rendered":"<p><strong>Per\u00edcia Oficial em Sa\u00fade<\/strong><\/p>\n<p>A Per\u00edcia em sa\u00fade \u00e9 uma a\u00e7\u00e3o m\u00e9dica com o objetivo de avaliar o estado de sa\u00fade do servidor para o exerc\u00edcio de suas atividades laborais.<\/p>\n<p>A CASST realiza as duas modalidades de per\u00edcia oficial em sa\u00fade de acordo com o Decreto n\u00ba 7003, de 09\/11\/2009:<\/p>\n<p>&nbsp;<\/p>\n<p><strong>1. Per\u00edcia Oficial Singular em Sa\u00fade.<\/strong><\/p>\n<p>Per\u00edcia oficial em sa\u00fade realizada por apenas um m\u00e9dico para concess\u00e3o das seguintes licen\u00e7as:<\/p>\n<p>\u2013 Para tratamento da pr\u00f3pria sa\u00fade: desde que o per\u00edodo de afastamento seja at\u00e9 120 dias no interst\u00edcio de 12 meses, contados a partir do primeiro dia do afastamento;<\/p>\n<p>\u2013 Licen\u00e7as por Motivo de Doen\u00e7a em Pessoa da Fam\u00edlia (c\u00f4njuge ou companheiro, pais, padrasto ou madrasta, filhos, enteados, dependentes financeiros):<\/p>\n<p>a) Por at\u00e9 60 dias, consecutivos ou n\u00e3o, no per\u00edodo de 01 ano, sendo mantida a remunera\u00e7\u00e3o do servidor;<\/p>\n<p>b) Por mais 90 dias, consecutivos ou n\u00e3o, no per\u00edodo de 01 ano, sem direito a remunera\u00e7\u00e3o, ressaltando que os \u00faltimos 30 dias ultrapassam os 120 dias, devendo, portanto, serem avaliados por Junta M\u00e9dica.<\/p>\n<p>\u2013 Avalia\u00e7\u00e3o por Acidente em Servi\u00e7o ou Doen\u00e7a Profissional \u2013 realizada a partir de 01 dia de licen\u00e7a at\u00e9 o 120\u00ba dia do afastamento;<\/p>\n<p>\u2013 Licen\u00e7a \u00e0 Gestante: por per\u00edodo de 120 dias. Lembrando que a gestante s\u00f3 ter\u00e1 o direito \u00e0 Prorroga\u00e7\u00e3o da sua licen\u00e7a quando requerida no prazo m\u00e1ximo de 30 dias ap\u00f3s a data do parto, comprovada atrav\u00e9s da certid\u00e3o de nascimento.<\/p>\n<p>\u2013 Exame para investidura em cargo p\u00fablico.<\/p>\n<p>&nbsp;<\/p>\n<p><strong>2. Junta Oficial em Sa\u00fade<\/strong><\/p>\n<p>Per\u00edcia oficial em sa\u00fade realizada por grupo de tr\u00eas m\u00e9dicos, atuando em:<\/p>\n<p>\u2013 Avalia\u00e7\u00e3o de capacidade laborativa para servidor em disponibilidade;<\/p>\n<p>\u2013 Avalia\u00e7\u00e3o da capacidade laborativa do servidor por recomenda\u00e7\u00e3o superior;<\/p>\n<p>\u2013 Avalia\u00e7\u00e3o da capacidade laborativa para fins de readapta\u00e7\u00e3o;<\/p>\n<p>\u2013 Avalia\u00e7\u00e3o de necessidade de hor\u00e1rio especial para servidor com familiar portador de defici\u00eancia;<\/p>\n<p>\u2013 Avalia\u00e7\u00e3o de necessidade de hor\u00e1rio especial para servidor portador de defici\u00eancia;<\/p>\n<p>\u2013 Avalia\u00e7\u00e3o de necessidade de tratamento especializado em institui\u00e7\u00e3o privada, \u00e0 conta de recursos p\u00fablicos;<\/p>\n<p>\u2013 Avalia\u00e7\u00e3o de defici\u00eancia para fins de concess\u00e3o de pens\u00e3o vital\u00edcia;<\/p>\n<p>\u2013 Avalia\u00e7\u00e3o de idade mental para fins de aux\u00edlio pr\u00e9-escola;<\/p>\n<p>\u2013 Avalia\u00e7\u00e3o de invalidez de dependente;<\/p>\n<p>\u2013 Avalia\u00e7\u00e3o de Invalidez para fins de concess\u00e3o de pens\u00e3o tempor\u00e1ria;<\/p>\n<p>\u2013 Avalia\u00e7\u00e3o de invalidez permanente decorrente de acidente em servi\u00e7o ou mol\u00e9stia profissional para fins de aposentadoria;<\/p>\n<p>\u2013 Avalia\u00e7\u00e3o de invalidez permanente por doen\u00e7a especificada em lei para fins de aposentadoria;<\/p>\n<p>\u2013 Avalia\u00e7\u00e3o de invalidez permanente por doen\u00e7a n\u00e3o especificada em lei para fins de aposentadoria;<\/p>\n<p>\u2013 Avalia\u00e7\u00e3o de invalidez por doen\u00e7a especificada em lei para fins de integraliza\u00e7\u00e3o de proventos;<\/p>\n<p>\u2013 Avalia\u00e7\u00e3o de sanidade mental para fins de processo administrativo disciplinar para Servidores;<\/p>\n<p>\u2013 Avalia\u00e7\u00e3o para fins de isen\u00e7\u00e3o de imposto de renda sobre a aposentadoria;<\/p>\n<p>\u2013 Avalia\u00e7\u00e3o para fins de isen\u00e7\u00e3o de imposto de renda sobre pens\u00e3o;<\/p>\n<p>\u2013 Licen\u00e7a para tratamento da sa\u00fade;<\/p>\n<p>\u2013 Licen\u00e7a para tratamento de sa\u00fade por junta oficial;<\/p>\n<p>\u2013 Licen\u00e7a por acidente em servi\u00e7o ou mol\u00e9stia profissional;<\/p>\n<p>\u2013 Licen\u00e7a por motivo de doen\u00e7a em pessoa da fam\u00edlia ou dependente;<\/p>\n<p>\u2013 Reavalia\u00e7\u00e3o de invalidez para fins de pens\u00e3o tempor\u00e1ria;<\/p>\n<p>\u2013 Reavalia\u00e7\u00e3o de defici\u00eancia para fins de pens\u00e3o vital\u00edcia;<\/p>\n<p>\u2013 Remo\u00e7\u00e3o por motivos de doen\u00e7a de familiar do servidor;<\/p>\n<p>\u2013 Remo\u00e7\u00e3o por motivo de doen\u00e7a do pr\u00f3prio servidor;<\/p>\n<p>\u2013 Revis\u00e3o de aposentadoria por invalidez.<\/p>\n<p>&nbsp;<\/p>\n<p><a href=\"https:\/\/institucional.ufrrj.br\/casst\/files\/2018\/04\/Memorando-Circular-Per\u00edcia-02-Afastamento-com-Per\u00edcia.pdf\">Lista de Afastamentos que necessitam de Per\u00edcia M\u00e9dica<\/a><\/p>\n<p><a href=\"https:\/\/institucional.ufrrj.br\/casst\/files\/2018\/01\/Afastamento-Sem-Per\u00edcia.pdf\">Lista de Afastamentos que N\u00c3O necessitam de Per\u00edcia M\u00e9dica<\/a><\/p>\n<p>&nbsp;<\/p>\n<p>Para maiores informa\u00e7\u00f5es sobre marca\u00e7\u00f5es de per\u00edcia em sa\u00fade, envie e-mail para\u00a0<strong>casst-progep@ufrrj.br<\/strong>\u00a0ou entre em contato pelo telefone\u00a0(21) 2682-1030.<\/p>\n","protected":false},"excerpt":{"rendered":"<p>Per\u00edcia Oficial em Sa\u00fade A Per\u00edcia em sa\u00fade \u00e9 uma a\u00e7\u00e3o m\u00e9dica com o objetivo de avaliar o estado de <a class=\"read-more\" href=\"https:\/\/institucional.ufrrj.br\/casst\/pericia-oficial-em-saude\/ \" >&#8230; <span class=\"font-italic\">leia mais <i class=\"fas fa-angle-right\"><\/i><\/span><\/a><\/p>\n","protected":false},"author":634,"featured_media":2033,"parent":0,"menu_order":0,"comment_status":"closed","ping_status":"closed","template":"","meta":{"_acf_changed":false,"_exactmetrics_skip_tracking":false,"_exactmetrics_sitenote_active":false,"_exactmetrics_sitenote_note":"","_exactmetrics_sitenote_category":0,"footnotes":""},"class_list":["post-2002","page","type-page","status-publish","has-post-thumbnail","hentry"],"yoast_head":"<!-- This site is optimized with the Yoast SEO plugin v27.2 - https:\/\/yoast.com\/product\/yoast-seo-wordpress\/ -->\n<title>Per\u00edcia Oficial em Sa\u00fade - Coordena\u00e7\u00e3o de Aten\u00e7\u00e3o \u00e0 Sa\u00fade e Seguran\u00e7a do Trabalho<\/title>\n<meta name=\"robots\" content=\"index, follow, max-snippet:-1, max-image-preview:large, max-video-preview:-1\" \/>\n<link rel=\"canonical\" href=\"https:\/\/institucional.ufrrj.br\/casst\/pericia-oficial-em-saude\/\" \/>\n<meta property=\"og:locale\" content=\"pt_BR\" \/>\n<meta property=\"og:type\" content=\"article\" \/>\n<meta property=\"og:title\" content=\"Per\u00edcia Oficial em Sa\u00fade - Coordena\u00e7\u00e3o de Aten\u00e7\u00e3o \u00e0 Sa\u00fade e Seguran\u00e7a do Trabalho\" \/>\n<meta property=\"og:description\" content=\"Per\u00edcia Oficial em Sa\u00fade A Per\u00edcia em sa\u00fade \u00e9 uma a\u00e7\u00e3o m\u00e9dica com o objetivo de avaliar o estado de ... leia mais\" \/>\n<meta property=\"og:url\" content=\"https:\/\/institucional.ufrrj.br\/casst\/pericia-oficial-em-saude\/\" \/>\n<meta property=\"og:site_name\" content=\"Coordena\u00e7\u00e3o de Aten\u00e7\u00e3o \u00e0 Sa\u00fade e Seguran\u00e7a do Trabalho\" \/>\n<meta property=\"article:modified_time\" content=\"2025-02-07T13:27:17+00:00\" \/>\n<meta property=\"og:image\" content=\"https:\/\/institucional.ufrrj.br\/casst\/files\/2021\/04\/casst_banner_site_01.jpg\" \/>\n\t<meta property=\"og:image:width\" content=\"2000\" \/>\n\t<meta property=\"og:image:height\" content=\"538\" \/>\n\t<meta property=\"og:image:type\" content=\"image\/jpeg\" \/>\n<meta name=\"twitter:card\" content=\"summary_large_image\" \/>\n<meta name=\"twitter:label1\" content=\"Est. tempo de leitura\" \/>\n\t<meta name=\"twitter:data1\" content=\"3 minutos\" \/>\n<script type=\"application\/ld+json\" class=\"yoast-schema-graph\">{\"@context\":\"https:\/\/schema.org\",\"@graph\":[{\"@type\":\"WebPage\",\"@id\":\"https:\/\/institucional.ufrrj.br\/casst\/pericia-oficial-em-saude\/\",\"url\":\"https:\/\/institucional.ufrrj.br\/casst\/pericia-oficial-em-saude\/\",\"name\":\"Per\u00edcia Oficial em Sa\u00fade - Coordena\u00e7\u00e3o de Aten\u00e7\u00e3o \u00e0 Sa\u00fade e Seguran\u00e7a do Trabalho\",\"isPartOf\":{\"@id\":\"https:\/\/institucional.ufrrj.br\/casst\/#website\"},\"primaryImageOfPage\":{\"@id\":\"https:\/\/institucional.ufrrj.br\/casst\/pericia-oficial-em-saude\/#primaryimage\"},\"image\":{\"@id\":\"https:\/\/institucional.ufrrj.br\/casst\/pericia-oficial-em-saude\/#primaryimage\"},\"thumbnailUrl\":\"https:\/\/institucional.ufrrj.br\/casst\/files\/2021\/04\/casst_banner_site_01.jpg\",\"datePublished\":\"2021-03-23T14:27:26+00:00\",\"dateModified\":\"2025-02-07T13:27:17+00:00\",\"breadcrumb\":{\"@id\":\"https:\/\/institucional.ufrrj.br\/casst\/pericia-oficial-em-saude\/#breadcrumb\"},\"inLanguage\":\"pt-BR\",\"potentialAction\":[{\"@type\":\"ReadAction\",\"target\":[\"https:\/\/institucional.ufrrj.br\/casst\/pericia-oficial-em-saude\/\"]}]},{\"@type\":\"ImageObject\",\"inLanguage\":\"pt-BR\",\"@id\":\"https:\/\/institucional.ufrrj.br\/casst\/pericia-oficial-em-saude\/#primaryimage\",\"url\":\"https:\/\/institucional.ufrrj.br\/casst\/files\/2021\/04\/casst_banner_site_01.jpg\",\"contentUrl\":\"https:\/\/institucional.ufrrj.br\/casst\/files\/2021\/04\/casst_banner_site_01.jpg\",\"width\":2000,\"height\":538},{\"@type\":\"BreadcrumbList\",\"@id\":\"https:\/\/institucional.ufrrj.br\/casst\/pericia-oficial-em-saude\/#breadcrumb\",\"itemListElement\":[{\"@type\":\"ListItem\",\"position\":1,\"name\":\"In\u00edcio\",\"item\":\"https:\/\/institucional.ufrrj.br\/casst\/\"},{\"@type\":\"ListItem\",\"position\":2,\"name\":\"Per\u00edcia Oficial em Sa\u00fade\"}]},{\"@type\":\"WebSite\",\"@id\":\"https:\/\/institucional.ufrrj.br\/casst\/#website\",\"url\":\"https:\/\/institucional.ufrrj.br\/casst\/\",\"name\":\"Coordena\u00e7\u00e3o de Aten\u00e7\u00e3o \u00e0 Sa\u00fade e Seguran\u00e7a do Trabalho\",\"description\":\"Coordena\u00e7\u00e3o de Aten\u00e7\u00e3o \u00e0 Sa\u00fade e Seguran\u00e7a do Trabalho\",\"potentialAction\":[{\"@type\":\"SearchAction\",\"target\":{\"@type\":\"EntryPoint\",\"urlTemplate\":\"https:\/\/institucional.ufrrj.br\/casst\/?s={search_term_string}\"},\"query-input\":{\"@type\":\"PropertyValueSpecification\",\"valueRequired\":true,\"valueName\":\"search_term_string\"}}],\"inLanguage\":\"pt-BR\"}]}<\/script>\n<!-- \/ Yoast SEO plugin. -->","yoast_head_json":{"title":"Per\u00edcia Oficial em Sa\u00fade - Coordena\u00e7\u00e3o de Aten\u00e7\u00e3o \u00e0 Sa\u00fade e Seguran\u00e7a do Trabalho","robots":{"index":"index","follow":"follow","max-snippet":"max-snippet:-1","max-image-preview":"max-image-preview:large","max-video-preview":"max-video-preview:-1"},"canonical":"https:\/\/institucional.ufrrj.br\/casst\/pericia-oficial-em-saude\/","og_locale":"pt_BR","og_type":"article","og_title":"Per\u00edcia Oficial em Sa\u00fade - Coordena\u00e7\u00e3o de Aten\u00e7\u00e3o \u00e0 Sa\u00fade e Seguran\u00e7a do Trabalho","og_description":"Per\u00edcia Oficial em Sa\u00fade A Per\u00edcia em sa\u00fade \u00e9 uma a\u00e7\u00e3o m\u00e9dica com o objetivo de avaliar o estado de ... leia mais","og_url":"https:\/\/institucional.ufrrj.br\/casst\/pericia-oficial-em-saude\/","og_site_name":"Coordena\u00e7\u00e3o de Aten\u00e7\u00e3o \u00e0 Sa\u00fade e Seguran\u00e7a do Trabalho","article_modified_time":"2025-02-07T13:27:17+00:00","og_image":[{"width":2000,"height":538,"url":"https:\/\/institucional.ufrrj.br\/casst\/files\/2021\/04\/casst_banner_site_01.jpg","type":"image\/jpeg"}],"twitter_card":"summary_large_image","twitter_misc":{"Est. tempo de leitura":"3 minutos"},"schema":{"@context":"https:\/\/schema.org","@graph":[{"@type":"WebPage","@id":"https:\/\/institucional.ufrrj.br\/casst\/pericia-oficial-em-saude\/","url":"https:\/\/institucional.ufrrj.br\/casst\/pericia-oficial-em-saude\/","name":"Per\u00edcia Oficial em Sa\u00fade - Coordena\u00e7\u00e3o de Aten\u00e7\u00e3o \u00e0 Sa\u00fade e Seguran\u00e7a do Trabalho","isPartOf":{"@id":"https:\/\/institucional.ufrrj.br\/casst\/#website"},"primaryImageOfPage":{"@id":"https:\/\/institucional.ufrrj.br\/casst\/pericia-oficial-em-saude\/#primaryimage"},"image":{"@id":"https:\/\/institucional.ufrrj.br\/casst\/pericia-oficial-em-saude\/#primaryimage"},"thumbnailUrl":"https:\/\/institucional.ufrrj.br\/casst\/files\/2021\/04\/casst_banner_site_01.jpg","datePublished":"2021-03-23T14:27:26+00:00","dateModified":"2025-02-07T13:27:17+00:00","breadcrumb":{"@id":"https:\/\/institucional.ufrrj.br\/casst\/pericia-oficial-em-saude\/#breadcrumb"},"inLanguage":"pt-BR","potentialAction":[{"@type":"ReadAction","target":["https:\/\/institucional.ufrrj.br\/casst\/pericia-oficial-em-saude\/"]}]},{"@type":"ImageObject","inLanguage":"pt-BR","@id":"https:\/\/institucional.ufrrj.br\/casst\/pericia-oficial-em-saude\/#primaryimage","url":"https:\/\/institucional.ufrrj.br\/casst\/files\/2021\/04\/casst_banner_site_01.jpg","contentUrl":"https:\/\/institucional.ufrrj.br\/casst\/files\/2021\/04\/casst_banner_site_01.jpg","width":2000,"height":538},{"@type":"BreadcrumbList","@id":"https:\/\/institucional.ufrrj.br\/casst\/pericia-oficial-em-saude\/#breadcrumb","itemListElement":[{"@type":"ListItem","position":1,"name":"In\u00edcio","item":"https:\/\/institucional.ufrrj.br\/casst\/"},{"@type":"ListItem","position":2,"name":"Per\u00edcia Oficial em Sa\u00fade"}]},{"@type":"WebSite","@id":"https:\/\/institucional.ufrrj.br\/casst\/#website","url":"https:\/\/institucional.ufrrj.br\/casst\/","name":"Coordena\u00e7\u00e3o de Aten\u00e7\u00e3o \u00e0 Sa\u00fade e Seguran\u00e7a do Trabalho","description":"Coordena\u00e7\u00e3o de Aten\u00e7\u00e3o \u00e0 Sa\u00fade e Seguran\u00e7a do Trabalho","potentialAction":[{"@type":"SearchAction","target":{"@type":"EntryPoint","urlTemplate":"https:\/\/institucional.ufrrj.br\/casst\/?s={search_term_string}"},"query-input":{"@type":"PropertyValueSpecification","valueRequired":true,"valueName":"search_term_string"}}],"inLanguage":"pt-BR"}]}},"acf":[],"_links":{"self":[{"href":"https:\/\/institucional.ufrrj.br\/casst\/wp-json\/wp\/v2\/pages\/2002","targetHints":{"allow":["GET"]}}],"collection":[{"href":"https:\/\/institucional.ufrrj.br\/casst\/wp-json\/wp\/v2\/pages"}],"about":[{"href":"https:\/\/institucional.ufrrj.br\/casst\/wp-json\/wp\/v2\/types\/page"}],"author":[{"embeddable":true,"href":"https:\/\/institucional.ufrrj.br\/casst\/wp-json\/wp\/v2\/users\/634"}],"replies":[{"embeddable":true,"href":"https:\/\/institucional.ufrrj.br\/casst\/wp-json\/wp\/v2\/comments?post=2002"}],"version-history":[{"count":2,"href":"https:\/\/institucional.ufrrj.br\/casst\/wp-json\/wp\/v2\/pages\/2002\/revisions"}],"predecessor-version":[{"id":2502,"href":"https:\/\/institucional.ufrrj.br\/casst\/wp-json\/wp\/v2\/pages\/2002\/revisions\/2502"}],"wp:featuredmedia":[{"embeddable":true,"href":"https:\/\/institucional.ufrrj.br\/casst\/wp-json\/wp\/v2\/media\/2033"}],"wp:attachment":[{"href":"https:\/\/institucional.ufrrj.br\/casst\/wp-json\/wp\/v2\/media?parent=2002"}],"curies":[{"name":"wp","href":"https:\/\/api.w.org\/{rel}","templated":true}]}}