{"id":1800,"date":"2020-12-16T11:03:09","date_gmt":"2020-12-16T14:03:09","guid":{"rendered":"http:\/\/institucional.ufrrj.br\/casst\/?page_id=1800"},"modified":"2020-12-16T11:03:09","modified_gmt":"2020-12-16T14:03:09","slug":"orientacoes-sobre-saude-e-seguranca","status":"publish","type":"page","link":"https:\/\/institucional.ufrrj.br\/casst\/orientacoes-sobre-saude-e-seguranca\/","title":{"rendered":"Orienta\u00e7\u00f5es sobre Sa\u00fade e Seguran\u00e7a"},"content":{"rendered":"<p>Durante o per\u00edodo de Distanciamento Social, cuidar da Sa\u00fade \u00e9 de fundamental import\u00e2ncia! Pensando nisso, as equipes de Vigil\u00e2ncia em Sa\u00fade e Promo\u00e7\u00e3o em Sa\u00fade da CASST, desenvolveram algumas cartilhas com dicas para cuidarmos de nossa sa\u00fade.<\/p>\n<p>&nbsp;<\/p>\n<p>Clique nos Links abaixo para acessar:<\/p>\n<p>&nbsp;<\/p>\n<p><a href=\"https:\/\/institucional.ufrrj.br\/casst\/files\/2020\/07\/Cuidados-com-Pessoa-doente-em-casa.pdf\">Cartilha 1: Cuidados com Pessoa com COVID-19 em casa<\/a><\/p>\n<p><a href=\"https:\/\/institucional.ufrrj.br\/casst\/files\/2020\/07\/Cartilha-Educativa-Preven\u00e7\u00e3o-de-Acidentes.pdf\">Cartilha 2: Preven\u00e7\u00e3o de Acidentes<\/a><\/p>\n<p><a href=\"https:\/\/institucional.ufrrj.br\/casst\/files\/2020\/07\/Combate-a-Inc\u00eandio-e-Preven\u00e7\u00e3o-de-Acidentes.pdf\">Cartilha 3: Combate a Inc\u00eandio e Preven\u00e7\u00e3o de Acidentes<\/a><\/p>\n<p><a href=\"https:\/\/institucional.ufrrj.br\/casst\/files\/2020\/07\/No\u00e7\u00f5es-B\u00e1sicas-de-Primeiros-Socorros.pdf\">Cartilha 4: No\u00e7\u00f5es B\u00e1sicas de Primeiros Socorros<\/a><\/p>\n","protected":false},"excerpt":{"rendered":"<p>Durante o per\u00edodo de Distanciamento Social, cuidar da Sa\u00fade \u00e9 de fundamental import\u00e2ncia! Pensando nisso, as equipes de Vigil\u00e2ncia em <a class=\"read-more\" href=\"https:\/\/institucional.ufrrj.br\/casst\/orientacoes-sobre-saude-e-seguranca\/ \" >&#8230; <span class=\"font-italic\">leia mais <i class=\"fas fa-angle-right\"><\/i><\/span><\/a><\/p>\n","protected":false},"author":634,"featured_media":0,"parent":0,"menu_order":0,"comment_status":"closed","ping_status":"closed","template":"","meta":{"_acf_changed":false,"_exactmetrics_skip_tracking":false,"_exactmetrics_sitenote_active":false,"_exactmetrics_sitenote_note":"","_exactmetrics_sitenote_category":0,"footnotes":""},"class_list":["post-1800","page","type-page","status-publish","hentry"],"yoast_head":"<!-- This site is optimized with the Yoast SEO plugin v27.2 - https:\/\/yoast.com\/product\/yoast-seo-wordpress\/ -->\n<title>Orienta\u00e7\u00f5es sobre Sa\u00fade e Seguran\u00e7a - Coordena\u00e7\u00e3o de Aten\u00e7\u00e3o \u00e0 Sa\u00fade e Seguran\u00e7a do Trabalho<\/title>\n<meta name=\"robots\" content=\"index, follow, max-snippet:-1, max-image-preview:large, max-video-preview:-1\" \/>\n<link rel=\"canonical\" href=\"https:\/\/institucional.ufrrj.br\/casst\/orientacoes-sobre-saude-e-seguranca\/\" \/>\n<meta property=\"og:locale\" content=\"pt_BR\" \/>\n<meta property=\"og:type\" content=\"article\" \/>\n<meta property=\"og:title\" content=\"Orienta\u00e7\u00f5es sobre Sa\u00fade e Seguran\u00e7a - Coordena\u00e7\u00e3o de Aten\u00e7\u00e3o \u00e0 Sa\u00fade e Seguran\u00e7a do Trabalho\" \/>\n<meta property=\"og:description\" content=\"Durante o per\u00edodo de Distanciamento Social, cuidar da Sa\u00fade \u00e9 de fundamental import\u00e2ncia! Pensando nisso, as equipes de Vigil\u00e2ncia em ... leia mais\" \/>\n<meta property=\"og:url\" content=\"https:\/\/institucional.ufrrj.br\/casst\/orientacoes-sobre-saude-e-seguranca\/\" \/>\n<meta property=\"og:site_name\" content=\"Coordena\u00e7\u00e3o de Aten\u00e7\u00e3o \u00e0 Sa\u00fade e Seguran\u00e7a do Trabalho\" \/>\n<meta name=\"twitter:card\" content=\"summary_large_image\" \/>\n<script type=\"application\/ld+json\" class=\"yoast-schema-graph\">{\"@context\":\"https:\/\/schema.org\",\"@graph\":[{\"@type\":\"WebPage\",\"@id\":\"https:\/\/institucional.ufrrj.br\/casst\/orientacoes-sobre-saude-e-seguranca\/\",\"url\":\"https:\/\/institucional.ufrrj.br\/casst\/orientacoes-sobre-saude-e-seguranca\/\",\"name\":\"Orienta\u00e7\u00f5es sobre Sa\u00fade e Seguran\u00e7a - Coordena\u00e7\u00e3o de Aten\u00e7\u00e3o \u00e0 Sa\u00fade e Seguran\u00e7a do Trabalho\",\"isPartOf\":{\"@id\":\"https:\/\/institucional.ufrrj.br\/casst\/#website\"},\"datePublished\":\"2020-12-16T14:03:09+00:00\",\"breadcrumb\":{\"@id\":\"https:\/\/institucional.ufrrj.br\/casst\/orientacoes-sobre-saude-e-seguranca\/#breadcrumb\"},\"inLanguage\":\"pt-BR\",\"potentialAction\":[{\"@type\":\"ReadAction\",\"target\":[\"https:\/\/institucional.ufrrj.br\/casst\/orientacoes-sobre-saude-e-seguranca\/\"]}]},{\"@type\":\"BreadcrumbList\",\"@id\":\"https:\/\/institucional.ufrrj.br\/casst\/orientacoes-sobre-saude-e-seguranca\/#breadcrumb\",\"itemListElement\":[{\"@type\":\"ListItem\",\"position\":1,\"name\":\"In\u00edcio\",\"item\":\"https:\/\/institucional.ufrrj.br\/casst\/\"},{\"@type\":\"ListItem\",\"position\":2,\"name\":\"Orienta\u00e7\u00f5es sobre Sa\u00fade e Seguran\u00e7a\"}]},{\"@type\":\"WebSite\",\"@id\":\"https:\/\/institucional.ufrrj.br\/casst\/#website\",\"url\":\"https:\/\/institucional.ufrrj.br\/casst\/\",\"name\":\"Coordena\u00e7\u00e3o de Aten\u00e7\u00e3o \u00e0 Sa\u00fade e Seguran\u00e7a do Trabalho\",\"description\":\"Coordena\u00e7\u00e3o de Aten\u00e7\u00e3o \u00e0 Sa\u00fade e Seguran\u00e7a do Trabalho\",\"potentialAction\":[{\"@type\":\"SearchAction\",\"target\":{\"@type\":\"EntryPoint\",\"urlTemplate\":\"https:\/\/institucional.ufrrj.br\/casst\/?s={search_term_string}\"},\"query-input\":{\"@type\":\"PropertyValueSpecification\",\"valueRequired\":true,\"valueName\":\"search_term_string\"}}],\"inLanguage\":\"pt-BR\"}]}<\/script>\n<!-- \/ Yoast SEO plugin. -->","yoast_head_json":{"title":"Orienta\u00e7\u00f5es sobre Sa\u00fade e Seguran\u00e7a - Coordena\u00e7\u00e3o de Aten\u00e7\u00e3o \u00e0 Sa\u00fade e Seguran\u00e7a do Trabalho","robots":{"index":"index","follow":"follow","max-snippet":"max-snippet:-1","max-image-preview":"max-image-preview:large","max-video-preview":"max-video-preview:-1"},"canonical":"https:\/\/institucional.ufrrj.br\/casst\/orientacoes-sobre-saude-e-seguranca\/","og_locale":"pt_BR","og_type":"article","og_title":"Orienta\u00e7\u00f5es sobre Sa\u00fade e Seguran\u00e7a - Coordena\u00e7\u00e3o de Aten\u00e7\u00e3o \u00e0 Sa\u00fade e Seguran\u00e7a do Trabalho","og_description":"Durante o per\u00edodo de Distanciamento Social, cuidar da Sa\u00fade \u00e9 de fundamental import\u00e2ncia! Pensando nisso, as equipes de Vigil\u00e2ncia em ... leia mais","og_url":"https:\/\/institucional.ufrrj.br\/casst\/orientacoes-sobre-saude-e-seguranca\/","og_site_name":"Coordena\u00e7\u00e3o de Aten\u00e7\u00e3o \u00e0 Sa\u00fade e Seguran\u00e7a do Trabalho","twitter_card":"summary_large_image","schema":{"@context":"https:\/\/schema.org","@graph":[{"@type":"WebPage","@id":"https:\/\/institucional.ufrrj.br\/casst\/orientacoes-sobre-saude-e-seguranca\/","url":"https:\/\/institucional.ufrrj.br\/casst\/orientacoes-sobre-saude-e-seguranca\/","name":"Orienta\u00e7\u00f5es sobre Sa\u00fade e Seguran\u00e7a - Coordena\u00e7\u00e3o de Aten\u00e7\u00e3o \u00e0 Sa\u00fade e Seguran\u00e7a do Trabalho","isPartOf":{"@id":"https:\/\/institucional.ufrrj.br\/casst\/#website"},"datePublished":"2020-12-16T14:03:09+00:00","breadcrumb":{"@id":"https:\/\/institucional.ufrrj.br\/casst\/orientacoes-sobre-saude-e-seguranca\/#breadcrumb"},"inLanguage":"pt-BR","potentialAction":[{"@type":"ReadAction","target":["https:\/\/institucional.ufrrj.br\/casst\/orientacoes-sobre-saude-e-seguranca\/"]}]},{"@type":"BreadcrumbList","@id":"https:\/\/institucional.ufrrj.br\/casst\/orientacoes-sobre-saude-e-seguranca\/#breadcrumb","itemListElement":[{"@type":"ListItem","position":1,"name":"In\u00edcio","item":"https:\/\/institucional.ufrrj.br\/casst\/"},{"@type":"ListItem","position":2,"name":"Orienta\u00e7\u00f5es sobre Sa\u00fade e Seguran\u00e7a"}]},{"@type":"WebSite","@id":"https:\/\/institucional.ufrrj.br\/casst\/#website","url":"https:\/\/institucional.ufrrj.br\/casst\/","name":"Coordena\u00e7\u00e3o de Aten\u00e7\u00e3o \u00e0 Sa\u00fade e Seguran\u00e7a do Trabalho","description":"Coordena\u00e7\u00e3o de Aten\u00e7\u00e3o \u00e0 Sa\u00fade e Seguran\u00e7a do Trabalho","potentialAction":[{"@type":"SearchAction","target":{"@type":"EntryPoint","urlTemplate":"https:\/\/institucional.ufrrj.br\/casst\/?s={search_term_string}"},"query-input":{"@type":"PropertyValueSpecification","valueRequired":true,"valueName":"search_term_string"}}],"inLanguage":"pt-BR"}]}},"acf":[],"_links":{"self":[{"href":"https:\/\/institucional.ufrrj.br\/casst\/wp-json\/wp\/v2\/pages\/1800","targetHints":{"allow":["GET"]}}],"collection":[{"href":"https:\/\/institucional.ufrrj.br\/casst\/wp-json\/wp\/v2\/pages"}],"about":[{"href":"https:\/\/institucional.ufrrj.br\/casst\/wp-json\/wp\/v2\/types\/page"}],"author":[{"embeddable":true,"href":"https:\/\/institucional.ufrrj.br\/casst\/wp-json\/wp\/v2\/users\/634"}],"replies":[{"embeddable":true,"href":"https:\/\/institucional.ufrrj.br\/casst\/wp-json\/wp\/v2\/comments?post=1800"}],"version-history":[{"count":1,"href":"https:\/\/institucional.ufrrj.br\/casst\/wp-json\/wp\/v2\/pages\/1800\/revisions"}],"predecessor-version":[{"id":1801,"href":"https:\/\/institucional.ufrrj.br\/casst\/wp-json\/wp\/v2\/pages\/1800\/revisions\/1801"}],"wp:attachment":[{"href":"https:\/\/institucional.ufrrj.br\/casst\/wp-json\/wp\/v2\/media?parent=1800"}],"curies":[{"name":"wp","href":"https:\/\/api.w.org\/{rel}","templated":true}]}}