{"id":18,"date":"2013-02-18T18:34:17","date_gmt":"2013-02-18T18:34:17","guid":{"rendered":"http:\/\/institucional.ufrrj.br\/nassur\/?page_id=18"},"modified":"2026-04-30T10:15:51","modified_gmt":"2026-04-30T13:15:51","slug":"equipe","status":"publish","type":"page","link":"https:\/\/institucional.ufrrj.br\/casst\/equipe\/","title":{"rendered":"Equipe"},"content":{"rendered":"<p style=\"text-align: center\"><span style=\"font-size: 16px;color: #000000\">COORDENA\u00c7\u00c3O DE ATEN\u00c7\u00c3O \u00c0 SA\u00daDE E SEGURAN\u00c7A DO TRABALHO (CASST-UFRRJ)<\/span><\/p>\n<p>&nbsp;<\/p>\n<p style=\"text-align: center\"><span style=\"font-size: 16px;color: #000000\"><strong>Coordena\u00e7\u00e3o<\/strong>: Patr\u00edcia Rodrigues da Rocha Nogueira (Enfermeira)<\/span><\/p>\n<p style=\"text-align: center\"><span style=\"font-size: 16px;color: #000000\"><strong>Vice-Coordena\u00e7\u00e3o: <\/strong>Ana Paula da Silva Gon\u00e7alves (Auxiliar de Sa\u00fade)<\/span><\/p>\n<p>&nbsp;<\/p>\n<p style=\"text-align: center\"><span style=\"font-size: 16px;color: #000000\"><strong>Equipe<\/strong><\/span><\/p>\n<p>&nbsp;<\/p>\n<p style=\"text-align: center\"><span style=\"font-size: 16px;color: #000000\"><strong>Secretaria Administrativa:<\/strong><\/span><\/p>\n<p style=\"text-align: center\"><span style=\"font-size: 16px;color: #000000\">Orlando Dias Chaves Filho (Servidor Reintegrado)<\/span><\/p>\n<p style=\"text-align: center\"><span style=\"font-size: 16px;color: #000000\">Rafael de Oliveira Silva (Auxiliar em Administra\u00e7\u00e3o)<\/span><\/p>\n<p style=\"text-align: center\">Willian Duarte Rios (Assistente em Administra\u00e7\u00e3o)<\/p>\n<p>&nbsp;<\/p>\n<p style=\"text-align: center\"><span style=\"font-size: 16px;color: #000000\"><strong>Coordena\u00e7\u00e3o de Per\u00edcia em Sa\u00fade<\/strong>:<\/span><\/p>\n<p style=\"text-align: center\"><span style=\"font-size: 16px;color: #000000\">Ana L\u00facia Ara\u00fajo Peixoto (M\u00e9dica)\u00a0<\/span><\/p>\n<p style=\"text-align: center\"><span style=\"font-size: 16px;color: #000000\">Ana Paula Campos de Souza (M\u00e9dica)<\/span><\/p>\n<p style=\"text-align: center\"><span style=\"font-size: 16px;color: #000000\">Andr\u00e9 Luis Campos Lima (M\u00e9dico)<\/span><\/p>\n<p style=\"text-align: center\">Diego Costa Ferreira (M\u00e9dico)<\/p>\n<p style=\"text-align: center\">Vangie Dias da Silva (M\u00e9dica)<\/p>\n<p>&nbsp;<\/p>\n<p style=\"text-align: center\"><span style=\"font-size: 16px;color: #000000\"><strong>Coordena\u00e7\u00e3o de Promo\u00e7\u00e3o em Sa\u00fade<\/strong>:<\/span><\/p>\n<p style=\"text-align: center\"><span style=\"font-size: 16px;color: #000000\">Amanda Silva Belo (Assistente Social)<\/span><\/p>\n<p style=\"text-align: center\"><span style=\"font-size: 16px;color: #000000\">Bianca Cristina da Silva Janssens\u00a0 (Psic\u00f3loga)<\/span><\/p>\n<p style=\"text-align: center\"><span style=\"font-size: 16px;color: #000000\">Elen Mara Gomes de L\u00e9o\u00a0 (Psic\u00f3loga)<\/span><\/p>\n<p style=\"text-align: center\"><span style=\"font-size: 16px;color: #000000\">Jacqueline de Assis Cunha (Fisioterapeuta)<\/span><\/p>\n<p style=\"text-align: center\"><span style=\"font-size: 16px;color: #000000\">Laura Maria Pereira dos Santos (Auxiliar de Enfermagem)<\/span><\/p>\n<p style=\"text-align: center\"><span style=\"font-size: 16px;color: #000000\">Viviane Arno Di Palma (Fisioterapeuta)<\/span><\/p>\n<p>&nbsp;<\/p>\n<p style=\"text-align: center\"><span style=\"font-size: 16px;color: #000000\"><strong>Coordena\u00e7\u00e3o de Vigil\u00e2ncia em Sa\u00fade<\/strong>:<\/span><\/p>\n<p style=\"text-align: center\"><span style=\"font-size: 16px;color: #000000\">Carolina Souza Nogueira (M\u00e9dica do Trabalho)<\/span><\/p>\n<p style=\"text-align: center\"><span style=\"font-size: 16px;color: #000000\">Claudio da Silva Santos (T\u00e9cnico de Seguran\u00e7a do Trabalho)<\/span><\/p>\n<p style=\"text-align: center\"><span style=\"font-size: 16px;color: #000000\">Fabiano de Mattos Gama (T\u00e9cnico de Seguran\u00e7a do Trabalho)<\/span><\/p>\n<p style=\"text-align: center\"><span style=\"font-size: 16px;color: #000000\">Gabriel Freitas de Andrade (T\u00e9cnico de Seguran\u00e7a do Trabalho)<\/span><\/p>\n<p style=\"text-align: center\"><span style=\"font-size: 16px;color: #000000\">Jonas Teixeira Geraldo (T\u00e9cnico de Seguran\u00e7a do Trabalho)\u00a0<\/span><\/p>\n<p style=\"text-align: center\"><span style=\"font-size: 16px;color: #000000\">Luis Felipe Alonso Alves (Engenheiro de Seguran\u00e7a do Trabalho)\u00a0<\/span><\/p>\n<p>&nbsp;<\/p>\n<p>&nbsp;<\/p>\n<p style=\"text-align: center\">\n","protected":false},"excerpt":{"rendered":"<p>COORDENA\u00c7\u00c3O DE ATEN\u00c7\u00c3O \u00c0 SA\u00daDE E SEGURAN\u00c7A DO TRABALHO (CASST-UFRRJ) &nbsp; Coordena\u00e7\u00e3o: Patr\u00edcia Rodrigues da Rocha Nogueira (Enfermeira) Vice-Coordena\u00e7\u00e3o: Ana <a class=\"read-more\" href=\"https:\/\/institucional.ufrrj.br\/casst\/equipe\/ \" >&#8230; <span class=\"font-italic\">leia mais <i class=\"fas fa-angle-right\"><\/i><\/span><\/a><\/p>\n","protected":false},"author":634,"featured_media":0,"parent":0,"menu_order":0,"comment_status":"open","ping_status":"open","template":"","meta":{"_acf_changed":false,"_exactmetrics_skip_tracking":false,"_exactmetrics_sitenote_active":false,"_exactmetrics_sitenote_note":"","_exactmetrics_sitenote_category":0,"footnotes":""},"class_list":["post-18","page","type-page","status-publish","hentry"],"yoast_head":"<!-- This site is optimized with the Yoast SEO plugin v27.2 - https:\/\/yoast.com\/product\/yoast-seo-wordpress\/ -->\n<title>Equipe - Coordena\u00e7\u00e3o de Aten\u00e7\u00e3o \u00e0 Sa\u00fade e Seguran\u00e7a do Trabalho<\/title>\n<meta name=\"robots\" content=\"index, follow, max-snippet:-1, max-image-preview:large, max-video-preview:-1\" \/>\n<link rel=\"canonical\" href=\"https:\/\/institucional.ufrrj.br\/casst\/equipe\/\" \/>\n<meta property=\"og:locale\" content=\"pt_BR\" \/>\n<meta property=\"og:type\" content=\"article\" \/>\n<meta property=\"og:title\" content=\"Equipe - Coordena\u00e7\u00e3o de Aten\u00e7\u00e3o \u00e0 Sa\u00fade e Seguran\u00e7a do Trabalho\" \/>\n<meta property=\"og:description\" content=\"COORDENA\u00c7\u00c3O DE ATEN\u00c7\u00c3O \u00c0 SA\u00daDE E SEGURAN\u00c7A DO TRABALHO (CASST-UFRRJ) &nbsp; Coordena\u00e7\u00e3o: Patr\u00edcia Rodrigues da Rocha Nogueira (Enfermeira) Vice-Coordena\u00e7\u00e3o: Ana ... leia mais\" \/>\n<meta property=\"og:url\" content=\"https:\/\/institucional.ufrrj.br\/casst\/equipe\/\" \/>\n<meta property=\"og:site_name\" content=\"Coordena\u00e7\u00e3o de Aten\u00e7\u00e3o \u00e0 Sa\u00fade e Seguran\u00e7a do Trabalho\" \/>\n<meta property=\"article:modified_time\" content=\"2026-04-30T13:15:51+00:00\" \/>\n<meta name=\"twitter:card\" content=\"summary_large_image\" \/>\n<meta name=\"twitter:label1\" content=\"Est. tempo de leitura\" \/>\n\t<meta name=\"twitter:data1\" content=\"1 minuto\" \/>\n<script type=\"application\/ld+json\" class=\"yoast-schema-graph\">{\"@context\":\"https:\/\/schema.org\",\"@graph\":[{\"@type\":\"WebPage\",\"@id\":\"https:\/\/institucional.ufrrj.br\/casst\/equipe\/\",\"url\":\"https:\/\/institucional.ufrrj.br\/casst\/equipe\/\",\"name\":\"Equipe - Coordena\u00e7\u00e3o de Aten\u00e7\u00e3o \u00e0 Sa\u00fade e Seguran\u00e7a do Trabalho\",\"isPartOf\":{\"@id\":\"https:\/\/institucional.ufrrj.br\/casst\/#website\"},\"datePublished\":\"2013-02-18T18:34:17+00:00\",\"dateModified\":\"2026-04-30T13:15:51+00:00\",\"breadcrumb\":{\"@id\":\"https:\/\/institucional.ufrrj.br\/casst\/equipe\/#breadcrumb\"},\"inLanguage\":\"pt-BR\",\"potentialAction\":[{\"@type\":\"ReadAction\",\"target\":[\"https:\/\/institucional.ufrrj.br\/casst\/equipe\/\"]}]},{\"@type\":\"BreadcrumbList\",\"@id\":\"https:\/\/institucional.ufrrj.br\/casst\/equipe\/#breadcrumb\",\"itemListElement\":[{\"@type\":\"ListItem\",\"position\":1,\"name\":\"In\u00edcio\",\"item\":\"https:\/\/institucional.ufrrj.br\/casst\/\"},{\"@type\":\"ListItem\",\"position\":2,\"name\":\"Equipe\"}]},{\"@type\":\"WebSite\",\"@id\":\"https:\/\/institucional.ufrrj.br\/casst\/#website\",\"url\":\"https:\/\/institucional.ufrrj.br\/casst\/\",\"name\":\"Coordena\u00e7\u00e3o de Aten\u00e7\u00e3o \u00e0 Sa\u00fade e Seguran\u00e7a do Trabalho\",\"description\":\"Coordena\u00e7\u00e3o de Aten\u00e7\u00e3o \u00e0 Sa\u00fade e Seguran\u00e7a do Trabalho\",\"potentialAction\":[{\"@type\":\"SearchAction\",\"target\":{\"@type\":\"EntryPoint\",\"urlTemplate\":\"https:\/\/institucional.ufrrj.br\/casst\/?s={search_term_string}\"},\"query-input\":{\"@type\":\"PropertyValueSpecification\",\"valueRequired\":true,\"valueName\":\"search_term_string\"}}],\"inLanguage\":\"pt-BR\"}]}<\/script>\n<!-- \/ Yoast SEO plugin. -->","yoast_head_json":{"title":"Equipe - Coordena\u00e7\u00e3o de Aten\u00e7\u00e3o \u00e0 Sa\u00fade e Seguran\u00e7a do Trabalho","robots":{"index":"index","follow":"follow","max-snippet":"max-snippet:-1","max-image-preview":"max-image-preview:large","max-video-preview":"max-video-preview:-1"},"canonical":"https:\/\/institucional.ufrrj.br\/casst\/equipe\/","og_locale":"pt_BR","og_type":"article","og_title":"Equipe - Coordena\u00e7\u00e3o de Aten\u00e7\u00e3o \u00e0 Sa\u00fade e Seguran\u00e7a do Trabalho","og_description":"COORDENA\u00c7\u00c3O DE ATEN\u00c7\u00c3O \u00c0 SA\u00daDE E SEGURAN\u00c7A DO TRABALHO (CASST-UFRRJ) &nbsp; Coordena\u00e7\u00e3o: Patr\u00edcia Rodrigues da Rocha Nogueira (Enfermeira) Vice-Coordena\u00e7\u00e3o: Ana ... leia mais","og_url":"https:\/\/institucional.ufrrj.br\/casst\/equipe\/","og_site_name":"Coordena\u00e7\u00e3o de Aten\u00e7\u00e3o \u00e0 Sa\u00fade e Seguran\u00e7a do Trabalho","article_modified_time":"2026-04-30T13:15:51+00:00","twitter_card":"summary_large_image","twitter_misc":{"Est. tempo de leitura":"1 minuto"},"schema":{"@context":"https:\/\/schema.org","@graph":[{"@type":"WebPage","@id":"https:\/\/institucional.ufrrj.br\/casst\/equipe\/","url":"https:\/\/institucional.ufrrj.br\/casst\/equipe\/","name":"Equipe - Coordena\u00e7\u00e3o de Aten\u00e7\u00e3o \u00e0 Sa\u00fade e Seguran\u00e7a do Trabalho","isPartOf":{"@id":"https:\/\/institucional.ufrrj.br\/casst\/#website"},"datePublished":"2013-02-18T18:34:17+00:00","dateModified":"2026-04-30T13:15:51+00:00","breadcrumb":{"@id":"https:\/\/institucional.ufrrj.br\/casst\/equipe\/#breadcrumb"},"inLanguage":"pt-BR","potentialAction":[{"@type":"ReadAction","target":["https:\/\/institucional.ufrrj.br\/casst\/equipe\/"]}]},{"@type":"BreadcrumbList","@id":"https:\/\/institucional.ufrrj.br\/casst\/equipe\/#breadcrumb","itemListElement":[{"@type":"ListItem","position":1,"name":"In\u00edcio","item":"https:\/\/institucional.ufrrj.br\/casst\/"},{"@type":"ListItem","position":2,"name":"Equipe"}]},{"@type":"WebSite","@id":"https:\/\/institucional.ufrrj.br\/casst\/#website","url":"https:\/\/institucional.ufrrj.br\/casst\/","name":"Coordena\u00e7\u00e3o de Aten\u00e7\u00e3o \u00e0 Sa\u00fade e Seguran\u00e7a do Trabalho","description":"Coordena\u00e7\u00e3o de Aten\u00e7\u00e3o \u00e0 Sa\u00fade e Seguran\u00e7a do Trabalho","potentialAction":[{"@type":"SearchAction","target":{"@type":"EntryPoint","urlTemplate":"https:\/\/institucional.ufrrj.br\/casst\/?s={search_term_string}"},"query-input":{"@type":"PropertyValueSpecification","valueRequired":true,"valueName":"search_term_string"}}],"inLanguage":"pt-BR"}]}},"acf":[],"_links":{"self":[{"href":"https:\/\/institucional.ufrrj.br\/casst\/wp-json\/wp\/v2\/pages\/18","targetHints":{"allow":["GET"]}}],"collection":[{"href":"https:\/\/institucional.ufrrj.br\/casst\/wp-json\/wp\/v2\/pages"}],"about":[{"href":"https:\/\/institucional.ufrrj.br\/casst\/wp-json\/wp\/v2\/types\/page"}],"author":[{"embeddable":true,"href":"https:\/\/institucional.ufrrj.br\/casst\/wp-json\/wp\/v2\/users\/634"}],"replies":[{"embeddable":true,"href":"https:\/\/institucional.ufrrj.br\/casst\/wp-json\/wp\/v2\/comments?post=18"}],"version-history":[{"count":4,"href":"https:\/\/institucional.ufrrj.br\/casst\/wp-json\/wp\/v2\/pages\/18\/revisions"}],"predecessor-version":[{"id":2633,"href":"https:\/\/institucional.ufrrj.br\/casst\/wp-json\/wp\/v2\/pages\/18\/revisions\/2633"}],"wp:attachment":[{"href":"https:\/\/institucional.ufrrj.br\/casst\/wp-json\/wp\/v2\/media?parent=18"}],"curies":[{"name":"wp","href":"https:\/\/api.w.org\/{rel}","templated":true}]}}