{"id":1796,"date":"2020-12-16T11:00:28","date_gmt":"2020-12-16T14:00:28","guid":{"rendered":"http:\/\/institucional.ufrrj.br\/casst\/?page_id=1796"},"modified":"2025-01-14T09:09:05","modified_gmt":"2025-01-14T12:09:05","slug":"orientacoes-sobre-saude","status":"publish","type":"page","link":"https:\/\/institucional.ufrrj.br\/casst\/orientacoes-sobre-saude\/","title":{"rendered":"Orienta\u00e7\u00f5es sobre Sa\u00fade"},"content":{"rendered":"<p>Durante o per\u00edodo de Distanciamento Social, cuidar da Sa\u00fade \u00e9 de fundamental import\u00e2ncia! Pensando nisso, a equipe de Promo\u00e7\u00e3o em Sa\u00fade da CASST, com apoio da equipe de Per\u00edcia M\u00e9dica, desenvolveu algumas cartilhas com dicas para cuidarmos de nossa sa\u00fade.<\/p>\n<p>&nbsp;<\/p>\n<p>Clique nos Links abaixo para acessar:<\/p>\n<p>&nbsp;<\/p>\n<p><a href=\"https:\/\/institucional.ufrrj.br\/casst\/files\/2021\/01\/Ergonomia-e-Home-Office.pdf\">Cartilha 1: Ergonomia e Home Office<\/a><\/p>\n<p><a href=\"https:\/\/institucional.ufrrj.br\/casst\/files\/2020\/07\/Caf\u00e9-e-Sa\u00fade-1.pdf\">Cartilha 2: Os benef\u00edcios do Caf\u00e9 na Sa\u00fade<\/a><\/p>\n<p><a href=\"https:\/\/institucional.ufrrj.br\/casst\/files\/2020\/04\/Sono.pdf\">Cartilha 3: Sono \u2013 Dicas para ter um bom dia ap\u00f3s uma boa noite de sono<\/a><\/p>\n<p><a href=\"https:\/\/institucional.ufrrj.br\/casst\/files\/2020\/07\/Enxaqueca-1.pdf\">Cartilha 4: Enxaqueca<\/a><\/p>\n<p><a href=\"https:\/\/institucional.ufrrj.br\/casst\/files\/2020\/06\/Epigen\u00e9tica.pdf\">Cartilha 5: Epigen\u00e9tica e suas influ\u00eancias na Sa\u00fade<\/a><\/p>\n<p><a href=\"https:\/\/institucional.ufrrj.br\/casst\/files\/2020\/07\/Novo-Normal.pdf\">Cartilha 6: O Novo Normal<\/a><\/p>\n<p><a href=\"https:\/\/institucional.ufrrj.br\/casst\/files\/2021\/01\/Profissionais-de-Sa\u00fade-no-Combate-a-Pandemia.pdf\">Cartilha 7: Profissionais de sa\u00fade no combate a pandemia do coronav\u00edrus<\/a><\/p>\n<p><a href=\"https:\/\/institucional.ufrrj.br\/casst\/files\/2020\/06\/Gestante-e-Covid-19-1.pdf\">Cartilha 8: Gestante e Covid-19<\/a><\/p>\n<p><a href=\"https:\/\/institucional.ufrrj.br\/casst\/files\/2020\/09\/Orienta\u00e7\u00e3o-Postural-4.pdf\">Cartilha 9: Orienta\u00e7\u00e3o Postural<\/a><\/p>\n<p><a href=\"https:\/\/institucional.ufrrj.br\/casst\/files\/2020\/09\/Combate-ao-Tabagismo-2.pdf\">Cartilha 10: Combate ao Tabagismo<\/a><\/p>\n<p><a href=\"https:\/\/institucional.ufrrj.br\/casst\/files\/2020\/09\/Cefaleia.pdf\">Cartilha 11: Cefaleia<\/a><\/p>\n<p><a href=\"https:\/\/institucional.ufrrj.br\/casst\/files\/2020\/10\/Alzheimer-e-Preven\u00e7\u00e3o.pdf\">Cartilha 12: Alzheimer e Preven\u00e7\u00e3o<\/a><\/p>\n<p><a href=\"https:\/\/institucional.ufrrj.br\/casst\/files\/2020\/11\/LER-DORT.pdf\">Cartilha 13: LER\/DORT<\/a><\/p>\n<p><a href=\"https:\/\/institucional.ufrrj.br\/casst\/files\/2021\/02\/Cancer-de-Mama-Outubro-Rosa.pdf\">Cartilha 14: C\u00e2ncer de Mama (Outubro Rosa)<\/a><\/p>\n<p><a href=\"https:\/\/institucional.ufrrj.br\/casst\/files\/2020\/10\/C\u00e2ncer-de-Colo-de-\u00datero.pdf\">Cartilha 15: C\u00e2ncer de Colo de \u00datero (Outubro Rosa)<\/a><\/p>\n<p><a href=\"https:\/\/institucional.ufrrj.br\/casst\/files\/2021\/02\/Fibromialgia.pdf\">Cartilha 16: Fibromialgia<\/a><\/p>\n<p><a href=\"https:\/\/institucional.ufrrj.br\/casst\/files\/2021\/02\/Diabetes.pdf\">Cartilha 17: Diabetes<\/a><\/p>\n<p><a href=\"https:\/\/institucional.ufrrj.br\/casst\/files\/2021\/02\/C\u00e2ncer-de-Pr\u00f3stata.pdf\">Cartilha 18: C\u00e2ncer de Pr\u00f3stata (Novembro Azul)<\/a><\/p>\n<p><a href=\"https:\/\/institucional.ufrrj.br\/casst\/files\/2021\/02\/Sororidade-e-Combate-\u00e0-Viol\u00eancia-contra-a-mulher.pdf\">Cartilha 19: Sororidade e Combate \u00e0 Viol\u00eancia contra a mulher<\/a><\/p>\n<p><a href=\"https:\/\/institucional.ufrrj.br\/casst\/files\/2021\/02\/Doen\u00e7as-Reumatol\u00f3gicas.pdf\">Cartilha 20: Doen\u00e7as Reumatol\u00f3gicas<\/a><\/p>\n<p><a href=\"https:\/\/institucional.ufrrj.br\/casst\/files\/2021\/02\/Vacina\u00e7\u00e3o.pdf\">Cartilha 21: Vacina\u00e7\u00e3o<\/a><\/p>\n<p><a href=\"https:\/\/institucional.ufrrj.br\/casst\/files\/2021\/02\/Conscientiza\u00e7\u00e3o-e-combate-\u00e0-AIDS-Dezembro-Vermelho.pdf\">Cartilha 22: Conscientiza\u00e7\u00e3o e combate \u00e0 AIDS (Dezembro Vermelho)<\/a><\/p>\n<p><a href=\"https:\/\/institucional.ufrrj.br\/casst\/files\/2021\/02\/Per\u00edcia-em-Sa\u00fade-Durante-a-Pandemia.pdf\">Cartilha 23: Per\u00edcia em Sa\u00fade Durante a Pandemia<\/a><\/p>\n<p><a href=\"https:\/\/institucional.ufrrj.br\/casst\/files\/2021\/02\/Imunidade-e-Multivitam\u00ednicos.pdf\">Cartilha 24: Imunidade e Multivitam\u00ednicos<\/a><\/p>\n<p><a href=\"https:\/\/institucional.ufrrj.br\/casst\/files\/2021\/02\/O-que-\u00e9-vacina-e-como-ela-age-no-nosso-organismo.pdf\">Cartilha 25: O que \u00e9 vacina e como ela age no nosso organismo?<\/a><\/p>\n<p><a href=\"https:\/\/institucional.ufrrj.br\/casst\/files\/2021\/02\/As-vacinas-sa\u0303o-seguras.pdf\">Cartilha 26: As vacinas s\u00e3o seguras?<\/a><\/p>\n<p><a href=\"https:\/\/institucional.ufrrj.br\/casst\/files\/2021\/02\/Novo-Tempo-Requer-Novas-Atitutes.pdf\">Cartilha 27: Novo tempo requer novas atitudes<\/a><\/p>\n<p><a href=\"https:\/\/institucional.ufrrj.br\/casst\/files\/2021\/02\/Imuniza\u00e7\u00e3o-coletiva.pdf\">Cartilha 28: Imuniza\u00e7\u00e3o coleitva<\/a><\/p>\n<p><a href=\"https:\/\/institucional.ufrrj.br\/casst\/files\/2021\/02\/Gelo-e-calor-quando-e-qual-usar.pdf\">Cartilha 29: Gelo e Calor: quando e qual usar?<\/a><\/p>\n<p><a href=\"https:\/\/institucional.ufrrj.br\/casst\/files\/2021\/02\/M\u00e9todos-contraceptivos.pdf\">Cartilha 30: M\u00e9todos Contraceptivos<\/a><\/p>\n<p><a href=\"https:\/\/institucional.ufrrj.br\/casst\/files\/2021\/03\/Obesidade.pdf\">Cartilha 31: Obesidade<\/a><\/p>\n<p><a href=\"https:\/\/institucional.ufrrj.br\/casst\/files\/2021\/03\/Benef\u00edcios-da-atividade-f\u00edsica-e-o-impacto-do-sedentarismo-na-nossa-sa\u00fade.pdf\">Cartilha 32: Benef\u00edcios da atividade f\u00edsica e o impacto do sedentarismo na nossa sa\u00fade<\/a><\/p>\n<p><a href=\"https:\/\/institucional.ufrrj.br\/casst\/files\/2021\/04\/Tuberculose.pdf\">Cartilha 33: Tuberculose<\/a><\/p>\n<p><a href=\"https:\/\/institucional.ufrrj.br\/casst\/files\/2021\/04\/Alimenta\u00e7\u00e3o-e-Sa\u00fade-Dicas-para-h\u00e1bitos-alimentares-saud\u00e1veis.pdf\">Cartilha 34: Alimenta\u00e7\u00e3o e Sa\u00fade: Dicas para h\u00e1bitos alimentares saud\u00e1veis<\/a><\/p>\n<p><a href=\"https:\/\/institucional.ufrrj.br\/casst\/files\/2021\/04\/Medita\u00e7\u00e3o.pdf\">Cartilha 35: Medita\u00e7\u00e3o<\/a><\/p>\n<p><a href=\"https:\/\/institucional.ufrrj.br\/casst\/files\/2021\/04\/Hipertens\u00e3o-Arterial.pdf\">Cartilha 36: Hipertens\u00e3o Arterial<\/a><\/p>\n<p><a href=\"https:\/\/institucional.ufrrj.br\/casst\/files\/2021\/05\/Higieniza\u00e7\u00e3o-das-M\u00e3os.pdf\">Cartilha 37: Higieniza\u00e7\u00e3o das M\u00e3os<\/a><\/p>\n<p><a href=\"https:\/\/institucional.ufrrj.br\/casst\/files\/2021\/05\/Osteoporose.pdf\">Cartilha 38: Osteoporose<\/a><\/p>\n<p><a href=\"https:\/\/institucional.ufrrj.br\/casst\/files\/2021\/06\/Dia-de-Luta-das-Mulheres.pdf\">Cartilha 39: Dia de Luta \u00e0 sa\u00fade das Mulheres<\/a><\/p>\n<p><a href=\"https:\/\/institucional.ufrrj.br\/casst\/files\/2021\/08\/Colesterol.pdf\">Cartilha 40: Colesterol<\/a><\/p>\n<p><a href=\"https:\/\/institucional.ufrrj.br\/casst\/files\/2021\/08\/Tarefas-do-Dia-a-dia-Parte-1.pdf\">Cartilha 41: Tarefas do Dia a dia &#8211; Parte 1<\/a><\/p>\n<p><a href=\"https:\/\/institucional.ufrrj.br\/casst\/files\/2021\/08\/Dor.pdf\">Cartilha 42: Dor<\/a><\/p>\n<p><a href=\"https:\/\/institucional.ufrrj.br\/casst\/files\/2021\/08\/Fumo-na-Pandemia.pdf\">Cartilha 43: Dia Nacional de Combate ao Fumo &#8211; Incid\u00eancia na Pandemia<\/a><\/p>\n<p><a href=\"https:\/\/institucional.ufrrj.br\/casst\/files\/2022\/01\/Tarefas-do-dia-a-dia-Parte-2.pdf\">Cartilha 44: Tarefas do Dia a dia &#8211; Parte 2<\/a><\/p>\n<p><a href=\"http:\/\/\">Cartilha 45: Refor\u00e7o Vacinal contra COVID-19<\/a><\/p>\n<p><a href=\"https:\/\/institucional.ufrrj.br\/casst\/files\/2022\/01\/S\u00edndrome-p\u00f3s-covid.pdf\">Cartilha 46: S\u00edndrome P\u00f3s-COVID-19<\/a><\/p>\n<p><a href=\"https:\/\/institucional.ufrrj.br\/casst\/files\/2022\/01\/Tarefas-do-dia-a-dia-Parte-3.pdf\">Cartilha 47: Tarefas do Dia a dia &#8211; Parte 3<\/a><\/p>\n<p><a href=\"https:\/\/institucional.ufrrj.br\/casst\/files\/2022\/01\/Autocuidado.pdf\">Cartilha 48: Autocuidado<\/a><\/p>\n<p><a href=\"https:\/\/institucional.ufrrj.br\/casst\/files\/2022\/01\/\u00c1lcool-na-pandemia-Parte-1.pdf\">Cartilha 49: \u00c1lcool na pandemia &#8211; Parte 1<\/a><\/p>\n<p><a href=\"https:\/\/institucional.ufrrj.br\/casst\/files\/2022\/01\/Sa\u00fade-do-Homem.pdf\">Cartilha 50: Sa\u00fade do Homem<\/a><\/p>\n<p><a href=\"https:\/\/institucional.ufrrj.br\/casst\/files\/2022\/01\/Caminhar-e-Viver-Mais.pdf\">Cartilha 51: Caminhar e viver mais<\/a><\/p>\n<p><a href=\"https:\/\/institucional.ufrrj.br\/casst\/files\/2022\/01\/H\u00e1bitos-que-prejudicam-a-postura.pdf\">Cartilha 52: H\u00e1bitos que prejudicam: Postura Inadequada<\/a><\/p>\n<p><a href=\"https:\/\/institucional.ufrrj.br\/casst\/files\/2022\/01\/Campanha-de-Vacina\u00e7\u00e3o-contra-a-Gripe-1.pdf\">Cartilha 53: Vacina\u00e7\u00e3o contra a Gripe<\/a><\/p>\n<p><a href=\"https:\/\/institucional.ufrrj.br\/casst\/files\/2022\/01\/\u00c1lcool-na-pandemia-Parte-2.pdf\">Cartilha 54: \u00c1lcool na pandemia &#8211; Parte 2<\/a><\/p>\n<p><a href=\"https:\/\/institucional.ufrrj.br\/casst\/files\/2022\/01\/H\u00e1bitos-que-Prejudicam-TV.pdf\">Cartilha 55: H\u00e1bitos que prejudicam: Assistindo TV<\/a><\/p>\n<p><a href=\"https:\/\/institucional.ufrrj.br\/casst\/files\/2022\/01\/Esquecido.pdf\">Cartilha 56: Esquecido? &#8211; Exerc\u00edcios para Mem\u00f3ria<\/a><\/p>\n","protected":false},"excerpt":{"rendered":"<p>Durante o per\u00edodo de Distanciamento Social, cuidar da Sa\u00fade \u00e9 de fundamental import\u00e2ncia! Pensando nisso, a equipe de Promo\u00e7\u00e3o em <a class=\"read-more\" href=\"https:\/\/institucional.ufrrj.br\/casst\/orientacoes-sobre-saude\/ \" >&#8230; <span class=\"font-italic\">leia mais <i class=\"fas fa-angle-right\"><\/i><\/span><\/a><\/p>\n","protected":false},"author":634,"featured_media":0,"parent":0,"menu_order":0,"comment_status":"closed","ping_status":"closed","template":"","meta":{"_acf_changed":false,"_exactmetrics_skip_tracking":false,"_exactmetrics_sitenote_active":false,"_exactmetrics_sitenote_note":"","_exactmetrics_sitenote_category":0,"footnotes":""},"class_list":["post-1796","page","type-page","status-publish","hentry"],"yoast_head":"<!-- This site is optimized with the Yoast SEO plugin v27.2 - https:\/\/yoast.com\/product\/yoast-seo-wordpress\/ -->\n<title>Orienta\u00e7\u00f5es sobre Sa\u00fade - Coordena\u00e7\u00e3o de Aten\u00e7\u00e3o \u00e0 Sa\u00fade e Seguran\u00e7a do Trabalho<\/title>\n<meta name=\"robots\" content=\"index, follow, max-snippet:-1, max-image-preview:large, max-video-preview:-1\" \/>\n<link rel=\"canonical\" href=\"https:\/\/institucional.ufrrj.br\/casst\/orientacoes-sobre-saude\/\" \/>\n<meta property=\"og:locale\" content=\"pt_BR\" \/>\n<meta property=\"og:type\" content=\"article\" \/>\n<meta property=\"og:title\" content=\"Orienta\u00e7\u00f5es sobre Sa\u00fade - Coordena\u00e7\u00e3o de Aten\u00e7\u00e3o \u00e0 Sa\u00fade e Seguran\u00e7a do Trabalho\" \/>\n<meta property=\"og:description\" content=\"Durante o per\u00edodo de Distanciamento Social, cuidar da Sa\u00fade \u00e9 de fundamental import\u00e2ncia! Pensando nisso, a equipe de Promo\u00e7\u00e3o em ... leia mais\" \/>\n<meta property=\"og:url\" content=\"https:\/\/institucional.ufrrj.br\/casst\/orientacoes-sobre-saude\/\" \/>\n<meta property=\"og:site_name\" content=\"Coordena\u00e7\u00e3o de Aten\u00e7\u00e3o \u00e0 Sa\u00fade e Seguran\u00e7a do Trabalho\" \/>\n<meta property=\"article:modified_time\" content=\"2025-01-14T12:09:05+00:00\" \/>\n<meta name=\"twitter:card\" content=\"summary_large_image\" \/>\n<meta name=\"twitter:label1\" content=\"Est. tempo de leitura\" \/>\n\t<meta name=\"twitter:data1\" content=\"2 minutos\" \/>\n<script type=\"application\/ld+json\" class=\"yoast-schema-graph\">{\"@context\":\"https:\/\/schema.org\",\"@graph\":[{\"@type\":\"WebPage\",\"@id\":\"https:\/\/institucional.ufrrj.br\/casst\/orientacoes-sobre-saude\/\",\"url\":\"https:\/\/institucional.ufrrj.br\/casst\/orientacoes-sobre-saude\/\",\"name\":\"Orienta\u00e7\u00f5es sobre Sa\u00fade - Coordena\u00e7\u00e3o de Aten\u00e7\u00e3o \u00e0 Sa\u00fade e Seguran\u00e7a do Trabalho\",\"isPartOf\":{\"@id\":\"https:\/\/institucional.ufrrj.br\/casst\/#website\"},\"datePublished\":\"2020-12-16T14:00:28+00:00\",\"dateModified\":\"2025-01-14T12:09:05+00:00\",\"breadcrumb\":{\"@id\":\"https:\/\/institucional.ufrrj.br\/casst\/orientacoes-sobre-saude\/#breadcrumb\"},\"inLanguage\":\"pt-BR\",\"potentialAction\":[{\"@type\":\"ReadAction\",\"target\":[\"https:\/\/institucional.ufrrj.br\/casst\/orientacoes-sobre-saude\/\"]}]},{\"@type\":\"BreadcrumbList\",\"@id\":\"https:\/\/institucional.ufrrj.br\/casst\/orientacoes-sobre-saude\/#breadcrumb\",\"itemListElement\":[{\"@type\":\"ListItem\",\"position\":1,\"name\":\"In\u00edcio\",\"item\":\"https:\/\/institucional.ufrrj.br\/casst\/\"},{\"@type\":\"ListItem\",\"position\":2,\"name\":\"Orienta\u00e7\u00f5es sobre Sa\u00fade\"}]},{\"@type\":\"WebSite\",\"@id\":\"https:\/\/institucional.ufrrj.br\/casst\/#website\",\"url\":\"https:\/\/institucional.ufrrj.br\/casst\/\",\"name\":\"Coordena\u00e7\u00e3o de Aten\u00e7\u00e3o \u00e0 Sa\u00fade e Seguran\u00e7a do Trabalho\",\"description\":\"Coordena\u00e7\u00e3o de Aten\u00e7\u00e3o \u00e0 Sa\u00fade e Seguran\u00e7a do Trabalho\",\"potentialAction\":[{\"@type\":\"SearchAction\",\"target\":{\"@type\":\"EntryPoint\",\"urlTemplate\":\"https:\/\/institucional.ufrrj.br\/casst\/?s={search_term_string}\"},\"query-input\":{\"@type\":\"PropertyValueSpecification\",\"valueRequired\":true,\"valueName\":\"search_term_string\"}}],\"inLanguage\":\"pt-BR\"}]}<\/script>\n<!-- \/ Yoast SEO plugin. -->","yoast_head_json":{"title":"Orienta\u00e7\u00f5es sobre Sa\u00fade - Coordena\u00e7\u00e3o de Aten\u00e7\u00e3o \u00e0 Sa\u00fade e Seguran\u00e7a do Trabalho","robots":{"index":"index","follow":"follow","max-snippet":"max-snippet:-1","max-image-preview":"max-image-preview:large","max-video-preview":"max-video-preview:-1"},"canonical":"https:\/\/institucional.ufrrj.br\/casst\/orientacoes-sobre-saude\/","og_locale":"pt_BR","og_type":"article","og_title":"Orienta\u00e7\u00f5es sobre Sa\u00fade - Coordena\u00e7\u00e3o de Aten\u00e7\u00e3o \u00e0 Sa\u00fade e Seguran\u00e7a do Trabalho","og_description":"Durante o per\u00edodo de Distanciamento Social, cuidar da Sa\u00fade \u00e9 de fundamental import\u00e2ncia! Pensando nisso, a equipe de Promo\u00e7\u00e3o em ... leia mais","og_url":"https:\/\/institucional.ufrrj.br\/casst\/orientacoes-sobre-saude\/","og_site_name":"Coordena\u00e7\u00e3o de Aten\u00e7\u00e3o \u00e0 Sa\u00fade e Seguran\u00e7a do Trabalho","article_modified_time":"2025-01-14T12:09:05+00:00","twitter_card":"summary_large_image","twitter_misc":{"Est. tempo de leitura":"2 minutos"},"schema":{"@context":"https:\/\/schema.org","@graph":[{"@type":"WebPage","@id":"https:\/\/institucional.ufrrj.br\/casst\/orientacoes-sobre-saude\/","url":"https:\/\/institucional.ufrrj.br\/casst\/orientacoes-sobre-saude\/","name":"Orienta\u00e7\u00f5es sobre Sa\u00fade - Coordena\u00e7\u00e3o de Aten\u00e7\u00e3o \u00e0 Sa\u00fade e Seguran\u00e7a do Trabalho","isPartOf":{"@id":"https:\/\/institucional.ufrrj.br\/casst\/#website"},"datePublished":"2020-12-16T14:00:28+00:00","dateModified":"2025-01-14T12:09:05+00:00","breadcrumb":{"@id":"https:\/\/institucional.ufrrj.br\/casst\/orientacoes-sobre-saude\/#breadcrumb"},"inLanguage":"pt-BR","potentialAction":[{"@type":"ReadAction","target":["https:\/\/institucional.ufrrj.br\/casst\/orientacoes-sobre-saude\/"]}]},{"@type":"BreadcrumbList","@id":"https:\/\/institucional.ufrrj.br\/casst\/orientacoes-sobre-saude\/#breadcrumb","itemListElement":[{"@type":"ListItem","position":1,"name":"In\u00edcio","item":"https:\/\/institucional.ufrrj.br\/casst\/"},{"@type":"ListItem","position":2,"name":"Orienta\u00e7\u00f5es sobre Sa\u00fade"}]},{"@type":"WebSite","@id":"https:\/\/institucional.ufrrj.br\/casst\/#website","url":"https:\/\/institucional.ufrrj.br\/casst\/","name":"Coordena\u00e7\u00e3o de Aten\u00e7\u00e3o \u00e0 Sa\u00fade e Seguran\u00e7a do Trabalho","description":"Coordena\u00e7\u00e3o de Aten\u00e7\u00e3o \u00e0 Sa\u00fade e Seguran\u00e7a do Trabalho","potentialAction":[{"@type":"SearchAction","target":{"@type":"EntryPoint","urlTemplate":"https:\/\/institucional.ufrrj.br\/casst\/?s={search_term_string}"},"query-input":{"@type":"PropertyValueSpecification","valueRequired":true,"valueName":"search_term_string"}}],"inLanguage":"pt-BR"}]}},"acf":[],"_links":{"self":[{"href":"https:\/\/institucional.ufrrj.br\/casst\/wp-json\/wp\/v2\/pages\/1796","targetHints":{"allow":["GET"]}}],"collection":[{"href":"https:\/\/institucional.ufrrj.br\/casst\/wp-json\/wp\/v2\/pages"}],"about":[{"href":"https:\/\/institucional.ufrrj.br\/casst\/wp-json\/wp\/v2\/types\/page"}],"author":[{"embeddable":true,"href":"https:\/\/institucional.ufrrj.br\/casst\/wp-json\/wp\/v2\/users\/634"}],"replies":[{"embeddable":true,"href":"https:\/\/institucional.ufrrj.br\/casst\/wp-json\/wp\/v2\/comments?post=1796"}],"version-history":[{"count":39,"href":"https:\/\/institucional.ufrrj.br\/casst\/wp-json\/wp\/v2\/pages\/1796\/revisions"}],"predecessor-version":[{"id":2480,"href":"https:\/\/institucional.ufrrj.br\/casst\/wp-json\/wp\/v2\/pages\/1796\/revisions\/2480"}],"wp:attachment":[{"href":"https:\/\/institucional.ufrrj.br\/casst\/wp-json\/wp\/v2\/media?parent=1796"}],"curies":[{"name":"wp","href":"https:\/\/api.w.org\/{rel}","templated":true}]}}