{"id":16,"date":"2013-02-18T18:33:53","date_gmt":"2013-02-18T18:33:53","guid":{"rendered":"http:\/\/institucional.ufrrj.br\/nassur\/?page_id=16"},"modified":"2025-02-07T10:54:25","modified_gmt":"2025-02-07T13:54:25","slug":"historico","status":"publish","type":"page","link":"https:\/\/institucional.ufrrj.br\/casst\/historico\/","title":{"rendered":"Hist\u00f3rico"},"content":{"rendered":"<p style=\"text-align: justify\"><span style=\"font-size: 16px\"><span style=\"color: #000000\"><br \/>\nNa UFRRJ, em meados de 2007 foi idealizado o servi\u00e7o de aten\u00e7\u00e3o \u00e0 sa\u00fade do servidor da Universidade Rural, denominado inicialmente de N\u00facleo de Aten\u00e7\u00e3o \u00e0 Sa\u00fade dos Servidores da Universidade Rural (NASSUR), subordinado a ent\u00e3o Divis\u00e3o de Sa\u00fade. Nesta \u00e9poca eram realizadas algumas a\u00e7\u00f5es de promo\u00e7\u00e3o de sa\u00fade, tais como projeto alcoolismo, projeto caminhada, projeto hipertens\u00e3o e diabetes, bem como per\u00edcia. Neste contexto a equipe era coordenada pela Dra Ermesinda Lameira Bernardo, M\u00e9dica do Trabalho, profissionais de enfermagem, servi\u00e7o social e psicologia, assim como estagi\u00e1rios.<\/span><\/span><\/p>\n<p style=\"text-align: justify\"><span style=\"font-size: 16px;color: #000000\">Em 2009\/2010, houve mais uma expans\u00e3o da universidade, com a cria\u00e7\u00e3o de novos cursos de gradua\u00e7\u00e3o, e a chegada de professores, funcion\u00e1rios t\u00e9cnicos administrativos, al\u00e9m da cria\u00e7\u00e3o do novo campus de Nova Igua\u00e7u. V\u00e1rios profissionais da \u00e1rea de sa\u00fade passaram a integrar a equipe do NASSUR, dentre eles assistentes sociais, auxiliar em sa\u00fade, fisioterapeutas, fonoaudi\u00f3logo, m\u00e9dico do trabalho e psic\u00f3logos. Assim, houve amplia\u00e7\u00e3o da equipe no que diz respeito ao atendimento ao servidor, ampliando novas a\u00e7\u00f5es de promo\u00e7\u00e3o e vigil\u00e2ncia em car\u00e1ter multidisciplinar.<\/span><\/p>\n<p style=\"text-align: justify\"><span style=\"font-size: 16px;color: #000000\">Em 2011 o NASSUR foi regulamentado e saiu da ger\u00eancia da Divis\u00e3o de Sa\u00fade, passando a subordina\u00e7\u00e3o do Departamento de Pessoal, se tornando uma Unidade SIASS. O SIASS faz parte da pol\u00edtica de sa\u00fade promovida pelo governo federal, mas precisamente pelo MPOG, visando atender o servidor p\u00fablico civil federal.\u00a0<\/span><\/p>\n<p style=\"text-align: justify\"><span style=\"font-size: 16px;color: #000000\">Ap\u00f3s mais uma expans\u00e3o do setor em 2012, foram inclu\u00eddos profissionais de sa\u00fade mental, psic\u00f3logo e psiquiatra, assim como t\u00e9cnico de seguran\u00e7a do trabalho. Em 2013, o NASSUR se tornou uma organiza\u00e7\u00e3o dentro do organograma da Universidade, passando a ser subordinado diretamente a Pr\u00f3-Reitoria de Assuntos Administrativos (PROAD), e a se chamar Divis\u00e3o de Aten\u00e7\u00e3o \u00e0 Sa\u00fade do Trabalhador (DAST). A mudan\u00e7a do nome visa incluir efetivamente nas a\u00e7\u00f5es de sa\u00fade todos os trabalhadores da universidade, n\u00e3o somente os servidores concursados.<\/span><\/p>\n<p style=\"text-align: justify\"><span style=\"font-size: 16px;color: #000000\">Em 2019, com a mudan\u00e7a da Pr\u00f3-Reitoria de Assuntos Administrativos (PROAD) para Pr\u00f3-Reitoria de Gest\u00e3o de Pessoas (PROGEP), a DAST passa a ficar subordinada ao Departamento de Admiss\u00e3o, Sa\u00fade e Desenvolvimento de Pessoas (DASDP) e tem seu nome alterado para Coordena\u00e7\u00e3o de Aten\u00e7\u00e3o \u00e0 Sa\u00fade e Seguran\u00e7a do Trabalho (CASST).<br \/>\n<\/span><\/p>\n<p style=\"text-align: justify\"><strong>O que \u00e9 o SIASS?<\/strong><\/p>\n<p>O <strong>SIASS &#8211; Subsistema Integrado de Aten\u00e7\u00e3o \u00e0 Sa\u00fade\u00a0do Servidor P\u00fablico Federal<\/strong>\u00a0&#8211; institu\u00eddo pelo Decreto n\u00ba 6.833, de 29 de abril de 2009, \u00e9 um subsistema do Sistema de Pessoal Civil da Administra\u00e7\u00e3o Federal \u2013 SIPEC. Tem por objetivo coordenar e integrar a\u00e7\u00f5es e\u00a0programas nas \u00e1reas de assist\u00eancia \u00e0 sa\u00fade, per\u00edcia oficial, promo\u00e7\u00e3o, preven\u00e7\u00e3o e acompanhamento da sa\u00fade dos\u00a0servidores da administra\u00e7\u00e3o federal direta, aut\u00e1rquica e\u00a0fundacional, de acordo com a Pol\u00edtica de Aten\u00e7\u00e3o \u00e0 Sa\u00fade e\u00a0Seguran\u00e7a do Trabalho do Servidor P\u00fablico Federal &#8211; PASS.<\/p>\n<div class=\"\">\n<div id=\"content\">\n<div id=\"content-core\">\n<div id=\"parent-fieldname-text\">\n<p>O conjunto de\u00a0<strong>Unidades do SIASS<\/strong>, denominado\u00a0<strong>Rede SIASS<\/strong>, \u00e9 respons\u00e1vel por desenvolver a\u00e7\u00f5es de sa\u00fade e seguran\u00e7a do trabalho, por meio das equipes multiprofissionais, de sa\u00fade e administrativos, que desenvolvem a\u00e7\u00f5es abrangentes e integradas.<\/p>\n<div>A\u00a0<strong>organiza\u00e7\u00e3o da Rede SIASS<\/strong>\u00a0se faz com a participa\u00e7\u00e3o do \u00d3rg\u00e3o Central, \u00d3rg\u00e3os Setoriais e Seccionais do Sistema de Pessoal Civil \u2013 SIPEC, por meio de um processo de entendimento coletivo, com a constru\u00e7\u00e3o de acordo de coopera\u00e7\u00e3o t\u00e9cnica entre os \u00f3rg\u00e3os e entidades, considerando os crit\u00e9rios de capacidade f\u00edsica e humana instalada, facilidade de acesso e apoio institucional do \u00f3rg\u00e3o ao projeto do SIASS e a PASS.<\/div>\n<p>&nbsp;<\/p>\n<\/div>\n<\/div>\n<div id=\"viewlet-below-content-body\">\n<div class=\"visualClear\"><\/div>\n<div class=\"documentActions\"><\/div>\n<\/div>\n<\/div>\n<\/div>\n<div id=\"viewlet-below-content\"><\/div>\n","protected":false},"excerpt":{"rendered":"<p>Na UFRRJ, em meados de 2007 foi idealizado o servi\u00e7o de aten\u00e7\u00e3o \u00e0 sa\u00fade do servidor da Universidade Rural, denominado <a class=\"read-more\" href=\"https:\/\/institucional.ufrrj.br\/casst\/historico\/ \" >&#8230; <span class=\"font-italic\">leia mais <i class=\"fas fa-angle-right\"><\/i><\/span><\/a><\/p>\n","protected":false},"author":634,"featured_media":0,"parent":0,"menu_order":0,"comment_status":"open","ping_status":"open","template":"","meta":{"_acf_changed":false,"_exactmetrics_skip_tracking":false,"_exactmetrics_sitenote_active":false,"_exactmetrics_sitenote_note":"","_exactmetrics_sitenote_category":0,"footnotes":""},"class_list":["post-16","page","type-page","status-publish","hentry"],"yoast_head":"<!-- This site is optimized with the Yoast SEO plugin v27.2 - https:\/\/yoast.com\/product\/yoast-seo-wordpress\/ -->\n<title>Hist\u00f3rico - Coordena\u00e7\u00e3o de Aten\u00e7\u00e3o \u00e0 Sa\u00fade e Seguran\u00e7a do Trabalho<\/title>\n<meta name=\"robots\" content=\"index, follow, max-snippet:-1, max-image-preview:large, max-video-preview:-1\" \/>\n<link rel=\"canonical\" href=\"https:\/\/institucional.ufrrj.br\/casst\/historico\/\" \/>\n<meta property=\"og:locale\" content=\"pt_BR\" \/>\n<meta property=\"og:type\" content=\"article\" \/>\n<meta property=\"og:title\" content=\"Hist\u00f3rico - Coordena\u00e7\u00e3o de Aten\u00e7\u00e3o \u00e0 Sa\u00fade e Seguran\u00e7a do Trabalho\" \/>\n<meta property=\"og:description\" content=\"Na UFRRJ, em meados de 2007 foi idealizado o servi\u00e7o de aten\u00e7\u00e3o \u00e0 sa\u00fade do servidor da Universidade Rural, denominado ... leia mais\" \/>\n<meta property=\"og:url\" content=\"https:\/\/institucional.ufrrj.br\/casst\/historico\/\" \/>\n<meta property=\"og:site_name\" content=\"Coordena\u00e7\u00e3o de Aten\u00e7\u00e3o \u00e0 Sa\u00fade e Seguran\u00e7a do Trabalho\" \/>\n<meta property=\"article:modified_time\" content=\"2025-02-07T13:54:25+00:00\" \/>\n<meta name=\"twitter:card\" content=\"summary_large_image\" \/>\n<meta name=\"twitter:label1\" content=\"Est. tempo de leitura\" \/>\n\t<meta name=\"twitter:data1\" content=\"3 minutos\" \/>\n<script type=\"application\/ld+json\" class=\"yoast-schema-graph\">{\"@context\":\"https:\/\/schema.org\",\"@graph\":[{\"@type\":\"WebPage\",\"@id\":\"https:\/\/institucional.ufrrj.br\/casst\/historico\/\",\"url\":\"https:\/\/institucional.ufrrj.br\/casst\/historico\/\",\"name\":\"Hist\u00f3rico - Coordena\u00e7\u00e3o de Aten\u00e7\u00e3o \u00e0 Sa\u00fade e Seguran\u00e7a do Trabalho\",\"isPartOf\":{\"@id\":\"https:\/\/institucional.ufrrj.br\/casst\/#website\"},\"datePublished\":\"2013-02-18T18:33:53+00:00\",\"dateModified\":\"2025-02-07T13:54:25+00:00\",\"breadcrumb\":{\"@id\":\"https:\/\/institucional.ufrrj.br\/casst\/historico\/#breadcrumb\"},\"inLanguage\":\"pt-BR\",\"potentialAction\":[{\"@type\":\"ReadAction\",\"target\":[\"https:\/\/institucional.ufrrj.br\/casst\/historico\/\"]}]},{\"@type\":\"BreadcrumbList\",\"@id\":\"https:\/\/institucional.ufrrj.br\/casst\/historico\/#breadcrumb\",\"itemListElement\":[{\"@type\":\"ListItem\",\"position\":1,\"name\":\"In\u00edcio\",\"item\":\"https:\/\/institucional.ufrrj.br\/casst\/\"},{\"@type\":\"ListItem\",\"position\":2,\"name\":\"Hist\u00f3rico\"}]},{\"@type\":\"WebSite\",\"@id\":\"https:\/\/institucional.ufrrj.br\/casst\/#website\",\"url\":\"https:\/\/institucional.ufrrj.br\/casst\/\",\"name\":\"Coordena\u00e7\u00e3o de Aten\u00e7\u00e3o \u00e0 Sa\u00fade e Seguran\u00e7a do Trabalho\",\"description\":\"Coordena\u00e7\u00e3o de Aten\u00e7\u00e3o \u00e0 Sa\u00fade e Seguran\u00e7a do Trabalho\",\"potentialAction\":[{\"@type\":\"SearchAction\",\"target\":{\"@type\":\"EntryPoint\",\"urlTemplate\":\"https:\/\/institucional.ufrrj.br\/casst\/?s={search_term_string}\"},\"query-input\":{\"@type\":\"PropertyValueSpecification\",\"valueRequired\":true,\"valueName\":\"search_term_string\"}}],\"inLanguage\":\"pt-BR\"}]}<\/script>\n<!-- \/ Yoast SEO plugin. -->","yoast_head_json":{"title":"Hist\u00f3rico - Coordena\u00e7\u00e3o de Aten\u00e7\u00e3o \u00e0 Sa\u00fade e Seguran\u00e7a do Trabalho","robots":{"index":"index","follow":"follow","max-snippet":"max-snippet:-1","max-image-preview":"max-image-preview:large","max-video-preview":"max-video-preview:-1"},"canonical":"https:\/\/institucional.ufrrj.br\/casst\/historico\/","og_locale":"pt_BR","og_type":"article","og_title":"Hist\u00f3rico - Coordena\u00e7\u00e3o de Aten\u00e7\u00e3o \u00e0 Sa\u00fade e Seguran\u00e7a do Trabalho","og_description":"Na UFRRJ, em meados de 2007 foi idealizado o servi\u00e7o de aten\u00e7\u00e3o \u00e0 sa\u00fade do servidor da Universidade Rural, denominado ... leia mais","og_url":"https:\/\/institucional.ufrrj.br\/casst\/historico\/","og_site_name":"Coordena\u00e7\u00e3o de Aten\u00e7\u00e3o \u00e0 Sa\u00fade e Seguran\u00e7a do Trabalho","article_modified_time":"2025-02-07T13:54:25+00:00","twitter_card":"summary_large_image","twitter_misc":{"Est. tempo de leitura":"3 minutos"},"schema":{"@context":"https:\/\/schema.org","@graph":[{"@type":"WebPage","@id":"https:\/\/institucional.ufrrj.br\/casst\/historico\/","url":"https:\/\/institucional.ufrrj.br\/casst\/historico\/","name":"Hist\u00f3rico - Coordena\u00e7\u00e3o de Aten\u00e7\u00e3o \u00e0 Sa\u00fade e Seguran\u00e7a do Trabalho","isPartOf":{"@id":"https:\/\/institucional.ufrrj.br\/casst\/#website"},"datePublished":"2013-02-18T18:33:53+00:00","dateModified":"2025-02-07T13:54:25+00:00","breadcrumb":{"@id":"https:\/\/institucional.ufrrj.br\/casst\/historico\/#breadcrumb"},"inLanguage":"pt-BR","potentialAction":[{"@type":"ReadAction","target":["https:\/\/institucional.ufrrj.br\/casst\/historico\/"]}]},{"@type":"BreadcrumbList","@id":"https:\/\/institucional.ufrrj.br\/casst\/historico\/#breadcrumb","itemListElement":[{"@type":"ListItem","position":1,"name":"In\u00edcio","item":"https:\/\/institucional.ufrrj.br\/casst\/"},{"@type":"ListItem","position":2,"name":"Hist\u00f3rico"}]},{"@type":"WebSite","@id":"https:\/\/institucional.ufrrj.br\/casst\/#website","url":"https:\/\/institucional.ufrrj.br\/casst\/","name":"Coordena\u00e7\u00e3o de Aten\u00e7\u00e3o \u00e0 Sa\u00fade e Seguran\u00e7a do Trabalho","description":"Coordena\u00e7\u00e3o de Aten\u00e7\u00e3o \u00e0 Sa\u00fade e Seguran\u00e7a do Trabalho","potentialAction":[{"@type":"SearchAction","target":{"@type":"EntryPoint","urlTemplate":"https:\/\/institucional.ufrrj.br\/casst\/?s={search_term_string}"},"query-input":{"@type":"PropertyValueSpecification","valueRequired":true,"valueName":"search_term_string"}}],"inLanguage":"pt-BR"}]}},"acf":[],"_links":{"self":[{"href":"https:\/\/institucional.ufrrj.br\/casst\/wp-json\/wp\/v2\/pages\/16","targetHints":{"allow":["GET"]}}],"collection":[{"href":"https:\/\/institucional.ufrrj.br\/casst\/wp-json\/wp\/v2\/pages"}],"about":[{"href":"https:\/\/institucional.ufrrj.br\/casst\/wp-json\/wp\/v2\/types\/page"}],"author":[{"embeddable":true,"href":"https:\/\/institucional.ufrrj.br\/casst\/wp-json\/wp\/v2\/users\/634"}],"replies":[{"embeddable":true,"href":"https:\/\/institucional.ufrrj.br\/casst\/wp-json\/wp\/v2\/comments?post=16"}],"version-history":[{"count":22,"href":"https:\/\/institucional.ufrrj.br\/casst\/wp-json\/wp\/v2\/pages\/16\/revisions"}],"predecessor-version":[{"id":2531,"href":"https:\/\/institucional.ufrrj.br\/casst\/wp-json\/wp\/v2\/pages\/16\/revisions\/2531"}],"wp:attachment":[{"href":"https:\/\/institucional.ufrrj.br\/casst\/wp-json\/wp\/v2\/media?parent=16"}],"curies":[{"name":"wp","href":"https:\/\/api.w.org\/{rel}","templated":true}]}}