{"id":42,"date":"2025-07-15T14:15:12","date_gmt":"2025-07-15T17:15:12","guid":{"rendered":"https:\/\/institucional.ufrrj.br\/caoa\/?page_id=42"},"modified":"2025-09-10T12:25:48","modified_gmt":"2025-09-10T15:25:48","slug":"deliberacoes-e-portarias","status":"publish","type":"page","link":"https:\/\/institucional.ufrrj.br\/caoa\/deliberacoes-e-portarias\/","title":{"rendered":"Delibera\u00e7\u00f5es e Portarias"},"content":{"rendered":"\n<div data-wp-interactive=\"core\/file\" class=\"wp-block-file\"><object data-wp-bind--hidden=\"!state.hasPdfPreview\" hidden class=\"wp-block-file__embed\" data=\"https:\/\/institucional.ufrrj.br\/caoa\/files\/2025\/09\/Deliberacao-178-CONSU-2025-Comissao-de-acompanhamento-orcamentario-14-05-2025-1.pdf\" type=\"application\/pdf\" style=\"width:100%;height:600px\" aria-label=\"Incorporado de Delibera\u00e7\u00e3o 178 CONSU 2025 - Comiss\u00e3o de acompanhamento or\u00e7ament\u00e1rio - 14-05-2025.\"><\/object><a id=\"wp-block-file--media-80159c51-251c-4ada-9e6b-adf5e8a9bb9b\" href=\"https:\/\/institucional.ufrrj.br\/caoa\/files\/2025\/09\/Deliberacao-178-CONSU-2025-Comissao-de-acompanhamento-orcamentario-14-05-2025-1.pdf\">Delibera\u00e7\u00e3o 178 CONSU 2025 &#8211; Comiss\u00e3o de acompanhamento or\u00e7ament\u00e1rio &#8211; 14-05-2025<\/a><a href=\"https:\/\/institucional.ufrrj.br\/caoa\/files\/2025\/09\/Deliberacao-178-CONSU-2025-Comissao-de-acompanhamento-orcamentario-14-05-2025-1.pdf\" class=\"wp-block-file__button wp-element-button\" download aria-describedby=\"wp-block-file--media-80159c51-251c-4ada-9e6b-adf5e8a9bb9b\">Baixar<\/a><\/div>\n\n\n\n<div data-wp-interactive=\"core\/file\" class=\"wp-block-file\"><object data-wp-bind--hidden=\"!state.hasPdfPreview\" hidden class=\"wp-block-file__embed\" data=\"https:\/\/institucional.ufrrj.br\/caoa\/files\/2025\/09\/PORTARIA-No-2978-2025-SAOC-Designacao-dos-membros-da-Comissao-Orcamentaria-16-05-2025-1.pdf\" type=\"application\/pdf\" style=\"width:100%;height:600px\" aria-label=\"Incorporado de PORTARIA N\u00ba 2978-2025 - SAOC - Designa\u00e7\u00e3o dos membros da Comiss\u00e3o Or\u00e7ament\u00e1ria - 16-05-2025.\"><\/object><a id=\"wp-block-file--media-b0e92219-2a91-43be-bc24-6ae158554529\" href=\"https:\/\/institucional.ufrrj.br\/caoa\/files\/2025\/09\/PORTARIA-No-2978-2025-SAOC-Designacao-dos-membros-da-Comissao-Orcamentaria-16-05-2025-1.pdf\">PORTARIA N\u00ba 2978-2025 &#8211; SAOC &#8211; Designa\u00e7\u00e3o dos membros da Comiss\u00e3o Or\u00e7ament\u00e1ria &#8211; 16-05-2025<\/a><a href=\"https:\/\/institucional.ufrrj.br\/caoa\/files\/2025\/09\/PORTARIA-No-2978-2025-SAOC-Designacao-dos-membros-da-Comissao-Orcamentaria-16-05-2025-1.pdf\" class=\"wp-block-file__button wp-element-button\" download aria-describedby=\"wp-block-file--media-b0e92219-2a91-43be-bc24-6ae158554529\">Baixar<\/a><\/div>\n","protected":false},"excerpt":{"rendered":"","protected":false},"author":634,"featured_media":0,"parent":0,"menu_order":0,"comment_status":"closed","ping_status":"closed","template":"","meta":{"_acf_changed":false,"footnotes":""},"class_list":["post-42","page","type-page","status-publish","hentry"],"yoast_head":"<!-- This site is optimized with the Yoast SEO plugin v27.2 - https:\/\/yoast.com\/product\/yoast-seo-wordpress\/ -->\n<title>Delibera\u00e7\u00f5es e Portarias - Comiss\u00e3o de Acompanhamento do Or\u00e7amento Anual da UFRRJ<\/title>\n<meta name=\"robots\" content=\"index, follow, max-snippet:-1, max-image-preview:large, max-video-preview:-1\" \/>\n<link rel=\"canonical\" href=\"https:\/\/institucional.ufrrj.br\/caoa\/deliberacoes-e-portarias\/\" \/>\n<meta property=\"og:locale\" content=\"pt_BR\" \/>\n<meta property=\"og:type\" content=\"article\" \/>\n<meta property=\"og:title\" content=\"Delibera\u00e7\u00f5es e Portarias - Comiss\u00e3o de Acompanhamento do Or\u00e7amento Anual da UFRRJ\" \/>\n<meta property=\"og:url\" content=\"https:\/\/institucional.ufrrj.br\/caoa\/deliberacoes-e-portarias\/\" \/>\n<meta property=\"og:site_name\" content=\"Comiss\u00e3o de Acompanhamento do Or\u00e7amento Anual da UFRRJ\" \/>\n<meta property=\"article:modified_time\" content=\"2025-09-10T15:25:48+00:00\" \/>\n<meta name=\"twitter:card\" content=\"summary_large_image\" \/>\n<meta name=\"twitter:label1\" content=\"Est. tempo de leitura\" \/>\n\t<meta name=\"twitter:data1\" content=\"1 minuto\" \/>\n<script type=\"application\/ld+json\" class=\"yoast-schema-graph\">{\"@context\":\"https:\/\/schema.org\",\"@graph\":[{\"@type\":\"WebPage\",\"@id\":\"https:\/\/institucional.ufrrj.br\/caoa\/deliberacoes-e-portarias\/\",\"url\":\"https:\/\/institucional.ufrrj.br\/caoa\/deliberacoes-e-portarias\/\",\"name\":\"Delibera\u00e7\u00f5es e Portarias - Comiss\u00e3o de Acompanhamento do Or\u00e7amento Anual da UFRRJ\",\"isPartOf\":{\"@id\":\"https:\/\/institucional.ufrrj.br\/caoa\/#website\"},\"datePublished\":\"2025-07-15T17:15:12+00:00\",\"dateModified\":\"2025-09-10T15:25:48+00:00\",\"breadcrumb\":{\"@id\":\"https:\/\/institucional.ufrrj.br\/caoa\/deliberacoes-e-portarias\/#breadcrumb\"},\"inLanguage\":\"pt-BR\",\"potentialAction\":[{\"@type\":\"ReadAction\",\"target\":[\"https:\/\/institucional.ufrrj.br\/caoa\/deliberacoes-e-portarias\/\"]}]},{\"@type\":\"BreadcrumbList\",\"@id\":\"https:\/\/institucional.ufrrj.br\/caoa\/deliberacoes-e-portarias\/#breadcrumb\",\"itemListElement\":[{\"@type\":\"ListItem\",\"position\":1,\"name\":\"In\u00edcio\",\"item\":\"https:\/\/institucional.ufrrj.br\/caoa\/\"},{\"@type\":\"ListItem\",\"position\":2,\"name\":\"Delibera\u00e7\u00f5es e Portarias\"}]},{\"@type\":\"WebSite\",\"@id\":\"https:\/\/institucional.ufrrj.br\/caoa\/#website\",\"url\":\"https:\/\/institucional.ufrrj.br\/caoa\/\",\"name\":\"Comiss\u00e3o de Acompanhamento do Or\u00e7amento Anual da UFRRJ\",\"description\":\"Site da Comiss\u00e3o de Acompanhamento do Or\u00e7amento Anual da UFRRJ\",\"potentialAction\":[{\"@type\":\"SearchAction\",\"target\":{\"@type\":\"EntryPoint\",\"urlTemplate\":\"https:\/\/institucional.ufrrj.br\/caoa\/?s={search_term_string}\"},\"query-input\":{\"@type\":\"PropertyValueSpecification\",\"valueRequired\":true,\"valueName\":\"search_term_string\"}}],\"inLanguage\":\"pt-BR\"}]}<\/script>\n<!-- \/ Yoast SEO plugin. -->","yoast_head_json":{"title":"Delibera\u00e7\u00f5es e Portarias - Comiss\u00e3o de Acompanhamento do Or\u00e7amento Anual da UFRRJ","robots":{"index":"index","follow":"follow","max-snippet":"max-snippet:-1","max-image-preview":"max-image-preview:large","max-video-preview":"max-video-preview:-1"},"canonical":"https:\/\/institucional.ufrrj.br\/caoa\/deliberacoes-e-portarias\/","og_locale":"pt_BR","og_type":"article","og_title":"Delibera\u00e7\u00f5es e Portarias - Comiss\u00e3o de Acompanhamento do Or\u00e7amento Anual da UFRRJ","og_url":"https:\/\/institucional.ufrrj.br\/caoa\/deliberacoes-e-portarias\/","og_site_name":"Comiss\u00e3o de Acompanhamento do Or\u00e7amento Anual da UFRRJ","article_modified_time":"2025-09-10T15:25:48+00:00","twitter_card":"summary_large_image","twitter_misc":{"Est. tempo de leitura":"1 minuto"},"schema":{"@context":"https:\/\/schema.org","@graph":[{"@type":"WebPage","@id":"https:\/\/institucional.ufrrj.br\/caoa\/deliberacoes-e-portarias\/","url":"https:\/\/institucional.ufrrj.br\/caoa\/deliberacoes-e-portarias\/","name":"Delibera\u00e7\u00f5es e Portarias - Comiss\u00e3o de Acompanhamento do Or\u00e7amento Anual da UFRRJ","isPartOf":{"@id":"https:\/\/institucional.ufrrj.br\/caoa\/#website"},"datePublished":"2025-07-15T17:15:12+00:00","dateModified":"2025-09-10T15:25:48+00:00","breadcrumb":{"@id":"https:\/\/institucional.ufrrj.br\/caoa\/deliberacoes-e-portarias\/#breadcrumb"},"inLanguage":"pt-BR","potentialAction":[{"@type":"ReadAction","target":["https:\/\/institucional.ufrrj.br\/caoa\/deliberacoes-e-portarias\/"]}]},{"@type":"BreadcrumbList","@id":"https:\/\/institucional.ufrrj.br\/caoa\/deliberacoes-e-portarias\/#breadcrumb","itemListElement":[{"@type":"ListItem","position":1,"name":"In\u00edcio","item":"https:\/\/institucional.ufrrj.br\/caoa\/"},{"@type":"ListItem","position":2,"name":"Delibera\u00e7\u00f5es e Portarias"}]},{"@type":"WebSite","@id":"https:\/\/institucional.ufrrj.br\/caoa\/#website","url":"https:\/\/institucional.ufrrj.br\/caoa\/","name":"Comiss\u00e3o de Acompanhamento do Or\u00e7amento Anual da UFRRJ","description":"Site da Comiss\u00e3o de Acompanhamento do Or\u00e7amento Anual da UFRRJ","potentialAction":[{"@type":"SearchAction","target":{"@type":"EntryPoint","urlTemplate":"https:\/\/institucional.ufrrj.br\/caoa\/?s={search_term_string}"},"query-input":{"@type":"PropertyValueSpecification","valueRequired":true,"valueName":"search_term_string"}}],"inLanguage":"pt-BR"}]}},"acf":[],"_links":{"self":[{"href":"https:\/\/institucional.ufrrj.br\/caoa\/wp-json\/wp\/v2\/pages\/42","targetHints":{"allow":["GET"]}}],"collection":[{"href":"https:\/\/institucional.ufrrj.br\/caoa\/wp-json\/wp\/v2\/pages"}],"about":[{"href":"https:\/\/institucional.ufrrj.br\/caoa\/wp-json\/wp\/v2\/types\/page"}],"author":[{"embeddable":true,"href":"https:\/\/institucional.ufrrj.br\/caoa\/wp-json\/wp\/v2\/users\/634"}],"replies":[{"embeddable":true,"href":"https:\/\/institucional.ufrrj.br\/caoa\/wp-json\/wp\/v2\/comments?post=42"}],"version-history":[{"count":4,"href":"https:\/\/institucional.ufrrj.br\/caoa\/wp-json\/wp\/v2\/pages\/42\/revisions"}],"predecessor-version":[{"id":88,"href":"https:\/\/institucional.ufrrj.br\/caoa\/wp-json\/wp\/v2\/pages\/42\/revisions\/88"}],"wp:attachment":[{"href":"https:\/\/institucional.ufrrj.br\/caoa\/wp-json\/wp\/v2\/media?parent=42"}],"curies":[{"name":"wp","href":"https:\/\/api.w.org\/{rel}","templated":true}]}}