{"id":40,"date":"2025-07-15T14:14:46","date_gmt":"2025-07-15T17:14:46","guid":{"rendered":"https:\/\/institucional.ufrrj.br\/caoa\/?page_id=40"},"modified":"2025-09-15T09:33:41","modified_gmt":"2025-09-15T12:33:41","slug":"apresentacoes","status":"publish","type":"page","link":"https:\/\/institucional.ufrrj.br\/caoa\/apresentacoes\/","title":{"rendered":"Apresenta\u00e7\u00f5es"},"content":{"rendered":"\n<div data-wp-interactive=\"core\/file\" class=\"wp-block-file\"><object data-wp-bind--hidden=\"!state.hasPdfPreview\" hidden class=\"wp-block-file__embed\" data=\"https:\/\/institucional.ufrrj.br\/caoa\/files\/2025\/09\/UFRRJ-Atribuicoes-da-organizacao-e-da-metodologia-de-trabalho-da-Comissao-24-06-2025.pdf\" type=\"application\/pdf\" style=\"width:100%;height:600px\" aria-label=\"Incorporado de UFRRJ - Atribui\u00e7\u00f5es, da organiza\u00e7\u00e3o e da metodologia de trabalho da Comiss\u00e3o - 24-06-2025.\"><\/object><a id=\"wp-block-file--media-f12fd08b-86b9-41b3-9083-efb0bbca375e\" href=\"https:\/\/institucional.ufrrj.br\/caoa\/files\/2025\/09\/UFRRJ-Atribuicoes-da-organizacao-e-da-metodologia-de-trabalho-da-Comissao-24-06-2025.pdf\">UFRRJ &#8211; Atribui\u00e7\u00f5es, da organiza\u00e7\u00e3o e da metodologia de trabalho da Comiss\u00e3o &#8211; 24-06-2025<\/a><a href=\"https:\/\/institucional.ufrrj.br\/caoa\/files\/2025\/09\/UFRRJ-Atribuicoes-da-organizacao-e-da-metodologia-de-trabalho-da-Comissao-24-06-2025.pdf\" class=\"wp-block-file__button wp-element-button\" download aria-describedby=\"wp-block-file--media-f12fd08b-86b9-41b3-9083-efb0bbca375e\">Baixar<\/a><\/div>\n\n\n\n<div data-wp-interactive=\"core\/file\" class=\"wp-block-file\"><object data-wp-bind--hidden=\"!state.hasPdfPreview\" hidden class=\"wp-block-file__embed\" data=\"https:\/\/institucional.ufrrj.br\/caoa\/files\/2025\/09\/UFRRJ-Introducao-ao-orcamento-publico-Base-legal-e-instrumentos-24-06-2025.pdf\" type=\"application\/pdf\" style=\"width:100%;height:600px\" aria-label=\"Incorporado de UFRRJ - Introdu\u00e7\u00e3o ao or\u00e7amento p\u00fablico - Base legal e instrumentos - 24-06-2025.\"><\/object><a id=\"wp-block-file--media-651f948d-5915-4fa5-a1c5-3440460cbed2\" href=\"https:\/\/institucional.ufrrj.br\/caoa\/files\/2025\/09\/UFRRJ-Introducao-ao-orcamento-publico-Base-legal-e-instrumentos-24-06-2025.pdf\">UFRRJ &#8211; Introdu\u00e7\u00e3o ao or\u00e7amento p\u00fablico &#8211; Base legal e instrumentos &#8211; 24-06-2025<\/a><a href=\"https:\/\/institucional.ufrrj.br\/caoa\/files\/2025\/09\/UFRRJ-Introducao-ao-orcamento-publico-Base-legal-e-instrumentos-24-06-2025.pdf\" class=\"wp-block-file__button wp-element-button\" download aria-describedby=\"wp-block-file--media-651f948d-5915-4fa5-a1c5-3440460cbed2\">Baixar<\/a><\/div>\n\n\n\n<div data-wp-interactive=\"core\/file\" class=\"wp-block-file\"><object data-wp-bind--hidden=\"!state.hasPdfPreview\" hidden class=\"wp-block-file__embed\" data=\"https:\/\/institucional.ufrrj.br\/caoa\/files\/2025\/09\/Apresentacao-Acompanhamento-Orcamentario-1.pdf\" type=\"application\/pdf\" style=\"width:100%;height:600px\" aria-label=\"Incorporado de Apresenta\u00e7\u00e3o - Acompanhamento Or\u00e7ament\u00e1rio.\"><\/object><a id=\"wp-block-file--media-12b60041-d9d0-4a87-8ce6-09be0dcebf1f\" href=\"https:\/\/institucional.ufrrj.br\/caoa\/files\/2025\/09\/Apresentacao-Acompanhamento-Orcamentario-1.pdf\">Apresenta\u00e7\u00e3o &#8211; Acompanhamento Or\u00e7ament\u00e1rio<\/a><a href=\"https:\/\/institucional.ufrrj.br\/caoa\/files\/2025\/09\/Apresentacao-Acompanhamento-Orcamentario-1.pdf\" class=\"wp-block-file__button wp-element-button\" download aria-describedby=\"wp-block-file--media-12b60041-d9d0-4a87-8ce6-09be0dcebf1f\">Baixar<\/a><\/div>\n\n\n\n<p><\/p>\n","protected":false},"excerpt":{"rendered":"","protected":false},"author":634,"featured_media":0,"parent":0,"menu_order":0,"comment_status":"closed","ping_status":"closed","template":"","meta":{"_acf_changed":false,"footnotes":""},"class_list":["post-40","page","type-page","status-publish","hentry"],"yoast_head":"<!-- This site is optimized with the Yoast SEO plugin v27.2 - https:\/\/yoast.com\/product\/yoast-seo-wordpress\/ -->\n<title>Apresenta\u00e7\u00f5es - Comiss\u00e3o de Acompanhamento do Or\u00e7amento Anual da UFRRJ<\/title>\n<meta name=\"robots\" content=\"index, follow, max-snippet:-1, max-image-preview:large, max-video-preview:-1\" \/>\n<link rel=\"canonical\" href=\"https:\/\/institucional.ufrrj.br\/caoa\/apresentacoes\/\" \/>\n<meta property=\"og:locale\" content=\"pt_BR\" \/>\n<meta property=\"og:type\" content=\"article\" \/>\n<meta property=\"og:title\" content=\"Apresenta\u00e7\u00f5es - Comiss\u00e3o de Acompanhamento do Or\u00e7amento Anual da UFRRJ\" \/>\n<meta property=\"og:url\" content=\"https:\/\/institucional.ufrrj.br\/caoa\/apresentacoes\/\" \/>\n<meta property=\"og:site_name\" content=\"Comiss\u00e3o de Acompanhamento do Or\u00e7amento Anual da UFRRJ\" \/>\n<meta property=\"article:modified_time\" content=\"2025-09-15T12:33:41+00:00\" \/>\n<meta name=\"twitter:card\" content=\"summary_large_image\" \/>\n<meta name=\"twitter:label1\" content=\"Est. tempo de leitura\" \/>\n\t<meta name=\"twitter:data1\" content=\"1 minuto\" \/>\n<script type=\"application\/ld+json\" class=\"yoast-schema-graph\">{\"@context\":\"https:\/\/schema.org\",\"@graph\":[{\"@type\":\"WebPage\",\"@id\":\"https:\/\/institucional.ufrrj.br\/caoa\/apresentacoes\/\",\"url\":\"https:\/\/institucional.ufrrj.br\/caoa\/apresentacoes\/\",\"name\":\"Apresenta\u00e7\u00f5es - Comiss\u00e3o de Acompanhamento do Or\u00e7amento Anual da UFRRJ\",\"isPartOf\":{\"@id\":\"https:\/\/institucional.ufrrj.br\/caoa\/#website\"},\"datePublished\":\"2025-07-15T17:14:46+00:00\",\"dateModified\":\"2025-09-15T12:33:41+00:00\",\"breadcrumb\":{\"@id\":\"https:\/\/institucional.ufrrj.br\/caoa\/apresentacoes\/#breadcrumb\"},\"inLanguage\":\"pt-BR\",\"potentialAction\":[{\"@type\":\"ReadAction\",\"target\":[\"https:\/\/institucional.ufrrj.br\/caoa\/apresentacoes\/\"]}]},{\"@type\":\"BreadcrumbList\",\"@id\":\"https:\/\/institucional.ufrrj.br\/caoa\/apresentacoes\/#breadcrumb\",\"itemListElement\":[{\"@type\":\"ListItem\",\"position\":1,\"name\":\"In\u00edcio\",\"item\":\"https:\/\/institucional.ufrrj.br\/caoa\/\"},{\"@type\":\"ListItem\",\"position\":2,\"name\":\"Apresenta\u00e7\u00f5es\"}]},{\"@type\":\"WebSite\",\"@id\":\"https:\/\/institucional.ufrrj.br\/caoa\/#website\",\"url\":\"https:\/\/institucional.ufrrj.br\/caoa\/\",\"name\":\"Comiss\u00e3o de Acompanhamento do Or\u00e7amento Anual da UFRRJ\",\"description\":\"Site da Comiss\u00e3o de Acompanhamento do Or\u00e7amento Anual da UFRRJ\",\"potentialAction\":[{\"@type\":\"SearchAction\",\"target\":{\"@type\":\"EntryPoint\",\"urlTemplate\":\"https:\/\/institucional.ufrrj.br\/caoa\/?s={search_term_string}\"},\"query-input\":{\"@type\":\"PropertyValueSpecification\",\"valueRequired\":true,\"valueName\":\"search_term_string\"}}],\"inLanguage\":\"pt-BR\"}]}<\/script>\n<!-- \/ Yoast SEO plugin. -->","yoast_head_json":{"title":"Apresenta\u00e7\u00f5es - Comiss\u00e3o de Acompanhamento do Or\u00e7amento Anual da UFRRJ","robots":{"index":"index","follow":"follow","max-snippet":"max-snippet:-1","max-image-preview":"max-image-preview:large","max-video-preview":"max-video-preview:-1"},"canonical":"https:\/\/institucional.ufrrj.br\/caoa\/apresentacoes\/","og_locale":"pt_BR","og_type":"article","og_title":"Apresenta\u00e7\u00f5es - Comiss\u00e3o de Acompanhamento do Or\u00e7amento Anual da UFRRJ","og_url":"https:\/\/institucional.ufrrj.br\/caoa\/apresentacoes\/","og_site_name":"Comiss\u00e3o de Acompanhamento do Or\u00e7amento Anual da UFRRJ","article_modified_time":"2025-09-15T12:33:41+00:00","twitter_card":"summary_large_image","twitter_misc":{"Est. tempo de leitura":"1 minuto"},"schema":{"@context":"https:\/\/schema.org","@graph":[{"@type":"WebPage","@id":"https:\/\/institucional.ufrrj.br\/caoa\/apresentacoes\/","url":"https:\/\/institucional.ufrrj.br\/caoa\/apresentacoes\/","name":"Apresenta\u00e7\u00f5es - Comiss\u00e3o de Acompanhamento do Or\u00e7amento Anual da UFRRJ","isPartOf":{"@id":"https:\/\/institucional.ufrrj.br\/caoa\/#website"},"datePublished":"2025-07-15T17:14:46+00:00","dateModified":"2025-09-15T12:33:41+00:00","breadcrumb":{"@id":"https:\/\/institucional.ufrrj.br\/caoa\/apresentacoes\/#breadcrumb"},"inLanguage":"pt-BR","potentialAction":[{"@type":"ReadAction","target":["https:\/\/institucional.ufrrj.br\/caoa\/apresentacoes\/"]}]},{"@type":"BreadcrumbList","@id":"https:\/\/institucional.ufrrj.br\/caoa\/apresentacoes\/#breadcrumb","itemListElement":[{"@type":"ListItem","position":1,"name":"In\u00edcio","item":"https:\/\/institucional.ufrrj.br\/caoa\/"},{"@type":"ListItem","position":2,"name":"Apresenta\u00e7\u00f5es"}]},{"@type":"WebSite","@id":"https:\/\/institucional.ufrrj.br\/caoa\/#website","url":"https:\/\/institucional.ufrrj.br\/caoa\/","name":"Comiss\u00e3o de Acompanhamento do Or\u00e7amento Anual da UFRRJ","description":"Site da Comiss\u00e3o de Acompanhamento do Or\u00e7amento Anual da UFRRJ","potentialAction":[{"@type":"SearchAction","target":{"@type":"EntryPoint","urlTemplate":"https:\/\/institucional.ufrrj.br\/caoa\/?s={search_term_string}"},"query-input":{"@type":"PropertyValueSpecification","valueRequired":true,"valueName":"search_term_string"}}],"inLanguage":"pt-BR"}]}},"acf":[],"_links":{"self":[{"href":"https:\/\/institucional.ufrrj.br\/caoa\/wp-json\/wp\/v2\/pages\/40","targetHints":{"allow":["GET"]}}],"collection":[{"href":"https:\/\/institucional.ufrrj.br\/caoa\/wp-json\/wp\/v2\/pages"}],"about":[{"href":"https:\/\/institucional.ufrrj.br\/caoa\/wp-json\/wp\/v2\/types\/page"}],"author":[{"embeddable":true,"href":"https:\/\/institucional.ufrrj.br\/caoa\/wp-json\/wp\/v2\/users\/634"}],"replies":[{"embeddable":true,"href":"https:\/\/institucional.ufrrj.br\/caoa\/wp-json\/wp\/v2\/comments?post=40"}],"version-history":[{"count":5,"href":"https:\/\/institucional.ufrrj.br\/caoa\/wp-json\/wp\/v2\/pages\/40\/revisions"}],"predecessor-version":[{"id":110,"href":"https:\/\/institucional.ufrrj.br\/caoa\/wp-json\/wp\/v2\/pages\/40\/revisions\/110"}],"wp:attachment":[{"href":"https:\/\/institucional.ufrrj.br\/caoa\/wp-json\/wp\/v2\/media?parent=40"}],"curies":[{"name":"wp","href":"https:\/\/api.w.org\/{rel}","templated":true}]}}